{"id":3378,"date":"2023-08-07T06:22:41","date_gmt":"2023-08-07T06:22:41","guid":{"rendered":"https:\/\/uoogear.com\/?page_id=3378"},"modified":"2023-08-07T06:30:04","modified_gmt":"2023-08-07T06:30:04","slug":"returns-policy","status":"publish","type":"page","link":"https:\/\/uoogear.com\/hu\/returns-policy\/","title":{"rendered":"Visszak\u00fcld\u00e9si szab\u00e1lyzat"},"content":{"rendered":"<div data-elementor-type=\"wp-page\" data-elementor-id=\"3378\" class=\"elementor elementor-3378\">\n\t\t\t\t\t\t\t\t\t<section class=\"elementor-section elementor-top-section elementor-element elementor-element-4a9feaf elementor-section-boxed elementor-section-height-default elementor-section-height-default\" data-id=\"4a9feaf\" data-element_type=\"section\">\n\t\t\t\t\t\t<div class=\"elementor-container elementor-column-gap-default\">\n\t\t\t\t\t<div class=\"elementor-column elementor-col-100 elementor-top-column elementor-element elementor-element-049edf5\" data-id=\"049edf5\" data-element_type=\"column\">\n\t\t\t<div class=\"elementor-widget-wrap elementor-element-populated\">\n\t\t\t\t\t\t\t\t<div class=\"elementor-element elementor-element-3977164 elementor-widget elementor-widget-heading\" data-id=\"3977164\" data-element_type=\"widget\" data-widget_type=\"heading.default\">\n\t\t\t\t<div class=\"elementor-widget-container\">\n\t\t\t<style>\/*! elementor - v3.14.0 - 26-06-2023 *\/\n.elementor-heading-title{padding:0;margin:0;line-height:1}.elementor-widget-heading .elementor-heading-title[class*=elementor-size-]>a{color:inherit;font-size:inherit;line-height:inherit}.elementor-widget-heading .elementor-heading-title.elementor-size-small{font-size:15px}.elementor-widget-heading .elementor-heading-title.elementor-size-medium{font-size:19px}.elementor-widget-heading .elementor-heading-title.elementor-size-large{font-size:29px}.elementor-widget-heading .elementor-heading-title.elementor-size-xl{font-size:39px}.elementor-widget-heading .elementor-heading-title.elementor-size-xxl{font-size:59px}<\/style><h2 class=\"elementor-heading-title elementor-size-default\">Visszak\u00fcld\u00e9si szab\u00e1lyzat<\/h2>\t\t<\/div>\n\t\t\t\t<\/div>\n\t\t\t\t<div class=\"elementor-element elementor-element-6fc9a4f elementor-widget elementor-widget-spacer\" data-id=\"6fc9a4f\" data-element_type=\"widget\" data-widget_type=\"spacer.default\">\n\t\t\t\t<div class=\"elementor-widget-container\">\n\t\t\t<style>\/*! elementor - v3.14.0 - 26-06-2023 *\/\n.elementor-column .elementor-spacer-inner{height:var(--spacer-size)}.e-con{--container-widget-width:100%}.e-con-inner>.elementor-widget-spacer,.e-con>.elementor-widget-spacer{width:var(--container-widget-width,var(--spacer-size));--align-self:var(--container-widget-align-self,initial);--flex-shrink:0}.e-con-inner>.elementor-widget-spacer>.elementor-widget-container,.e-con-inner>.elementor-widget-spacer>.elementor-widget-container>.elementor-spacer,.e-con>.elementor-widget-spacer>.elementor-widget-container,.e-con>.elementor-widget-spacer>.elementor-widget-container>.elementor-spacer{height:100%}.e-con-inner>.elementor-widget-spacer>.elementor-widget-container>.elementor-spacer>.elementor-spacer-inner,.e-con>.elementor-widget-spacer>.elementor-widget-container>.elementor-spacer>.elementor-spacer-inner{height:var(--container-widget-height,var(--spacer-size))}<\/style>\t\t<div class=\"elementor-spacer\">\n\t\t\t<div class=\"elementor-spacer-inner\"><\/div>\n\t\t<\/div>\n\t\t\t\t<\/div>\n\t\t\t\t<\/div>\n\t\t\t\t<div class=\"elementor-element elementor-element-1c367a8 elementor-widget elementor-widget-heading\" data-id=\"1c367a8\" data-element_type=\"widget\" data-widget_type=\"heading.default\">\n\t\t\t\t<div class=\"elementor-widget-container\">\n\t\t\t<h4 class=\"elementor-heading-title elementor-size-default\">Az \u00fczletben v\u00e1s\u00e1rolt nem k\u00edv\u00e1nt term\u00e9kek<\/h4>\t\t<\/div>\n\t\t\t\t<\/div>\n\t\t\t\t<div class=\"elementor-element elementor-element-161f077 elementor-widget elementor-widget-text-editor\" data-id=\"161f077\" data-element_type=\"widget\" data-widget_type=\"text-editor.default\">\n\t\t\t\t<div class=\"elementor-widget-container\">\n\t\t\t<style>\/*! elementor - v3.14.0 - 26-06-2023 *\/\n.elementor-widget-text-editor.elementor-drop-cap-view-stacked .elementor-drop-cap{background-color:#69727d;color:#fff}.elementor-widget-text-editor.elementor-drop-cap-view-framed .elementor-drop-cap{color:#69727d;border:3px solid;background-color:transparent}.elementor-widget-text-editor:not(.elementor-drop-cap-view-default) .elementor-drop-cap{margin-top:8px}.elementor-widget-text-editor:not(.elementor-drop-cap-view-default) .elementor-drop-cap-letter{width:1em;height:1em}.elementor-widget-text-editor .elementor-drop-cap{float:left;text-align:center;line-height:1;font-size:50px}.elementor-widget-text-editor .elementor-drop-cap-letter{display:inline-block}<\/style>\t\t\t\tAz UooGear-t\u0151l v\u00e1s\u00e1rolt nem k\u00edv\u00e1nt term\u00e9keket t\u00f6k\u00e9letes \u00fajra\u00e9rt\u00e9kes\u00edthet\u0151 \u00e1llapotban (bele\u00e9rtve a csomagol\u00e1st \u00e9s a c\u00edmk\u00e9ket) a v\u00e1s\u00e1rl\u00e1st\u00f3l sz\u00e1m\u00edtott 30 napon bel\u00fcl visszak\u00fcldhetj\u00fck a teljes visszat\u00e9r\u00edt\u00e9s vagy csere \u00e9rdek\u00e9ben. Ez nem foglalja mag\u00e1ban az elhaszn\u00e1lt, szennyezett, szag\u00fa vagy nem rendeltet\u00e9sszer\u0171 haszn\u00e1lat k\u00f6vetkezt\u00e9ben megs\u00e9r\u00fclt \u00e1rukat.\t\t\t\t\t\t<\/div>\n\t\t\t\t<\/div>\n\t\t\t\t<div class=\"elementor-element elementor-element-b913df6 elementor-widget elementor-widget-heading\" data-id=\"b913df6\" data-element_type=\"widget\" data-widget_type=\"heading.default\">\n\t\t\t\t<div class=\"elementor-widget-container\">\n\t\t\t<h4 class=\"elementor-heading-title elementor-size-default\">Nem k\u00edv\u00e1nt elemek az uoogear.com webhelyr\u0151l<\/h4>\t\t<\/div>\n\t\t\t\t<\/div>\n\t\t\t\t<div class=\"elementor-element elementor-element-c7c6ddc elementor-widget elementor-widget-text-editor\" data-id=\"c7c6ddc\" data-element_type=\"widget\" data-widget_type=\"text-editor.default\">\n\t\t\t\t<div class=\"elementor-widget-container\">\n\t\t\t\t\t\t\tAz uoogear.com webhelyr\u0151l v\u00e1s\u00e1rolt nem k\u00edv\u00e1nt term\u00e9keket t\u00f6k\u00e9letes \u00fajra\u00e9rt\u00e9kes\u00edthet\u0151 \u00e1llapotban (bele\u00e9rtve a csomagol\u00e1st \u00e9s a c\u00edmk\u00e9ket) a k\u00e9zbes\u00edt\u00e9st\u0151l sz\u00e1m\u00edtott 30 napon bel\u00fcl visszak\u00fcldhetj\u00fck. Ha szeretn\u00e9, hogy ezeket a t\u00e9teleket \u00e1tvegy\u00fck, akkor meg tudjuk szervezni, hogy fut\u00e1runk \u00e1tvegye ezeket a t\u00e9teleket az \u00d6n \u00e1ltal v\u00e1lasztott c\u00edmr\u0151l 10,00 GBP\/doboz \u00e1ron (30 kg feletti t\u00e9telek eset\u00e9n a k\u00f6lts\u00e9g emelkedik, amit a a fut\u00e1r). Ha ink\u00e1bb saj\u00e1t k\u00f6lts\u00e9g\u00e9n szeretn\u00e9 visszak\u00fcldeni a term\u00e9keket, akkor 28 napon bel\u00fcl vissza kell \u00e9rkezni\u00fck hozz\u00e1nk. \u00d6n azonban felel\u0151s ezek\u00e9rt a t\u00e9telek\u00e9rt, am\u00edg el nem \u00e9rnek hozz\u00e1nk. Emiatt azt tan\u00e1csoljuk, hogy haszn\u00e1ljon biztons\u00e1gos sz\u00e1ll\u00edt\u00e1st.\t\t\t\t\t\t<\/div>\n\t\t\t\t<\/div>\n\t\t\t\t<div class=\"elementor-element elementor-element-5f45aa1 elementor-widget elementor-widget-heading\" data-id=\"5f45aa1\" data-element_type=\"widget\" data-widget_type=\"heading.default\">\n\t\t\t\t<div class=\"elementor-widget-container\">\n\t\t\t<h4 class=\"elementor-heading-title elementor-size-default\">Hib\u00e1s t\u00e9telek<\/h4>\t\t<\/div>\n\t\t\t\t<\/div>\n\t\t\t\t<div class=\"elementor-element elementor-element-5771ea0 elementor-widget elementor-widget-text-editor\" data-id=\"5771ea0\" data-element_type=\"widget\" data-widget_type=\"text-editor.default\">\n\t\t\t\t<div class=\"elementor-widget-container\">\n\t\t\t\t\t\t\tA nyilv\u00e1nval\u00f3, val\u00f3di hib\u00e1val rendelkez\u0151 hib\u00e1s term\u00e9kek 30 napon bel\u00fcl visszak\u00fcldhet\u0151k a teljes visszat\u00e9r\u00edt\u00e9s, csere vagy csere \u00e9rdek\u00e9ben. A 30 nap eltelt\u00e9vel visszak\u00fcld\u00f6tt hib\u00e1s vagy nyilv\u00e1nval\u00f3 hib\u00e1val nem rendelkez\u0151 (p\u00e9ld\u00e1ul sziv\u00e1rg\u00e1s) t\u00e9telek visszak\u00fcldhet\u0151k; azonban el\u0151fordulhat, hogy tov\u00e1bb kell k\u00fclden\u00fcnk a term\u00e9ket egy harmadik f\u00e9lnek a hiba ellen\u0151rz\u00e9se \u00e9rdek\u00e9ben. (Ez a harmadik f\u00e9lt\u0151l f\u00fcgg\u0151en t\u00f6bb h\u00e9tig is eltarthat.) K\u00e9r\u00fcnk minden hib\u00e1t \u00edr\u00e1sban, e-mailben igazolni. Ha term\u00e9ke az els\u0151 h\u00e1rom h\u00f3napon bel\u00fcl meghib\u00e1sodik, a hiba igazol\u00e1s\u00e1t k\u00f6vet\u0151en, ha k\u00edv\u00e1nja, k\u00e9rheti a visszat\u00e9r\u00edt\u00e9st.\t\t\t\t\t\t<\/div>\n\t\t\t\t<\/div>\n\t\t\t\t<div class=\"elementor-element elementor-element-bebd1d5 elementor-widget elementor-widget-heading\" data-id=\"bebd1d5\" data-element_type=\"widget\" data-widget_type=\"heading.default\">\n\t\t\t\t<div class=\"elementor-widget-container\">\n\t\t\t<h4 class=\"elementor-heading-title elementor-size-default\">Ruh\u00e1zati cikkek<\/h4>\t\t<\/div>\n\t\t\t\t<\/div>\n\t\t\t\t<div class=\"elementor-element elementor-element-930100e elementor-widget elementor-widget-text-editor\" data-id=\"930100e\" data-element_type=\"widget\" data-widget_type=\"text-editor.default\">\n\t\t\t\t<div class=\"elementor-widget-container\">\n\t\t\t\t\t\t\tHa az \u00e1rut rendeltet\u00e9s\u00e9nek nem megfelel\u0151k\u00e9nt k\u00fcldik vissza hozz\u00e1nk, k\u00e9rj\u00fck, a v\u00e1s\u00e1rl\u00e1st\u00f3l sz\u00e1m\u00edtott 7 napon bel\u00fcl jelezze fel\u00e9nk sz\u00e1nd\u00e9k\u00e1t, hogy visszak\u00fcldi nek\u00fcnk. Ha azt szeretn\u00e9, hogy az \u00e1rut \u00f6sszegy\u0171jts\u00fck \u00e9s\/vagy kicser\u00e9lj\u00fck \u00d6nnek, 10,00 GBP fel\u00e1r ellen\u00e9ben \u00f6r\u00f6mmel megtessz\u00fck. Alternat\u00edv megold\u00e1sk\u00e9nt az \u00e1rut saj\u00e1t elhat\u00e1roz\u00e1s\u00e1b\u00f3l is visszak\u00fcldheti nek\u00fcnk, azonban az \u00e1rut a v\u00e1s\u00e1rl\u00e1s d\u00e1tum\u00e1t\u00f3l sz\u00e1m\u00edtott 28 napon bel\u00fcl vissza kell juttatnunk hozz\u00e1nk.\t\t\t\t\t\t<\/div>\n\t\t\t\t<\/div>\n\t\t\t\t<div class=\"elementor-element elementor-element-8796eb8 elementor-widget elementor-widget-text-editor\" data-id=\"8796eb8\" data-element_type=\"widget\" data-widget_type=\"text-editor.default\">\n\t\t\t\t<div class=\"elementor-widget-container\">\n\t\t\t\t\t\t\tFigyelem: a nem megfelel\u0151 \u00e1rut HASZN\u00c1LATLANUL, tiszt\u00e1n, friss illat\u00faan, kutyasz\u0151rt\u0151l, stb. \u00e9s az \u00e1ltal\u00e1nos vissza\u00e9l\u00e9sre utal\u00f3 egy\u00e9b bizony\u00edt\u00e9kokt\u00f3l mentesen kell visszak\u00fcldeni. Minden ruh\u00e1n fel kell t\u00fcntetni a gy\u00e1rt\u00f3 c\u00edmk\u00e9j\u00e9t \u00e9s a hintajegyeket. B\u00e1rmely, nek\u00fcnk visszak\u00fcld\u00f6tt term\u00e9k, amely nem felel meg a fentieknek, befoly\u00e1solhatja a teljes visszat\u00e9r\u00edt\u00e9s lehet\u0151s\u00e9g\u00e9t.\t\t\t\t\t\t<\/div>\n\t\t\t\t<\/div>\n\t\t\t\t<div class=\"elementor-element elementor-element-79185b2 elementor-widget elementor-widget-heading\" data-id=\"79185b2\" data-element_type=\"widget\" data-widget_type=\"heading.default\">\n\t\t\t\t<div class=\"elementor-widget-container\">\n\t\t\t<h4 class=\"elementor-heading-title elementor-size-default\">S\u00e1tor visszat\u00e9r<\/h4>\t\t<\/div>\n\t\t\t\t<\/div>\n\t\t\t\t<div class=\"elementor-element elementor-element-33eb9aa elementor-widget elementor-widget-text-editor\" data-id=\"33eb9aa\" data-element_type=\"widget\" data-widget_type=\"text-editor.default\">\n\t\t\t\t<div class=\"elementor-widget-container\">\n\t\t\t\t\t\t\tRendk\u00edv\u00fcl fontos, hogy nyaralni indul\u00e1s el\u0151tt ellen\u0151rizze s\u00e1tr\u00e1t. Nem v\u00e1llalunk felel\u0151ss\u00e9get az\u00e9rt, ha nem ellen\u0151rizt\u00fck a s\u00e1trat a nyaral\u00e1s el\u0151tt, hogy megbizonyosodjunk arr\u00f3l, hogy minden alkatr\u00e9sz a s\u00e1torban van. A gy\u00e1rt\u00e1s sor\u00e1n minden s\u00e1trat s\u00falyellen\u0151rz\u00e9ssel ellen\u0151riznek, hogy minden alkatr\u00e9sz ott legyen. Indul\u00e1s el\u0151tt azonban ellen\u0151rizni kell, \u00e9s meg kell ismerkedni a s\u00e1trral.\t\t\t\t\t\t<\/div>\n\t\t\t\t<\/div>\n\t\t\t\t<div class=\"elementor-element elementor-element-44506a9 elementor-widget elementor-widget-text-editor\" data-id=\"44506a9\" data-element_type=\"widget\" data-widget_type=\"text-editor.default\">\n\t\t\t\t<div class=\"elementor-widget-container\">\n\t\t\t\t\t\t\tHa egy s\u00e1trat a szabadban \u00e1ll\u00edtanak fel, az m\u00e1r nem tekinthet\u0151 t\u00f6k\u00e9letes \u00fajraeladhat\u00f3 \u00e1llapot\u00fanak. Minden s\u00e1torra 2 \u00e9v gy\u00e1rt\u00f3i garancia vonatkozik, az Outdoor World a s\u00e1trat ugyanennyi ideig. V\u00e1s\u00e1rl\u00e1si igazol\u00e1s sz\u00fcks\u00e9ges. Felh\u00edvjuk figyelm\u00e9t, hogy a garancia nem terjed ki a s\u00e1torban, oszlop\u00e1ban vagy b\u00e1rmely m\u00e1s alkatr\u00e9szben okozott k\u00e1rokra\t\t\t\t\t\t<\/div>\n\t\t\t\t<\/div>\n\t\t\t\t<div class=\"elementor-element elementor-element-afc5129 elementor-widget elementor-widget-text-editor\" data-id=\"afc5129\" data-element_type=\"widget\" data-widget_type=\"text-editor.default\">\n\t\t\t\t<div class=\"elementor-widget-container\">\n\t\t\t\t\t\t\t<p>S\u00falyos id\u0151j\u00e1r\u00e1si figyelmeztet\u00e9sek (vihark\u00e1r)<br \/>Balesetek<br \/>Vissza\u00e9l\u00e9s<br \/>Elhaszn\u00e1l\u00f3d\u00e1s<br \/>UV leboml\u00e1s<br \/>Pen\u00e9szk\u00e9pz\u0151d\u00e9s a nedves csomagol\u00e1s vagy a nem megfelel\u0151 t\u00e1rol\u00e1s k\u00f6vetkezt\u00e9ben<\/p>\t\t\t\t\t\t<\/div>\n\t\t\t\t<\/div>\n\t\t\t\t<div class=\"elementor-element elementor-element-4fac535 elementor-widget elementor-widget-text-editor\" data-id=\"4fac535\" data-element_type=\"widget\" data-widget_type=\"text-editor.default\">\n\t\t\t\t<div class=\"elementor-widget-container\">\n\t\t\t\t\t\t\tHa \u00fagy gondolja, hogy s\u00e1tra gy\u00e1rt\u00e1si hib\u00e1ja van, el\u0151sz\u00f6r l\u00e9pjen kapcsolatba a s\u00e1trak visszak\u00fcld\u00e9s\u00e9vel a 01924 265457 telefonsz\u00e1mon.\t\t\t\t\t\t<\/div>\n\t\t\t\t<\/div>\n\t\t\t\t<div class=\"elementor-element elementor-element-ab871b1 elementor-widget elementor-widget-text-editor\" data-id=\"ab871b1\" data-element_type=\"widget\" data-widget_type=\"text-editor.default\">\n\t\t\t\t<div class=\"elementor-widget-container\">\n\t\t\t\t\t\t\tAbban az esetben, ha a s\u00e1trat az \u00fczletben vagy online kell visszak\u00fcldenie, k\u00e9rj\u00fck, vegye figyelembe:\t\t\t\t\t\t<\/div>\n\t\t\t\t<\/div>\n\t\t\t\t<div class=\"elementor-element elementor-element-9cf37f6 elementor-widget elementor-widget-text-editor\" data-id=\"9cf37f6\" data-element_type=\"widget\" data-widget_type=\"text-editor.default\">\n\t\t\t\t<div class=\"elementor-widget-container\">\n\t\t\t\t\t\t\t<p>A s\u00e1trat nem lehet \u00e1tvenni, ha a s\u00e1tor vizes vagy t\u00fals\u00e1gosan szennyezett eg\u00e9szs\u00e9g\u00fcgyi \u00e9s biztons\u00e1gi megfontol\u00e1sok miatt \u2013 a s\u00e1tornak 100% sz\u00e1raznak kell lennie, k\u00fcl\u00f6nben figyelmetlens\u00e9g n\u00e9lk\u00fcl visszak\u00fcldik \u00d6nnek.<br \/>Egyes s\u00e1trakat harmadik f\u00e9lnek is el kell k\u00fcldeni \u00e9rt\u00e9kel\u00e9s c\u00e9lj\u00e1b\u00f3l<br \/>A Vango s\u00e1trak garanci\u00e1ja 3 \u00e9vre meghosszabb\u00edthat\u00f3, ha ell\u00e1togat a Vango weboldal\u00e1ra \u00e9s regisztr\u00e1lja a v\u00e1s\u00e1rl\u00e1st.<br \/>Ha \u00fagy k\u00fcldi vissza a s\u00e1tr\u00e1t, hogy vadonat\u00faj \u00e9s nem haszn\u00e1lt, \u00e9s kinyitjuk, \u00e9s \u00fagy tal\u00e1ljuk, hogy egy\u00e9rtelm\u0171en haszn\u00e1lt, s\u00e1r, mad\u00e1rkak, fanedv nyomai l\u00e1that\u00f3k rajta, akkor lefot\u00f3zzuk, \u00e9s azonnal visszak\u00fcldj\u00fck \u00d6nnek, \u00e9s a visszat\u00e9r\u00edt\u00e9s nem j\u00e1r. feldolgozott. Sajnos szezononk\u00e9nt sokszor el\u0151fordul, hogy az emberek nyaral\u00e1sra haszn\u00e1lj\u00e1k a term\u00e9ket, \u00e9s ut\u00e1na megpr\u00f3b\u00e1lj\u00e1k visszak\u00fcldeni.<\/p>\t\t\t\t\t\t<\/div>\n\t\t\t\t<\/div>\n\t\t\t\t<div class=\"elementor-element elementor-element-43e2398 elementor-widget elementor-widget-text-editor\" data-id=\"43e2398\" data-element_type=\"widget\" data-widget_type=\"text-editor.default\">\n\t\t\t\t<div class=\"elementor-widget-container\">\n\t\t\t\t\t\t\tEz a k\u00f6zlem\u00e9ny az \u00d6n t\u00f6rv\u00e9nyes jogain fel\u00fcl \u00e1ll.\t\t\t\t\t\t<\/div>\n\t\t\t\t<\/div>\n\t\t\t\t\t<\/div>\n\t\t<\/div>\n\t\t\t\t\t\t\t<\/div>\n\t\t<\/section>\n\t\t\t\t\t\t\t<\/div>","protected":false},"excerpt":{"rendered":"<p>Visszak\u00fcld\u00e9si politika Az \u00fczletben v\u00e1s\u00e1rolt nem k\u00edv\u00e1nt term\u00e9kek Az UooGear-t\u0151l v\u00e1s\u00e1rolt nem k\u00edv\u00e1nt t\u00e9telek t\u00f6k\u00e9letes \u00fajra\u00e9rt\u00e9kes\u00edthet\u0151 \u00e1llapotban (bele\u00e9rtve a csomagol\u00e1st \u00e9s a c\u00edmk\u00e9ket) a v\u00e1s\u00e1rl\u00e1st\u00f3l sz\u00e1m\u00edtott 30 napon bel\u00fcl visszak\u00fcldhet\u0151k a teljes visszat\u00e9r\u00edt\u00e9s vagy csere \u00e9rdek\u00e9ben. Ez nem foglalja mag\u00e1ban az elhaszn\u00e1lt, szennyezett, szag\u00fa vagy nem rendeltet\u00e9sszer\u0171 haszn\u00e1lat k\u00f6vetkezt\u00e9ben megs\u00e9r\u00fclt \u00e1rukat. Nem k\u00edv\u00e1nt elemek az uoogear.com webhelyr\u0151l<\/p>\n<div class=\"read-more\"><a class=\"btn btn-fill-out\" href=\"https:\/\/uoogear.com\/hu\/returns-policy\/\">Olvass tov\u00e1bb<\/a><\/div>","protected":false},"author":1,"featured_media":0,"parent":0,"menu_order":0,"comment_status":"closed","ping_status":"closed","template":"","meta":{"footnotes":""},"class_list":["post-3378","page","type-page","status-publish","hentry"],"_links":{"self":[{"href":"https:\/\/uoogear.com\/hu\/wp-json\/wp\/v2\/pages\/3378","targetHints":{"allow":["GET"]}}],"collection":[{"href":"https:\/\/uoogear.com\/hu\/wp-json\/wp\/v2\/pages"}],"about":[{"href":"https:\/\/uoogear.com\/hu\/wp-json\/wp\/v2\/types\/page"}],"author":[{"embeddable":true,"href":"https:\/\/uoogear.com\/hu\/wp-json\/wp\/v2\/users\/1"}],"replies":[{"embeddable":true,"href":"https:\/\/uoogear.com\/hu\/wp-json\/wp\/v2\/comments?post=3378"}],"version-history":[{"count":10,"href":"https:\/\/uoogear.com\/hu\/wp-json\/wp\/v2\/pages\/3378\/revisions"}],"predecessor-version":[{"id":3388,"href":"https:\/\/uoogear.com\/hu\/wp-json\/wp\/v2\/pages\/3378\/revisions\/3388"}],"wp:attachment":[{"href":"https:\/\/uoogear.com\/hu\/wp-json\/wp\/v2\/media?parent=3378"}],"curies":[{"name":"wp","href":"https:\/\/api.w.org\/{rel}","templated":true}]}}