{"id":4108,"date":"2023-11-13T10:46:57","date_gmt":"2023-11-13T10:46:57","guid":{"rendered":"https:\/\/uoogear.com\/product\/competitive-price-hot-sale-car-top-roof-tent-rooftop-tent\/"},"modified":"2023-11-28T05:59:54","modified_gmt":"2023-11-28T05:59:54","slug":"competitive-price-hot-sale-car-top-roof-tent-rooftop-tent","status":"publish","type":"product","link":"https:\/\/uoogear.com\/hu\/termek\/competitive-price-hot-sale-car-top-roof-tent-rooftop-tent\/","title":{"rendered":"Versenyk\u00e9pes \u00e1ron akci\u00f3s aut\u00f3 tetej\u00e9n tet\u0151s\u00e1tor tet\u0151t\u00e9ri s\u00e1tor"},"content":{"rendered":"<ul>\n<li><strong>Ter\u00fclet : <\/strong> 8CBM<\/li>\n<li><strong>Sz\u00f6vet: <\/strong> V\u00e1szon<\/li>\n<li><strong>K\u00fcls\u0151 s\u00e1tor v\u00edz\u00e1ll\u00f3s\u00e1gi indexe: <\/strong> &lt;1000 mm<\/li>\n<li><strong>Als\u00f3 v\u00edz\u00e1ll\u00f3s\u00e1gi index: <\/strong> &gt;3000 mm<\/li>\n<li><strong>\u00c9p\u00fclet t\u00edpusa: <\/strong> Gyors automatikus nyit\u00e1s<\/li>\n<li><strong>S\u00e1tor st\u00edlusa: <\/strong> \u00c1tl\u00f3s merev\u00edt\u00e9s t\u00edpusa<\/li>\n<li><strong>\u00c9vad : <\/strong> N\u00e9gy \u00e9vszakos s\u00e1tor<\/li>\n<li><strong>Szerkezet : <\/strong> Egy h\u00e1l\u00f3szoba<\/li>\n<li><strong>Term\u00e9k n\u00e9v : <\/strong> Kemping s\u00e1tor<\/li>\n<li><strong>Haszn\u00e1lat: <\/strong> Outdoor Camping Wild S\u00e1tor<\/li>\n<li><strong>Kulcssz\u00f3: <\/strong> tet\u0151t\u00e9ri s\u00e1tor<\/li>\n<li><strong>M\u00e9ret: <\/strong> 210cmx(150+240)cm<\/li>\n<li><strong>Anyaga: <\/strong> V\u00e1szon<\/li>\n<li><strong>Alkalmaz\u00e1s : <\/strong> Szabadt\u00e9ri kemping csal\u00e1di s\u00e1tor<\/li>\n<li><strong>Funkci\u00f3: <\/strong> Szabadt\u00e9ri kemping<\/li>\n<li><strong>MOQ: <\/strong> 1 darab<\/li>\n<li><strong>Keret anyaga: <\/strong> 16 mm-es alum\u00ednium r\u00fad<\/li>\n<li><strong>Funkci\u00f3 : <\/strong> V\u00edzhi\u00e1ny<\/li>\n<\/ul>","protected":false},"excerpt":{"rendered":"<p>Ter\u00fclet: 8CBM Sz\u00f6vet: V\u00e1szon k\u00fcls\u0151 s\u00e1tor v\u00edz\u00e1ll\u00f3s\u00e1gi indexe: &lt;1000 mm als\u00f3 v\u00edz\u00e1ll\u00f3s\u00e1gi index: &gt;3000 mm \u00c9p\u00fclet t\u00edpusa: Gyorsan ny\u00edl\u00f3, automatikus s\u00e1torst\u00edlus: \u00c1tl\u00f3s merev\u00edt\u00e9s t\u00edpusa Szezon: N\u00e9gy \u00e9vszakos s\u00e1torszerkezet: Egy h\u00e1l\u00f3szob\u00e1s term\u00e9kn\u00e9v: S\u00e1tor Us : S\u00e1tor Outdoor Camping Wild Tent Kulcssz\u00f3: tet\u0151t\u00e9ri s\u00e1tor<\/p>\n<div class=\"read-more\"><a class=\"btn btn-fill-out\" href=\"https:\/\/uoogear.com\/hu\/termek\/competitive-price-hot-sale-car-top-roof-tent-rooftop-tent\/\">Olvass tov\u00e1bb<\/a><\/div>","protected":false},"featured_media":4107,"template":"","meta":[],"product_brand":[],"product_cat":[15],"product_tag":[140,141,142],"class_list":{"0":"post-4108","1":"product","2":"type-product","3":"status-publish","4":"has-post-thumbnail","6":"product_cat-uncategorized","7":"product_tag-camping-hiking","8":"product_tag-outdoor-tents","9":"product_tag-roof-tent","10":"tm-no-options","12":"first","13":"instock","14":"shipping-taxable","15":"purchasable","16":"product-type-variable"},"_links":{"self":[{"href":"https:\/\/uoogear.com\/hu\/wp-json\/wp\/v2\/product\/4108","targetHints":{"allow":["GET"]}}],"collection":[{"href":"https:\/\/uoogear.com\/hu\/wp-json\/wp\/v2\/product"}],"about":[{"href":"https:\/\/uoogear.com\/hu\/wp-json\/wp\/v2\/types\/product"}],"wp:featuredmedia":[{"embeddable":true,"href":"https:\/\/uoogear.com\/hu\/wp-json\/wp\/v2\/media\/4107"}],"wp:attachment":[{"href":"https:\/\/uoogear.com\/hu\/wp-json\/wp\/v2\/media?parent=4108"}],"wp:term":[{"taxonomy":"product_brand","embeddable":true,"href":"https:\/\/uoogear.com\/hu\/wp-json\/wp\/v2\/product_brand?post=4108"},{"taxonomy":"product_cat","embeddable":true,"href":"https:\/\/uoogear.com\/hu\/wp-json\/wp\/v2\/product_cat?post=4108"},{"taxonomy":"product_tag","embeddable":true,"href":"https:\/\/uoogear.com\/hu\/wp-json\/wp\/v2\/product_tag?post=4108"}],"curies":[{"name":"wp","href":"https:\/\/api.w.org\/{rel}","templated":true}]}}