{"id":4116,"date":"2023-11-13T11:07:07","date_gmt":"2023-11-13T11:07:07","guid":{"rendered":"https:\/\/uoogear.com\/product\/customized-home-outdoor-park-camping-waterproof-roof-top-tent\/"},"modified":"2023-11-30T02:39:12","modified_gmt":"2023-11-30T02:39:12","slug":"customized-home-outdoor-park-camping-waterproof-roof-top-tent","status":"publish","type":"product","link":"https:\/\/uoogear.com\/hu\/termek\/customized-home-outdoor-park-camping-waterproof-roof-top-tent\/","title":{"rendered":"Szem\u00e9lyre szabott otthoni szabadt\u00e9ri park kemping v\u00edz\u00e1ll\u00f3 tet\u0151s\u00e1tor"},"content":{"rendered":"<ul>\n<li><strong>Ter\u00fclet : <\/strong> 8CBM<\/li>\n<li><strong>Sz\u00f6vet: <\/strong> V\u00e1szon<\/li>\n<li><strong>K\u00fcls\u0151 s\u00e1tor v\u00edz\u00e1ll\u00f3s\u00e1gi indexe: <\/strong> &lt;1000 mm<\/li>\n<li><strong>Als\u00f3 v\u00edz\u00e1ll\u00f3s\u00e1gi index: <\/strong> &gt;3000 mm<\/li>\n<li><strong>\u00c9p\u00fclet t\u00edpusa: <\/strong> Gyors automatikus nyit\u00e1s<\/li>\n<li><strong>S\u00e1tor st\u00edlusa: <\/strong> \u00c1tl\u00f3s merev\u00edt\u00e9s t\u00edpusa<\/li>\n<li><strong>\u00c9vad : <\/strong> N\u00e9gy \u00e9vszakos s\u00e1tor<\/li>\n<li><strong>Szerkezet : <\/strong> Egy h\u00e1l\u00f3szoba<\/li>\n<li><strong>Term\u00e9k n\u00e9v : <\/strong> Kemping s\u00e1tor<\/li>\n<li><strong>Haszn\u00e1lat: <\/strong> K\u00fclt\u00e9ri kemping s\u00e1tor<\/li>\n<li><strong>Kulcssz\u00f3: <\/strong> tet\u0151t\u00e9ri s\u00e1tor<\/li>\n<li><strong>M\u00e9ret: <\/strong> 210cmx(150+240)cm<\/li>\n<li><strong>Anyaga: <\/strong> V\u00e1szon<\/li>\n<li><strong>Alkalmaz\u00e1s : <\/strong> Szabadt\u00e9ri kemping csal\u00e1di s\u00e1tor<\/li>\n<li><strong>Funkci\u00f3: <\/strong> Szabadt\u00e9ri kemping<\/li>\n<li><strong>MOQ: <\/strong> 1 darab<\/li>\n<li><strong>Keret anyaga: <\/strong> 16 mm-es alum\u00ednium r\u00fad<\/li>\n<li><strong>Funkci\u00f3 : <\/strong> V\u00edzhi\u00e1ny<\/li>\n<\/ul>\n<div data-magic-global=\"%7B%22bizId%22%3A2206962912116%2C%22pageId%22%3A5052045798%2C%22siteId%22%3A5005786273%7D\">\n<div>\n<div>\n<div>\n<div>\n<div>\n<div><\/div>\n<\/div>\n<\/div>\n<\/div>\n<\/div>\n<\/div>\n<div>\n<div data-section=\"AliMagic-k7j8u2\" data-section-title=\"Product Description\">term\u00e9kle\u00edr\u00e1s<\/div>\n<\/div>\n<div>\n<div>\n<div><img loading=\"lazy\" decoding=\"async\" class=\"alignnone size-full wp-image-5167\" src=\"https:\/\/uoogear.com\/wp-content\/uploads\/2023\/11\/H9dd60be25fa14a6dab35cb282fd8019cd.png\" width=\"890\" height=\"847\" srcset=\"https:\/\/uoogear.com\/wp-content\/uploads\/2023\/11\/H9dd60be25fa14a6dab35cb282fd8019cd.png 890w, https:\/\/uoogear.com\/wp-content\/uploads\/2023\/11\/H9dd60be25fa14a6dab35cb282fd8019cd-300x286.png 300w, https:\/\/uoogear.com\/wp-content\/uploads\/2023\/11\/H9dd60be25fa14a6dab35cb282fd8019cd-768x731.png 768w, https:\/\/uoogear.com\/wp-content\/uploads\/2023\/11\/H9dd60be25fa14a6dab35cb282fd8019cd-600x571.png 600w, https:\/\/uoogear.com\/wp-content\/uploads\/2023\/11\/H9dd60be25fa14a6dab35cb282fd8019cd-57x54.png 57w\" sizes=\"auto, (max-width: 890px) 100vw, 890px\" \/><\/div>\n<div><img loading=\"lazy\" decoding=\"async\" class=\"alignnone size-full wp-image-5168\" src=\"https:\/\/uoogear.com\/wp-content\/uploads\/2023\/11\/Hbec3b674ffe243ccaf65469a97943425v.jpg\" width=\"1280\" height=\"960\" srcset=\"https:\/\/uoogear.com\/wp-content\/uploads\/2023\/11\/Hbec3b674ffe243ccaf65469a97943425v.jpg 1280w, https:\/\/uoogear.com\/wp-content\/uploads\/2023\/11\/Hbec3b674ffe243ccaf65469a97943425v-300x225.jpg 300w, https:\/\/uoogear.com\/wp-content\/uploads\/2023\/11\/Hbec3b674ffe243ccaf65469a97943425v-1024x768.jpg 1024w, https:\/\/uoogear.com\/wp-content\/uploads\/2023\/11\/Hbec3b674ffe243ccaf65469a97943425v-768x576.jpg 768w, https:\/\/uoogear.com\/wp-content\/uploads\/2023\/11\/Hbec3b674ffe243ccaf65469a97943425v-600x450.jpg 600w, https:\/\/uoogear.com\/wp-content\/uploads\/2023\/11\/Hbec3b674ffe243ccaf65469a97943425v-72x54.jpg 72w\" sizes=\"auto, (max-width: 1280px) 100vw, 1280px\" \/><\/div>\n<div><img loading=\"lazy\" decoding=\"async\" class=\"alignnone size-full wp-image-5169\" src=\"https:\/\/uoogear.com\/wp-content\/uploads\/2023\/11\/H1c9aa96f96ef4048b63fc07ef788ae9fj.jpg\" width=\"1280\" height=\"960\" srcset=\"https:\/\/uoogear.com\/wp-content\/uploads\/2023\/11\/H1c9aa96f96ef4048b63fc07ef788ae9fj.jpg 1280w, https:\/\/uoogear.com\/wp-content\/uploads\/2023\/11\/H1c9aa96f96ef4048b63fc07ef788ae9fj-300x225.jpg 300w, https:\/\/uoogear.com\/wp-content\/uploads\/2023\/11\/H1c9aa96f96ef4048b63fc07ef788ae9fj-1024x768.jpg 1024w, https:\/\/uoogear.com\/wp-content\/uploads\/2023\/11\/H1c9aa96f96ef4048b63fc07ef788ae9fj-768x576.jpg 768w, https:\/\/uoogear.com\/wp-content\/uploads\/2023\/11\/H1c9aa96f96ef4048b63fc07ef788ae9fj-600x450.jpg 600w, https:\/\/uoogear.com\/wp-content\/uploads\/2023\/11\/H1c9aa96f96ef4048b63fc07ef788ae9fj-72x54.jpg 72w\" sizes=\"auto, (max-width: 1280px) 100vw, 1280px\" \/><\/div>\n<div><img loading=\"lazy\" decoding=\"async\" class=\"alignnone size-full wp-image-5170\" src=\"https:\/\/uoogear.com\/wp-content\/uploads\/2023\/11\/H6ede6da9351744ceac2d985f8a599b28l.jpg\" width=\"1280\" height=\"960\" srcset=\"https:\/\/uoogear.com\/wp-content\/uploads\/2023\/11\/H6ede6da9351744ceac2d985f8a599b28l.jpg 1280w, https:\/\/uoogear.com\/wp-content\/uploads\/2023\/11\/H6ede6da9351744ceac2d985f8a599b28l-300x225.jpg 300w, https:\/\/uoogear.com\/wp-content\/uploads\/2023\/11\/H6ede6da9351744ceac2d985f8a599b28l-1024x768.jpg 1024w, https:\/\/uoogear.com\/wp-content\/uploads\/2023\/11\/H6ede6da9351744ceac2d985f8a599b28l-768x576.jpg 768w, https:\/\/uoogear.com\/wp-content\/uploads\/2023\/11\/H6ede6da9351744ceac2d985f8a599b28l-600x450.jpg 600w, https:\/\/uoogear.com\/wp-content\/uploads\/2023\/11\/H6ede6da9351744ceac2d985f8a599b28l-72x54.jpg 72w\" sizes=\"auto, (max-width: 1280px) 100vw, 1280px\" \/><\/div>\n<div><img loading=\"lazy\" decoding=\"async\" class=\"alignnone size-full wp-image-5171\" src=\"https:\/\/uoogear.com\/wp-content\/uploads\/2023\/11\/H3e45721a57344521b1cf48aa3707aab9a.jpg\" width=\"1280\" height=\"960\" srcset=\"https:\/\/uoogear.com\/wp-content\/uploads\/2023\/11\/H3e45721a57344521b1cf48aa3707aab9a.jpg 1280w, https:\/\/uoogear.com\/wp-content\/uploads\/2023\/11\/H3e45721a57344521b1cf48aa3707aab9a-300x225.jpg 300w, https:\/\/uoogear.com\/wp-content\/uploads\/2023\/11\/H3e45721a57344521b1cf48aa3707aab9a-1024x768.jpg 1024w, https:\/\/uoogear.com\/wp-content\/uploads\/2023\/11\/H3e45721a57344521b1cf48aa3707aab9a-768x576.jpg 768w, https:\/\/uoogear.com\/wp-content\/uploads\/2023\/11\/H3e45721a57344521b1cf48aa3707aab9a-600x450.jpg 600w, https:\/\/uoogear.com\/wp-content\/uploads\/2023\/11\/H3e45721a57344521b1cf48aa3707aab9a-72x54.jpg 72w\" sizes=\"auto, (max-width: 1280px) 100vw, 1280px\" \/><\/div>\n<div><img loading=\"lazy\" decoding=\"async\" class=\"alignnone size-full wp-image-5173\" src=\"https:\/\/uoogear.com\/wp-content\/uploads\/2023\/11\/H8d0b6b0575bf4544945ae0c765cdad94H.jpg\" width=\"1280\" height=\"960\" srcset=\"https:\/\/uoogear.com\/wp-content\/uploads\/2023\/11\/H8d0b6b0575bf4544945ae0c765cdad94H.jpg 1280w, https:\/\/uoogear.com\/wp-content\/uploads\/2023\/11\/H8d0b6b0575bf4544945ae0c765cdad94H-300x225.jpg 300w, https:\/\/uoogear.com\/wp-content\/uploads\/2023\/11\/H8d0b6b0575bf4544945ae0c765cdad94H-1024x768.jpg 1024w, https:\/\/uoogear.com\/wp-content\/uploads\/2023\/11\/H8d0b6b0575bf4544945ae0c765cdad94H-768x576.jpg 768w, https:\/\/uoogear.com\/wp-content\/uploads\/2023\/11\/H8d0b6b0575bf4544945ae0c765cdad94H-600x450.jpg 600w, https:\/\/uoogear.com\/wp-content\/uploads\/2023\/11\/H8d0b6b0575bf4544945ae0c765cdad94H-72x54.jpg 72w\" sizes=\"auto, (max-width: 1280px) 100vw, 1280px\" \/><\/div>\n<\/div>\n<\/div>\n<div>\n<div data-section=\"AliMagic-p9qjis\" data-section-title=\"Specification\"><\/div>\n<\/div>\n<div><\/div>\n<div>\n<div>\n<div>\n<div>\n<div>\n<div><\/div>\n<\/div>\n<\/div>\n<\/div>\n<\/div>\n<\/div>\n<\/div>","protected":false},"excerpt":{"rendered":"<p>Ter\u00fclet: 8CBM Sz\u00f6vet: V\u00e1szon k\u00fcls\u0151 s\u00e1tor v\u00edz\u00e1ll\u00f3s\u00e1gi indexe: &lt;1000 mm als\u00f3 v\u00edz\u00e1ll\u00f3s\u00e1gi index: &gt;3000 mm \u00c9p\u00fclet t\u00edpusa: Gyorsan ny\u00edl\u00f3, automatikus s\u00e1torst\u00edlus: \u00c1tl\u00f3s merev\u00edt\u00e9s t\u00edpusa Szezon: N\u00e9gy \u00e9vszakos s\u00e1torszerkezet: Egy h\u00e1l\u00f3szob\u00e1s term\u00e9kn\u00e9v: S\u00e1tor Us : S\u00e1tor Outdoor Camping S\u00e1tor Kulcssz\u00f3: tet\u0151t\u00e9ri s\u00e1tor M\u00e9ret<\/p>\n<div class=\"read-more\"><a class=\"btn btn-fill-out\" href=\"https:\/\/uoogear.com\/hu\/termek\/customized-home-outdoor-park-camping-waterproof-roof-top-tent\/\">Olvass tov\u00e1bb<\/a><\/div>","protected":false},"featured_media":4115,"template":"","meta":[],"product_brand":[],"product_cat":[15],"product_tag":[],"class_list":{"0":"post-4116","1":"product","2":"type-product","3":"status-publish","4":"has-post-thumbnail","6":"product_cat-uncategorized","7":"tm-no-options","9":"first","10":"instock","11":"shipping-taxable","12":"purchasable","13":"product-type-variable"},"_links":{"self":[{"href":"https:\/\/uoogear.com\/hu\/wp-json\/wp\/v2\/product\/4116","targetHints":{"allow":["GET"]}}],"collection":[{"href":"https:\/\/uoogear.com\/hu\/wp-json\/wp\/v2\/product"}],"about":[{"href":"https:\/\/uoogear.com\/hu\/wp-json\/wp\/v2\/types\/product"}],"wp:featuredmedia":[{"embeddable":true,"href":"https:\/\/uoogear.com\/hu\/wp-json\/wp\/v2\/media\/4115"}],"wp:attachment":[{"href":"https:\/\/uoogear.com\/hu\/wp-json\/wp\/v2\/media?parent=4116"}],"wp:term":[{"taxonomy":"product_brand","embeddable":true,"href":"https:\/\/uoogear.com\/hu\/wp-json\/wp\/v2\/product_brand?post=4116"},{"taxonomy":"product_cat","embeddable":true,"href":"https:\/\/uoogear.com\/hu\/wp-json\/wp\/v2\/product_cat?post=4116"},{"taxonomy":"product_tag","embeddable":true,"href":"https:\/\/uoogear.com\/hu\/wp-json\/wp\/v2\/product_tag?post=4116"}],"curies":[{"name":"wp","href":"https:\/\/api.w.org\/{rel}","templated":true}]}}