{"id":4125,"date":"2023-11-13T12:04:48","date_gmt":"2023-11-13T12:04:48","guid":{"rendered":"https:\/\/uoogear.com\/product\/outdoor-camping-waterproof-big-size-car-roof-top-tent\/"},"modified":"2025-09-14T16:40:13","modified_gmt":"2025-09-14T08:40:13","slug":"outdoor-camping-waterproof-big-size-car-roof-top-tent","status":"publish","type":"product","link":"https:\/\/uoogear.com\/hu\/termek\/outdoor-camping-waterproof-big-size-car-roof-top-tent\/","title":{"rendered":"K\u00fclt\u00e9ri kemping v\u00edz\u00e1ll\u00f3 nagym\u00e9ret\u0171 aut\u00f3s tet\u0151s\u00e1tor"},"content":{"rendered":"<ul>\n<li><strong>Ter\u00fclet : <\/strong> 5,89 CBM<\/li>\n<li><strong>Sz\u00f6vet: <\/strong> V\u00e1szon<\/li>\n<li><strong>K\u00fcls\u0151 s\u00e1tor v\u00edz\u00e1ll\u00f3s\u00e1gi indexe: <\/strong> 2000-3000 mm, &lt;1000 mm<\/li>\n<li><strong>Als\u00f3 v\u00edz\u00e1ll\u00f3s\u00e1gi index: <\/strong> &gt;3000 mm<\/li>\n<li><strong>\u00c9p\u00fclet t\u00edpusa: <\/strong> Gyors automatikus nyit\u00e1s<\/li>\n<li><strong>S\u00e1tor st\u00edlusa: <\/strong> \u00c1tl\u00f3s merev\u00edt\u00e9s t\u00edpusa<\/li>\n<li><strong>\u00c9vad : <\/strong> N\u00e9gy \u00e9vszakos s\u00e1tor<\/li>\n<li><strong>Szerkezet : <\/strong> Egy h\u00e1l\u00f3szoba<\/li>\n<li><strong>Term\u00e9k n\u00e9v : <\/strong> Nagy m\u00e9ret\u0171 aut\u00f3s tet\u0151s\u00e1tor<\/li>\n<li><strong>Haszn\u00e1lat: <\/strong> K\u00fclt\u00e9ri kemping s\u00e1tor<\/li>\n<li><strong>Kulcssz\u00f3: <\/strong> tet\u0151t\u00e9ri s\u00e1tor<\/li>\n<li><strong>M\u00e9ret: <\/strong> 193cmx312cmx121cm<\/li>\n<li><strong>Anyaga: <\/strong> Oxford &amp; Canvas<\/li>\n<li><strong>Alkalmaz\u00e1s : <\/strong> Szabadt\u00e9ri kemping csal\u00e1di s\u00e1tor<\/li>\n<li><strong>Funkci\u00f3: <\/strong> Szabadt\u00e9ri kemping<\/li>\n<li><strong>MOQ: <\/strong> 1 darab<\/li>\n<li><strong>Keret anyaga: <\/strong> 16 mm-es alum\u00ednium r\u00fad<\/li>\n<li><strong>Funkci\u00f3 : <\/strong> V\u00edzhi\u00e1ny<\/li>\n<\/ul>\n<div>\n<div data-magic-global=\"%7B%22bizId%22%3A2206962912116%2C%22pageId%22%3A5050923216%2C%22siteId%22%3A5005786273%7D\">\n<div>\n<div>\n<div>\n<div>\n<div>\n<div><\/div>\n<\/div>\n<\/div>\n<\/div>\n<\/div>\n<\/div>\n<div>\n<div data-section=\"AliMagic-n8hjnr\" data-section-title=\"Product Description\">term\u00e9kle\u00edr\u00e1s<\/div>\n<\/div>\n<div>\n<div><img decoding=\"async\" src=\"\/\/sc02.alicdn.com\/kf\/H96646391c55a4b9cb89aa7ddd5778d537\/240056294\/H96646391c55a4b9cb89aa7ddd5778d537.jpg\" data-src=\"\/\/sc02.alicdn.com\/kf\/H96646391c55a4b9cb89aa7ddd5778d537\/240056294\/H96646391c55a4b9cb89aa7ddd5778d537.jpg\" \/><\/div>\n<\/div>\n<div>\n<div><img decoding=\"async\" src=\"\/\/sc01.alicdn.com\/kf\/H09edf5aa1ebb43eb83ceab228f820e3f1\/240056294\/H09edf5aa1ebb43eb83ceab228f820e3f1.jpg\" data-src=\"\/\/sc01.alicdn.com\/kf\/H09edf5aa1ebb43eb83ceab228f820e3f1\/240056294\/H09edf5aa1ebb43eb83ceab228f820e3f1.jpg\" \/><\/div>\n<div><img decoding=\"async\" src=\"\/\/sc01.alicdn.com\/kf\/H48a6a67cf2ea4309826aa2ec439866837\/240056294\/H48a6a67cf2ea4309826aa2ec439866837.jpg\" data-src=\"\/\/sc01.alicdn.com\/kf\/H48a6a67cf2ea4309826aa2ec439866837\/240056294\/H48a6a67cf2ea4309826aa2ec439866837.jpg\" \/><\/div>\n<div><img decoding=\"async\" src=\"\/\/sc01.alicdn.com\/kf\/H7e54408e61be4f308dad149c5c5e4908m\/240056294\/H7e54408e61be4f308dad149c5c5e4908m.jpg\" data-src=\"\/\/sc01.alicdn.com\/kf\/H7e54408e61be4f308dad149c5c5e4908m\/240056294\/H7e54408e61be4f308dad149c5c5e4908m.jpg\" \/><\/div>\n<\/div>\n<div>\n<div data-section=\"AliMagic-me635g\" data-section-title=\"OEM \/ ODM\" data-spm-anchor-id=\"a2700.details.0.i46.3f651bb00RC8mw\"><\/div>\n<\/div>\n<\/div>\n<\/div>","protected":false},"excerpt":{"rendered":"<p>Ter\u00fclet: 5,89 CBM Sz\u00f6vet: V\u00e1szon k\u00fcls\u0151 s\u00e1tor v\u00edz\u00e1ll\u00f3s\u00e1gi indexe: 2000-3000 mm, &lt;1000 mm als\u00f3 v\u00edz\u00e1ll\u00f3s\u00e1gi index: &gt;3000 mm \u00c9p\u00fclet t\u00edpusa: Gyorsan, automatikusan ny\u00edl\u00f3 s\u00e1torst\u00edlus: \u00c1tl\u00f3s merev\u00edt\u00e9s t\u00edpusa Szezon: N\u00e9gy \u00e9vszakos term\u00e9k: Egyszob\u00e1s s\u00e1tor n\u00e9v : Nagy m\u00e9ret\u0171 aut\u00f3s tet\u0151s\u00e1tor Haszn\u00e1lat : Outdoor Camping S\u00e1tor<\/p>\n<div class=\"read-more\"><a class=\"btn btn-fill-out\" href=\"https:\/\/uoogear.com\/hu\/termek\/outdoor-camping-waterproof-big-size-car-roof-top-tent\/\">Olvass tov\u00e1bb<\/a><\/div>","protected":false},"featured_media":4124,"template":"","meta":[],"product_brand":[],"product_cat":[15],"product_tag":[],"class_list":{"0":"post-4125","1":"product","2":"type-product","3":"status-publish","4":"has-post-thumbnail","6":"product_cat-uncategorized","7":"tm-no-options","9":"first","10":"instock","11":"shipping-taxable","12":"purchasable","13":"product-type-variable"},"_links":{"self":[{"href":"https:\/\/uoogear.com\/hu\/wp-json\/wp\/v2\/product\/4125","targetHints":{"allow":["GET"]}}],"collection":[{"href":"https:\/\/uoogear.com\/hu\/wp-json\/wp\/v2\/product"}],"about":[{"href":"https:\/\/uoogear.com\/hu\/wp-json\/wp\/v2\/types\/product"}],"wp:featuredmedia":[{"embeddable":true,"href":"https:\/\/uoogear.com\/hu\/wp-json\/wp\/v2\/media\/4124"}],"wp:attachment":[{"href":"https:\/\/uoogear.com\/hu\/wp-json\/wp\/v2\/media?parent=4125"}],"wp:term":[{"taxonomy":"product_brand","embeddable":true,"href":"https:\/\/uoogear.com\/hu\/wp-json\/wp\/v2\/product_brand?post=4125"},{"taxonomy":"product_cat","embeddable":true,"href":"https:\/\/uoogear.com\/hu\/wp-json\/wp\/v2\/product_cat?post=4125"},{"taxonomy":"product_tag","embeddable":true,"href":"https:\/\/uoogear.com\/hu\/wp-json\/wp\/v2\/product_tag?post=4125"}],"curies":[{"name":"wp","href":"https:\/\/api.w.org\/{rel}","templated":true}]}}