{"id":4136,"date":"2023-11-13T12:08:31","date_gmt":"2023-11-13T12:08:31","guid":{"rendered":"https:\/\/uoogear.com\/product\/fast-delivery-roof-tent-4x4-car-roof-top\/"},"modified":"2023-11-30T03:51:09","modified_gmt":"2023-11-30T03:51:09","slug":"fast-delivery-roof-tent-4x4-car-roof-top","status":"publish","type":"product","link":"https:\/\/uoogear.com\/hu\/termek\/fast-delivery-roof-tent-4x4-car-roof-top\/","title":{"rendered":"Fast Delivery tet\u0151s\u00e1tor 4\u00d74 aut\u00f3 tet\u0151t\u00e9ri"},"content":{"rendered":"<ul>\n<li><strong>Ter\u00fclet : <\/strong> 3,5 CBM<\/li>\n<li><strong>Sz\u00f6vet: <\/strong> V\u00e1szon<\/li>\n<li><strong>K\u00fcls\u0151 s\u00e1tor v\u00edz\u00e1ll\u00f3s\u00e1gi indexe: <\/strong> &lt;1000 mm<\/li>\n<li><strong>Als\u00f3 v\u00edz\u00e1ll\u00f3s\u00e1gi index: <\/strong> &gt;3000 mm<\/li>\n<li><strong>\u00c9p\u00fclet t\u00edpusa: <\/strong> Gyors automatikus nyit\u00e1s<\/li>\n<li><strong>S\u00e1tor st\u00edlusa: <\/strong> \u00c1tl\u00f3s merev\u00edt\u00e9s t\u00edpusa<\/li>\n<li><strong>\u00c9vad : <\/strong> N\u00e9gy \u00e9vszakos s\u00e1tor<\/li>\n<li><strong>Szerkezet : <\/strong> Egy h\u00e1l\u00f3szoba<\/li>\n<li><strong>Term\u00e9k n\u00e9v : <\/strong> Kemping s\u00e1tor<\/li>\n<li><strong>Haszn\u00e1lat: <\/strong> K\u00fclt\u00e9ri kemping s\u00e1tor<\/li>\n<li><strong>Kulcssz\u00f3: <\/strong> tet\u0151t\u00e9ri s\u00e1tor<\/li>\n<li><strong>M\u00e9ret: <\/strong> 143cmx310cm<\/li>\n<li><strong>Anyaga: <\/strong> V\u00e1szon<\/li>\n<li><strong>Alkalmaz\u00e1s : <\/strong> Szabadt\u00e9ri kemping csal\u00e1di s\u00e1tor<\/li>\n<li><strong>Funkci\u00f3: <\/strong> Szabadt\u00e9ri kemping<\/li>\n<li><strong>MOQ: <\/strong> 1 darab<\/li>\n<li><strong>Keret anyaga: <\/strong> 16 mm-es alum\u00ednium r\u00fad<\/li>\n<li><strong>Funkci\u00f3 : <\/strong> V\u00edzhi\u00e1ny<\/li>\n<\/ul>\n<div>\n<div data-magic-global=\"%7B%22bizId%22%3A2206962912116%2C%22pageId%22%3A20006098947%2C%22siteId%22%3A5005786273%7D\">\n<div>\n<div>\n<div>\n<div>\n<div>\n<div><\/div>\n<\/div>\n<\/div>\n<\/div>\n<\/div>\n<\/div>\n<div>\n<div data-section=\"AliMagic-1igdjc\" data-section-title=\"Product Description\">term\u00e9kle\u00edr\u00e1s<\/div>\n<\/div>\n<div>\n<div>\n<div><img decoding=\"async\" src=\"\/\/sc04.alicdn.com\/kf\/H631690f4eade4eeca68b705f874e96ed5\/240056294\/H631690f4eade4eeca68b705f874e96ed5.jpg\" data-src=\"\/\/sc04.alicdn.com\/kf\/H631690f4eade4eeca68b705f874e96ed5\/240056294\/H631690f4eade4eeca68b705f874e96ed5.jpg\" \/><\/div>\n<div><img decoding=\"async\" src=\"\/\/sc04.alicdn.com\/kf\/Hdf25dd2a8f3a4b119f8830b88a88468ba\/240056294\/Hdf25dd2a8f3a4b119f8830b88a88468ba.jpg\" data-src=\"\/\/sc04.alicdn.com\/kf\/Hdf25dd2a8f3a4b119f8830b88a88468ba\/240056294\/Hdf25dd2a8f3a4b119f8830b88a88468ba.jpg\" \/><\/div>\n<div><img decoding=\"async\" src=\"\/\/sc04.alicdn.com\/kf\/H9cf33a94305a4af7b37893c789b8b733Q\/240056294\/H9cf33a94305a4af7b37893c789b8b733Q.jpg\" data-src=\"\/\/sc04.alicdn.com\/kf\/H9cf33a94305a4af7b37893c789b8b733Q\/240056294\/H9cf33a94305a4af7b37893c789b8b733Q.jpg\" \/><\/div>\n<div><img decoding=\"async\" src=\"\/\/sc04.alicdn.com\/kf\/H521d81437270427cb25f23fe459876bfj\/240056294\/H521d81437270427cb25f23fe459876bfj.jpg\" data-src=\"\/\/sc04.alicdn.com\/kf\/H521d81437270427cb25f23fe459876bfj\/240056294\/H521d81437270427cb25f23fe459876bfj.jpg\" \/><\/div>\n<div><img loading=\"lazy\" decoding=\"async\" class=\"alignnone size-full wp-image-5316\" src=\"https:\/\/uoogear.com\/wp-content\/uploads\/2023\/11\/Hfd818247442e4184af8907ecbe5f07e1q.jpg\" width=\"1280\" height=\"906\" srcset=\"https:\/\/uoogear.com\/wp-content\/uploads\/2023\/11\/Hfd818247442e4184af8907ecbe5f07e1q.jpg 1280w, https:\/\/uoogear.com\/wp-content\/uploads\/2023\/11\/Hfd818247442e4184af8907ecbe5f07e1q-300x212.jpg 300w, https:\/\/uoogear.com\/wp-content\/uploads\/2023\/11\/Hfd818247442e4184af8907ecbe5f07e1q-1024x725.jpg 1024w, https:\/\/uoogear.com\/wp-content\/uploads\/2023\/11\/Hfd818247442e4184af8907ecbe5f07e1q-768x544.jpg 768w, https:\/\/uoogear.com\/wp-content\/uploads\/2023\/11\/Hfd818247442e4184af8907ecbe5f07e1q-600x425.jpg 600w, https:\/\/uoogear.com\/wp-content\/uploads\/2023\/11\/Hfd818247442e4184af8907ecbe5f07e1q-76x54.jpg 76w\" sizes=\"auto, (max-width: 1280px) 100vw, 1280px\" \/><\/div>\n<\/div>\n<\/div>\n<div>\n<div data-section=\"AliMagic-qc6vp1\" data-section-title=\"Specification\" data-spm-anchor-id=\"a2700.details.0.i47.1ecd503d9XtO3Q\"><\/div>\n<\/div>\n<\/div>\n<\/div>","protected":false},"excerpt":{"rendered":"<p>Ter\u00fclet: 3,5 CBM Sz\u00f6vet: V\u00e1szon k\u00fcls\u0151 s\u00e1tor v\u00edz\u00e1ll\u00f3s\u00e1gi indexe: &lt;1000 mm als\u00f3 v\u00edz\u00e1ll\u00f3s\u00e1gi index: &gt;3000 mm \u00c9p\u00fclet t\u00edpusa: Gyorsan ny\u00edl\u00f3, automatikus s\u00e1torst\u00edlus: \u00c1tl\u00f3s merev\u00edt\u00e9s t\u00edpusa Szezon: N\u00e9gy \u00e9vszakos s\u00e1torszerkezet: Egy h\u00e1l\u00f3szob\u00e1s s\u00e1tor Term\u00e9kn\u00e9v: Kemping : Outdoor Camping Tent Kulcssz\u00f3 : tet\u0151t\u00e9ri s\u00e1tor M\u00e9ret<\/p>\n<div class=\"read-more\"><a class=\"btn btn-fill-out\" href=\"https:\/\/uoogear.com\/hu\/termek\/fast-delivery-roof-tent-4x4-car-roof-top\/\">Olvass tov\u00e1bb<\/a><\/div>","protected":false},"featured_media":4135,"template":"","meta":[],"product_brand":[],"product_cat":[15],"product_tag":[],"class_list":{"0":"post-4136","1":"product","2":"type-product","3":"status-publish","4":"has-post-thumbnail","6":"product_cat-uncategorized","7":"tm-no-options","9":"first","10":"instock","11":"shipping-taxable","12":"purchasable","13":"product-type-variable"},"_links":{"self":[{"href":"https:\/\/uoogear.com\/hu\/wp-json\/wp\/v2\/product\/4136","targetHints":{"allow":["GET"]}}],"collection":[{"href":"https:\/\/uoogear.com\/hu\/wp-json\/wp\/v2\/product"}],"about":[{"href":"https:\/\/uoogear.com\/hu\/wp-json\/wp\/v2\/types\/product"}],"wp:featuredmedia":[{"embeddable":true,"href":"https:\/\/uoogear.com\/hu\/wp-json\/wp\/v2\/media\/4135"}],"wp:attachment":[{"href":"https:\/\/uoogear.com\/hu\/wp-json\/wp\/v2\/media?parent=4136"}],"wp:term":[{"taxonomy":"product_brand","embeddable":true,"href":"https:\/\/uoogear.com\/hu\/wp-json\/wp\/v2\/product_brand?post=4136"},{"taxonomy":"product_cat","embeddable":true,"href":"https:\/\/uoogear.com\/hu\/wp-json\/wp\/v2\/product_cat?post=4136"},{"taxonomy":"product_tag","embeddable":true,"href":"https:\/\/uoogear.com\/hu\/wp-json\/wp\/v2\/product_tag?post=4136"}],"curies":[{"name":"wp","href":"https:\/\/api.w.org\/{rel}","templated":true}]}}