{"id":4191,"date":"2023-11-13T12:20:24","date_gmt":"2023-11-13T12:20:24","guid":{"rendered":"https:\/\/uoogear.com\/product\/soft-shell-aluminium-camping-rooftop-tents-car-roof-top-for-sale\/"},"modified":"2023-11-30T07:23:49","modified_gmt":"2023-11-30T07:23:49","slug":"soft-shell-aluminium-camping-rooftop-tents-car-roof-top-for-sale","status":"publish","type":"product","link":"https:\/\/uoogear.com\/hu\/termek\/soft-shell-aluminium-camping-rooftop-tents-car-roof-top-for-sale\/","title":{"rendered":"soft shell alum\u00ednium kemping tet\u0151t\u00e9ri s\u00e1trak aut\u00f3 tet\u0151lap elad\u00f3"},"content":{"rendered":"<ul>\n<li><strong>Sz\u00f6vet: <\/strong> Oxford<\/li>\n<li><strong>K\u00fcls\u0151 s\u00e1tor v\u00edz\u00e1ll\u00f3s\u00e1gi indexe: <\/strong> 1500-2000 mm<\/li>\n<li><strong>Als\u00f3 v\u00edz\u00e1ll\u00f3s\u00e1gi index: <\/strong> &gt;3000 mm<\/li>\n<li><strong>\u00c9p\u00fclet t\u00edpusa: <\/strong> Ig\u00e9ny szerinti \u00e9p\u00edt\u00e9s<\/li>\n<li><strong>S\u00e1tor st\u00edlusa: <\/strong> Egyenes merev\u00edt\u0151 t\u00edpus<\/li>\n<li><strong>\u00c9vad : <\/strong> N\u00e9gy \u00e9vszakos s\u00e1tor<\/li>\n<li><strong>Szerkezet : <\/strong> Egy h\u00e1l\u00f3szoba<\/li>\n<li><strong>Term\u00e9k n\u00e9v : <\/strong> Aut\u00f3 tet\u0151s\u00e1tor<\/li>\n<li><strong>Anyaga: <\/strong> Oxford poli\u00e9szter, szakad\u00e1sg\u00e1tl\u00f3 v\u00e1szon<\/li>\n<li><strong>P\u00f3lus anyaga: <\/strong> Alum\u00ednium<\/li>\n<li><strong>Term\u00e9k m\u00e9ret : <\/strong> 310x143x115 cm<\/li>\n<li><strong>Funkci\u00f3 : <\/strong> V\u00edzhi\u00e1ny<\/li>\n<li><strong>L\u00e9tra: <\/strong> Alum\u00ednium teleszk\u00f3pos l\u00e9tra<\/li>\n<li><strong>Haszn\u00e1lat: <\/strong> Outdoor Camping T\u00far\u00e1z\u00e1s Utaz\u00e1s<\/li>\n<li><strong>GW: <\/strong> 59 kg<\/li>\n<li><strong>Kulcssz\u00f3: <\/strong> Hard Shell tet\u0151t\u00e9ri s\u00e1tor<\/li>\n<li><strong>St\u00edlus: <\/strong> K\u00f6nnyen \u00f6sszecsukhat\u00f3<\/li>\n<\/ul>\n<div>\n<div data-magic-global=\"%7B%22bizId%22%3A2206962912116%2C%22pageId%22%3A21304999933%2C%22siteId%22%3A5005786273%7D\">\n<div><\/div>\n<div>\n<div><\/div>\n<\/div>\n<div>\n<div>\n<div><img decoding=\"async\" src=\"https:\/\/uoogear.com\/wp-content\/uploads\/2023\/11\/Head17f2fb29142fab53715928afb7c7bt.webp\" data-src=\"https:\/\/uoogear.com\/wp-content\/uploads\/2023\/11\/Head17f2fb29142fab53715928afb7c7bt.webp\" \/><\/div>\n<div><img decoding=\"async\" src=\"https:\/\/uoogear.com\/wp-content\/uploads\/2023\/11\/Hfcc7a91a0f504e0f81c8dae1632864e42-wpp1701328893862.jpg\" data-src=\"https:\/\/uoogear.com\/wp-content\/uploads\/2023\/11\/Hfcc7a91a0f504e0f81c8dae1632864e42-wpp1701328893862.jpg\" \/><\/div>\n<div><img decoding=\"async\" src=\"https:\/\/uoogear.com\/wp-content\/uploads\/2023\/11\/H8ec27b29741b4f08afb6ce95b0b9b6aeo-wpp1701328748942.webp\" data-src=\"https:\/\/uoogear.com\/wp-content\/uploads\/2023\/11\/H8ec27b29741b4f08afb6ce95b0b9b6aeo-wpp1701328748942.webp\" \/><\/div>\n<div><img decoding=\"async\" src=\"https:\/\/uoogear.com\/wp-content\/uploads\/2023\/11\/H741118498aec4d7e9187dd85b8e748368.webp\" data-src=\"https:\/\/uoogear.com\/wp-content\/uploads\/2023\/11\/H741118498aec4d7e9187dd85b8e748368.webp\" \/><\/div>\n<div><img decoding=\"async\" src=\"https:\/\/uoogear.com\/wp-content\/uploads\/2023\/11\/H31bcadeece5a41f79545474233d7c450F.webp\" data-src=\"https:\/\/uoogear.com\/wp-content\/uploads\/2023\/11\/H31bcadeece5a41f79545474233d7c450F.webp\" \/><\/div>\n<div><img decoding=\"async\" src=\"https:\/\/uoogear.com\/wp-content\/uploads\/2023\/11\/Hd09d9c862a164800839cbbf832b621417.webp\" data-src=\"https:\/\/uoogear.com\/wp-content\/uploads\/2023\/11\/Hd09d9c862a164800839cbbf832b621417.webp\" \/><\/div>\n<div><img decoding=\"async\" src=\"https:\/\/uoogear.com\/wp-content\/uploads\/2023\/11\/H0563ea9c013d4a3ca309db9c332ebab6l.webp\" data-src=\"https:\/\/uoogear.com\/wp-content\/uploads\/2023\/11\/H0563ea9c013d4a3ca309db9c332ebab6l.webp\" \/><\/div>\n<div><img decoding=\"async\" src=\"https:\/\/uoogear.com\/wp-content\/uploads\/2023\/11\/H00ea59eb398e4db0af8b1d8eca61ce60f.webp\" data-src=\"https:\/\/uoogear.com\/wp-content\/uploads\/2023\/11\/H00ea59eb398e4db0af8b1d8eca61ce60f.webp\" \/><\/div>\n<\/div>\n<\/div>\n<div><\/div>\n<div>\n<div>\n<div>\n<div>\n<div><\/div>\n<\/div>\n<\/div>\n<\/div>\n<\/div>\n<\/div>\n<\/div>","protected":false},"excerpt":{"rendered":"<p>Sz\u00f6vet: Oxford k\u00fcls\u0151 s\u00e1tor v\u00edz\u00e1ll\u00f3s\u00e1gi indexe: 1500-2000 mm als\u00f3 v\u00edz\u00e1ll\u00f3s\u00e1gi index: &gt;3000 mm \u00c9p\u00fclet t\u00edpusa: Fel\u00e9p\u00edt\u00e9s a sz\u00fcks\u00e9glet alapj\u00e1n S\u00e1torst\u00edlus: Egyenes merev\u00edt\u00e9si t\u00edpus Szezon: N\u00e9gy \u00e9vszakos s\u00e1tor szerkezete: Egy h\u00e1l\u00f3szob\u00e1s Term\u00e9kn\u00e9v: Anyaga aut\u00f3 tet\u0151s\u00e1tor : Oxford poli\u00e9szter, Rip-stop v\u00e1szon R\u00fad anyaga: Alum\u00ednium Term\u00e9km\u00e9ret<\/p>\n<div class=\"read-more\"><a class=\"btn btn-fill-out\" href=\"https:\/\/uoogear.com\/hu\/termek\/soft-shell-aluminium-camping-rooftop-tents-car-roof-top-for-sale\/\">Olvass tov\u00e1bb<\/a><\/div>","protected":false},"featured_media":4190,"template":"","meta":[],"product_brand":[],"product_cat":[15],"product_tag":[],"class_list":{"0":"post-4191","1":"product","2":"type-product","3":"status-publish","4":"has-post-thumbnail","6":"product_cat-uncategorized","7":"tm-no-options","9":"first","10":"instock","11":"shipping-taxable","12":"purchasable","13":"product-type-variable"},"_links":{"self":[{"href":"https:\/\/uoogear.com\/hu\/wp-json\/wp\/v2\/product\/4191","targetHints":{"allow":["GET"]}}],"collection":[{"href":"https:\/\/uoogear.com\/hu\/wp-json\/wp\/v2\/product"}],"about":[{"href":"https:\/\/uoogear.com\/hu\/wp-json\/wp\/v2\/types\/product"}],"wp:featuredmedia":[{"embeddable":true,"href":"https:\/\/uoogear.com\/hu\/wp-json\/wp\/v2\/media\/4190"}],"wp:attachment":[{"href":"https:\/\/uoogear.com\/hu\/wp-json\/wp\/v2\/media?parent=4191"}],"wp:term":[{"taxonomy":"product_brand","embeddable":true,"href":"https:\/\/uoogear.com\/hu\/wp-json\/wp\/v2\/product_brand?post=4191"},{"taxonomy":"product_cat","embeddable":true,"href":"https:\/\/uoogear.com\/hu\/wp-json\/wp\/v2\/product_cat?post=4191"},{"taxonomy":"product_tag","embeddable":true,"href":"https:\/\/uoogear.com\/hu\/wp-json\/wp\/v2\/product_tag?post=4191"}],"curies":[{"name":"wp","href":"https:\/\/api.w.org\/{rel}","templated":true}]}}