{"id":4230,"date":"2023-11-13T12:26:16","date_gmt":"2023-11-13T12:26:16","guid":{"rendered":"https:\/\/uoogear.com\/product\/camping-car-top-tent-waterproof-roof-of-truck-suv-sun-shade-travel\/"},"modified":"2023-11-30T06:49:03","modified_gmt":"2023-11-30T06:49:03","slug":"camping-car-top-tent-waterproof-roof-of-truck-suv-sun-shade-travel","status":"publish","type":"product","link":"https:\/\/uoogear.com\/hu\/termek\/camping-car-top-tent-waterproof-roof-of-truck-suv-sun-shade-travel\/","title":{"rendered":"Kempingaut\u00f3 fels\u0151 s\u00e1tor, teheraut\u00f3 terepj\u00e1r\u00f3 v\u00edz\u00e1ll\u00f3 teteje napellenz\u0151 utaz\u00e1s"},"content":{"rendered":"<ul>\n<li><strong>Ter\u00fclet : <\/strong> 240*160*126cm<\/li>\n<li><strong>Sz\u00f6vet: <\/strong> Poli\u00e9szter<\/li>\n<li><strong>K\u00fcls\u0151 s\u00e1tor v\u00edz\u00e1ll\u00f3s\u00e1gi indexe: <\/strong> 2000-3000 mm<\/li>\n<li><strong>Als\u00f3 v\u00edz\u00e1ll\u00f3s\u00e1gi index: <\/strong> &gt;3000 mm<\/li>\n<li><strong>\u00c9p\u00fclet t\u00edpusa: <\/strong> Ig\u00e9ny szerinti \u00e9p\u00edt\u00e9s<\/li>\n<li><strong>S\u00e1tor st\u00edlusa: <\/strong> Egyenes merev\u00edt\u0151 t\u00edpus<\/li>\n<li><strong>\u00c9vad : <\/strong> N\u00e9gy \u00e9vszakos s\u00e1tor<\/li>\n<li><strong>Szerkezet : <\/strong> Egy h\u00e1l\u00f3szoba<\/li>\n<li><strong>Term\u00e9k n\u00e9v : <\/strong> 4 \u00e9vszakos aut\u00f3tartoz\u00e9kok tet\u0151s\u00e1tor SUV-hoz<\/li>\n<li><strong>Sz\u00f6vet anyaga: <\/strong> 300 gsm poli\u00e9szter pamutv\u00e1szon<\/li>\n<li><strong>Funkci\u00f3 : <\/strong> V\u00edz\u00e1ll\u00f3 2000mm<\/li>\n<li><strong>M\u00e9ret: <\/strong> B\u0151v\u00edt\u00e9si m\u00e9ret: 240*140*126cm<\/li>\n<li><strong>Matrac : <\/strong> 60mm vastag Nem deform\u00e1l\u00f3 szivacs, moshat\u00f3, levehet\u0151 huzattal<\/li>\n<li><strong>L\u00e9tra: <\/strong> Teleszk\u00f3pos alum\u00ednium l\u00e9tra, 230 cm<\/li>\n<li><strong>Log\u00f3: <\/strong> Testreszabott log\u00f3<\/li>\n<li><strong>Kieg\u00e9sz\u00edt\u0151k : <\/strong> L\u00e9tra+cip\u0151t\u00e1ska<\/li>\n<li><strong>V\u00e1laszthat\u00f3 alkatr\u00e9szek: <\/strong> Mell\u00e9klet, Szigetel\u0151 meleg b\u00e9l\u00e9s, K\u00fcl\u00f6nb\u00f6z\u0151 es\u0151b\u00e9lyeg kialak\u00edt\u00e1sok<\/li>\n<\/ul>\n<div>\n<div data-magic-global=\"%7B%22bizId%22%3A2634101818%2C%22pageId%22%3A21327119347%2C%22siteId%22%3A5005227190%7D\">\n<div>\n<div>\n<div>\n<div>\n<div>\n<div><img decoding=\"async\" src=\"https:\/\/uoogear.com\/wp-content\/uploads\/2023\/11\/H72b58d4a09224c748a287e1d9a4b09a3r-wpp1701315423476.webp\" data-src=\"https:\/\/uoogear.com\/wp-content\/uploads\/2023\/11\/H72b58d4a09224c748a287e1d9a4b09a3r-wpp1701315423476.webp\" \/><\/div>\n<\/div>\n<\/div>\n<\/div>\n<\/div>\n<\/div>\n<div>\n<div data-section=\"AliMagic-ltwv2k\" data-section-title=\"Product Paramenters\"><\/div>\n<\/div>\n<\/div>\n<\/div>","protected":false},"excerpt":{"rendered":"<p>Ter\u00fclet: 240 * 160 * 126 cm Sz\u00f6vet: Poli\u00e9szter k\u00fcls\u0151 s\u00e1tor v\u00edz\u00e1ll\u00f3s\u00e1gi indexe: 2000-3000 mm als\u00f3 v\u00edz\u00e1ll\u00f3s\u00e1gi index: &gt;3000 mm \u00c9p\u00fclet t\u00edpusa: Ig\u00e9ny szerinti fel\u00e9p\u00edt\u00e9s S\u00e1torst\u00edlus: Egyenes merev\u00edt\u00e9si t\u00edpus Szezon: N\u00e9gy \u00e9vszakos term\u00e9k: Egyter\u0171 s\u00e1tor N\u00e9v: 4 \u00e9vszakos aut\u00f3kieg\u00e9sz\u00edt\u0151k tet\u0151s\u00e1tor SUV sz\u00f6vethez Anyaga:<\/p>\n<div class=\"read-more\"><a class=\"btn btn-fill-out\" href=\"https:\/\/uoogear.com\/hu\/termek\/camping-car-top-tent-waterproof-roof-of-truck-suv-sun-shade-travel\/\">Olvass tov\u00e1bb<\/a><\/div>","protected":false},"featured_media":4229,"template":"","meta":[],"product_brand":[],"product_cat":[15],"product_tag":[],"class_list":{"0":"post-4230","1":"product","2":"type-product","3":"status-publish","4":"has-post-thumbnail","6":"product_cat-uncategorized","7":"tm-no-options","9":"first","10":"instock","11":"shipping-taxable","12":"purchasable","13":"product-type-variable"},"_links":{"self":[{"href":"https:\/\/uoogear.com\/hu\/wp-json\/wp\/v2\/product\/4230","targetHints":{"allow":["GET"]}}],"collection":[{"href":"https:\/\/uoogear.com\/hu\/wp-json\/wp\/v2\/product"}],"about":[{"href":"https:\/\/uoogear.com\/hu\/wp-json\/wp\/v2\/types\/product"}],"wp:featuredmedia":[{"embeddable":true,"href":"https:\/\/uoogear.com\/hu\/wp-json\/wp\/v2\/media\/4229"}],"wp:attachment":[{"href":"https:\/\/uoogear.com\/hu\/wp-json\/wp\/v2\/media?parent=4230"}],"wp:term":[{"taxonomy":"product_brand","embeddable":true,"href":"https:\/\/uoogear.com\/hu\/wp-json\/wp\/v2\/product_brand?post=4230"},{"taxonomy":"product_cat","embeddable":true,"href":"https:\/\/uoogear.com\/hu\/wp-json\/wp\/v2\/product_cat?post=4230"},{"taxonomy":"product_tag","embeddable":true,"href":"https:\/\/uoogear.com\/hu\/wp-json\/wp\/v2\/product_tag?post=4230"}],"curies":[{"name":"wp","href":"https:\/\/api.w.org\/{rel}","templated":true}]}}