{"id":4273,"date":"2023-11-13T12:30:29","date_gmt":"2023-11-13T12:30:29","guid":{"rendered":"https:\/\/uoogear.com\/product\/unistrengh-mini-4x4-offroad-outdoor-camping-car-soft-shell-roof-top-tents-for-sale\/"},"modified":"2023-11-30T06:16:50","modified_gmt":"2023-11-30T06:16:50","slug":"unistrengh-mini-4x4-offroad-outdoor-camping-car-soft-shell-roof-top-tents-for-sale","status":"publish","type":"product","link":"https:\/\/uoogear.com\/hu\/termek\/unistrengh-mini-4x4-offroad-outdoor-camping-car-soft-shell-roof-top-tents-for-sale\/","title":{"rendered":"Unistrengh Mini 4\u00d74 offroad k\u00fclt\u00e9ri kempingaut\u00f3 soft shell tet\u0151s\u00e1trak elad\u00f3k"},"content":{"rendered":"<ul>\n<li><strong>Ter\u00fclet : <\/strong> 134*109cm<\/li>\n<li><strong>Sz\u00f6vet: <\/strong> Poli\u00e9szter pamut kend\u0151<\/li>\n<li><strong>K\u00fcls\u0151 s\u00e1tor v\u00edz\u00e1ll\u00f3s\u00e1gi indexe: <\/strong> 2000-3000 mm<\/li>\n<li><strong>Als\u00f3 v\u00edz\u00e1ll\u00f3s\u00e1gi index: <\/strong> &gt;3000 mm<\/li>\n<li><strong>S\u00e1tor st\u00edlusa: <\/strong> Egyenes merev\u00edt\u0151 t\u00edpus<\/li>\n<li><strong>\u00c9vad : <\/strong> N\u00e9gy \u00e9vszakos s\u00e1tor, 4 \u00e9vszakos<\/li>\n<li><strong>Szerkezet : <\/strong> Egy h\u00e1l\u00f3szoba<\/li>\n<li><strong>Term\u00e9k n\u00e9v : <\/strong> Puha mini aut\u00f3 tet\u0151s\u00e1tor v\u00edzszigetel\u00e9s<\/li>\n<li><strong>Alkalmaz\u00e1s : <\/strong> Szabadt\u00e9ri kemping csal\u00e1di s\u00e1tor<\/li>\n<li><strong>Kulcssz\u00f3: <\/strong> s\u00e1tor v\u00edzszigetel\u00e9se<\/li>\n<li><strong>M\u00e9ret: <\/strong> 2157*1330*1130MM<\/li>\n<li><strong>Anyaga: <\/strong> Poli\u00e9szter pamut kend\u0151<\/li>\n<li><strong>MOQ: <\/strong> 1 darab<\/li>\n<li><strong>Log\u00f3: <\/strong> Testreszabott log\u00f3<\/li>\n<li><strong>S\u00faly : <\/strong> 41,5 kg<\/li>\n<li><strong>Garancia: <\/strong> 12 h\u00f3nap<\/li>\n<\/ul>\n<div>\n<div data-magic-global=\"%7B%22bizId%22%3A2634101818%2C%22pageId%22%3A21250043969%2C%22siteId%22%3A5005227190%7D\">\n<div>\n<div data-section=\"AliMagic-ljemi3\" data-section-title=\"Product Description\">term\u00e9kle\u00edr\u00e1s<\/div>\n<\/div>\n<div>\n<div>\n<div>\n<div>\n<div>\n<div><\/div>\n<\/div>\n<\/div>\n<\/div>\n<div>\n<div>Mini tet\u0151s\u00e1tor<\/div>\n<div>A mini tet\u0151s\u00e1tor perceken bel\u00fcl elk\u00e9sz\u00fcl, \u00edgy pihenhet \u00e9s \u00e9lvezheti a szabadt\u00e9ri tev\u00e9kenys\u00e9geket. t\u00f3l gy\u00e1rtva<br \/>\ntart\u00f3s, kiv\u00e1l\u00f3 min\u0151s\u00e9g\u0171, l\u00e9legz\u0151 poli\/pamut sz\u00f6vet, pen\u00e9sz- \u00e9s v\u00edz\u00e1ll\u00f3 tet\u0151s\u00e1tora sz\u00e9pen illeszkedik 4x4-es aut\u00f3ja tetej\u00e9re. Az er\u0151s alum\u00ednium visszah\u00fazhat\u00f3 l\u00e9tra k\u00f6nny\u0171 hozz\u00e1f\u00e9r\u00e9st tesz lehet\u0151v\u00e9. A matracokhoz nagy s\u0171r\u0171s\u00e9g\u0171 habszivacs matrac tartozik, levehet\u0151 huzattal. Teljesen \u00e1rny\u00e9kolt ablakokkal \u00e9s ajt\u00f3kkal, por- \u00e9s rovar\u00e1ll\u00f3.<\/div>\n<\/div>\n<\/div>\n<\/div>\n<div>\n<div>\n<div>\n<h3>Jellemz\u0151k<\/h3>\n<div>\n<div>\n<div>-N\u00e9gy \u00e9vszakos s\u00e1tor \u00fagy k\u00e9sz\u00fclt, hogy minden \u00e9vszak \u00e9s \u00e9ghajlati viszonyokat elviselje - Ak\u00e1r 2 f\u0151 elsz\u00e1ll\u00e1sol\u00e1s\u00e1ra is alkalmas<br \/>\n- A s\u00e1torsz\u00f6vet UV- \u00e9s pen\u00e9sz\u00e1ll\u00f3, \u00edgy minden \u00e9vszakban ellen\u00e1ll<br \/>\n-N\u00e9gy, nagy bels\u0151 zseb a felszerel\u00e9sek \u00e9s kempingkell\u00e9kek t\u00e1rol\u00e1s\u00e1ra<br \/>\n- Nagy s\u0171r\u0171s\u00e9g\u0171 habszivacs matracot tartalmaz a nagyobb k\u00e9nyelem \u00e9rdek\u00e9ben<br \/>\n- K\u00f6nnyen cser\u00e9lhet\u0151 a lombkorona az \u00e9vszakt\u00f3l \u00e9s az id\u0151j\u00e1r\u00e1si viszonyokt\u00f3l f\u00fcgg\u0151en (a tov\u00e1bbi el\u0151tet\u0151k k\u00fcl\u00f6n v\u00e1s\u00e1rolhat\u00f3k meg)<\/div>\n<\/div>\n<\/div>\n<\/div>\n<\/div>\n<\/div>\n<div>\n<div>\n<table>\n<tbody>\n<tr>\n<td>\n<div>Nyitott m\u00e9ret<\/div>\n<\/td>\n<td>\n<div>2157*1330*1130MM<\/div>\n<\/td>\n<td>\n<div><\/div>\n<\/td>\n<td>\n<div><\/div>\n<\/td>\n<td>\n<div><\/div>\n<\/td>\n<\/tr>\n<tr>\n<td>\n<div>Z\u00e1r\u00f3 m\u00e9ret<\/div>\n<\/td>\n<td>\n<div>1340*1090*220mm<\/div>\n<\/td>\n<td>\n<div><\/div>\n<\/td>\n<td>\n<div><\/div>\n<\/td>\n<td>\n<div><\/div>\n<\/td>\n<\/tr>\n<tr>\n<td>\n<div>NW<\/div>\n<\/td>\n<td>\n<div>41,5 kg<\/div>\n<\/td>\n<td>\n<div><\/div>\n<\/td>\n<td>\n<div><\/div>\n<\/td>\n<td>\n<div><\/div>\n<\/td>\n<\/tr>\n<tr>\n<td>\n<div>GW<\/div>\n<\/td>\n<td>\n<div>51,8 kg<\/div>\n<\/td>\n<td>\n<div><\/div>\n<\/td>\n<td>\n<div><\/div>\n<\/td>\n<td>\n<div><\/div>\n<\/td>\n<\/tr>\n<\/tbody>\n<\/table>\n<\/div>\n<\/div>\n<div>\n<div data-section=\"AliMagic-hdvu51\" data-section-title=\"Product details\">Term\u00e9k le\u00edr\u00e1s<\/div>\n<\/div>\n<div>\n<div>\n<div><\/div>\n<div><img decoding=\"async\" src=\"https:\/\/uoogear.com\/wp-content\/uploads\/2023\/11\/H1bf314a0e04e47408594be1fd416e0a6f.webp\" data-src=\"https:\/\/uoogear.com\/wp-content\/uploads\/2023\/11\/H1bf314a0e04e47408594be1fd416e0a6f.webp\" \/><\/div>\n<\/div>\n<\/div>\n<div>\n<div data-section=\"AliMagic-3qaa90\" data-section-title=\"Related products\">Kapcsol\u00f3d\u00f3 term\u00e9kek<\/div>\n<\/div>\n<div>\n<div>\n<div>\n<div>\n<div>\n<div><\/div>\n<\/div>\n<div>\n<div>\n<div><strong>Soft shell tet\u0151s\u00e1tor<\/strong><\/div>\n<\/div>\n<\/div>\n<\/div>\n<div>\n<div>\n<div><\/div>\n<\/div>\n<div>\n<div>\n<div><strong>Hossz\u00fa szakasz mell\u00e9klettel<\/strong><\/div>\n<\/div>\n<\/div>\n<\/div>\n<div>\n<div>\n<div><img loading=\"lazy\" decoding=\"async\" class=\"alignnone\" src=\"https:\/\/uoogear.com\/wp-content\/uploads\/2023\/11\/H437d0352f3994ed2b130dac4e75a83d4d.webp\" alt=\"\" width=\"800\" height=\"533\" data-src=\"https:\/\/uoogear.com\/wp-content\/uploads\/2023\/11\/H437d0352f3994ed2b130dac4e75a83d4d.webp\" \/><\/div>\n<\/div>\n<div>\n<div>\n<div><strong>Aut\u00f3 oldals\u00f3 napellenz\u0151<\/strong><\/div>\n<\/div>\n<\/div>\n<\/div>\n<\/div>\n<\/div>\n<\/div>\n<div>\n<div>\n<div>\n<div><img loading=\"lazy\" decoding=\"async\" class=\"alignnone\" src=\"https:\/\/uoogear.com\/wp-content\/uploads\/2023\/11\/Hff9bd9063cef44a8ba9b43b61c0257d1W.webp\" alt=\"\" width=\"800\" height=\"600\" data-src=\"https:\/\/uoogear.com\/wp-content\/uploads\/2023\/11\/Hff9bd9063cef44a8ba9b43b61c0257d1W.webp\" \/><\/div>\n<\/div>\n<div><\/div>\n<\/div>\n<div>\n<div>\n<div><\/div>\n<\/div>\n<div>\n<div><\/div>\n<\/div>\n<\/div>\n<div>\n<div>\n<div>\n<div><\/div>\n<\/div>\n<\/div>\n<\/div>\n<\/div>\n<div>\n<div data-section=\"AliMagic-tf79ni\" data-section-title=\"Company Imformation\"><\/div>\n<\/div>\n<\/div>\n<\/div>","protected":false},"excerpt":{"rendered":"<p>Ter\u00fclet: 134 * 109 cm Sz\u00f6vet: Poli\u00e9szter pamutsz\u00f6vet K\u00fcls\u0151 s\u00e1tor v\u00edz\u00e1ll\u00f3s\u00e1gi indexe: 2000-3000 mm als\u00f3 v\u00edz\u00e1ll\u00f3s\u00e1gi index: &gt;3000 mm S\u00e1torst\u00edlus: Egyenes merev\u00edt\u00e9si t\u00edpus Szezon: N\u00e9gy \u00e9vszakos s\u00e1tor, 4 \u00e9vszakos s\u00e1tor Term\u00e9kn\u00e9v: Egy\u00e1gyas szerkezet mini aut\u00f3 tet\u0151s\u00e1tor v\u00edzszigetel\u00e9s Alkalmaz\u00e1s : Outdoor Camping Csal\u00e1di S\u00e1tor Kulcssz\u00f3 : s\u00e1tor<\/p>\n<div class=\"read-more\"><a class=\"btn btn-fill-out\" href=\"https:\/\/uoogear.com\/hu\/termek\/unistrengh-mini-4x4-offroad-outdoor-camping-car-soft-shell-roof-top-tents-for-sale\/\">Olvass tov\u00e1bb<\/a><\/div>","protected":false},"featured_media":4272,"template":"","meta":[],"product_brand":[],"product_cat":[15],"product_tag":[],"class_list":{"0":"post-4273","1":"product","2":"type-product","3":"status-publish","4":"has-post-thumbnail","6":"product_cat-uncategorized","7":"tm-no-options","9":"first","10":"instock","11":"shipping-taxable","12":"purchasable","13":"product-type-variable"},"_links":{"self":[{"href":"https:\/\/uoogear.com\/hu\/wp-json\/wp\/v2\/product\/4273","targetHints":{"allow":["GET"]}}],"collection":[{"href":"https:\/\/uoogear.com\/hu\/wp-json\/wp\/v2\/product"}],"about":[{"href":"https:\/\/uoogear.com\/hu\/wp-json\/wp\/v2\/types\/product"}],"wp:featuredmedia":[{"embeddable":true,"href":"https:\/\/uoogear.com\/hu\/wp-json\/wp\/v2\/media\/4272"}],"wp:attachment":[{"href":"https:\/\/uoogear.com\/hu\/wp-json\/wp\/v2\/media?parent=4273"}],"wp:term":[{"taxonomy":"product_brand","embeddable":true,"href":"https:\/\/uoogear.com\/hu\/wp-json\/wp\/v2\/product_brand?post=4273"},{"taxonomy":"product_cat","embeddable":true,"href":"https:\/\/uoogear.com\/hu\/wp-json\/wp\/v2\/product_cat?post=4273"},{"taxonomy":"product_tag","embeddable":true,"href":"https:\/\/uoogear.com\/hu\/wp-json\/wp\/v2\/product_tag?post=4273"}],"curies":[{"name":"wp","href":"https:\/\/api.w.org\/{rel}","templated":true}]}}