{"id":4304,"date":"2023-11-13T12:33:04","date_gmt":"2023-11-13T12:33:04","guid":{"rendered":"https:\/\/uoogear.com\/product\/high-quality-3m-4m-5m-6m-7m-sahara-cotton-canvas-bell-tent-outdoor-tents-with-stove-hole\/"},"modified":"2023-11-30T02:28:38","modified_gmt":"2023-11-30T02:28:38","slug":"high-quality-3m-4m-5m-6m-7m-sahara-cotton-canvas-bell-tent-outdoor-tents-with-stove-hole","status":"publish","type":"product","link":"https:\/\/uoogear.com\/hu\/termek\/high-quality-3m-4m-5m-6m-7m-sahara-cotton-canvas-bell-tent-outdoor-tents-with-stove-hole\/","title":{"rendered":"Kiv\u00e1l\u00f3 min\u0151s\u00e9g\u0171 3m 4m 5m 6m 7m szahara pamutv\u00e1szon harangs\u00e1tor k\u00fclt\u00e9ri s\u00e1trak k\u00e1lyhalyukkal"},"content":{"rendered":"<ul>\n<li><strong>Ter\u00fclet : <\/strong> 500*300*170\/60 cm<\/li>\n<li><strong>Sz\u00f6vet: <\/strong> V\u00e1szon<\/li>\n<li><strong>K\u00fcls\u0151 s\u00e1tor v\u00edz\u00e1ll\u00f3s\u00e1gi indexe: <\/strong> 1500-2000 mm<\/li>\n<li><strong>Als\u00f3 v\u00edz\u00e1ll\u00f3s\u00e1gi index: <\/strong> &gt;3000 mm<\/li>\n<li><strong>\u00c9p\u00fclet t\u00edpusa: <\/strong> Ig\u00e9ny szerinti \u00e9p\u00edt\u00e9s<\/li>\n<li><strong>S\u00e1tor st\u00edlusa: <\/strong> Egyenes merev\u00edt\u0151 t\u00edpus<\/li>\n<li><strong>\u00c9vad : <\/strong> N\u00e9gy \u00e9vszakos s\u00e1tor<\/li>\n<li><strong>Szerkezet : <\/strong> Egy h\u00e1l\u00f3szoba<\/li>\n<li><strong>Term\u00e9k n\u00e9v : <\/strong> 3m 4m 5m szaharai pamutv\u00e1szon harangs\u00e1tor k\u00fclt\u00e9ri s\u00e1trak k\u00e1lyhalyukkal<\/li>\n<li><strong>Kulcssz\u00f3: <\/strong> k\u00fclt\u00e9ri s\u00e1trak<\/li>\n<li><strong>Alkalmaz\u00e1s : <\/strong> Szabadt\u00e9ri kemping csal\u00e1di s\u00e1tor<\/li>\n<li><strong>Funkci\u00f3 : <\/strong> V\u00edz\u00e1ll\u00f3<\/li>\n<li><strong>M\u00e9ret: <\/strong> 5 m<\/li>\n<li><strong>Csomagol\u00e1s: <\/strong> Kartondoboz<\/li>\n<li><strong>Log\u00f3: <\/strong> Testreszabott log\u00f3<\/li>\n<li><strong>Garancia: <\/strong> 12 h\u00f3nap<\/li>\n<li><strong>S\u00faly : <\/strong> 36 kg<\/li>\n<li><strong>MOQ: <\/strong> 1 darab<\/li>\n<\/ul>\n<div>\n<div data-magic-global=\"%7B%22bizId%22%3A2634101818%2C%22pageId%22%3A5051882350%2C%22siteId%22%3A5005227190%7D\">\n<div>\n<div data-section=\"AliMagic-ikh4e8\" data-section-title=\"Products Description\">Term\u00e9kle\u00edr\u00e1s<\/div>\n<\/div>\n<div>\n<div>\n<div>\n<div>\n<div><img decoding=\"async\" src=\"\/\/sc01.alicdn.com\/kf\/H8da6e4d563af48c488f62e60b6a1f70ff\/225636084\/H8da6e4d563af48c488f62e60b6a1f70ff.jpg\" data-src=\"\/\/sc01.alicdn.com\/kf\/H8da6e4d563af48c488f62e60b6a1f70ff\/225636084\/H8da6e4d563af48c488f62e60b6a1f70ff.jpg\" \/><\/div>\n<\/div>\n<\/div>\n<\/div>\n<div><\/div>\n<\/div>\n<div><\/div>\n<\/div>\n<\/div>","protected":false},"excerpt":{"rendered":"<p>Ter\u00fclet: 500 * 300 * 170\/60 cm Sz\u00f6vet: V\u00e1szon k\u00fcls\u0151 s\u00e1tor v\u00edz\u00e1ll\u00f3s\u00e1gi indexe: 1500-2000 mm als\u00f3 v\u00edz\u00e1ll\u00f3s\u00e1gi index: &gt; 3000 mm \u00c9p\u00fclet t\u00edpusa: Ig\u00e9ny szerinti fel\u00e9p\u00edt\u00e9s S\u00e1torst\u00edlus: Egyenes merev\u00edt\u00e9si t\u00edpus Szezon: N\u00e9gy \u00e9vszak: S\u00e1tor Egy h\u00e1l\u00f3szob\u00e1s term\u00e9kn\u00e9v: 3 m 4 m 5 m szaharai pamutv\u00e1szon harangs\u00e1tor k\u00fclt\u00e9ri s\u00e1trak<\/p>\n<div class=\"read-more\"><a class=\"btn btn-fill-out\" href=\"https:\/\/uoogear.com\/hu\/termek\/high-quality-3m-4m-5m-6m-7m-sahara-cotton-canvas-bell-tent-outdoor-tents-with-stove-hole\/\">Olvass tov\u00e1bb<\/a><\/div>","protected":false},"featured_media":4303,"template":"","meta":[],"product_brand":[],"product_cat":[15],"product_tag":[],"class_list":{"0":"post-4304","1":"product","2":"type-product","3":"status-publish","4":"has-post-thumbnail","6":"product_cat-uncategorized","7":"tm-no-options","9":"first","10":"instock","11":"shipping-taxable","12":"purchasable","13":"product-type-variable"},"_links":{"self":[{"href":"https:\/\/uoogear.com\/hu\/wp-json\/wp\/v2\/product\/4304","targetHints":{"allow":["GET"]}}],"collection":[{"href":"https:\/\/uoogear.com\/hu\/wp-json\/wp\/v2\/product"}],"about":[{"href":"https:\/\/uoogear.com\/hu\/wp-json\/wp\/v2\/types\/product"}],"wp:featuredmedia":[{"embeddable":true,"href":"https:\/\/uoogear.com\/hu\/wp-json\/wp\/v2\/media\/4303"}],"wp:attachment":[{"href":"https:\/\/uoogear.com\/hu\/wp-json\/wp\/v2\/media?parent=4304"}],"wp:term":[{"taxonomy":"product_brand","embeddable":true,"href":"https:\/\/uoogear.com\/hu\/wp-json\/wp\/v2\/product_brand?post=4304"},{"taxonomy":"product_cat","embeddable":true,"href":"https:\/\/uoogear.com\/hu\/wp-json\/wp\/v2\/product_cat?post=4304"},{"taxonomy":"product_tag","embeddable":true,"href":"https:\/\/uoogear.com\/hu\/wp-json\/wp\/v2\/product_tag?post=4304"}],"curies":[{"name":"wp","href":"https:\/\/api.w.org\/{rel}","templated":true}]}}