{"id":4313,"date":"2023-11-13T12:34:03","date_gmt":"2023-11-13T12:34:03","guid":{"rendered":"https:\/\/uoogear.com\/product\/hot-sale-custom-outdoor-camping-car-soft-roof-top-tent-waterproofing\/"},"modified":"2023-11-30T07:47:48","modified_gmt":"2023-11-30T07:47:48","slug":"hot-sale-custom-outdoor-camping-car-soft-roof-top-tent-waterproofing","status":"publish","type":"product","link":"https:\/\/uoogear.com\/hu\/termek\/hot-sale-custom-outdoor-camping-car-soft-roof-top-tent-waterproofing\/","title":{"rendered":"Hot sale egyedi k\u00fclt\u00e9ri kempingaut\u00f3 puha tet\u0151s\u00e1tor v\u00edzszigetel\u00e9s"},"content":{"rendered":"<ul>\n<li><strong>Ter\u00fclet : <\/strong> 310*140*120cm<\/li>\n<li><strong>Sz\u00f6vet: <\/strong> V\u00e1szon<\/li>\n<li><strong>K\u00fcls\u0151 s\u00e1tor v\u00edz\u00e1ll\u00f3s\u00e1gi indexe: <\/strong> 2000-3000 mm<\/li>\n<li><strong>Als\u00f3 v\u00edz\u00e1ll\u00f3s\u00e1gi index: <\/strong> &gt;3000 mm<\/li>\n<li><strong>\u00c9p\u00fclet t\u00edpusa: <\/strong> Ig\u00e9ny szerinti \u00e9p\u00edt\u00e9s<\/li>\n<li><strong>S\u00e1tor st\u00edlusa: <\/strong> Egyenes merev\u00edt\u0151 t\u00edpus<\/li>\n<li><strong>\u00c9vad : <\/strong> N\u00e9gy \u00e9vszakos s\u00e1tor<\/li>\n<li><strong>Szerkezet : <\/strong> Egy h\u00e1l\u00f3szoba<\/li>\n<li><strong>Term\u00e9k n\u00e9v : <\/strong> Hot sale egyedi k\u00fclt\u00e9ri kempingaut\u00f3 puha tet\u0151s\u00e1tor v\u00edzszigetel\u00e9s<\/li>\n<li><strong>Alkalmaz\u00e1s : <\/strong> Szabadt\u00e9ri kemping csal\u00e1di s\u00e1tor<\/li>\n<li><strong>Kulcssz\u00f3: <\/strong> s\u00e1tor v\u00edzszigetel\u00e9se<\/li>\n<li><strong>M\u00e9ret: <\/strong> 310x140x130 cm<\/li>\n<li><strong>Test sz\u00f6vet: <\/strong> 280 g poli\u00e9szter pamut<\/li>\n<li><strong>Bet\u00f6lt\u00e9s : <\/strong> 300-350 kg<\/li>\n<li><strong>Padl\u00f3 : <\/strong> Alum\u00ednium lap<\/li>\n<li><strong>S\u00faly : <\/strong> 57 kg<\/li>\n<li><strong>MOQ: <\/strong> 1 darab<\/li>\n<li><strong>Garancia: <\/strong> 12 h\u00f3nap<\/li>\n<\/ul>\n<div>\n<div data-host=\"111518424\" data-magic-global=\"%7B%22bizId%22%3A2634101818%2C%22pageId%22%3A5054242772%2C%22siteId%22%3A5005227190%7D\" data-id=\"detail_decorate_root\">\n<div data-section=\"AliMagic-ucqhaz\" data-section-title=\"Products Description\">Term\u00e9kle\u00edr\u00e1s<\/div>\n<div>\n<div>\n<div>\n<div>\n<div><\/div>\n<\/div>\n<\/div>\n<\/div>\n<div>\n<div data-id=\"below-title\">Hot sale egyedi k\u00fclt\u00e9ri kempingaut\u00f3 puha tet\u0151s\u00e1tor v\u00edzszigetel\u00e9s<\/div>\n<div data-id=\"below-content\">A Soft Shell 4\u00d74 tet\u0151s\u00e1tor \u00e9s napellenz\u0151k percek alatt elk\u00e9sz\u00fclnek, \u00edgy pihenhet \u00e9s \u00e9lvezheti a szabadban t\u00f6lt\u00f6tt id\u0151t. Tart\u00f3s, kiv\u00e1l\u00f3 min\u0151s\u00e9g\u0171, l\u00e9legz\u0151 poli\/pamut anyagb\u00f3l k\u00e9sz\u00fclt, pen\u00e9sz- \u00e9s v\u00edz\u00e1ll\u00f3 tet\u0151s\u00e1tora sz\u00e9pen illeszkedik a 4\u00d74-es tet\u0151re. Az er\u0151s alum\u00ednium visszah\u00fazhat\u00f3 l\u00e9tra k\u00f6nny\u0171 hozz\u00e1f\u00e9r\u00e9st tesz lehet\u0151v\u00e9. A matracokhoz 65 mm-es nagy s\u0171r\u0171s\u00e9g\u0171 habszivacs matrac tartozik, levehet\u0151 huzattal. Teljesen \u00e1rny\u00e9kolt ablakokkal \u00e9s ajt\u00f3kkal. por- \u00e9s rovar\u00e1ll\u00f3.<\/div>\n<\/div>\n<\/div>\n<div>\n<div>\n<h3 data-id=\"title0\">Jellemz\u0151k<\/h3>\n<div>\n<div>\n<div data-id=\"paragraph0\">\n<p>-N\u00e9gy \u00e9vszakos s\u00e1tor \u00fagy k\u00e9sz\u00fclt, hogy minden \u00e9vszak \u00e9s \u00e9ghajlat elemeit elviselje<\/p>\n<div>- 2-3 f\u0151 elsz\u00e1ll\u00e1sol\u00e1s\u00e1ra alkalmas<br \/>\n- A s\u00e1torsz\u00f6vet UV- \u00e9s pen\u00e9sz\u00e1ll\u00f3, \u00edgy minden \u00e9vszakban ellen\u00e1ll<br \/>\n-N\u00e9gy, nagy bels\u0151 zseb a felszerel\u00e9sek \u00e9s kempingkell\u00e9kek t\u00e1rol\u00e1s\u00e1ra<br \/>\n- Nagy s\u0171r\u0171s\u00e9g\u0171 habszivacs matracot tartalmaz a nagyobb k\u00e9nyelem \u00e9rdek\u00e9ben<\/div>\n<\/div>\n<\/div>\n<\/div>\n<\/div>\n<\/div>\n<div data-section=\"AliMagic-t25ve8\" data-section-title=\"Specification\">Le\u00edr\u00e1s<\/div>\n<div>\n<table>\n<tbody>\n<tr>\n<td>\n<div>\u00c9vszakok<\/div>\n<\/td>\n<td>\n<div>4 \u00e9vszakos<\/div>\n<\/td>\n<td>\n<div><\/div>\n<\/td>\n<td>\n<div><\/div>\n<\/td>\n<td>\n<div><\/div>\n<\/td>\n<\/tr>\n<tr>\n<td>\n<div>M\u00e9ret<\/div>\n<\/td>\n<td>\n<div>310\u00d7140\/160\/190\u00d7130 cm<\/div>\n<\/td>\n<td>\n<div><\/div>\n<\/td>\n<td>\n<div><\/div>\n<\/td>\n<td>\n<div><\/div>\n<\/td>\n<\/tr>\n<tr>\n<td>\n<div>Padl\u00f3<\/div>\n<\/td>\n<td>\n<div>Alum\u00ednium lap<\/div>\n<\/td>\n<td>\n<div><\/div>\n<\/td>\n<td>\n<div><\/div>\n<\/td>\n<td>\n<div><\/div>\n<\/td>\n<\/tr>\n<tr>\n<td>\n<div>Sz\u00edn<\/div>\n<\/td>\n<td>\n<div>Z\u00f6ld, Khaki, sz\u00fcrke, narancs<\/div>\n<\/td>\n<td>\n<div><\/div>\n<\/td>\n<td>\n<div><\/div>\n<\/td>\n<td>\n<div><\/div>\n<\/td>\n<\/tr>\n<tr>\n<td>\n<div>Baldachin sz\u00f6vet<\/div>\n<\/td>\n<td>\n<div>280 g poli\u00e9szter pamut; 600D ripstop sz\u00f6vet v\u00edz\u00e1ll\u00f3 ventil\u00e1tor bevonattal<\/div>\n<\/td>\n<td>\n<div><\/div>\n<\/td>\n<td>\n<div><\/div>\n<\/td>\n<td>\n<div><\/div>\n<\/td>\n<\/tr>\n<tr>\n<td>\n<div>Sz\u00fanyogh\u00e1l\u00f3k<\/div>\n<\/td>\n<td>\n<div>no-see-um h\u00e1l\u00f3<\/div>\n<\/td>\n<td>\n<div><\/div>\n<\/td>\n<td>\n<div><\/div>\n<\/td>\n<td>\n<div><\/div>\n<\/td>\n<\/tr>\n<tr>\n<td>\n<div>P\u00f3lus anyaga<\/div>\n<\/td>\n<td>\n<div>Rozsdamentes ac\u00e9l<\/div>\n<\/td>\n<td>\n<div><\/div>\n<\/td>\n<td>\n<div><\/div>\n<\/td>\n<td>\n<div><\/div>\n<\/td>\n<\/tr>\n<tr>\n<td>\n<div>Rainfly Fabric<\/div>\n<\/td>\n<td>\n<div>420D poli\u00e9szter Oxford; PU bevonattal<\/div>\n<\/td>\n<td>\n<div><\/div>\n<\/td>\n<td>\n<div><\/div>\n<\/td>\n<td>\n<div><\/div>\n<\/td>\n<\/tr>\n<tr>\n<td>\n<div>Matrac<\/div>\n<\/td>\n<td>\n<div>nem deform\u00e1l\u00f3 szivacs, s\u0171r\u0171s\u00e9g 38 pamut huzattal<\/div>\n<\/td>\n<td>\n<div><\/div>\n<\/td>\n<td>\n<div><\/div>\n<\/td>\n<td>\n<div><\/div>\n<\/td>\n<\/tr>\n<tr>\n<td>\n<div>L\u00e9tra \u00e9p\u00edt\u00e9se<\/div>\n<\/td>\n<td>\n<div>Cs\u00fasz\u00f3 alum\u00ednium l\u00e9tra<\/div>\n<\/td>\n<td>\n<div><\/div>\n<\/td>\n<td>\n<div><\/div>\n<\/td>\n<td>\n<div><\/div>\n<\/td>\n<\/tr>\n<tr>\n<td>\n<div>Cipz\u00e1r<\/div>\n<\/td>\n<td>\n<div>SBS<\/div>\n<\/td>\n<td>\n<div><\/div>\n<\/td>\n<td>\n<div><\/div>\n<\/td>\n<td>\n<div><\/div>\n<\/td>\n<\/tr>\n<tr>\n<td>\n<div>mell\u00e9klet anyaga<\/div>\n<\/td>\n<td>\n<div>420D poli\u00e9szter Oxford; PU bevonattal<\/div>\n<\/td>\n<td>\n<div><\/div>\n<\/td>\n<td>\n<div><\/div>\n<\/td>\n<td>\n<div><\/div>\n<\/td>\n<\/tr>\n<tr>\n<td>\n<div>Bor\u00edt\u00f3anyag<\/div>\n<\/td>\n<td>\n<div>550 g nagy teherb\u00edr\u00e1s\u00fa PVC<\/div>\n<\/td>\n<td>\n<div><\/div>\n<\/td>\n<td>\n<div><\/div>\n<\/td>\n<td>\n<div><\/div>\n<\/td>\n<\/tr>\n<tr>\n<td>\n<div>Bels\u0151 keret<\/div>\n<\/td>\n<td>\n<div>5\/8&quot;-os alum\u00ednium cs\u0151<\/div>\n<\/td>\n<td>\n<div><\/div>\n<\/td>\n<td>\n<div><\/div>\n<\/td>\n<td>\n<div><\/div>\n<\/td>\n<\/tr>\n<tr>\n<td>\n<div>Alap\u00e9p\u00edt\u00e9s<\/div>\n<\/td>\n<td>\n<div>Hegesztett alum\u00ednium cs\u0151 szigetel\u00e9ssel \u00e9s alum\u00ednium kupakkal<\/div>\n<\/td>\n<td>\n<div><\/div>\n<\/td>\n<td>\n<div><\/div>\n<\/td>\n<td>\n<div><\/div>\n<\/td>\n<\/tr>\n<\/tbody>\n<\/table>\n<\/div>\n<div data-section=\"AliMagic-sgqxja\" data-section-title=\"Detail Images\">R\u00e9szletek K\u00e9pek<\/div>\n<div>\n<div>\n<div>\n<div>\n<div><img decoding=\"async\" src=\"https:\/\/uoogear.com\/wp-content\/uploads\/2023\/11\/H05875097f393437d90c7cb5734d90bb4c-scaled-wpp1701330347852.webp\" data-src=\"https:\/\/uoogear.com\/wp-content\/uploads\/2023\/11\/H05875097f393437d90c7cb5734d90bb4c-scaled-wpp1701330347852.webp\" data-id=\"child-image-0\" \/><\/div>\n<div><img decoding=\"async\" src=\"https:\/\/uoogear.com\/wp-content\/uploads\/2023\/11\/H52ed2ae186a54bb9bcfebc49ad4647b4H-scaled-wpp1701330361453.webp\" data-src=\"https:\/\/uoogear.com\/wp-content\/uploads\/2023\/11\/H52ed2ae186a54bb9bcfebc49ad4647b4H-scaled-wpp1701330361453.webp\" data-id=\"child-image-1\" \/><\/div>\n<\/div>\n<\/div>\n<\/div>\n<\/div>\n<div>\n<div>\n<div>\n<div>\n<div><img decoding=\"async\" src=\"https:\/\/uoogear.com\/wp-content\/uploads\/2023\/11\/Hfd18a866aa95458f89d11a94b3c729f1t.webp\" data-src=\"https:\/\/uoogear.com\/wp-content\/uploads\/2023\/11\/Hfd18a866aa95458f89d11a94b3c729f1t.webp\" data-id=\"child-image-0\" \/><\/div>\n<div><img decoding=\"async\" src=\"https:\/\/uoogear.com\/wp-content\/uploads\/2023\/11\/Hde867b6b58d344c7ab6dc141829b26f9u-scaled-wpp1701330381780.webp\" data-src=\"https:\/\/uoogear.com\/wp-content\/uploads\/2023\/11\/Hde867b6b58d344c7ab6dc141829b26f9u-scaled-wpp1701330381780.webp\" data-id=\"child-image-1\" \/><\/div>\n<\/div>\n<\/div>\n<\/div>\n<\/div>\n<div>\n<div>\n<div>\n<div>\n<div><img decoding=\"async\" src=\"https:\/\/uoogear.com\/wp-content\/uploads\/2023\/11\/Hf917b443e011405fba88c86fed9f791fx.webp\" data-src=\"https:\/\/uoogear.com\/wp-content\/uploads\/2023\/11\/Hf917b443e011405fba88c86fed9f791fx.webp\" \/><\/div>\n<\/div>\n<\/div>\n<\/div>\n<\/div>\n<div>\n<div>\n<div>\n<div>\n<div><img decoding=\"async\" src=\"https:\/\/uoogear.com\/wp-content\/uploads\/2023\/11\/H45d5ab05161742ff9f2154c1200ae1d3H.webp\" data-src=\"https:\/\/uoogear.com\/wp-content\/uploads\/2023\/11\/H45d5ab05161742ff9f2154c1200ae1d3H.webp\" \/><\/div>\n<\/div>\n<\/div>\n<\/div>\n<\/div>\n<div data-section=\"AliMagic-jwz105\" data-section-title=\"Customer Photos\"><\/div>\n<\/div>\n<\/div>","protected":false},"excerpt":{"rendered":"<p>Ter\u00fclet: 310 * 140 * 120 cm Sz\u00f6vet: V\u00e1szon k\u00fcls\u0151 s\u00e1tor v\u00edz\u00e1ll\u00f3s\u00e1gi indexe: 2000-3000 mm als\u00f3 v\u00edz\u00e1ll\u00f3s\u00e1gi index: &gt;3000 mm \u00c9p\u00fclet t\u00edpusa: Ig\u00e9ny szerinti konstrukci\u00f3 S\u00e1torst\u00edlus: Egyenes merev\u00edt\u00e9si t\u00edpus Szezon: N\u00e9gy \u00e9vszakos s\u00e1toros term\u00e9k n\u00e9v: Hot sale egyedi k\u00fclt\u00e9ri kempingaut\u00f3 puha tet\u0151s\u00e1tor v\u00edzszigetel\u00e9s Alkalmaz\u00e1s<\/p>\n<div class=\"read-more\"><a class=\"btn btn-fill-out\" href=\"https:\/\/uoogear.com\/hu\/termek\/hot-sale-custom-outdoor-camping-car-soft-roof-top-tent-waterproofing\/\">Olvass tov\u00e1bb<\/a><\/div>","protected":false},"featured_media":4312,"template":"","meta":[],"product_brand":[],"product_cat":[15],"product_tag":[],"class_list":{"0":"post-4313","1":"product","2":"type-product","3":"status-publish","4":"has-post-thumbnail","6":"product_cat-uncategorized","7":"tm-no-options","9":"first","10":"instock","11":"shipping-taxable","12":"purchasable","13":"product-type-variable"},"_links":{"self":[{"href":"https:\/\/uoogear.com\/hu\/wp-json\/wp\/v2\/product\/4313","targetHints":{"allow":["GET"]}}],"collection":[{"href":"https:\/\/uoogear.com\/hu\/wp-json\/wp\/v2\/product"}],"about":[{"href":"https:\/\/uoogear.com\/hu\/wp-json\/wp\/v2\/types\/product"}],"wp:featuredmedia":[{"embeddable":true,"href":"https:\/\/uoogear.com\/hu\/wp-json\/wp\/v2\/media\/4312"}],"wp:attachment":[{"href":"https:\/\/uoogear.com\/hu\/wp-json\/wp\/v2\/media?parent=4313"}],"wp:term":[{"taxonomy":"product_brand","embeddable":true,"href":"https:\/\/uoogear.com\/hu\/wp-json\/wp\/v2\/product_brand?post=4313"},{"taxonomy":"product_cat","embeddable":true,"href":"https:\/\/uoogear.com\/hu\/wp-json\/wp\/v2\/product_cat?post=4313"},{"taxonomy":"product_tag","embeddable":true,"href":"https:\/\/uoogear.com\/hu\/wp-json\/wp\/v2\/product_tag?post=4313"}],"curies":[{"name":"wp","href":"https:\/\/api.w.org\/{rel}","templated":true}]}}