{"id":4333,"date":"2023-11-13T12:35:56","date_gmt":"2023-11-13T12:35:56","guid":{"rendered":"https:\/\/uoogear.com\/product\/new-arrival-outdoor-camping-canvas-waterproof-tent-2\/"},"modified":"2023-11-30T02:39:35","modified_gmt":"2023-11-30T02:39:35","slug":"new-arrival-outdoor-camping-canvas-waterproof-tent-2","status":"publish","type":"product","link":"https:\/\/uoogear.com\/hu\/termek\/new-arrival-outdoor-camping-canvas-waterproof-tent-2\/","title":{"rendered":"\u00daj \u00e9rkez\u00e9s\u0171 szabadt\u00e9ri kemping Canvas v\u00edz\u00e1ll\u00f3 s\u00e1tor"},"content":{"rendered":"<ul>\n<li><strong>Ter\u00fclet : <\/strong> 360*380cm<\/li>\n<li><strong>Sz\u00f6vet: <\/strong> v\u00e1szon, 150D Oxford poli\u00e9szter, v\u00edz\u00e1ll\u00f3 index<\/li>\n<li><strong>K\u00fcls\u0151 s\u00e1tor v\u00edz\u00e1ll\u00f3s\u00e1gi indexe: <\/strong> 2000-3000 mm<\/li>\n<li><strong>Als\u00f3 v\u00edz\u00e1ll\u00f3s\u00e1gi index: <\/strong> 2000-3000 mm<\/li>\n<li><strong>\u00c9p\u00fclet t\u00edpusa: <\/strong> Ig\u00e9ny szerinti \u00e9p\u00edt\u00e9s<\/li>\n<li><strong>S\u00e1tor st\u00edlusa: <\/strong> Egyenes merev\u00edt\u0151 t\u00edpus<\/li>\n<li><strong>\u00c9vad : <\/strong> N\u00e9gy \u00e9vszakos s\u00e1tor<\/li>\n<li><strong>Szerkezet : <\/strong> Egy h\u00e1l\u00f3szoba<\/li>\n<li><strong>Haszn\u00e1lat: <\/strong> Csal\u00e1di s\u00e1tor<\/li>\n<li><strong>M\u00e9ret: <\/strong> 360*380cm<\/li>\n<li><strong>Sz\u00edn: <\/strong> Barna<\/li>\n<li><strong>Log\u00f3: <\/strong> Testreszabott log\u00f3<\/li>\n<li><strong>Cipz\u00e1r : <\/strong> SBS m\u00e1rk\u00e1j\u00fa cipz\u00e1r<\/li>\n<li><strong>Keret: <\/strong> 22mm \u00e1tm\u00e9r\u0151j\u0171 horganyzott ac\u00e9lcs\u0151<\/li>\n<li><strong>Csomag m\u00e9rete : <\/strong> 87 cm x 42 cm x 42 cm<\/li>\n<li><strong>Bels\u0151 sz\u00f6vet: <\/strong> Feh\u00e9r Ventilate poli\u00e9szter-pamut selyem<\/li>\n<\/ul>\n<div>\n<div data-magic-global=\"%7B%22bizId%22%3A2634101818%2C%22pageId%22%3A21293015321%2C%22siteId%22%3A5005227190%7D\">\n<div>\n<div data-section=\"AliMagic-zm7oul\" data-section-title=\"Product Description\">term\u00e9kle\u00edr\u00e1s<\/div>\n<\/div>\n<div>\n<div>\n<div>\n<div>\n<div>\n<div><img decoding=\"async\" src=\"\/\/sc04.alicdn.com\/kf\/H743a205d31714779a657eac073b64aebX\/225636084\/H743a205d31714779a657eac073b64aebX.jpg\" data-src=\"\/\/sc04.alicdn.com\/kf\/H743a205d31714779a657eac073b64aebX\/225636084\/H743a205d31714779a657eac073b64aebX.jpg\" \/><\/div>\n<\/div>\n<\/div>\n<\/div>\n<\/div>\n<\/div>\n<div>\n<div>\n<div>\n<div>\n<div>\n<div>\n<p><span style=\"color: #2196ed;\"><strong>Csal\u00e1di Szabadt\u00e9ri Kemping S\u00e1tor \u2655<\/strong><\/span><\/p>\n<p>Nagy, Canvas csal\u00e1di s\u00e1tor. Haszn\u00e1lhatja az egyiket ruh\u00e1k \u00e9s k\u00e9szletek t\u00e1rol\u00e1s\u00e1ra, valamint pelenk\u00e1z\u00f3k\u00e9nt, a m\u00e1sik oldalt pedig alv\u00e1sra. A szob\u00e1k 3-5 f\u0151 elhelyez\u00e9s\u00e9re alkalmasak.<\/p>\n<p><span style=\"color: #2196ed;\"><strong>Jellemz\u0151k\u2655<\/strong><\/span><\/p>\n<p>1. Fantasztikus diz\u00e1jn.<br \/>\n2. Fel tud \u00e1llni egyenesen, \u00e9s nem kell g\u00f6rnyednie, hogy beker\u00fclj\u00f6n \u00f6lt\u00f6zk\u00f6d\u00e9s k\u00f6zben. A nappali el\u00e9g nagy a b\u00fatoroknak, mint p\u00e9ld\u00e1ul kis asztal, kanap\u00e9 stb.<br \/>\n3. Leveg\u0151s.Nagy ablakok vannak h\u00e1tul \u00e9s h\u00e1tul a l\u00e9g\u00e1raml\u00e1s \u00e9rdek\u00e9ben.Az ablakok hatalmasak, sz\u00fanyogh\u00e1l\u00f3val.<br \/>\n4. Hordozhat\u00f3 \u00e9s v\u00edz\u00e1ll\u00f3. A sz\u00f6vet v\u00edz\u00e1ll\u00f3. Minden tartoz\u00e9k egy hordt\u00e1sk\u00e1ba van csomagolva, \u00edgy nem kell gond n\u00e9lk\u00fcl bedobni az aut\u00f3ba, \u00e9s elindulni kempingre.<br \/>\n5. Alkalmas egy csal\u00e1d sz\u00e1m\u00e1ra egy hossz\u00fa kempingez\u00e9shez, hogy \u00e9lvezze a term\u00e9szetet<\/p>\n<\/div>\n<\/div>\n<\/div>\n<\/div>\n<\/div>\n<\/div>\n<div>\n<div>\n<div><img decoding=\"async\" src=\"\/\/sc04.alicdn.com\/kf\/H40a28c1533ae41a9a01c2d35e22dcef8n\/225636084\/H40a28c1533ae41a9a01c2d35e22dcef8n.jpg\" data-src=\"\/\/sc04.alicdn.com\/kf\/H40a28c1533ae41a9a01c2d35e22dcef8n\/225636084\/H40a28c1533ae41a9a01c2d35e22dcef8n.jpg\" \/><\/div>\n<div><img decoding=\"async\" src=\"\/\/sc04.alicdn.com\/kf\/H66abbf45e1d54e2e9935ca2105e81a6eO\/225636084\/H66abbf45e1d54e2e9935ca2105e81a6eO.jpg\" data-src=\"\/\/sc04.alicdn.com\/kf\/H66abbf45e1d54e2e9935ca2105e81a6eO\/225636084\/H66abbf45e1d54e2e9935ca2105e81a6eO.jpg\" \/><\/div>\n<div><img decoding=\"async\" src=\"\/\/sc04.alicdn.com\/kf\/H0bb6bb96da41496c838566a49d07355dN\/225636084\/H0bb6bb96da41496c838566a49d07355dN.jpg\" data-src=\"\/\/sc04.alicdn.com\/kf\/H0bb6bb96da41496c838566a49d07355dN\/225636084\/H0bb6bb96da41496c838566a49d07355dN.jpg\" \/><\/div>\n<div><img decoding=\"async\" src=\"\/\/sc04.alicdn.com\/kf\/H51caafe898ba493db993e965c5f9ff51i\/225636084\/H51caafe898ba493db993e965c5f9ff51i.jpg\" data-src=\"\/\/sc04.alicdn.com\/kf\/H51caafe898ba493db993e965c5f9ff51i\/225636084\/H51caafe898ba493db993e965c5f9ff51i.jpg\" \/><\/div>\n<\/div>\n<\/div>\n<div>\n<div data-section=\"AliMagic-eg2nyj\" data-section-title=\"Detailed Images\">R\u00e9szletes k\u00e9pek<\/div>\n<\/div>\n<div>\n<div>\n<div>\n<div>\n<div><img decoding=\"async\" src=\"\/\/sc04.alicdn.com\/kf\/Hc8954d7dca02497484fd46fecc6ea3e1R\/225636084\/Hc8954d7dca02497484fd46fecc6ea3e1R.jpg\" data-src=\"\/\/sc04.alicdn.com\/kf\/Hc8954d7dca02497484fd46fecc6ea3e1R\/225636084\/Hc8954d7dca02497484fd46fecc6ea3e1R.jpg\" \/><\/div>\n<div>\n<div><img loading=\"lazy\" decoding=\"async\" class=\"alignnone size-full wp-image-5175\" src=\"https:\/\/uoogear.com\/wp-content\/uploads\/2023\/11\/HTB19JGwzAyWBuNjy0Fpq6yssXXaG-1.jpg\" width=\"1000\" height=\"1000\" srcset=\"https:\/\/uoogear.com\/wp-content\/uploads\/2023\/11\/HTB19JGwzAyWBuNjy0Fpq6yssXXaG-1.jpg 1000w, https:\/\/uoogear.com\/wp-content\/uploads\/2023\/11\/HTB19JGwzAyWBuNjy0Fpq6yssXXaG-1-300x300.jpg 300w, https:\/\/uoogear.com\/wp-content\/uploads\/2023\/11\/HTB19JGwzAyWBuNjy0Fpq6yssXXaG-1-150x150.jpg 150w, https:\/\/uoogear.com\/wp-content\/uploads\/2023\/11\/HTB19JGwzAyWBuNjy0Fpq6yssXXaG-1-768x768.jpg 768w, https:\/\/uoogear.com\/wp-content\/uploads\/2023\/11\/HTB19JGwzAyWBuNjy0Fpq6yssXXaG-1-450x450.jpg 450w, https:\/\/uoogear.com\/wp-content\/uploads\/2023\/11\/HTB19JGwzAyWBuNjy0Fpq6yssXXaG-1-90x90.jpg 90w, https:\/\/uoogear.com\/wp-content\/uploads\/2023\/11\/HTB19JGwzAyWBuNjy0Fpq6yssXXaG-1-600x600.jpg 600w, https:\/\/uoogear.com\/wp-content\/uploads\/2023\/11\/HTB19JGwzAyWBuNjy0Fpq6yssXXaG-1-54x54.jpg 54w, https:\/\/uoogear.com\/wp-content\/uploads\/2023\/11\/HTB19JGwzAyWBuNjy0Fpq6yssXXaG-1-50x50.jpg 50w, https:\/\/uoogear.com\/wp-content\/uploads\/2023\/11\/HTB19JGwzAyWBuNjy0Fpq6yssXXaG-1-100x100.jpg 100w\" sizes=\"auto, (max-width: 1000px) 100vw, 1000px\" \/><\/div>\n<div><img loading=\"lazy\" decoding=\"async\" class=\"alignnone size-full wp-image-5176\" src=\"https:\/\/uoogear.com\/wp-content\/uploads\/2023\/11\/HTB1Nom3zuySBuNjy1zdq6xPxFXaj-1.jpg\" width=\"1000\" height=\"1000\" srcset=\"https:\/\/uoogear.com\/wp-content\/uploads\/2023\/11\/HTB1Nom3zuySBuNjy1zdq6xPxFXaj-1.jpg 1000w, https:\/\/uoogear.com\/wp-content\/uploads\/2023\/11\/HTB1Nom3zuySBuNjy1zdq6xPxFXaj-1-300x300.jpg 300w, https:\/\/uoogear.com\/wp-content\/uploads\/2023\/11\/HTB1Nom3zuySBuNjy1zdq6xPxFXaj-1-150x150.jpg 150w, https:\/\/uoogear.com\/wp-content\/uploads\/2023\/11\/HTB1Nom3zuySBuNjy1zdq6xPxFXaj-1-768x768.jpg 768w, https:\/\/uoogear.com\/wp-content\/uploads\/2023\/11\/HTB1Nom3zuySBuNjy1zdq6xPxFXaj-1-450x450.jpg 450w, https:\/\/uoogear.com\/wp-content\/uploads\/2023\/11\/HTB1Nom3zuySBuNjy1zdq6xPxFXaj-1-90x90.jpg 90w, https:\/\/uoogear.com\/wp-content\/uploads\/2023\/11\/HTB1Nom3zuySBuNjy1zdq6xPxFXaj-1-600x600.jpg 600w, https:\/\/uoogear.com\/wp-content\/uploads\/2023\/11\/HTB1Nom3zuySBuNjy1zdq6xPxFXaj-1-54x54.jpg 54w, https:\/\/uoogear.com\/wp-content\/uploads\/2023\/11\/HTB1Nom3zuySBuNjy1zdq6xPxFXaj-1-50x50.jpg 50w, https:\/\/uoogear.com\/wp-content\/uploads\/2023\/11\/HTB1Nom3zuySBuNjy1zdq6xPxFXaj-1-100x100.jpg 100w\" sizes=\"auto, (max-width: 1000px) 100vw, 1000px\" \/><\/div>\n<\/div>\n<\/div>\n<\/div>\n<\/div>\n<\/div>\n<div>\n<div data-section=\"AliMagic-r1kfdj\" data-section-title=\"More Models\"><\/div>\n<\/div>\n<div><\/div>\n<\/div>\n<\/div>","protected":false},"excerpt":{"rendered":"<p>Ter\u00fclet: 360*380 cm Sz\u00f6vet: v\u00e1szon, 150D Oxford poli\u00e9szter, v\u00edz\u00e1ll\u00f3 index K\u00fcls\u0151 s\u00e1tor v\u00edz\u00e1ll\u00f3s\u00e1gi indexe: 2000-3000 mm Als\u00f3 v\u00edz\u00e1ll\u00f3s\u00e1gi index: 2000-3000 mm \u00c9p\u00fclet t\u00edpusa: Fel\u00e9p\u00edt\u00e9s a sz\u00fcks\u00e9glet alapj\u00e1n S\u00e1tor St\u00edlus: Seasonseasoncour: S\u00e1tor fel\u00e9p\u00edt\u00e9se : Egy h\u00e1l\u00f3szoba Haszn\u00e1lat : Csal\u00e1di s\u00e1tor M\u00e9rete : 360*380cm Sz\u00edn : Barna<\/p>\n<div class=\"read-more\"><a class=\"btn btn-fill-out\" href=\"https:\/\/uoogear.com\/hu\/termek\/new-arrival-outdoor-camping-canvas-waterproof-tent-2\/\">Olvass tov\u00e1bb<\/a><\/div>","protected":false},"featured_media":4332,"template":"","meta":[],"product_brand":[],"product_cat":[15],"product_tag":[],"class_list":{"0":"post-4333","1":"product","2":"type-product","3":"status-publish","4":"has-post-thumbnail","6":"product_cat-uncategorized","7":"tm-no-options","9":"first","10":"instock","11":"shipping-taxable","12":"purchasable","13":"product-type-variable"},"_links":{"self":[{"href":"https:\/\/uoogear.com\/hu\/wp-json\/wp\/v2\/product\/4333","targetHints":{"allow":["GET"]}}],"collection":[{"href":"https:\/\/uoogear.com\/hu\/wp-json\/wp\/v2\/product"}],"about":[{"href":"https:\/\/uoogear.com\/hu\/wp-json\/wp\/v2\/types\/product"}],"wp:featuredmedia":[{"embeddable":true,"href":"https:\/\/uoogear.com\/hu\/wp-json\/wp\/v2\/media\/4332"}],"wp:attachment":[{"href":"https:\/\/uoogear.com\/hu\/wp-json\/wp\/v2\/media?parent=4333"}],"wp:term":[{"taxonomy":"product_brand","embeddable":true,"href":"https:\/\/uoogear.com\/hu\/wp-json\/wp\/v2\/product_brand?post=4333"},{"taxonomy":"product_cat","embeddable":true,"href":"https:\/\/uoogear.com\/hu\/wp-json\/wp\/v2\/product_cat?post=4333"},{"taxonomy":"product_tag","embeddable":true,"href":"https:\/\/uoogear.com\/hu\/wp-json\/wp\/v2\/product_tag?post=4333"}],"curies":[{"name":"wp","href":"https:\/\/api.w.org\/{rel}","templated":true}]}}