{"id":4351,"date":"2023-11-13T12:43:08","date_gmt":"2023-11-13T12:43:08","guid":{"rendered":"https:\/\/uoogear.com\/product\/4x4-offroad-faberglass-hard-shell-diy-car-roof-top-tent-for-sale\/"},"modified":"2023-11-30T08:38:35","modified_gmt":"2023-11-30T08:38:35","slug":"4x4-offroad-faberglass-hard-shell-diy-car-roof-top-tent-for-sale","status":"publish","type":"product","link":"https:\/\/uoogear.com\/hu\/termek\/4x4-offroad-faberglass-hard-shell-diy-car-roof-top-tent-for-sale\/","title":{"rendered":"4\u00d74 offroad faberglass hard shell bark\u00e1cs aut\u00f3 tet\u0151s\u00e1tor elad\u00f3"},"content":{"rendered":"<ul>\n<li><strong>Ter\u00fclet : <\/strong> 215*145*95cm<\/li>\n<li><strong>Sz\u00f6vet: <\/strong> 280g poli\u00e9szter-pamut v\u00e1szon<\/li>\n<li><strong>K\u00fcls\u0151 s\u00e1tor v\u00edz\u00e1ll\u00f3s\u00e1gi indexe: <\/strong> 2000-3000 mm<\/li>\n<li><strong>Als\u00f3 v\u00edz\u00e1ll\u00f3s\u00e1gi index: <\/strong> &gt;3000 mm<\/li>\n<li><strong>S\u00e1tor st\u00edlusa: <\/strong> Egyenes merev\u00edt\u0151 t\u00edpus<\/li>\n<li><strong>\u00c9vad : <\/strong> N\u00e9gy \u00e9vszakos s\u00e1tor<\/li>\n<li><strong>Szerkezet : <\/strong> Egy h\u00e1l\u00f3szoba<\/li>\n<li><strong>Term\u00e9k n\u00e9v : <\/strong> 4\u00d74 offroad faberglass hard shell bark\u00e1cs aut\u00f3 tet\u0151s\u00e1tor elad\u00f3<\/li>\n<li><strong>Kulcssz\u00f3: <\/strong> bark\u00e1cs aut\u00f3 tet\u0151s\u00e1tor<\/li>\n<li><strong>Nyitott m\u00e9ret: <\/strong> 215*145*95cm<\/li>\n<li><strong>Csomag m\u00e9rete : <\/strong> 226*160*37cm<\/li>\n<li><strong>Keret anyaga: <\/strong> Rozsdamentes ac\u00e9l<\/li>\n<li><strong>Test: <\/strong> 280G V\u00edz\u00e1ll\u00f3 PU2000 mm<\/li>\n<li><strong>L\u00e9tra: <\/strong> Alum\u00ednium<\/li>\n<li><strong>S\u00faly : <\/strong> 65 kg<\/li>\n<li><strong>Bet\u00f6lt\u00e9s : <\/strong> 250-300 kg<\/li>\n<li><strong>MOQ: <\/strong> 1 darab<\/li>\n<\/ul>\n<div>\n<div data-host=\"111234190\" data-magic-global=\"%7B%22bizId%22%3A2634101818%2C%22pageId%22%3A5053233173%2C%22siteId%22%3A5005227190%7D\" data-id=\"detail_decorate_root\">\n<div data-section=\"AliMagic-5xqu4z\" data-section-title=\"Products Description\">Term\u00e9kle\u00edr\u00e1s<\/div>\n<div>\n<div>\n<div>\n<div>\n<div><img decoding=\"async\" src=\"https:\/\/uoogear.com\/wp-content\/uploads\/2023\/11\/H6401db70f462417b9631ded5b12306832-wpp1701333469364.webp\" data-src=\"https:\/\/uoogear.com\/wp-content\/uploads\/2023\/11\/H6401db70f462417b9631ded5b12306832-wpp1701333469364.webp\" data-id=\"child-image-0\" \/><\/div>\n<\/div>\n<\/div>\n<\/div>\n<div>\n<div data-id=\"below-title\">4\u00d74 offroad faberglass hard shell bark\u00e1cs aut\u00f3 tet\u0151s\u00e1tor elad\u00f3<\/div>\n<div data-id=\"below-content\">A kem\u00e9ny h\u00e9j\u00fa tet\u0151s\u00e1tor \u00faj m\u00f3dot k\u00edn\u00e1l a kempingez\u00e9sre \u00e9s a n\u00e9gyker\u00e9khajt\u00e1s\u00fa kalandvak\u00e1ci\u00f3ra. A nagyobb bels\u0151 t\u00e9rrel a PLAYDO k\u00e9t feln\u0151tt \u00e9s egy gyermek sz\u00e1m\u00e1ra biztos\u00edt alv\u00f3helyet. A PLAYDO kem\u00e9nyh\u00e9j\u00fa s\u00e1tor k\u00e9t ajt\u00f3val \u00e9s k\u00e9t ablakkal rendelkezik, ez kiv\u00e1l\u00f3 keresztszell\u0151z\u00e9st biztos\u00edt, lehet\u0151v\u00e9 t\u00e9ve a leveg\u0151 kering\u00e9s\u00e9t a s\u00e1torban. Egyed\u00fcl\u00e1ll\u00f3 hidraulikus t\u00e1maszt\u00f3rendszerrel m\u00e1sodpercek alatt nyithat\u00f3 \u00e9s z\u00e1rhat\u00f3. Minden PLAYDO tet\u0151s\u00e1tor a legt\u00f6bb j\u00e1rm\u0171 tetej\u00e9re illeszkedik, \u00e9s elt\u00e1vol\u00edthat\u00f3 \u00e9s t\u00e1rolhat\u00f3.<\/div>\n<\/div>\n<\/div>\n<div data-section=\"AliMagic-mzm61b\" data-section-title=\"Product Paramenters\">Term\u00e9kparam\u00e9terek<\/div>\n<div>\n<table>\n<tbody>\n<tr>\n<td>\n<div>\u00c9vszakok<\/div>\n<\/td>\n<td>\n<div>4 \u00e9vszakos<\/div>\n<\/td>\n<td>\n<div><\/div>\n<\/td>\n<td>\n<div><\/div>\n<\/td>\n<td>\n<div><\/div>\n<\/td>\n<\/tr>\n<tr>\n<td>\n<div>Kapacit\u00e1s<\/div>\n<\/td>\n<td>\n<div>Aj\u00e1nlott 2-3 f\u0151, 250 kg maxim\u00e1lis terhelhet\u0151s\u00e9g<\/div>\n<\/td>\n<td>\n<div><\/div>\n<\/td>\n<td>\n<div><\/div>\n<\/td>\n<td>\n<div><\/div>\n<\/td>\n<\/tr>\n<tr>\n<td>\n<div>Opci\u00f3 Sz\u00edn<\/div>\n<\/td>\n<td>\n<div>Kagyl\u00f3 (fekete\/feh\u00e9r) \u00e9s sz\u00f6vet (sz\u00fcrke\/z\u00f6ld\/khaki)<\/div>\n<\/td>\n<td>\n<div><\/div>\n<\/td>\n<td>\n<div><\/div>\n<\/td>\n<td>\n<div><\/div>\n<\/td>\n<\/tr>\n<tr>\n<td>\n<div>Shell anyag<\/div>\n<\/td>\n<td>\n<div>\u00dcvegsz\u00e1las kompozit anyagok<\/div>\n<\/td>\n<td>\n<div><\/div>\n<\/td>\n<td>\n<div><\/div>\n<\/td>\n<td>\n<div><\/div>\n<\/td>\n<\/tr>\n<tr>\n<td>\n<div>Testsz\u00f6vet<\/div>\n<\/td>\n<td>\n<div>280g poli\u00e9szter-pamut v\u00e1szon, PU bevonattal, v\u00edz\u00e1ll\u00f3, UV \u00e1ll\u00f3<\/div>\n<\/td>\n<td>\n<div><\/div>\n<\/td>\n<td>\n<div><\/div>\n<\/td>\n<td>\n<div><\/div>\n<\/td>\n<\/tr>\n<tr>\n<td>\n<div>Sz\u00fanyogh\u00e1l\u00f3k<\/div>\n<\/td>\n<td>\n<div>Nem l\u00e1that\u00f3 h\u00e1l\u00f3<\/div>\n<\/td>\n<td>\n<div><\/div>\n<\/td>\n<td>\n<div><\/div>\n<\/td>\n<td>\n<div><\/div>\n<\/td>\n<\/tr>\n<tr>\n<td>\n<div>T\u00e1mogat\u00f3<\/div>\n<\/td>\n<td>\n<div>Rozsdamentes ac\u00e9l r\u00fad a r\u00e9gi sz\u00e9nac\u00e9l r\u00fad helyett<\/div>\n<\/td>\n<td>\n<div><\/div>\n<\/td>\n<td>\n<div><\/div>\n<\/td>\n<td>\n<div><\/div>\n<\/td>\n<\/tr>\n<tr>\n<td>\n<div>Matrac<\/div>\n<\/td>\n<td>\n<div>7 cm-es nem deform\u00e1l\u00f3 szivacs, s\u0171r\u0171s\u00e9ge 30 3D h\u00e1l\u00f3s kend\u0151vel<\/div>\n<\/td>\n<td>\n<div><\/div>\n<\/td>\n<td>\n<div><\/div>\n<\/td>\n<td>\n<div><\/div>\n<\/td>\n<\/tr>\n<tr>\n<td>\n<div>L\u00e9tra<\/div>\n<\/td>\n<td>\n<div>Alum\u00ednium teleszk\u00f3pos l\u00e9tra (150 kg maxim\u00e1lis terhel\u00e9s), 70-260 cm<\/div>\n<\/td>\n<td>\n<div><\/div>\n<\/td>\n<td>\n<div><\/div>\n<\/td>\n<td>\n<div><\/div>\n<\/td>\n<\/tr>\n<tr>\n<td>\n<div>Ajt\u00f3<\/div>\n<\/td>\n<td>\n<div>K\u00e9t ajt\u00f3s 90*74cm<\/div>\n<\/td>\n<td>\n<div><\/div>\n<\/td>\n<td>\n<div><\/div>\n<\/td>\n<td>\n<div><\/div>\n<\/td>\n<\/tr>\n<tr>\n<td>\n<div>Ablak<\/div>\n<\/td>\n<td>\n<div>K\u00e9t ablak 60*55cm<\/div>\n<\/td>\n<td>\n<div><\/div>\n<\/td>\n<td>\n<div><\/div>\n<\/td>\n<td>\n<div><\/div>\n<\/td>\n<\/tr>\n<tr>\n<td>\n<div>Napv\u00e9d\u0151 baldachin<\/div>\n<\/td>\n<td>\n<div>Kett\u0151t tartalmaz, az egyik 190x90 cm, a m\u00e1sik h\u00e1romsz\u00f6g alak\u00fa<\/div>\n<\/td>\n<td>\n<div><\/div>\n<\/td>\n<td>\n<div><\/div>\n<\/td>\n<td>\n<div><\/div>\n<\/td>\n<\/tr>\n<tr>\n<td>\n<div>Cip\u0151s t\u00e1ska<\/div>\n<\/td>\n<td>\n<div>K\u00e9t cip\u0151s t\u00e1ska j\u00e1r hozz\u00e1<\/div>\n<\/td>\n<td>\n<div><\/div>\n<\/td>\n<td>\n<div><\/div>\n<\/td>\n<td>\n<div><\/div>\n<\/td>\n<\/tr>\n<tr>\n<td>\n<div>F\u00e9ny<\/div>\n<\/td>\n<td>\n<div>K\u00e9t l\u00e1mpa van benne, az egyik a h\u00e9j h\u00e1tulj\u00e1n, a m\u00e1sik a s\u00e1torban tal\u00e1lhat\u00f3<\/div>\n<\/td>\n<td>\n<div><\/div>\n<\/td>\n<td>\n<div><\/div>\n<\/td>\n<td>\n<div><\/div>\n<\/td>\n<\/tr>\n<\/tbody>\n<\/table>\n<\/div>\n<div data-section=\"AliMagic-vebk0r\" data-section-title=\"Detail Images\">R\u00e9szletek K\u00e9pek<\/div>\n<div>\n<div>\n<div>\n<div>\n<div><img decoding=\"async\" src=\"https:\/\/uoogear.com\/wp-content\/uploads\/2023\/11\/Hcf1889e97e384349af70cc256aa309230-wpp1701333335925.webp\" data-src=\"https:\/\/uoogear.com\/wp-content\/uploads\/2023\/11\/Hcf1889e97e384349af70cc256aa309230-wpp1701333335925.webp\" \/><\/div>\n<\/div>\n<\/div>\n<\/div>\n<\/div>\n<div data-section=\"AliMagic-a8fbbj\" data-section-title=\"Why choose us\"><\/div>\n<\/div>\n<\/div>","protected":false},"excerpt":{"rendered":"<p>Ter\u00fclet: 215 * 145 * 95 cm Sz\u00f6vet: 280 g poli\u00e9szter-pamut v\u00e1szon K\u00fcls\u0151 s\u00e1tor v\u00edz\u00e1ll\u00f3s\u00e1gi indexe: 2000-3000 mm als\u00f3 v\u00edz\u00e1ll\u00f3s\u00e1gi index: &gt;3000 mm S\u00e1tor St\u00edlus: Egyenes merev\u00edt\u00e9s t\u00edpusa Szezon : N\u00e9gy \u00e9vszakos term\u00e9k neve: Egys\u00e1tor:4 \u00d74 offroad faberglass hard shell bark\u00e1csolt aut\u00f3 tet\u0151s\u00e1tor elad\u00f3 Kulcssz\u00f3 : bark\u00e1cs aut\u00f3tet\u0151<\/p>\n<div class=\"read-more\"><a class=\"btn btn-fill-out\" href=\"https:\/\/uoogear.com\/hu\/termek\/4x4-offroad-faberglass-hard-shell-diy-car-roof-top-tent-for-sale\/\">Olvass tov\u00e1bb<\/a><\/div>","protected":false},"featured_media":4350,"template":"","meta":[],"product_brand":[],"product_cat":[15],"product_tag":[],"class_list":{"0":"post-4351","1":"product","2":"type-product","3":"status-publish","4":"has-post-thumbnail","6":"product_cat-uncategorized","7":"tm-no-options","9":"first","10":"instock","11":"shipping-taxable","12":"purchasable","13":"product-type-variable"},"_links":{"self":[{"href":"https:\/\/uoogear.com\/hu\/wp-json\/wp\/v2\/product\/4351","targetHints":{"allow":["GET"]}}],"collection":[{"href":"https:\/\/uoogear.com\/hu\/wp-json\/wp\/v2\/product"}],"about":[{"href":"https:\/\/uoogear.com\/hu\/wp-json\/wp\/v2\/types\/product"}],"wp:featuredmedia":[{"embeddable":true,"href":"https:\/\/uoogear.com\/hu\/wp-json\/wp\/v2\/media\/4350"}],"wp:attachment":[{"href":"https:\/\/uoogear.com\/hu\/wp-json\/wp\/v2\/media?parent=4351"}],"wp:term":[{"taxonomy":"product_brand","embeddable":true,"href":"https:\/\/uoogear.com\/hu\/wp-json\/wp\/v2\/product_brand?post=4351"},{"taxonomy":"product_cat","embeddable":true,"href":"https:\/\/uoogear.com\/hu\/wp-json\/wp\/v2\/product_cat?post=4351"},{"taxonomy":"product_tag","embeddable":true,"href":"https:\/\/uoogear.com\/hu\/wp-json\/wp\/v2\/product_tag?post=4351"}],"curies":[{"name":"wp","href":"https:\/\/api.w.org\/{rel}","templated":true}]}}