{"id":4361,"date":"2023-11-13T12:43:53","date_gmt":"2023-11-13T12:43:53","guid":{"rendered":"https:\/\/uoogear.com\/product\/luxury-winter-dome-yurts-for-sale-mongolian-yurt-tent-canvas-yurt\/"},"modified":"2023-11-30T02:31:58","modified_gmt":"2023-11-30T02:31:58","slug":"luxury-winter-dome-yurts-for-sale-mongolian-yurt-tent-canvas-yurt","status":"publish","type":"product","link":"https:\/\/uoogear.com\/hu\/termek\/luxury-winter-dome-yurts-for-sale-mongolian-yurt-tent-canvas-yurt\/","title":{"rendered":"Luxus t\u00e9li kupol\u00e1s jurt\u00e1k elad\u00f3k mongol jurta s\u00e1tor v\u00e1szon jurta"},"content":{"rendered":"<ul>\n<li><strong>Ter\u00fclet : <\/strong> 9 nm<\/li>\n<li><strong>Sz\u00f6vet: <\/strong> V\u00e1szon<\/li>\n<li><strong>K\u00fcls\u0151 s\u00e1tor v\u00edz\u00e1ll\u00f3s\u00e1gi indexe: <\/strong> 1500-2000 mm<\/li>\n<li><strong>Als\u00f3 v\u00edz\u00e1ll\u00f3s\u00e1gi index: <\/strong> &gt;3000 mm<\/li>\n<li><strong>\u00c9p\u00fclet t\u00edpusa: <\/strong> Ig\u00e9ny szerinti \u00e9p\u00edt\u00e9s<\/li>\n<li><strong>S\u00e1tor st\u00edlusa: <\/strong> Egyenes merev\u00edt\u0151 t\u00edpus<\/li>\n<li><strong>\u00c9vad : <\/strong> N\u00e9gy \u00e9vszakos s\u00e1tor, 4 \u00e9vszakos<\/li>\n<li><strong>Szerkezet : <\/strong> Egy h\u00e1l\u00f3szoba<\/li>\n<li><strong>Term\u00e9k n\u00e9v : <\/strong> Luxus t\u00e9li kupol\u00e1s jurt\u00e1k elad\u00f3k mongol jurta s\u00e1tor v\u00e1szon jurta<\/li>\n<li><strong>Alkalmaz\u00e1s : <\/strong> Outdoor Travel T\u00farakemping<\/li>\n<li><strong>Kulcssz\u00f3: <\/strong> Jurta s\u00e1tor<\/li>\n<li><strong>Funkci\u00f3 : <\/strong> V\u00edz\u00e1ll\u00f3<\/li>\n<li><strong>Cipz\u00e1r : <\/strong> SBS cipz\u00e1r<\/li>\n<li><strong>Keret oszlop: <\/strong> 22mm, 2m*11db<\/li>\n<li><strong>MOQ: <\/strong> 1 darab<\/li>\n<li><strong>Log\u00f3: <\/strong> Testreszabott log\u00f3<\/li>\n<li><strong>Garancia: <\/strong> 12 h\u00f3nap<\/li>\n<\/ul>\n<div>\n<div data-host=\"112190218\" data-magic-global=\"%7B%22bizId%22%3A2634101818%2C%22pageId%22%3A5046751166%2C%22siteId%22%3A5005227190%7D\" data-id=\"detail_decorate_root\">\n<div>\n<div data-section=\"AliMagic-j4t17u\" data-section-title=\"Product Description\">term\u00e9kle\u00edr\u00e1s<\/div>\n<\/div>\n<div>\n<div>\n<div>\n<div>\n<div>\n<div><img decoding=\"async\" src=\"\/\/sc01.alicdn.com\/kf\/H56aa441716f44669837912c6acf8a941b\/225636084\/H56aa441716f44669837912c6acf8a941b.jpg\" data-src=\"\/\/sc01.alicdn.com\/kf\/H56aa441716f44669837912c6acf8a941b\/225636084\/H56aa441716f44669837912c6acf8a941b.jpg\" \/><\/div>\n<\/div>\n<\/div>\n<\/div>\n<\/div>\n<\/div>\n<div>\n<div>\n<div>\n<h3 data-id=\"title0\">Luxus 4 \u00e9vszakos nagy teherb\u00edr\u00e1s\u00fa jurtas\u00e1tor<\/h3>\n<div>\n<div>\n<div data-id=\"paragraph0\">A jurtas\u00e1trak hossz\u00fa m\u00faltra tekintenek vissza, \u00e9s az emberek r\u00e9g\u00f3ta haszn\u00e1lj\u00e1k \u0151ket. Ez a s\u00e1tor az eredeti jurta alapj\u00e1n egyszer\u0171s\u00edtett. A be\u00e9p\u00edt\u00e9s \u00e9s a haszn\u00e1lat egyszer\u0171bb, a bels\u0151 t\u00e9r pedig t\u00e1gas, ami egy csal\u00e1d ig\u00e9nyeit is kiel\u00e9g\u00edti. J\u00f3 v\u00edz\u00e1ll\u00f3 \u00e9s sz\u00e9l\u00e1ll\u00f3 k\u00fclt\u00e9ri haszn\u00e1latra, \u00e9s j\u00f3 szell\u0151z\u00e9st biztos\u00edt. J\u00f3 v\u00e1laszt\u00e1s k\u00fclt\u00e9ri utaz\u00e1shoz.<\/div>\n<\/div>\n<\/div>\n<\/div>\n<\/div>\n<\/div>\n<div>\n<div>\n<div>\n<h3 data-id=\"title0\"><strong>Jellemz\u0151k<\/strong><\/h3>\n<div>\n<div>\n<div data-id=\"paragraph0\">1. Sokkal nagyobb hely csal\u00e1di kempingez\u00e9shez, nagyobb kapacit\u00e1s 6-10 f\u0151 r\u00e9sz\u00e9re.<br \/>\n2. Ultra-k\u00f6nny\u0171 morden kialak\u00edt\u00e1s, hordozhat\u00f3 \u00e9s \u00f6sszecsukhat\u00f3<br \/>\n3. V\u00edz\u00e1ll\u00f3 pamutv\u00e1szon<br \/>\n4. A nagy, h\u00e1l\u00f3s ablakok l\u00e1t\u00e1st biztos\u00edtanak a rovarok megel\u0151z\u00e9s\u00e9re.<\/div>\n<\/div>\n<\/div>\n<\/div>\n<\/div>\n<\/div>\n<div><\/div>\n<div>\n<div><\/div>\n<\/div>\n<div>\n<div data-section=\"AliMagic-783agr\" data-section-title=\"Detail Images\">R\u00e9szletek K\u00e9pek<\/div>\n<\/div>\n<div>\n<div>\n<div>\n<div>\n<div>\n<div><\/div>\n<\/div>\n<\/div>\n<\/div>\n<\/div>\n<\/div>\n<div>\n<div>\n<div>\n<div>\n<div>\n<div><img decoding=\"async\" src=\"\/\/sc02.alicdn.com\/kf\/H403daa1716cd453f8176004be66d1cabZ\/225636084\/H403daa1716cd453f8176004be66d1cabZ.jpg\" data-src=\"\/\/sc02.alicdn.com\/kf\/H403daa1716cd453f8176004be66d1cabZ\/225636084\/H403daa1716cd453f8176004be66d1cabZ.jpg\" data-id=\"child-image-0\" \/><\/div>\n<div><img decoding=\"async\" src=\"\/\/sc01.alicdn.com\/kf\/H1b359a025f5c4d2a920071abfb30e71cK\/225636084\/H1b359a025f5c4d2a920071abfb30e71cK.jpg\" data-src=\"\/\/sc01.alicdn.com\/kf\/H1b359a025f5c4d2a920071abfb30e71cK\/225636084\/H1b359a025f5c4d2a920071abfb30e71cK.jpg\" data-id=\"child-image-1\" \/><\/div>\n<\/div>\n<\/div>\n<\/div>\n<\/div>\n<\/div>\n<div>\n<div>\n<div>\n<div>\n<div>\n<div><img decoding=\"async\" src=\"\/\/sc02.alicdn.com\/kf\/H89d139573765466a9a468cfa9925ea34o\/225636084\/H89d139573765466a9a468cfa9925ea34o.jpg\" data-src=\"\/\/sc02.alicdn.com\/kf\/H89d139573765466a9a468cfa9925ea34o\/225636084\/H89d139573765466a9a468cfa9925ea34o.jpg\" data-id=\"child-image-0\" \/><\/div>\n<div><img decoding=\"async\" src=\"\/\/sc02.alicdn.com\/kf\/H0fd1652041b3450cb22c142cd3460c4c3\/225636084\/H0fd1652041b3450cb22c142cd3460c4c3.jpg\" data-src=\"\/\/sc02.alicdn.com\/kf\/H0fd1652041b3450cb22c142cd3460c4c3\/225636084\/H0fd1652041b3450cb22c142cd3460c4c3.jpg\" data-id=\"child-image-1\" \/><\/div>\n<\/div>\n<\/div>\n<\/div>\n<\/div>\n<\/div>\n<div>\n<div>\n<div>\n<div>\n<div>\n<div><img decoding=\"async\" src=\"\/\/sc01.alicdn.com\/kf\/H1b6521d09772495ead74eccc19dcb548I\/225636084\/H1b6521d09772495ead74eccc19dcb548I.jpg\" data-src=\"\/\/sc01.alicdn.com\/kf\/H1b6521d09772495ead74eccc19dcb548I\/225636084\/H1b6521d09772495ead74eccc19dcb548I.jpg\" data-id=\"child-image-0\" \/><\/div>\n<div><img decoding=\"async\" src=\"\/\/sc01.alicdn.com\/kf\/Hf2692e1b39f8487aa4381c111ba52025V\/225636084\/Hf2692e1b39f8487aa4381c111ba52025V.jpg\" data-src=\"\/\/sc01.alicdn.com\/kf\/Hf2692e1b39f8487aa4381c111ba52025V\/225636084\/Hf2692e1b39f8487aa4381c111ba52025V.jpg\" data-id=\"child-image-1\" \/><\/div>\n<\/div>\n<\/div>\n<\/div>\n<\/div>\n<\/div>\n<div>\n<div data-section=\"AliMagic-0z5n3b\" data-section-title=\"Why Choose us\"><\/div>\n<\/div>\n<\/div>\n<\/div>","protected":false},"excerpt":{"rendered":"<p>Ter\u00fclet: 9 nm Sz\u00f6vet: V\u00e1szon k\u00fcls\u0151 s\u00e1tor v\u00edz\u00e1ll\u00f3s\u00e1gi indexe: 1500-2000 mm als\u00f3 v\u00edz\u00e1ll\u00f3s\u00e1gi index: &gt;3000 mm \u00c9p\u00fclet t\u00edpusa: Ig\u00e9ny szerinti fel\u00e9p\u00edt\u00e9s S\u00e1torst\u00edlus: Egyenes merev\u00edt\u00e9si t\u00edpus Szezon: N\u00e9gy \u00e9vszakos s\u00e1tor, 4 \u00e9vszakos, egyszob\u00e1s szerkezet Term\u00e9k neve : Luxus t\u00e9li kupol\u00e1s jurt\u00e1k elad\u00f3k mongol jurta s\u00e1tor v\u00e1szon<\/p>\n<div class=\"read-more\"><a class=\"btn btn-fill-out\" href=\"https:\/\/uoogear.com\/hu\/termek\/luxury-winter-dome-yurts-for-sale-mongolian-yurt-tent-canvas-yurt\/\">Olvass tov\u00e1bb<\/a><\/div>","protected":false},"featured_media":4360,"template":"","meta":[],"product_brand":[],"product_cat":[15],"product_tag":[],"class_list":{"0":"post-4361","1":"product","2":"type-product","3":"status-publish","4":"has-post-thumbnail","6":"product_cat-uncategorized","7":"tm-no-options","9":"first","10":"instock","11":"shipping-taxable","12":"purchasable","13":"product-type-variable"},"_links":{"self":[{"href":"https:\/\/uoogear.com\/hu\/wp-json\/wp\/v2\/product\/4361","targetHints":{"allow":["GET"]}}],"collection":[{"href":"https:\/\/uoogear.com\/hu\/wp-json\/wp\/v2\/product"}],"about":[{"href":"https:\/\/uoogear.com\/hu\/wp-json\/wp\/v2\/types\/product"}],"wp:featuredmedia":[{"embeddable":true,"href":"https:\/\/uoogear.com\/hu\/wp-json\/wp\/v2\/media\/4360"}],"wp:attachment":[{"href":"https:\/\/uoogear.com\/hu\/wp-json\/wp\/v2\/media?parent=4361"}],"wp:term":[{"taxonomy":"product_brand","embeddable":true,"href":"https:\/\/uoogear.com\/hu\/wp-json\/wp\/v2\/product_brand?post=4361"},{"taxonomy":"product_cat","embeddable":true,"href":"https:\/\/uoogear.com\/hu\/wp-json\/wp\/v2\/product_cat?post=4361"},{"taxonomy":"product_tag","embeddable":true,"href":"https:\/\/uoogear.com\/hu\/wp-json\/wp\/v2\/product_tag?post=4361"}],"curies":[{"name":"wp","href":"https:\/\/api.w.org\/{rel}","templated":true}]}}