{"id":4373,"date":"2023-11-13T12:44:58","date_gmt":"2023-11-13T12:44:58","guid":{"rendered":"https:\/\/uoogear.com\/product\/5m-canvas-tent-factory-manufacturer-bell-tent\/"},"modified":"2023-11-30T02:29:25","modified_gmt":"2023-11-30T02:29:25","slug":"5m-canvas-tent-factory-manufacturer-bell-tent","status":"publish","type":"product","link":"https:\/\/uoogear.com\/hu\/termek\/5m-canvas-tent-factory-manufacturer-bell-tent\/","title":{"rendered":"5 m Canvas Tent Gy\u00e1ri Gy\u00e1rt\u00f3 Harangs\u00e1tor"},"content":{"rendered":"<ul>\n<li><strong>Ter\u00fclet : <\/strong> 13 n\u00e9gyzetm\u00e9ter<\/li>\n<li><strong>Sz\u00f6vet: <\/strong> V\u00e1szon<\/li>\n<li><strong>K\u00fcls\u0151 s\u00e1tor v\u00edz\u00e1ll\u00f3s\u00e1gi indexe: <\/strong> 1500-2000 mm<\/li>\n<li><strong>Als\u00f3 v\u00edz\u00e1ll\u00f3s\u00e1gi index: <\/strong> &gt;3000 mm<\/li>\n<li><strong>\u00c9p\u00fclet t\u00edpusa: <\/strong> Ig\u00e9ny szerinti \u00e9p\u00edt\u00e9s<\/li>\n<li><strong>S\u00e1tor st\u00edlusa: <\/strong> Egyenes merev\u00edt\u0151 t\u00edpus<\/li>\n<li><strong>\u00c9vad : <\/strong> N\u00e9gy \u00e9vszakos s\u00e1tor<\/li>\n<li><strong>Szerkezet : <\/strong> Egy h\u00e1l\u00f3szoba<\/li>\n<li><strong>M\u00e9ret: <\/strong> 500*300*170\/60cm<\/li>\n<li><strong>Haszn\u00e1lat: <\/strong> Szabadt\u00e9ri sz\u00f3rakoz\u00e1s<\/li>\n<li><strong>Padl\u00f3sz\u00f6vet: <\/strong> 540g PVC sz\u00f6vet<\/li>\n<li><strong>Term\u00e9k n\u00e9v : <\/strong> 5 m Canvas Tent Gy\u00e1ri Gy\u00e1rt\u00f3 Harangs\u00e1tor<\/li>\n<li><strong>Kulcssz\u00f3: <\/strong> Harang s\u00e1tor<\/li>\n<li><strong>Lengyelek: <\/strong> R\u00e9z-cink bevonat\u00fa<\/li>\n<li><strong>V\u00edz\u00e1ll\u00f3 index: <\/strong> 2000-3000 mm<\/li>\n<li><strong>ajt\u00f3: <\/strong> Cipz\u00e1ras ajt\u00f3 h\u00e1l\u00f3val<\/li>\n<li><strong>MOQ: <\/strong> 1db Harangs\u00e1tor<\/li>\n<li><strong>\u00c9rt\u00e9kes\u00edt\u00e9s ut\u00e1ni szolg\u00e1ltat\u00e1s : <\/strong> 1<\/li>\n<\/ul>\n<div>\n<div data-magic-global=\"%7B%22bizId%22%3A2634101818%2C%22pageId%22%3A5047952263%2C%22siteId%22%3A5005227190%7D\">\n<div>\n<div data-section=\"AliMagic-ip73a6\" data-section-title=\"Product Description\">term\u00e9kle\u00edr\u00e1s<\/div>\n<\/div>\n<div>\n<div>\n<div>\n<div>\n<div>\n<div><img decoding=\"async\" src=\"\/\/sc01.alicdn.com\/kf\/Hc09fb0725c5547578e3f95c183da6fca9\/225636084\/Hc09fb0725c5547578e3f95c183da6fca9.jpg\" data-src=\"\/\/sc01.alicdn.com\/kf\/Hc09fb0725c5547578e3f95c183da6fca9\/225636084\/Hc09fb0725c5547578e3f95c183da6fca9.jpg\" \/><\/div>\n<\/div>\n<\/div>\n<\/div>\n<\/div>\n<\/div>\n<div>\n<div>\n<div>\n<h3><strong>5 m Canvas Tent Gy\u00e1ri Gy\u00e1rt\u00f3 Harangs\u00e1tor<\/strong><\/h3>\n<div>\n<div>\n<div>\n<p>Klasszikus, t\u00e1gas Bell Tent diz\u00e1jn, nagy teherb\u00edr\u00e1s\u00fa integr\u00e1lt talajtakar\u00f3val tov\u00e1bbfejlesztve, amely v\u00edz\u00e1ll\u00f3 t\u00f6m\u00edt\u00e9st biztos\u00edt az alap k\u00f6r\u00fcl az extra nedves id\u0151j\u00e1r\u00e1s biztos\u00edt\u00e1s\u00e1hoz. A cseng\u0151s\u00e1torban n\u00e9gy dupla matrac is elf\u00e9r egy nagycsal\u00e1dos kempingez\u00e9shez. Egyetlen \u00e1ggyal val\u00f3ban nagyon t\u00e1gas, b\u0151ven van benne minden kempingez\u00e9si luxus \u2013 \u00e9s rengeteg tartal\u00e9k!<\/p>\n<div><strong><span style=\"color: #c277d0;\">A Bell Tent jellemz\u0151i<\/span><\/strong><br \/>\n1. A v\u00e1szon cseng\u0151s\u00e1tor nagy teherb\u00edr\u00e1s\u00fa talajtakar\u00f3val van felszerelve, amely cipz\u00e1rral van a s\u00e1torhoz r\u00f6gz\u00edtve. A talajtakar\u00f3 PVC-b\u0151l k\u00e9sz\u00fclt, s\u00falya 540 g\/m\u00b2<br \/>\n2. Nagyon n\u00e9pszer\u0171 funkci\u00f3: Az oldalak k\u00f6nnyen feltekerhet\u0151k, hogy a sz\u00e9l \u00e1thaladjon alatta a forr\u00f3 ny\u00e1ri napokon.<br \/>\n3. Mes\u00e9s, homokszer\u0171 sz\u00edn, amely meleg \u00e9s romantikus hangulatot teremt<br \/>\n4. Gy\u00f6ny\u00f6r\u0171en elk\u00e9sz\u00edtett min\u0151s\u00e9gi \u00e9p\u00edt\u00e9s\u0171. K\u00f6r\u00f6s-k\u00f6r\u00fcl dupla varr\u00e1s \u00e9s meger\u0151s\u00edtett kulcspontok<br \/>\n5. Az anyag m\u00e9g v\u00edz- \u00e9s pen\u00e9sz\u00e1ll\u00f3bb\u00e1 lett kezelve. A s\u00e1tor belseje soha nem \u00e9rz\u0151dik nedvesnek vagy nedvesnek, \u00e9s megmarad<br \/>\n6. Egy szem\u00e9lynek mind\u00f6ssze 8-10 percre van sz\u00fcks\u00e9ge a fell\u00e9p\u00e9shez<\/div>\n<\/div>\n<\/div>\n<\/div>\n<\/div>\n<\/div>\n<\/div>\n<div>\n<div data-section=\"AliMagic-zkjxn9\" data-section-title=\"Product Paramenters\">Term\u00e9kparam\u00e9terek<\/div>\n<\/div>\n<div>\n<div>\n<table>\n<tbody>\n<tr>\n<td>\n<div>Term\u00e9k n\u00e9v<\/div>\n<\/td>\n<td>\n<div>Harangs\u00e1tor<\/div>\n<\/td>\n<td>\n<div><\/div>\n<\/td>\n<td>\n<div><\/div>\n<\/td>\n<td>\n<div><\/div>\n<\/td>\n<\/tr>\n<tr>\n<td>\n<div>\u00c1tm\u00e9r\u0151<\/div>\n<\/td>\n<td>\n<div>3m,4m,5m,6m,7m<\/div>\n<\/td>\n<td>\n<div><\/div>\n<\/td>\n<td>\n<div><\/div>\n<\/td>\n<td>\n<div><\/div>\n<\/td>\n<\/tr>\n<tr>\n<td>\n<div>Tet\u0151sz\u00f6vet<\/div>\n<\/td>\n<td>\n<div>300 gsm pamutv\u00e1szon, PU bevonat, v\u00edz\u00e1ll\u00f3, pen\u00e9sz\u00e1ll\u00f3.<\/div>\n<\/td>\n<td>\n<div><\/div>\n<\/td>\n<td>\n<div><\/div>\n<\/td>\n<td>\n<div><\/div>\n<\/td>\n<\/tr>\n<tr>\n<td>\n<div>S\u00e1torlap<\/div>\n<\/td>\n<td>\n<div>540 gsm ripstop PVC, v\u00edz\u00e1ll\u00f3, cipz\u00e1rral lev\u00e1laszthat\u00f3 a s\u00e1torr\u00f3l.<\/div>\n<\/td>\n<td>\n<div><\/div>\n<\/td>\n<td>\n<div><\/div>\n<\/td>\n<td>\n<div><\/div>\n<\/td>\n<\/tr>\n<tr>\n<td>\n<div>H\u00e1l\u00f3<\/div>\n<\/td>\n<td>\n<div>Feh\u00e9r, ajt\u00f3n \u00e9s ablakon egyar\u00e1nt<\/div>\n<\/td>\n<td>\n<div><\/div>\n<\/td>\n<td>\n<div><\/div>\n<\/td>\n<td>\n<div><\/div>\n<\/td>\n<\/tr>\n<tr>\n<td>\n<div>K\u00f6zponti oszlop<\/div>\n<\/td>\n<td>\n<div>32 mm \u00e1tm\u00e9r\u0151j\u0171 horganyzott ac\u00e9lcs\u0151, 1,2 mm vastag, r\u00e9z-cink bevonat\u00fa.<\/div>\n<\/td>\n<td>\n<div><\/div>\n<\/td>\n<td>\n<div><\/div>\n<\/td>\n<td>\n<div><\/div>\n<\/td>\n<\/tr>\n<tr>\n<td>\n<div>Ablak<\/div>\n<\/td>\n<td>\n<div>4 oldalablak \u00e9s 4 szell\u0151z\u0151 a cs\u00facson, h\u00e1l\u00f3val.<\/div>\n<\/td>\n<td>\n<div><\/div>\n<\/td>\n<td>\n<div><\/div>\n<\/td>\n<td>\n<div><\/div>\n<\/td>\n<\/tr>\n<tr>\n<td>\n<div>Ajt\u00f3<\/div>\n<\/td>\n<td>\n<div>1 cipz\u00e1ras ajt\u00f3, cipz\u00e1r A h\u00e1l\u00f3s ajt\u00f3 opcion\u00e1lis, sz\u00e1rnyas.<\/div>\n<\/td>\n<td>\n<div><\/div>\n<\/td>\n<td>\n<div><\/div>\n<\/td>\n<td>\n<div><\/div>\n<\/td>\n<\/tr>\n<\/tbody>\n<\/table>\n<\/div>\n<\/div>\n<div>\n<div data-section=\"AliMagic-zdt106\" data-section-title=\"Details\">R\u00e9szletek<\/div>\n<\/div>\n<div>\n<div>\n<div>\n<div>\n<div>\n<div><img decoding=\"async\" src=\"\/\/sc01.alicdn.com\/kf\/Hb2cabe10c9ef4794bfa509584b13f743Q\/225636084\/Hb2cabe10c9ef4794bfa509584b13f743Q.jpg\" data-src=\"\/\/sc01.alicdn.com\/kf\/Hb2cabe10c9ef4794bfa509584b13f743Q\/225636084\/Hb2cabe10c9ef4794bfa509584b13f743Q.jpg\" \/><\/div>\n<\/div>\n<\/div>\n<\/div>\n<\/div>\n<\/div>\n<div>\n<div>\n<div>\n<div>\n<div>\n<div><img decoding=\"async\" src=\"\/\/sc01.alicdn.com\/kf\/Hea8e85c9bc9547008bcb1ccb2b3cee85b\/225636084\/Hea8e85c9bc9547008bcb1ccb2b3cee85b.jpg\" data-src=\"\/\/sc01.alicdn.com\/kf\/Hea8e85c9bc9547008bcb1ccb2b3cee85b\/225636084\/Hea8e85c9bc9547008bcb1ccb2b3cee85b.jpg\" \/><\/div>\n<\/div>\n<\/div>\n<\/div>\n<\/div>\n<\/div>\n<div>\n<div>\n<div>\n<div>\n<div>\n<div data-spm-anchor-id=\"a2700.wholesale.0.i46.5a31fe24gtMMaP\"><img decoding=\"async\" src=\"\/\/sc01.alicdn.com\/kf\/H0d2acdfd09a0449c81414d4c4087b535i\/225636084\/H0d2acdfd09a0449c81414d4c4087b535i.jpg\" data-src=\"\/\/sc01.alicdn.com\/kf\/H0d2acdfd09a0449c81414d4c4087b535i\/225636084\/H0d2acdfd09a0449c81414d4c4087b535i.jpg\" \/><\/div>\n<\/div>\n<\/div>\n<\/div>\n<\/div>\n<\/div>\n<div>\n<div data-section=\"AliMagic-ufrss4\" data-section-title=\"Customer Photos\"><\/div>\n<\/div>\n<div><\/div>\n<\/div>\n<\/div>","protected":false},"excerpt":{"rendered":"<p>Ter\u00fclet: 13 n\u00e9gyzetm\u00e9ter Sz\u00f6vet: v\u00e1szon, k\u00fcls\u0151 s\u00e1tor v\u00edz\u00e1ll\u00f3s\u00e1gi indexe: 1500-2000 mm als\u00f3 v\u00edz\u00e1ll\u00f3s\u00e1gi index: &gt;3000 mm \u00e9p\u00fclet t\u00edpusa: \u00e9p\u00edt\u00e9si ig\u00e9ny alapj\u00e1n S\u00e1torst\u00edlus: egyenes merev\u00edt\u00e9s t\u00edpusa Szezon: n\u00e9gy \u00e9vszakos s\u00e1torszerkezet: egy h\u00e1l\u00f3szoba 500 *300*170\/60cm Haszn\u00e1lat: k\u00fclt\u00e9ri sz\u00f3rakoz\u00e1s Padl\u00f3sz\u00f6vet: 540g PVC sz\u00f6vet<\/p>\n<div class=\"read-more\"><a class=\"btn btn-fill-out\" href=\"https:\/\/uoogear.com\/hu\/termek\/5m-canvas-tent-factory-manufacturer-bell-tent\/\">Olvass tov\u00e1bb<\/a><\/div>","protected":false},"featured_media":4372,"template":"","meta":[],"product_brand":[],"product_cat":[15],"product_tag":[],"class_list":{"0":"post-4373","1":"product","2":"type-product","3":"status-publish","4":"has-post-thumbnail","6":"product_cat-uncategorized","7":"tm-no-options","9":"first","10":"instock","11":"shipping-taxable","12":"purchasable","13":"product-type-variable"},"_links":{"self":[{"href":"https:\/\/uoogear.com\/hu\/wp-json\/wp\/v2\/product\/4373","targetHints":{"allow":["GET"]}}],"collection":[{"href":"https:\/\/uoogear.com\/hu\/wp-json\/wp\/v2\/product"}],"about":[{"href":"https:\/\/uoogear.com\/hu\/wp-json\/wp\/v2\/types\/product"}],"wp:featuredmedia":[{"embeddable":true,"href":"https:\/\/uoogear.com\/hu\/wp-json\/wp\/v2\/media\/4372"}],"wp:attachment":[{"href":"https:\/\/uoogear.com\/hu\/wp-json\/wp\/v2\/media?parent=4373"}],"wp:term":[{"taxonomy":"product_brand","embeddable":true,"href":"https:\/\/uoogear.com\/hu\/wp-json\/wp\/v2\/product_brand?post=4373"},{"taxonomy":"product_cat","embeddable":true,"href":"https:\/\/uoogear.com\/hu\/wp-json\/wp\/v2\/product_cat?post=4373"},{"taxonomy":"product_tag","embeddable":true,"href":"https:\/\/uoogear.com\/hu\/wp-json\/wp\/v2\/product_tag?post=4373"}],"curies":[{"name":"wp","href":"https:\/\/api.w.org\/{rel}","templated":true}]}}