{"id":4382,"date":"2023-11-13T12:46:18","date_gmt":"2023-11-13T12:46:18","guid":{"rendered":"https:\/\/uoogear.com\/product\/waterproof-glamping-camping-outdoor-3m-4m-5m-6m-cotton-canvas-bell-tent-with-awning\/"},"modified":"2023-11-30T02:30:03","modified_gmt":"2023-11-30T02:30:03","slug":"waterproof-glamping-camping-outdoor-3m-4m-5m-6m-cotton-canvas-bell-tent-with-awning","status":"publish","type":"product","link":"https:\/\/uoogear.com\/hu\/termek\/waterproof-glamping-camping-outdoor-3m-4m-5m-6m-cotton-canvas-bell-tent-with-awning\/","title":{"rendered":"V\u00edz\u00e1ll\u00f3 glamping kemping szabadt\u00e9ri 3m 4m 5m 6m pamutv\u00e1szon harangs\u00e1tor napellenz\u0151vel"},"content":{"rendered":"<ul>\n<li><strong>Ter\u00fclet : <\/strong> 500*300 cm<\/li>\n<li><strong>Sz\u00f6vet: <\/strong> V\u00e1szon<\/li>\n<li><strong>K\u00fcls\u0151 s\u00e1tor v\u00edz\u00e1ll\u00f3s\u00e1gi indexe: <\/strong> 1500-2000 mm<\/li>\n<li><strong>Als\u00f3 v\u00edz\u00e1ll\u00f3s\u00e1gi index: <\/strong> &gt;3000 mm<\/li>\n<li><strong>\u00c9p\u00fclet t\u00edpusa: <\/strong> Ig\u00e9ny szerinti \u00e9p\u00edt\u00e9s<\/li>\n<li><strong>S\u00e1tor st\u00edlusa: <\/strong> Egyenes merev\u00edt\u0151 t\u00edpus<\/li>\n<li><strong>\u00c9vad : <\/strong> N\u00e9gy \u00e9vszakos s\u00e1tor<\/li>\n<li><strong>Szerkezet : <\/strong> Egy h\u00e1l\u00f3szoba<\/li>\n<li><strong>Term\u00e9k n\u00e9v : <\/strong> 3m 4m 5m 6m pamutv\u00e1szon harangs\u00e1tor napellenz\u0151vel<\/li>\n<li><strong>Sz\u00edn: <\/strong> B\u00e9zs<\/li>\n<li><strong>Alkalmaz\u00e1s : <\/strong> Outdoor Travel T\u00farakemping<\/li>\n<li><strong>Kulcssz\u00f3: <\/strong> harangs\u00e1tor<\/li>\n<li><strong>Funkci\u00f3 : <\/strong> V\u00edz\u00e1ll\u00f3<\/li>\n<li><strong>Anyaga: <\/strong> 300 g-os pamutv\u00e1szon<\/li>\n<li><strong>M\u00e9ret: <\/strong> 500*300*170\/60 cm<\/li>\n<li><strong>MOQ: <\/strong> 1 darab<\/li>\n<\/ul>\n<div>\n<div data-host=\"111218246\" data-id=\"detail_decorate_root\">\n<div data-reactroot=\"\">\n<div data-section=\"AliMagic-2h68ue\" data-section-title=\"Products Description\">Term\u00e9kle\u00edr\u00e1s<\/div>\n<div>\n<div>\n<div>\n<div>\n<div><img decoding=\"async\" src=\"\/\/sc01.alicdn.com\/kf\/Hf36d73868dd540b595b5d4574c7a2a13M\/225636084\/Hf36d73868dd540b595b5d4574c7a2a13M.jpg\" data-src=\"\/\/sc01.alicdn.com\/kf\/Hf36d73868dd540b595b5d4574c7a2a13M\/225636084\/Hf36d73868dd540b595b5d4574c7a2a13M.jpg\" data-id=\"child-image-0\" \/><\/div>\n<\/div>\n<\/div>\n<\/div>\n<div>\n<div data-id=\"below-title\">3m 4m 5m 6m pamutv\u00e1szon harangs\u00e1tor napellenz\u0151vel<\/div>\n<div data-id=\"below-content\">Klasszikus, t\u00e1gas Bell Tent diz\u00e1jn, nagy teherb\u00edr\u00e1s\u00fa integr\u00e1lt talajtakar\u00f3val tov\u00e1bbfejlesztve, amely v\u00edz\u00e1ll\u00f3 t\u00f6m\u00edt\u00e9st biztos\u00edt az alap k\u00f6r\u00fcl az extra nedves id\u0151j\u00e1r\u00e1s biztos\u00edt\u00e1s\u00e1hoz. Az 5 m\u00e9teres cseng\u0151s\u00e1tor b\u0151s\u00e9ges helyet biztos\u00edt egy nagy csal\u00e1d kempingez\u00e9s\u00e9hez, n\u00e9gy dupla matrac sz\u00e1m\u00e1ra. Egyetlen \u00e1ggyal val\u00f3ban nagyon t\u00e1gas, b\u0151ven elf\u00e9r benne minden kempingez\u00e9si luxus \u2013 \u00e9s sok a tartal\u00e9k!<\/div>\n<\/div>\n<\/div>\n<div>\n<div>\n<h3 data-id=\"title0\">\u00a0 \u00a0 Jellemz\u0151k<\/h3>\n<div>\n<div>\n<div data-id=\"paragraph0\">\n<p>\u00a0 \u00a0 1.A v\u00e1szon cseng\u0151s\u00e1tor nagy teherb\u00edr\u00e1s\u00fa talajtakar\u00f3val van felszerelve, amely cipz\u00e1rral van a s\u00e1torhoz r\u00f6gz\u00edtve.<\/p>\n<div>\u00a0 \u00a0 2. Az alaplap PVC-b\u0151l k\u00e9sz\u00fcl, s\u00falya 540 g\/m\u00b2<\/div>\n<div>\u00a0 \u00a0 3. Az oldalak k\u00f6nnyen feltekerednek, hogy a sz\u00e9l \u00e1thaladjon alatta a forr\u00f3 ny\u00e1ri napokon<\/div>\n<div>\u00a0 \u00a0 4. Gy\u00f6ny\u00f6r\u0171en k\u00e9sz\u00fclt min\u0151s\u00e9gi \u00e9p\u00edtett. K\u00f6r\u00f6s-k\u00f6r\u00fcl dupla varr\u00e1s \u00e9s meger\u0151s\u00edtett kulcspontok<\/div>\n<div>\u00a0 \u00a0 5. Az anyag m\u00e9g v\u00edz- \u00e9s pen\u00e9sz\u00e1ll\u00f3bb\u00e1 lett kezelve.<\/div>\n<div>\u00a0 \u00a0 6. Egy szem\u00e9lynek mind\u00f6ssze 5-8 percet vesz ig\u00e9nybe a fell\u00e9p\u00e9s<\/div>\n<\/div>\n<\/div>\n<\/div>\n<\/div>\n<\/div>\n<div data-section=\"AliMagic-j30k9w\" data-section-title=\"Specification\">Le\u00edr\u00e1s<\/div>\n<div>\n<table>\n<tbody>\n<tr>\n<td>\n<div>Term\u00e9k m\u00e9ret<\/div>\n<\/td>\n<td>\n<div>300*250*160\/60 cm<\/div>\n<\/td>\n<td>\n<div><\/div>\n<\/td>\n<td>\n<div><\/div>\n<\/td>\n<td>\n<div><\/div>\n<\/td>\n<\/tr>\n<tr>\n<td>\n<div>csomag m\u00e9rete<\/div>\n<\/td>\n<td>\n<div>110*27*32 cm<\/div>\n<\/td>\n<td>\n<div><\/div>\n<\/td>\n<td>\n<div><\/div>\n<\/td>\n<td>\n<div><\/div>\n<\/td>\n<\/tr>\n<tr>\n<td>\n<div>Sz\u00f6vet<\/div>\n<\/td>\n<td>\n<div>300 gsm 100% pamutv\u00e1szon<\/div>\n<\/td>\n<td>\n<div><\/div>\n<\/td>\n<td>\n<div><\/div>\n<\/td>\n<td>\n<div><\/div>\n<\/td>\n<\/tr>\n<tr>\n<td>\n<div>Padl\u00f3<\/div>\n<\/td>\n<td>\n<div>540 gsm rip-stop PVC<\/div>\n<\/td>\n<td>\n<div><\/div>\n<\/td>\n<td>\n<div><\/div>\n<\/td>\n<td>\n<div><\/div>\n<\/td>\n<\/tr>\n<tr>\n<td>\n<div>K\u00f6z\u00e9pp\u00f3lus<\/div>\n<\/td>\n<td>\n<div>\u00c1tm. 32mm, horganyzott ac\u00e9lcs\u0151, r\u00e9z-cink bevonattal<\/div>\n<\/td>\n<td>\n<div><\/div>\n<\/td>\n<td>\n<div><\/div>\n<\/td>\n<td>\n<div><\/div>\n<\/td>\n<\/tr>\n<tr>\n<td>\n<div>Bej\u00e1rat t\u00edpusa<\/div>\n<\/td>\n<td>\n<div>Az ajt\u00f3n\u00e1l keretoszlop, \u00e1tm\u00e9r\u0151 19mm<\/div>\n<\/td>\n<td>\n<div><\/div>\n<\/td>\n<td>\n<div><\/div>\n<\/td>\n<td>\n<div><\/div>\n<\/td>\n<\/tr>\n<tr>\n<td>\n<div>Cipz\u00e1rak<\/div>\n<\/td>\n<td>\n<div>SBS cipz\u00e1r, dupla foganty\u00fas cipz\u00e1rak<\/div>\n<\/td>\n<td>\n<div><\/div>\n<\/td>\n<td>\n<div><\/div>\n<\/td>\n<td>\n<div><\/div>\n<\/td>\n<\/tr>\n<tr>\n<td>\n<div>ablakok<\/div>\n<\/td>\n<td>\n<div>4* cipz\u00e1ras ablakok h\u00e1l\u00f3val<\/div>\n<\/td>\n<td>\n<div><\/div>\n<\/td>\n<td>\n<div><\/div>\n<\/td>\n<td>\n<div><\/div>\n<\/td>\n<\/tr>\n<tr>\n<td>\n<div>Szell\u0151z\u0151ny\u00edl\u00e1sok<\/div>\n<\/td>\n<td>\n<div>4* h\u00e1romsz\u00f6g alak\u00fa szell\u0151z\u0151 h\u00e1l\u00f3val<\/div>\n<\/td>\n<td>\n<div><\/div>\n<\/td>\n<td>\n<div><\/div>\n<\/td>\n<td>\n<div><\/div>\n<\/td>\n<\/tr>\n<tr>\n<td>\n<div>Ajt\u00f3<\/div>\n<\/td>\n<td>\n<div>1 cipz\u00e1ras ajt\u00f3 h\u00e1l\u00f3val<\/div>\n<\/td>\n<td>\n<div><\/div>\n<\/td>\n<td>\n<div><\/div>\n<\/td>\n<td>\n<div><\/div>\n<\/td>\n<\/tr>\n<tr>\n<td>\n<div>Csapok<\/div>\n<\/td>\n<td>\n<div>\u0278 6mm 5mmx20mm 24db<\/div>\n<\/td>\n<td>\n<div><\/div>\n<\/td>\n<td>\n<div><\/div>\n<\/td>\n<td>\n<div><\/div>\n<\/td>\n<\/tr>\n<tr>\n<td>\n<div>Csomagol\u00e1s<\/div>\n<\/td>\n<td>\n<div>hordt\u00e1sk\u00e1ban, majd kartondobozban<\/div>\n<\/td>\n<td>\n<div><\/div>\n<\/td>\n<td>\n<div><\/div>\n<\/td>\n<td>\n<div><\/div>\n<\/td>\n<\/tr>\n<\/tbody>\n<\/table>\n<\/div>\n<div data-section=\"AliMagic-d12cfx\" data-section-title=\"Details\">R\u00e9szletek<\/div>\n<div>\n<div>\n<div>\n<div>\n<div><img decoding=\"async\" src=\"\/\/sc02.alicdn.com\/kf\/H7b5e068f5bbc40089647cddc36ee6a66e\/225636084\/H7b5e068f5bbc40089647cddc36ee6a66e.jpg\" data-src=\"\/\/sc02.alicdn.com\/kf\/H7b5e068f5bbc40089647cddc36ee6a66e\/225636084\/H7b5e068f5bbc40089647cddc36ee6a66e.jpg\" \/><\/div>\n<\/div>\n<\/div>\n<\/div>\n<\/div>\n<div>\n<div>\n<div>\n<div>\n<div><img decoding=\"async\" src=\"\/\/sc01.alicdn.com\/kf\/H0d2acdfd09a0449c81414d4c4087b535i\/225636084\/H0d2acdfd09a0449c81414d4c4087b535i.jpg\" data-src=\"\/\/sc01.alicdn.com\/kf\/H0d2acdfd09a0449c81414d4c4087b535i\/225636084\/H0d2acdfd09a0449c81414d4c4087b535i.jpg\" \/><\/div>\n<\/div>\n<\/div>\n<\/div>\n<\/div>\n<div data-section=\"AliMagic-e8f4mh\" data-section-title=\"Application\">Alkalmaz\u00e1s<\/div>\n<div>\n<div>\n<div>\n<div>\n<div><img decoding=\"async\" src=\"\/\/sc02.alicdn.com\/kf\/H2c99e2db1880498da08767acaa3c1fce6\/225636084\/H2c99e2db1880498da08767acaa3c1fce6.png\" data-src=\"\/\/sc02.alicdn.com\/kf\/H2c99e2db1880498da08767acaa3c1fce6\/225636084\/H2c99e2db1880498da08767acaa3c1fce6.png\" \/><\/div>\n<\/div>\n<\/div>\n<\/div>\n<\/div>\n<div>\n<div>\n<div>\n<div>\n<div><img decoding=\"async\" src=\"\/\/sc01.alicdn.com\/kf\/H9aa939c18c40425abdf172a611ffe8a9Q\/225636084\/H9aa939c18c40425abdf172a611ffe8a9Q.png\" data-src=\"\/\/sc01.alicdn.com\/kf\/H9aa939c18c40425abdf172a611ffe8a9Q\/225636084\/H9aa939c18c40425abdf172a611ffe8a9Q.png\" \/><\/div>\n<\/div>\n<\/div>\n<\/div>\n<\/div>\n<div data-section=\"AliMagic-b6xmjm\" data-section-title=\"Packing &amp; Delivery\"><\/div>\n<\/div>\n<\/div>\n<\/div>","protected":false},"excerpt":{"rendered":"<p>Ter\u00fclet: 500 * 300 cm Sz\u00f6vet: V\u00e1szon K\u00fcls\u0151 s\u00e1tor v\u00edz\u00e1ll\u00f3s\u00e1gi indexe: 1500-2000 mm Als\u00f3 v\u00edz\u00e1ll\u00f3s\u00e1gi index: &gt;3000 mm \u00c9p\u00fclet t\u00edpusa: Ig\u00e9ny szerinti fel\u00e9p\u00edt\u00e9s S\u00e1torst\u00edlus: Egyenes merev\u00edt\u00e9si t\u00edpus Szezon: N\u00e9gy \u00e9vszakos s\u00e1tor\u00e1gyas szoba Term\u00e9kn\u00e9v: Egy : 3m 4m 5m 6m pamutv\u00e1szon harangs\u00e1tor napellenz\u0151vel Sz\u00edn<\/p>\n<div class=\"read-more\"><a class=\"btn btn-fill-out\" href=\"https:\/\/uoogear.com\/hu\/termek\/waterproof-glamping-camping-outdoor-3m-4m-5m-6m-cotton-canvas-bell-tent-with-awning\/\">Olvass tov\u00e1bb<\/a><\/div>","protected":false},"featured_media":4381,"template":"","meta":[],"product_brand":[],"product_cat":[15],"product_tag":[],"class_list":{"0":"post-4382","1":"product","2":"type-product","3":"status-publish","4":"has-post-thumbnail","6":"product_cat-uncategorized","7":"tm-no-options","9":"first","10":"instock","11":"shipping-taxable","12":"purchasable","13":"product-type-variable"},"_links":{"self":[{"href":"https:\/\/uoogear.com\/hu\/wp-json\/wp\/v2\/product\/4382","targetHints":{"allow":["GET"]}}],"collection":[{"href":"https:\/\/uoogear.com\/hu\/wp-json\/wp\/v2\/product"}],"about":[{"href":"https:\/\/uoogear.com\/hu\/wp-json\/wp\/v2\/types\/product"}],"wp:featuredmedia":[{"embeddable":true,"href":"https:\/\/uoogear.com\/hu\/wp-json\/wp\/v2\/media\/4381"}],"wp:attachment":[{"href":"https:\/\/uoogear.com\/hu\/wp-json\/wp\/v2\/media?parent=4382"}],"wp:term":[{"taxonomy":"product_brand","embeddable":true,"href":"https:\/\/uoogear.com\/hu\/wp-json\/wp\/v2\/product_brand?post=4382"},{"taxonomy":"product_cat","embeddable":true,"href":"https:\/\/uoogear.com\/hu\/wp-json\/wp\/v2\/product_cat?post=4382"},{"taxonomy":"product_tag","embeddable":true,"href":"https:\/\/uoogear.com\/hu\/wp-json\/wp\/v2\/product_tag?post=4382"}],"curies":[{"name":"wp","href":"https:\/\/api.w.org\/{rel}","templated":true}]}}