{"id":4409,"date":"2023-11-13T12:50:43","date_gmt":"2023-11-13T12:50:43","guid":{"rendered":"https:\/\/uoogear.com\/product\/waterproof-camping-accessories-tents-camping-outdoor-glamping-tent-outdoor-glamping-inflatable-tent\/"},"modified":"2023-11-30T02:31:22","modified_gmt":"2023-11-30T02:31:22","slug":"waterproof-camping-accessories-tents-camping-outdoor-glamping-tent-outdoor-glamping-inflatable-tent","status":"publish","type":"product","link":"https:\/\/uoogear.com\/hu\/termek\/waterproof-camping-accessories-tents-camping-outdoor-glamping-tent-outdoor-glamping-inflatable-tent\/","title":{"rendered":"V\u00edz\u00e1ll\u00f3 kemping kieg\u00e9sz\u00edt\u0151k s\u00e1trak kemping k\u00fclt\u00e9ri glamping s\u00e1tor k\u00fclt\u00e9ri glamping Felf\u00fajhat\u00f3 s\u00e1tor"},"content":{"rendered":"<ul>\n<li><strong>Sz\u00f6vet: <\/strong> Poli\u00e9szter<\/li>\n<li><strong>K\u00fcls\u0151 s\u00e1tor v\u00edz\u00e1ll\u00f3s\u00e1gi indexe: <\/strong> &gt;3000 mm<\/li>\n<li><strong>Als\u00f3 v\u00edz\u00e1ll\u00f3s\u00e1gi index: <\/strong> &gt;3000 mm<\/li>\n<li><strong>\u00c9p\u00fclet t\u00edpusa: <\/strong> Gyors automatikus nyit\u00e1s<\/li>\n<li><strong>S\u00e1tor st\u00edlusa: <\/strong> Kiterjesztett t\u00edpus\u00fa, cs\u0151 t\u00edpus\u00fa s\u00e1tor kar\u00f3<\/li>\n<li><strong>\u00c9vad : <\/strong> N\u00e9gy \u00e9vszakos s\u00e1tor<\/li>\n<li><strong>Szerkezet : <\/strong> Egy h\u00e1l\u00f3szoba<\/li>\n<li><strong>Term\u00e9k n\u00e9v : <\/strong> K\u00fclt\u00e9ri kemping felf\u00fajhat\u00f3 s\u00e1tor<\/li>\n<li><strong>Sz\u00edn: <\/strong> feh\u00e9r<\/li>\n<li><strong>Haszn\u00e1lat: <\/strong> Kemping T\u00far\u00e1z\u00e1s Utaz\u00e1s<\/li>\n<li><strong>M\u00e9ret: <\/strong> 210*210*170cm<\/li>\n<li><strong>S\u00faly : <\/strong> 12 kg<\/li>\n<li><strong>Csomag m\u00e9rete : <\/strong> 67*30*26cm<\/li>\n<li><strong>Padl\u00f3 : <\/strong> 200D Oxford<\/li>\n<li><strong>Kapacit\u00e1s: <\/strong> 3-4 f\u0151<\/li>\n<li><strong>Sz\u00e1ll\u00edt\u00e1si id\u0151 : <\/strong> 20 nap<\/li>\n<\/ul>\n<div>\n<div data-section=\"AliPostDhMb-k8t1e\" data-section-title=\"Product Description\">\n<div>\n<p>R\u00e9szletes fot\u00f3<\/p>\n<p>&nbsp;<\/p>\n<p><img loading=\"lazy\" decoding=\"async\" src=\"\/\/sc04.alicdn.com\/kf\/H5cea2c7426ac4dd995ca705cbfb55bc2g\/274217001\/H5cea2c7426ac4dd995ca705cbfb55bc2g.jpg\" alt=\"V\u00edz\u00e1ll\u00f3 kemping kieg\u00e9sz\u00edt\u0151k s\u00e1trak kemping k\u00fclt\u00e9ri glamping s\u00e1tor k\u00fclt\u00e9ri glamping Felf\u00fajhat\u00f3 s\u00e1tor\" width=\"750\" height=\"750\" data-src=\"\/\/sc04.alicdn.com\/kf\/H5cea2c7426ac4dd995ca705cbfb55bc2g\/274217001\/H5cea2c7426ac4dd995ca705cbfb55bc2g.jpg\" data-alt=\"Waterproof camping accessories tents camping outdoor glamping tent outdoor glamping Inflatable tent\" \/><img loading=\"lazy\" decoding=\"async\" src=\"\/\/sc04.alicdn.com\/kf\/Hbb3afb90eb0049f28a07a8e89fac5bf7J\/274217001\/Hbb3afb90eb0049f28a07a8e89fac5bf7J.jpg\" alt=\"V\u00edz\u00e1ll\u00f3 kemping kieg\u00e9sz\u00edt\u0151k s\u00e1trak kemping k\u00fclt\u00e9ri glamping s\u00e1tor k\u00fclt\u00e9ri glamping Felf\u00fajhat\u00f3 s\u00e1tor\" width=\"750\" height=\"750\" data-src=\"\/\/sc04.alicdn.com\/kf\/Hbb3afb90eb0049f28a07a8e89fac5bf7J\/274217001\/Hbb3afb90eb0049f28a07a8e89fac5bf7J.jpg\" data-alt=\"Waterproof camping accessories tents camping outdoor glamping tent outdoor glamping Inflatable tent\" \/><img loading=\"lazy\" decoding=\"async\" src=\"\/\/sc04.alicdn.com\/kf\/H089e635b38ee41a9b58cd381cfe6d302b\/274217001\/H089e635b38ee41a9b58cd381cfe6d302b.jpg\" alt=\"V\u00edz\u00e1ll\u00f3 kemping kieg\u00e9sz\u00edt\u0151k s\u00e1trak kemping k\u00fclt\u00e9ri glamping s\u00e1tor k\u00fclt\u00e9ri glamping Felf\u00fajhat\u00f3 s\u00e1tor\" width=\"750\" height=\"750\" data-src=\"\/\/sc04.alicdn.com\/kf\/H089e635b38ee41a9b58cd381cfe6d302b\/274217001\/H089e635b38ee41a9b58cd381cfe6d302b.jpg\" data-alt=\"Waterproof camping accessories tents camping outdoor glamping tent outdoor glamping Inflatable tent\" \/><img loading=\"lazy\" decoding=\"async\" src=\"\/\/sc04.alicdn.com\/kf\/Ha94c4400b73b4596978f065573cb87cee\/274217001\/Ha94c4400b73b4596978f065573cb87cee.jpg\" alt=\"V\u00edz\u00e1ll\u00f3 kemping kieg\u00e9sz\u00edt\u0151k s\u00e1trak kemping k\u00fclt\u00e9ri glamping s\u00e1tor k\u00fclt\u00e9ri glamping Felf\u00fajhat\u00f3 s\u00e1tor\" width=\"750\" height=\"750\" data-src=\"\/\/sc04.alicdn.com\/kf\/Ha94c4400b73b4596978f065573cb87cee\/274217001\/Ha94c4400b73b4596978f065573cb87cee.jpg\" data-alt=\"Waterproof camping accessories tents camping outdoor glamping tent outdoor glamping Inflatable tent\" \/><img loading=\"lazy\" decoding=\"async\" src=\"\/\/sc04.alicdn.com\/kf\/Hded5cbfed989488a8de5e4d80cf48e097\/274217001\/Hded5cbfed989488a8de5e4d80cf48e097.jpg\" alt=\"V\u00edz\u00e1ll\u00f3 kemping kieg\u00e9sz\u00edt\u0151k s\u00e1trak kemping k\u00fclt\u00e9ri glamping s\u00e1tor k\u00fclt\u00e9ri glamping Felf\u00fajhat\u00f3 s\u00e1tor\" width=\"750\" height=\"750\" data-src=\"\/\/sc04.alicdn.com\/kf\/Hded5cbfed989488a8de5e4d80cf48e097\/274217001\/Hded5cbfed989488a8de5e4d80cf48e097.jpg\" data-alt=\"Waterproof camping accessories tents camping outdoor glamping tent outdoor glamping Inflatable tent\" \/><img loading=\"lazy\" decoding=\"async\" src=\"\/\/sc04.alicdn.com\/kf\/Haf76e7a49e694dbf8c276fb59456b6b08\/274217001\/Haf76e7a49e694dbf8c276fb59456b6b08.jpg\" alt=\"V\u00edz\u00e1ll\u00f3 kemping kieg\u00e9sz\u00edt\u0151k s\u00e1trak kemping k\u00fclt\u00e9ri glamping s\u00e1tor k\u00fclt\u00e9ri glamping Felf\u00fajhat\u00f3 s\u00e1tor\" width=\"750\" height=\"750\" data-src=\"\/\/sc04.alicdn.com\/kf\/Haf76e7a49e694dbf8c276fb59456b6b08\/274217001\/Haf76e7a49e694dbf8c276fb59456b6b08.jpg\" data-alt=\"Waterproof camping accessories tents camping outdoor glamping tent outdoor glamping Inflatable tent\" \/><\/p>\n<\/div>\n<\/div>\n<div data-section=\"AliPostDhMb-h1rt6\" data-section-title=\"FAQ\">\n<div><\/div>\n<\/div>\n<\/div>","protected":false},"excerpt":{"rendered":"<p>Sz\u00f6vet: Poli\u00e9szter k\u00fcls\u0151 s\u00e1tor v\u00edz\u00e1ll\u00f3s\u00e1gi indexe: &gt;3000 mm als\u00f3 v\u00edz\u00e1ll\u00f3s\u00e1gi index: &gt;3000 mm \u00c9p\u00fclet t\u00edpusa: Gyorsan ny\u00edl\u00f3, automatikusan ny\u00edl\u00f3 s\u00e1tor St\u00edlusa: Hosszabb\u00edtott t\u00edpus, Cs\u0151 t\u00edpus\u00fa S\u00e1tor t\u00f6v\u00e9s szezon: N\u00e9gy \u00e9vszakos s\u00e1tor szerkezete: egy h\u00e1l\u00f3szob\u00e1s Term\u00e9kn\u00e9v: K\u00fclt\u00e9ri kemping felf\u00fajhat\u00f3 s\u00e1tor sz\u00edne : feh\u00e9r Felhaszn\u00e1l\u00e1s : Kemping T\u00far\u00e1z\u00e1s Utaz\u00f3 m\u00e9ret<\/p>\n<div class=\"read-more\"><a class=\"btn btn-fill-out\" href=\"https:\/\/uoogear.com\/hu\/termek\/waterproof-camping-accessories-tents-camping-outdoor-glamping-tent-outdoor-glamping-inflatable-tent\/\">Olvass tov\u00e1bb<\/a><\/div>","protected":false},"featured_media":4408,"template":"","meta":[],"product_brand":[],"product_cat":[15],"product_tag":[],"class_list":{"0":"post-4409","1":"product","2":"type-product","3":"status-publish","4":"has-post-thumbnail","6":"product_cat-uncategorized","7":"tm-no-options","9":"first","10":"instock","11":"shipping-taxable","12":"purchasable","13":"product-type-variable"},"_links":{"self":[{"href":"https:\/\/uoogear.com\/hu\/wp-json\/wp\/v2\/product\/4409","targetHints":{"allow":["GET"]}}],"collection":[{"href":"https:\/\/uoogear.com\/hu\/wp-json\/wp\/v2\/product"}],"about":[{"href":"https:\/\/uoogear.com\/hu\/wp-json\/wp\/v2\/types\/product"}],"wp:featuredmedia":[{"embeddable":true,"href":"https:\/\/uoogear.com\/hu\/wp-json\/wp\/v2\/media\/4408"}],"wp:attachment":[{"href":"https:\/\/uoogear.com\/hu\/wp-json\/wp\/v2\/media?parent=4409"}],"wp:term":[{"taxonomy":"product_brand","embeddable":true,"href":"https:\/\/uoogear.com\/hu\/wp-json\/wp\/v2\/product_brand?post=4409"},{"taxonomy":"product_cat","embeddable":true,"href":"https:\/\/uoogear.com\/hu\/wp-json\/wp\/v2\/product_cat?post=4409"},{"taxonomy":"product_tag","embeddable":true,"href":"https:\/\/uoogear.com\/hu\/wp-json\/wp\/v2\/product_tag?post=4409"}],"curies":[{"name":"wp","href":"https:\/\/api.w.org\/{rel}","templated":true}]}}