{"id":4417,"date":"2023-11-13T12:52:12","date_gmt":"2023-11-13T12:52:12","guid":{"rendered":"https:\/\/uoogear.com\/product\/large-canvas-tents-inflatable-air-tourist-tent-from-cabin-camping-outdoor-waterproof-for-hiking-and-travelling\/"},"modified":"2023-11-30T02:31:46","modified_gmt":"2023-11-30T02:31:46","slug":"large-canvas-tents-inflatable-air-tourist-tent-from-cabin-camping-outdoor-waterproof-for-hiking-and-travelling","status":"publish","type":"product","link":"https:\/\/uoogear.com\/hu\/termek\/large-canvas-tents-inflatable-air-tourist-tent-from-cabin-camping-outdoor-waterproof-for-hiking-and-travelling\/","title":{"rendered":"Nagy v\u00e1szon s\u00e1trak Felf\u00fajhat\u00f3 l\u00e9gi turistas\u00e1tor a kemping kabinb\u00f3l k\u00fclt\u00e9ri v\u00edz\u00e1ll\u00f3 t\u00far\u00e1z\u00e1shoz \u00e9s utaz\u00e1shoz"},"content":{"rendered":"<ul>\n<li><strong>Sz\u00f6vet: <\/strong> Oxford<\/li>\n<li><strong>K\u00fcls\u0151 s\u00e1tor v\u00edz\u00e1ll\u00f3s\u00e1gi indexe: <\/strong> 2000-3000 mm<\/li>\n<li><strong>Als\u00f3 v\u00edz\u00e1ll\u00f3s\u00e1gi index: <\/strong> 1500-2000 mm<\/li>\n<li><strong>\u00c9p\u00fclet t\u00edpusa: <\/strong> Gyors automatikus nyit\u00e1s<\/li>\n<li><strong>S\u00e1tor st\u00edlusa: <\/strong> Trigone\/V-t\u00edpus\u00fa k\u00f6sz\u00f6r\u00fclt szeg<\/li>\n<li><strong>\u00c9vad : <\/strong> N\u00e9gy \u00e9vszakos s\u00e1tor, h\u00e1rom \u00e9vszakos s\u00e1tor<\/li>\n<li><strong>Szerkezet : <\/strong> Egy h\u00e1l\u00f3szoba<\/li>\n<li><strong>Term\u00e9k n\u00e9v : <\/strong> Szabadt\u00e9ri kemping s\u00e1tor<\/li>\n<li><strong>Sz\u00edn: <\/strong> Khaki<\/li>\n<li><strong>Haszn\u00e1lat: <\/strong> Kemping T\u00far\u00e1z\u00e1s Utaz\u00e1s<\/li>\n<li><strong>M\u00e9ret: <\/strong> 300*200*200cm<\/li>\n<li><strong>S\u00faly : <\/strong> 16 kg<\/li>\n<li><strong>Padl\u00f3 : <\/strong> Oxford<\/li>\n<li><strong>Kapacit\u00e1s: <\/strong> 3-4 f\u0151<\/li>\n<li><strong>Sz\u00e1ll\u00edt\u00e1si id\u0151 : <\/strong> 20 nap<\/li>\n<li><strong>Csomagol\u00e1s: <\/strong> 1 db\/polit\u00e1ska<\/li>\n<\/ul>\n<div>\n<div data-section=\"AliPostDhMb-uunfl\" data-section-title=\"Product Description\">\n<div>term\u00e9kle\u00edr\u00e1s<\/div>\n<div>\n<p>Nagy v\u00e1szon s\u00e1trak Felf\u00fajhat\u00f3 l\u00e9gi turistas\u00e1tor a kemping kabinb\u00f3l k\u00fclt\u00e9ri v\u00edz\u00e1ll\u00f3 t\u00far\u00e1z\u00e1shoz \u00e9s utaz\u00e1shoz<\/p>\n<\/div>\n<\/div>\n<p><strong><em>A sz\u00edn \u00e9s a m\u00e9ret ig\u00e9ny szerint testreszabhat\u00f3!<\/em><\/strong><\/p>\n<div><\/div>\n<div>R\u00e9szletes fot\u00f3<\/div>\n<div><\/div>\n<p><img decoding=\"async\" src=\"\/\/sc04.alicdn.com\/kf\/H63608db4db8a455a842461b944da215bA\/274217001\/H63608db4db8a455a842461b944da215bA.jpg\" alt=\"Nagy v\u00e1szon s\u00e1trak Felf\u00fajhat\u00f3 l\u00e9gi turistas\u00e1tor a kemping kabinb\u00f3l k\u00fclt\u00e9ri v\u00edz\u00e1ll\u00f3 t\u00far\u00e1z\u00e1shoz \u00e9s utaz\u00e1shoz\" width=\"750\" height=\"504.37500000000006\" data-src=\"\/\/sc04.alicdn.com\/kf\/H63608db4db8a455a842461b944da215bA\/274217001\/H63608db4db8a455a842461b944da215bA.jpg\" data-alt=\"Large Canvas Tents Inflatable Air Tourist Tent From Cabin Camping Outdoor Waterproof For Hiking and Travelling\" \/><\/p>\n<p><img loading=\"lazy\" decoding=\"async\" src=\"\/\/sc04.alicdn.com\/kf\/H4d99fe1bb1d34ee19370ebd12d8cf8fda\/274217001\/H4d99fe1bb1d34ee19370ebd12d8cf8fda.jpeg\" alt=\"Nagy v\u00e1szon s\u00e1trak Felf\u00fajhat\u00f3 l\u00e9gi turistas\u00e1tor a kemping kabinb\u00f3l k\u00fclt\u00e9ri v\u00edz\u00e1ll\u00f3 t\u00far\u00e1z\u00e1shoz \u00e9s utaz\u00e1shoz\" width=\"750\" height=\"750\" data-src=\"\/\/sc04.alicdn.com\/kf\/H4d99fe1bb1d34ee19370ebd12d8cf8fda\/274217001\/H4d99fe1bb1d34ee19370ebd12d8cf8fda.jpeg\" data-alt=\"Large Canvas Tents Inflatable Air Tourist Tent From Cabin Camping Outdoor Waterproof For Hiking and Travelling\" \/><img loading=\"lazy\" decoding=\"async\" src=\"\/\/sc04.alicdn.com\/kf\/H08767252a32b463ca2e68a5c7cdd225bI\/274217001\/H08767252a32b463ca2e68a5c7cdd225bI.jpeg\" alt=\"Nagy v\u00e1szon s\u00e1trak Felf\u00fajhat\u00f3 l\u00e9gi turistas\u00e1tor a kemping kabinb\u00f3l k\u00fclt\u00e9ri v\u00edz\u00e1ll\u00f3 t\u00far\u00e1z\u00e1shoz \u00e9s utaz\u00e1shoz\" width=\"750\" height=\"750\" data-src=\"\/\/sc04.alicdn.com\/kf\/H08767252a32b463ca2e68a5c7cdd225bI\/274217001\/H08767252a32b463ca2e68a5c7cdd225bI.jpeg\" data-alt=\"Large Canvas Tents Inflatable Air Tourist Tent From Cabin Camping Outdoor Waterproof For Hiking and Travelling\" \/><img loading=\"lazy\" decoding=\"async\" src=\"\/\/sc04.alicdn.com\/kf\/Hfcc1c9d63b874da59c734e4556a927786\/274217001\/Hfcc1c9d63b874da59c734e4556a927786.jpeg\" alt=\"Nagy v\u00e1szon s\u00e1trak Felf\u00fajhat\u00f3 l\u00e9gi turistas\u00e1tor a kemping kabinb\u00f3l k\u00fclt\u00e9ri v\u00edz\u00e1ll\u00f3 t\u00far\u00e1z\u00e1shoz \u00e9s utaz\u00e1shoz\" width=\"750\" height=\"750\" data-src=\"\/\/sc04.alicdn.com\/kf\/Hfcc1c9d63b874da59c734e4556a927786\/274217001\/Hfcc1c9d63b874da59c734e4556a927786.jpeg\" data-alt=\"Large Canvas Tents Inflatable Air Tourist Tent From Cabin Camping Outdoor Waterproof For Hiking and Travelling\" \/><img loading=\"lazy\" decoding=\"async\" src=\"\/\/sc04.alicdn.com\/kf\/Hfd119202cccb4d208dbed1da0e78e69a5\/274217001\/Hfd119202cccb4d208dbed1da0e78e69a5.jpeg\" alt=\"Nagy v\u00e1szon s\u00e1trak Felf\u00fajhat\u00f3 l\u00e9gi turistas\u00e1tor a kemping kabinb\u00f3l k\u00fclt\u00e9ri v\u00edz\u00e1ll\u00f3 t\u00far\u00e1z\u00e1shoz \u00e9s utaz\u00e1shoz\" width=\"750\" height=\"750\" data-src=\"\/\/sc04.alicdn.com\/kf\/Hfd119202cccb4d208dbed1da0e78e69a5\/274217001\/Hfd119202cccb4d208dbed1da0e78e69a5.jpeg\" data-alt=\"Large Canvas Tents Inflatable Air Tourist Tent From Cabin Camping Outdoor Waterproof For Hiking and Travelling\" \/><img loading=\"lazy\" decoding=\"async\" src=\"\/\/sc04.alicdn.com\/kf\/Hdc0cffe4d8df4611989bcbec79772a13t\/274217001\/Hdc0cffe4d8df4611989bcbec79772a13t.jpeg\" alt=\"Nagy v\u00e1szon s\u00e1trak Felf\u00fajhat\u00f3 l\u00e9gi turistas\u00e1tor a kemping kabinb\u00f3l k\u00fclt\u00e9ri v\u00edz\u00e1ll\u00f3 t\u00far\u00e1z\u00e1shoz \u00e9s utaz\u00e1shoz\" width=\"750\" height=\"750\" data-src=\"\/\/sc04.alicdn.com\/kf\/Hdc0cffe4d8df4611989bcbec79772a13t\/274217001\/Hdc0cffe4d8df4611989bcbec79772a13t.jpeg\" data-alt=\"Large Canvas Tents Inflatable Air Tourist Tent From Cabin Camping Outdoor Waterproof For Hiking and Travelling\" \/><img loading=\"lazy\" decoding=\"async\" src=\"\/\/sc04.alicdn.com\/kf\/H65397663cdcb40358f8a144753638848O\/274217001\/H65397663cdcb40358f8a144753638848O.jpeg\" alt=\"Nagy v\u00e1szon s\u00e1trak Felf\u00fajhat\u00f3 l\u00e9gi turistas\u00e1tor a kemping kabinb\u00f3l k\u00fclt\u00e9ri v\u00edz\u00e1ll\u00f3 t\u00far\u00e1z\u00e1shoz \u00e9s utaz\u00e1shoz\" width=\"750\" height=\"750\" data-src=\"\/\/sc04.alicdn.com\/kf\/H65397663cdcb40358f8a144753638848O\/274217001\/H65397663cdcb40358f8a144753638848O.jpeg\" data-alt=\"Large Canvas Tents Inflatable Air Tourist Tent From Cabin Camping Outdoor Waterproof For Hiking and Travelling\" \/><\/p>\n<p>&nbsp;<\/p>\n<div data-section=\"AliPostDhMb-gmyk2\" data-section-title=\"FAQ\">\n<div><\/div>\n<\/div>\n<\/div>","protected":false},"excerpt":{"rendered":"<p>Sz\u00f6vet: Oxford k\u00fcls\u0151 s\u00e1tor v\u00edz\u00e1ll\u00f3s\u00e1gi indexe: 2000-3000 mm als\u00f3 v\u00edz\u00e1ll\u00f3s\u00e1gi index: 1500-2000 mm \u00e9p\u00fclet t\u00edpusa: gyorsan ny\u00edl\u00f3 s\u00e1tor St\u00edlusa: trigone\/V-t\u00edpus\u00fa talajszeg Szezon: n\u00e9gy \u00e9vszakos s\u00e1tor, h\u00e1rom \u00e9vszakos s\u00e1tor H\u00e1l\u00f3szoba Term\u00e9kn\u00e9v: K\u00fclt\u00e9ri kempings\u00e1tor Sz\u00edn: Khaki Haszn\u00e1lat: Kemping T\u00far\u00e1z\u00e1s Utaz\u00e1si m\u00e9ret: 300*200*200cm<\/p>\n<div class=\"read-more\"><a class=\"btn btn-fill-out\" href=\"https:\/\/uoogear.com\/hu\/termek\/large-canvas-tents-inflatable-air-tourist-tent-from-cabin-camping-outdoor-waterproof-for-hiking-and-travelling\/\">Olvass tov\u00e1bb<\/a><\/div>","protected":false},"featured_media":4416,"template":"","meta":[],"product_brand":[],"product_cat":[15],"product_tag":[],"class_list":{"0":"post-4417","1":"product","2":"type-product","3":"status-publish","4":"has-post-thumbnail","6":"product_cat-uncategorized","7":"tm-no-options","9":"first","10":"instock","11":"shipping-taxable","12":"purchasable","13":"product-type-variable"},"_links":{"self":[{"href":"https:\/\/uoogear.com\/hu\/wp-json\/wp\/v2\/product\/4417","targetHints":{"allow":["GET"]}}],"collection":[{"href":"https:\/\/uoogear.com\/hu\/wp-json\/wp\/v2\/product"}],"about":[{"href":"https:\/\/uoogear.com\/hu\/wp-json\/wp\/v2\/types\/product"}],"wp:featuredmedia":[{"embeddable":true,"href":"https:\/\/uoogear.com\/hu\/wp-json\/wp\/v2\/media\/4416"}],"wp:attachment":[{"href":"https:\/\/uoogear.com\/hu\/wp-json\/wp\/v2\/media?parent=4417"}],"wp:term":[{"taxonomy":"product_brand","embeddable":true,"href":"https:\/\/uoogear.com\/hu\/wp-json\/wp\/v2\/product_brand?post=4417"},{"taxonomy":"product_cat","embeddable":true,"href":"https:\/\/uoogear.com\/hu\/wp-json\/wp\/v2\/product_cat?post=4417"},{"taxonomy":"product_tag","embeddable":true,"href":"https:\/\/uoogear.com\/hu\/wp-json\/wp\/v2\/product_tag?post=4417"}],"curies":[{"name":"wp","href":"https:\/\/api.w.org\/{rel}","templated":true}]}}