{"id":4433,"date":"2023-11-13T12:54:47","date_gmt":"2023-11-13T12:54:47","guid":{"rendered":"https:\/\/uoogear.com\/product\/advanced-waterproof-camping-accessories-outdoor-waterproof-glamping-tent-luxury-tents-camping-outdoor-inflatable-tent\/"},"modified":"2023-11-30T02:17:50","modified_gmt":"2023-11-30T02:17:50","slug":"advanced-waterproof-camping-accessories-outdoor-waterproof-glamping-tent-luxury-tents-camping-outdoor-inflatable-tent","status":"publish","type":"product","link":"https:\/\/uoogear.com\/hu\/termek\/advanced-waterproof-camping-accessories-outdoor-waterproof-glamping-tent-luxury-tents-camping-outdoor-inflatable-tent\/","title":{"rendered":"Fejlett v\u00edz\u00e1ll\u00f3 kemping kieg\u00e9sz\u00edt\u0151k k\u00fclt\u00e9ri v\u00edz\u00e1ll\u00f3 glamping s\u00e1tor luxus s\u00e1trak kemping szabadt\u00e9ri Felf\u00fajhat\u00f3 s\u00e1tor"},"content":{"rendered":"<ul>\n<li><strong>Sz\u00f6vet: <\/strong> Pamut<\/li>\n<li><strong>K\u00fcls\u0151 s\u00e1tor v\u00edz\u00e1ll\u00f3s\u00e1gi indexe: <\/strong> &gt;3000 mm<\/li>\n<li><strong>Als\u00f3 v\u00edz\u00e1ll\u00f3s\u00e1gi index: <\/strong> &gt;3000 mm<\/li>\n<li><strong>S\u00e1tor st\u00edlusa: <\/strong> Kiterjesztett t\u00edpus\u00fa, cs\u0151 t\u00edpus\u00fa s\u00e1tor kar\u00f3<\/li>\n<li><strong>\u00c9vad : <\/strong> N\u00e9gy \u00e9vszakos s\u00e1tor<\/li>\n<li><strong>Szerkezet : <\/strong> Egy h\u00e1l\u00f3szoba<\/li>\n<li><strong>Term\u00e9k n\u00e9v : <\/strong> K\u00fclt\u00e9ri kemping felf\u00fajhat\u00f3 s\u00e1tor<\/li>\n<li><strong>Sz\u00edn: <\/strong> feh\u00e9r<\/li>\n<li><strong>Haszn\u00e1lat: <\/strong> Kemping T\u00far\u00e1z\u00e1s Utaz\u00e1s<\/li>\n<li><strong>M\u00e9ret: <\/strong> 360*360*220cm<\/li>\n<li><strong>Csomagol\u00e1s m\u00e9rete: <\/strong> 95*55*65cm<\/li>\n<li><strong>S\u00faly : <\/strong> 35,7 kg<\/li>\n<li><strong>Padl\u00f3 : <\/strong> PE<\/li>\n<li><strong>Kapacit\u00e1s: <\/strong> 6-8 f\u0151<\/li>\n<li><strong>Sz\u00e1ll\u00edt\u00e1si id\u0151 : <\/strong> 20 nap<\/li>\n<\/ul>\n<div>\n<div data-section=\"AliPostDhMb-k8t1e\" data-section-title=\"Product Description\">\n<div>term\u00e9kle\u00edr\u00e1s<\/div>\n<div>\n<p>Fejlett v\u00edz\u00e1ll\u00f3 kemping kieg\u00e9sz\u00edt\u0151k k\u00fclt\u00e9ri v\u00edz\u00e1ll\u00f3 glamping s\u00e1tor luxus s\u00e1trak kemping szabadt\u00e9ri Felf\u00fajhat\u00f3 s\u00e1tor<\/p>\n<p>R\u00e9szletes fot\u00f3<\/p>\n<p>&nbsp;<\/p>\n<p><img loading=\"lazy\" decoding=\"async\" class=\"alignnone size-full wp-image-5132\" src=\"https:\/\/uoogear.com\/wp-content\/uploads\/2023\/11\/H63608db4db8a455a842461b944da215bA.jpg\" alt=\"Fejlett v\u00edz\u00e1ll\u00f3 kemping kieg\u00e9sz\u00edt\u0151k k\u00fclt\u00e9ri v\u00edz\u00e1ll\u00f3 glamping s\u00e1tor luxus s\u00e1trak kemping szabadt\u00e9ri Felf\u00fajhat\u00f3 s\u00e1tor\" width=\"800\" height=\"538\" srcset=\"https:\/\/uoogear.com\/wp-content\/uploads\/2023\/11\/H63608db4db8a455a842461b944da215bA.jpg 800w, https:\/\/uoogear.com\/wp-content\/uploads\/2023\/11\/H63608db4db8a455a842461b944da215bA-300x202.jpg 300w, https:\/\/uoogear.com\/wp-content\/uploads\/2023\/11\/H63608db4db8a455a842461b944da215bA-768x516.jpg 768w, https:\/\/uoogear.com\/wp-content\/uploads\/2023\/11\/H63608db4db8a455a842461b944da215bA-600x404.jpg 600w, https:\/\/uoogear.com\/wp-content\/uploads\/2023\/11\/H63608db4db8a455a842461b944da215bA-80x54.jpg 80w\" sizes=\"auto, (max-width: 800px) 100vw, 800px\" \/><img loading=\"lazy\" decoding=\"async\" src=\"\/\/sc04.alicdn.com\/kf\/Hcced147895924c0fa738647a2327a15bV\/274217001\/Hcced147895924c0fa738647a2327a15bV.jpg\" alt=\"Fejlett v\u00edz\u00e1ll\u00f3 kemping kieg\u00e9sz\u00edt\u0151k k\u00fclt\u00e9ri v\u00edz\u00e1ll\u00f3 glamping s\u00e1tor luxus s\u00e1trak kemping szabadt\u00e9ri Felf\u00fajhat\u00f3 s\u00e1tor\" width=\"750\" height=\"750\" data-src=\"\/\/sc04.alicdn.com\/kf\/Hcced147895924c0fa738647a2327a15bV\/274217001\/Hcced147895924c0fa738647a2327a15bV.jpg\" data-alt=\"Advanced waterproof camping accessories outdoor waterproof glamping tent luxury tents camping outdoor Inflatable tent\" \/><img loading=\"lazy\" decoding=\"async\" src=\"\/\/sc04.alicdn.com\/kf\/H6a9e84c5b6d14782b30a48eba680d72dj\/274217001\/H6a9e84c5b6d14782b30a48eba680d72dj.jpg\" alt=\"Fejlett v\u00edz\u00e1ll\u00f3 kemping kieg\u00e9sz\u00edt\u0151k k\u00fclt\u00e9ri v\u00edz\u00e1ll\u00f3 glamping s\u00e1tor luxus s\u00e1trak kemping szabadt\u00e9ri Felf\u00fajhat\u00f3 s\u00e1tor\" width=\"750\" height=\"750\" data-src=\"\/\/sc04.alicdn.com\/kf\/H6a9e84c5b6d14782b30a48eba680d72dj\/274217001\/H6a9e84c5b6d14782b30a48eba680d72dj.jpg\" data-alt=\"Advanced waterproof camping accessories outdoor waterproof glamping tent luxury tents camping outdoor Inflatable tent\" \/><img loading=\"lazy\" decoding=\"async\" src=\"\/\/sc04.alicdn.com\/kf\/H895e44de1f4c49668d37f1069186dc60I\/274217001\/H895e44de1f4c49668d37f1069186dc60I.jpg\" alt=\"Fejlett v\u00edz\u00e1ll\u00f3 kemping kieg\u00e9sz\u00edt\u0151k k\u00fclt\u00e9ri v\u00edz\u00e1ll\u00f3 glamping s\u00e1tor luxus s\u00e1trak kemping szabadt\u00e9ri Felf\u00fajhat\u00f3 s\u00e1tor\" width=\"750\" height=\"750\" data-src=\"\/\/sc04.alicdn.com\/kf\/H895e44de1f4c49668d37f1069186dc60I\/274217001\/H895e44de1f4c49668d37f1069186dc60I.jpg\" data-alt=\"Advanced waterproof camping accessories outdoor waterproof glamping tent luxury tents camping outdoor Inflatable tent\" \/><img loading=\"lazy\" decoding=\"async\" src=\"\/\/sc04.alicdn.com\/kf\/Heede9f4a89564b14b5bafafe094d8f56o\/274217001\/Heede9f4a89564b14b5bafafe094d8f56o.jpg\" alt=\"Fejlett v\u00edz\u00e1ll\u00f3 kemping kieg\u00e9sz\u00edt\u0151k k\u00fclt\u00e9ri v\u00edz\u00e1ll\u00f3 glamping s\u00e1tor luxus s\u00e1trak kemping szabadt\u00e9ri Felf\u00fajhat\u00f3 s\u00e1tor\" width=\"750\" height=\"750\" data-src=\"\/\/sc04.alicdn.com\/kf\/Heede9f4a89564b14b5bafafe094d8f56o\/274217001\/Heede9f4a89564b14b5bafafe094d8f56o.jpg\" data-alt=\"Advanced waterproof camping accessories outdoor waterproof glamping tent luxury tents camping outdoor Inflatable tent\" \/><img loading=\"lazy\" decoding=\"async\" src=\"\/\/sc04.alicdn.com\/kf\/H05c734515955471ca76b4671b4b39f40d\/274217001\/H05c734515955471ca76b4671b4b39f40d.jpg\" alt=\"Fejlett v\u00edz\u00e1ll\u00f3 kemping kieg\u00e9sz\u00edt\u0151k k\u00fclt\u00e9ri v\u00edz\u00e1ll\u00f3 glamping s\u00e1tor luxus s\u00e1trak kemping szabadt\u00e9ri Felf\u00fajhat\u00f3 s\u00e1tor\" width=\"750\" height=\"750\" data-src=\"\/\/sc04.alicdn.com\/kf\/H05c734515955471ca76b4671b4b39f40d\/274217001\/H05c734515955471ca76b4671b4b39f40d.jpg\" data-alt=\"Advanced waterproof camping accessories outdoor waterproof glamping tent luxury tents camping outdoor Inflatable tent\" \/><img loading=\"lazy\" decoding=\"async\" src=\"\/\/sc04.alicdn.com\/kf\/H3b795ce144d44edbaaa8e79665baa3faI\/274217001\/H3b795ce144d44edbaaa8e79665baa3faI.jpg\" alt=\"Fejlett v\u00edz\u00e1ll\u00f3 kemping kieg\u00e9sz\u00edt\u0151k k\u00fclt\u00e9ri v\u00edz\u00e1ll\u00f3 glamping s\u00e1tor luxus s\u00e1trak kemping szabadt\u00e9ri Felf\u00fajhat\u00f3 s\u00e1tor\" width=\"750\" height=\"750\" data-src=\"\/\/sc04.alicdn.com\/kf\/H3b795ce144d44edbaaa8e79665baa3faI\/274217001\/H3b795ce144d44edbaaa8e79665baa3faI.jpg\" data-alt=\"Advanced waterproof camping accessories outdoor waterproof glamping tent luxury tents camping outdoor Inflatable tent\" \/><img loading=\"lazy\" decoding=\"async\" src=\"\/\/sc04.alicdn.com\/kf\/H8f2023628faa4fa1a54c9063d8ac1fd7Y\/274217001\/H8f2023628faa4fa1a54c9063d8ac1fd7Y.jpg\" alt=\"Fejlett v\u00edz\u00e1ll\u00f3 kemping kieg\u00e9sz\u00edt\u0151k k\u00fclt\u00e9ri v\u00edz\u00e1ll\u00f3 glamping s\u00e1tor luxus s\u00e1trak kemping szabadt\u00e9ri Felf\u00fajhat\u00f3 s\u00e1tor\" width=\"750\" height=\"750\" data-src=\"\/\/sc04.alicdn.com\/kf\/H8f2023628faa4fa1a54c9063d8ac1fd7Y\/274217001\/H8f2023628faa4fa1a54c9063d8ac1fd7Y.jpg\" data-alt=\"Advanced waterproof camping accessories outdoor waterproof glamping tent luxury tents camping outdoor Inflatable tent\" \/><\/p>\n<\/div>\n<\/div>\n<div data-section=\"AliPostDhMb-h1rt6\" data-section-title=\"FAQ\">\n<div><\/div>\n<\/div>\n<\/div>","protected":false},"excerpt":{"rendered":"<p>Sz\u00f6vet: Pamut k\u00fcls\u0151 s\u00e1tor v\u00edz\u00e1ll\u00f3s\u00e1gi indexe: &gt;3000 mm als\u00f3 v\u00edz\u00e1ll\u00f3s\u00e1gi index: &gt;3000 mm s\u00e1torst\u00edlus: kiterjesztett t\u00edpus, cs\u0151 t\u00edpus\u00fa s\u00e1tor t\u00f6v\u00e9s szezon: n\u00e9gy \u00e9vszakos s\u00e1tor szerkezete: egy h\u00e1l\u00f3szob\u00e1s Term\u00e9k neve: K\u00fclt\u00e9ri kemping felf\u00fajhat\u00f3 Us s\u00e1tor Sz\u00edne: Feh\u00e9r Kemping T\u00far\u00e1z\u00e1s Utaz\u00e1si m\u00e9ret: 360*360*220cm Csomagol\u00e1si m\u00e9ret: 95*55*65cm<\/p>\n<div class=\"read-more\"><a class=\"btn btn-fill-out\" href=\"https:\/\/uoogear.com\/hu\/termek\/advanced-waterproof-camping-accessories-outdoor-waterproof-glamping-tent-luxury-tents-camping-outdoor-inflatable-tent\/\">Olvass tov\u00e1bb<\/a><\/div>","protected":false},"featured_media":4432,"template":"","meta":[],"product_brand":[],"product_cat":[15],"product_tag":[],"class_list":{"0":"post-4433","1":"product","2":"type-product","3":"status-publish","4":"has-post-thumbnail","6":"product_cat-uncategorized","7":"tm-no-options","9":"first","10":"instock","11":"shipping-taxable","12":"purchasable","13":"product-type-variable"},"_links":{"self":[{"href":"https:\/\/uoogear.com\/hu\/wp-json\/wp\/v2\/product\/4433","targetHints":{"allow":["GET"]}}],"collection":[{"href":"https:\/\/uoogear.com\/hu\/wp-json\/wp\/v2\/product"}],"about":[{"href":"https:\/\/uoogear.com\/hu\/wp-json\/wp\/v2\/types\/product"}],"wp:featuredmedia":[{"embeddable":true,"href":"https:\/\/uoogear.com\/hu\/wp-json\/wp\/v2\/media\/4432"}],"wp:attachment":[{"href":"https:\/\/uoogear.com\/hu\/wp-json\/wp\/v2\/media?parent=4433"}],"wp:term":[{"taxonomy":"product_brand","embeddable":true,"href":"https:\/\/uoogear.com\/hu\/wp-json\/wp\/v2\/product_brand?post=4433"},{"taxonomy":"product_cat","embeddable":true,"href":"https:\/\/uoogear.com\/hu\/wp-json\/wp\/v2\/product_cat?post=4433"},{"taxonomy":"product_tag","embeddable":true,"href":"https:\/\/uoogear.com\/hu\/wp-json\/wp\/v2\/product_tag?post=4433"}],"curies":[{"name":"wp","href":"https:\/\/api.w.org\/{rel}","templated":true}]}}