{"id":4441,"date":"2023-11-13T12:55:53","date_gmt":"2023-11-13T12:55:53","guid":{"rendered":"https:\/\/uoogear.com\/product\/customized-camping-equipment-outdoor-waterproof-camping-glamping-tent-luxury-tents-camping-outdoor-inflatable-tent\/"},"modified":"2023-11-30T02:18:13","modified_gmt":"2023-11-30T02:18:13","slug":"customized-camping-equipment-outdoor-waterproof-camping-glamping-tent-luxury-tents-camping-outdoor-inflatable-tent","status":"publish","type":"product","link":"https:\/\/uoogear.com\/hu\/termek\/customized-camping-equipment-outdoor-waterproof-camping-glamping-tent-luxury-tents-camping-outdoor-inflatable-tent\/","title":{"rendered":"Egyedi kempingfelszerel\u00e9s k\u00fclt\u00e9ri v\u00edz\u00e1ll\u00f3 kemping glamping s\u00e1tor luxus s\u00e1trak kemping k\u00fclt\u00e9ri Felf\u00fajhat\u00f3 s\u00e1tor"},"content":{"rendered":"<ul>\n<li><strong>Sz\u00f6vet: <\/strong> Poli\u00e9szter<\/li>\n<li><strong>K\u00fcls\u0151 s\u00e1tor v\u00edz\u00e1ll\u00f3s\u00e1gi indexe: <\/strong> 2000-3000 mm<\/li>\n<li><strong>Als\u00f3 v\u00edz\u00e1ll\u00f3s\u00e1gi index: <\/strong> &gt;3000 mm<\/li>\n<li><strong>\u00c9p\u00fclet t\u00edpusa: <\/strong> Gyors automatikus nyit\u00e1s<\/li>\n<li><strong>S\u00e1tor st\u00edlusa: <\/strong> Kiterjesztett t\u00edpus\u00fa, cs\u0151 t\u00edpus\u00fa s\u00e1tor kar\u00f3<\/li>\n<li><strong>\u00c9vad : <\/strong> N\u00e9gy \u00e9vszakos s\u00e1tor<\/li>\n<li><strong>Szerkezet : <\/strong> Egy h\u00e1l\u00f3szoba<\/li>\n<li><strong>Term\u00e9k n\u00e9v : <\/strong> K\u00fclt\u00e9ri kemping felf\u00fajhat\u00f3 s\u00e1tor<\/li>\n<li><strong>Sz\u00edn: <\/strong> K\u00e9k<\/li>\n<li><strong>Haszn\u00e1lat: <\/strong> Kemping T\u00far\u00e1z\u00e1s Utaz\u00e1s<\/li>\n<li><strong>M\u00e9ret: <\/strong> 240*240*170cm<\/li>\n<li><strong>S\u00faly : <\/strong> 5,4 kg<\/li>\n<li><strong>Csomag m\u00e9rete : <\/strong> 70*28*28cm<\/li>\n<li><strong>Padl\u00f3 : <\/strong> 210D Oxford<\/li>\n<li><strong>Kapacit\u00e1s: <\/strong> 4-5 f\u0151<\/li>\n<li><strong>Sz\u00e1ll\u00edt\u00e1si id\u0151 : <\/strong> 20 nap<\/li>\n<\/ul>\n<div>\n<div data-section=\"AliPostDhMb-k8t1e\" data-section-title=\"Product Description\">\n<div>\n<p>R\u00e9szletes fot\u00f3<\/p>\n<p>&nbsp;<\/p>\n<p><img loading=\"lazy\" decoding=\"async\" class=\"alignnone size-full wp-image-5134\" src=\"https:\/\/uoogear.com\/wp-content\/uploads\/2023\/11\/H63608db4db8a455a842461b944da215bA-2.jpg\" width=\"800\" height=\"538\" alt=\"Egyedi kempingfelszerel\u00e9s k\u00fclt\u00e9ri v\u00edz\u00e1ll\u00f3 kemping glamping s\u00e1tor luxus s\u00e1trak kemping k\u00fclt\u00e9ri Felf\u00fajhat\u00f3 s\u00e1tor\" srcset=\"https:\/\/uoogear.com\/wp-content\/uploads\/2023\/11\/H63608db4db8a455a842461b944da215bA-2.jpg 800w, https:\/\/uoogear.com\/wp-content\/uploads\/2023\/11\/H63608db4db8a455a842461b944da215bA-2-300x202.jpg 300w, https:\/\/uoogear.com\/wp-content\/uploads\/2023\/11\/H63608db4db8a455a842461b944da215bA-2-768x516.jpg 768w, https:\/\/uoogear.com\/wp-content\/uploads\/2023\/11\/H63608db4db8a455a842461b944da215bA-2-600x404.jpg 600w, https:\/\/uoogear.com\/wp-content\/uploads\/2023\/11\/H63608db4db8a455a842461b944da215bA-2-80x54.jpg 80w\" sizes=\"auto, (max-width: 800px) 100vw, 800px\" \/><img loading=\"lazy\" decoding=\"async\" src=\"\/\/sc04.alicdn.com\/kf\/H207935525891464d9d55f635a640aff7q\/274217001\/H207935525891464d9d55f635a640aff7q.jpg\" alt=\"Egyedi kempingfelszerel\u00e9s k\u00fclt\u00e9ri v\u00edz\u00e1ll\u00f3 kemping glamping s\u00e1tor luxus s\u00e1trak kemping k\u00fclt\u00e9ri Felf\u00fajhat\u00f3 s\u00e1tor\" width=\"750\" height=\"750\" data-src=\"\/\/sc04.alicdn.com\/kf\/H207935525891464d9d55f635a640aff7q\/274217001\/H207935525891464d9d55f635a640aff7q.jpg\" data-alt=\"Customized camping equipment outdoor waterproof camping glamping tent luxury tents camping outdoor Inflatable tent\" \/><img loading=\"lazy\" decoding=\"async\" src=\"\/\/sc04.alicdn.com\/kf\/Hb0ce56b7f3f5466384b200eb0b67021aF\/274217001\/Hb0ce56b7f3f5466384b200eb0b67021aF.jpg\" alt=\"Egyedi kempingfelszerel\u00e9s k\u00fclt\u00e9ri v\u00edz\u00e1ll\u00f3 kemping glamping s\u00e1tor luxus s\u00e1trak kemping k\u00fclt\u00e9ri Felf\u00fajhat\u00f3 s\u00e1tor\" width=\"750\" height=\"750\" data-src=\"\/\/sc04.alicdn.com\/kf\/Hb0ce56b7f3f5466384b200eb0b67021aF\/274217001\/Hb0ce56b7f3f5466384b200eb0b67021aF.jpg\" data-alt=\"Customized camping equipment outdoor waterproof camping glamping tent luxury tents camping outdoor Inflatable tent\" \/><img loading=\"lazy\" decoding=\"async\" src=\"\/\/sc04.alicdn.com\/kf\/H324950cf993e43659fd176bb355623ba3\/274217001\/H324950cf993e43659fd176bb355623ba3.jpg\" alt=\"Egyedi kempingfelszerel\u00e9s k\u00fclt\u00e9ri v\u00edz\u00e1ll\u00f3 kemping glamping s\u00e1tor luxus s\u00e1trak kemping k\u00fclt\u00e9ri Felf\u00fajhat\u00f3 s\u00e1tor\" width=\"750\" height=\"750\" data-src=\"\/\/sc04.alicdn.com\/kf\/H324950cf993e43659fd176bb355623ba3\/274217001\/H324950cf993e43659fd176bb355623ba3.jpg\" data-alt=\"Customized camping equipment outdoor waterproof camping glamping tent luxury tents camping outdoor Inflatable tent\" \/><img loading=\"lazy\" decoding=\"async\" src=\"\/\/sc04.alicdn.com\/kf\/H9207cb051b58477a82968c8f5b72b522H\/274217001\/H9207cb051b58477a82968c8f5b72b522H.jpg\" alt=\"Egyedi kempingfelszerel\u00e9s k\u00fclt\u00e9ri v\u00edz\u00e1ll\u00f3 kemping glamping s\u00e1tor luxus s\u00e1trak kemping k\u00fclt\u00e9ri Felf\u00fajhat\u00f3 s\u00e1tor\" width=\"750\" height=\"750\" data-src=\"\/\/sc04.alicdn.com\/kf\/H9207cb051b58477a82968c8f5b72b522H\/274217001\/H9207cb051b58477a82968c8f5b72b522H.jpg\" data-alt=\"Customized camping equipment outdoor waterproof camping glamping tent luxury tents camping outdoor Inflatable tent\" \/><\/p>\n<\/div>\n<\/div>\n<div data-section=\"AliPostDhMb-h1rt6\" data-section-title=\"FAQ\">\n<div><\/div>\n<\/div>\n<\/div>","protected":false},"excerpt":{"rendered":"<p>Sz\u00f6vet: Poli\u00e9szter k\u00fcls\u0151 s\u00e1tor v\u00edz\u00e1ll\u00f3s\u00e1gi indexe: 2000-3000 mm als\u00f3 v\u00edz\u00e1ll\u00f3s\u00e1gi index: &gt;3000 mm \u00c9p\u00fclet t\u00edpusa: Gyorsan ny\u00edl\u00f3, automatikusan ny\u00edl\u00f3 s\u00e1tor St\u00edlusa: Meghosszabb\u00edtott t\u00edpus, cs\u0151 t\u00edpus\u00fa s\u00e1tor t\u00f6v\u00e9s szezon: N\u00e9gy \u00e9vszakos s\u00e1tor szerkezete: Egy h\u00e1l\u00f3szob\u00e1s kemping Term\u00e9k neve felf\u00fajhat\u00f3 s\u00e1tor Sz\u00edn : K\u00e9k Haszn\u00e1lat : Kemping T\u00far\u00e1z\u00e1s Utaz\u00f3 m\u00e9ret<\/p>\n<div class=\"read-more\"><a class=\"btn btn-fill-out\" href=\"https:\/\/uoogear.com\/hu\/termek\/customized-camping-equipment-outdoor-waterproof-camping-glamping-tent-luxury-tents-camping-outdoor-inflatable-tent\/\">Olvass tov\u00e1bb<\/a><\/div>","protected":false},"featured_media":4440,"template":"","meta":[],"product_brand":[],"product_cat":[15],"product_tag":[],"class_list":{"0":"post-4441","1":"product","2":"type-product","3":"status-publish","4":"has-post-thumbnail","6":"product_cat-uncategorized","7":"tm-no-options","9":"first","10":"instock","11":"shipping-taxable","12":"purchasable","13":"product-type-variable"},"_links":{"self":[{"href":"https:\/\/uoogear.com\/hu\/wp-json\/wp\/v2\/product\/4441","targetHints":{"allow":["GET"]}}],"collection":[{"href":"https:\/\/uoogear.com\/hu\/wp-json\/wp\/v2\/product"}],"about":[{"href":"https:\/\/uoogear.com\/hu\/wp-json\/wp\/v2\/types\/product"}],"wp:featuredmedia":[{"embeddable":true,"href":"https:\/\/uoogear.com\/hu\/wp-json\/wp\/v2\/media\/4440"}],"wp:attachment":[{"href":"https:\/\/uoogear.com\/hu\/wp-json\/wp\/v2\/media?parent=4441"}],"wp:term":[{"taxonomy":"product_brand","embeddable":true,"href":"https:\/\/uoogear.com\/hu\/wp-json\/wp\/v2\/product_brand?post=4441"},{"taxonomy":"product_cat","embeddable":true,"href":"https:\/\/uoogear.com\/hu\/wp-json\/wp\/v2\/product_cat?post=4441"},{"taxonomy":"product_tag","embeddable":true,"href":"https:\/\/uoogear.com\/hu\/wp-json\/wp\/v2\/product_tag?post=4441"}],"curies":[{"name":"wp","href":"https:\/\/api.w.org\/{rel}","templated":true}]}}