{"id":4447,"date":"2023-11-13T12:56:44","date_gmt":"2023-11-13T12:56:44","guid":{"rendered":"https:\/\/uoogear.com\/product\/advanced-big-inflatable-camping-equipment-outdoor-waterproof-camping-outdoor-glamping-tent-camping-equipment-inflatable-tent\/"},"modified":"2023-11-30T02:19:36","modified_gmt":"2023-11-30T02:19:36","slug":"advanced-big-inflatable-camping-equipment-outdoor-waterproof-camping-outdoor-glamping-tent-camping-equipment-inflatable-tent","status":"publish","type":"product","link":"https:\/\/uoogear.com\/hu\/termek\/advanced-big-inflatable-camping-equipment-outdoor-waterproof-camping-outdoor-glamping-tent-camping-equipment-inflatable-tent\/","title":{"rendered":"Fejlett nagy felf\u00fajhat\u00f3 kemping felszerel\u00e9s k\u00fclt\u00e9ri v\u00edz\u00e1ll\u00f3 kemping k\u00fclt\u00e9ri glamping s\u00e1tor kemping felszerel\u00e9s Felf\u00fajhat\u00f3 s\u00e1tor"},"content":{"rendered":"<ul>\n<li><strong>Sz\u00f6vet: <\/strong> Pamut<\/li>\n<li><strong>K\u00fcls\u0151 s\u00e1tor v\u00edz\u00e1ll\u00f3s\u00e1gi indexe: <\/strong> 2000-3000 mm<\/li>\n<li><strong>Als\u00f3 v\u00edz\u00e1ll\u00f3s\u00e1gi index: <\/strong> 2000-3000 mm<\/li>\n<li><strong>S\u00e1tor st\u00edlusa: <\/strong> Kiterjesztett t\u00edpus\u00fa, cs\u0151 t\u00edpus\u00fa s\u00e1tor kar\u00f3<\/li>\n<li><strong>\u00c9vad : <\/strong> N\u00e9gy \u00e9vszakos s\u00e1tor<\/li>\n<li><strong>Szerkezet : <\/strong> Egy h\u00e1l\u00f3szoba<\/li>\n<li><strong>Term\u00e9k n\u00e9v : <\/strong> K\u00fclt\u00e9ri kemping felf\u00fajhat\u00f3 s\u00e1tor<\/li>\n<li><strong>Sz\u00edn: <\/strong> feh\u00e9r<\/li>\n<li><strong>Haszn\u00e1lat: <\/strong> Kemping T\u00far\u00e1z\u00e1s Utaz\u00e1s<\/li>\n<li><strong>M\u00e9ret: <\/strong> 385*335*215cm<\/li>\n<li><strong>S\u00faly : <\/strong> 14 kg<\/li>\n<li><strong>Padl\u00f3 : <\/strong> Oxford<\/li>\n<li><strong>Kapacit\u00e1s: <\/strong> 3-4 f\u0151<\/li>\n<li><strong>Sz\u00e1ll\u00edt\u00e1si id\u0151 : <\/strong> 20 nap<\/li>\n<\/ul>\n<div>\n<div data-section=\"AliPostDhMb-k8t1e\" data-section-title=\"Product Description\">\n<div>term\u00e9kle\u00edr\u00e1s<\/div>\n<div>\n<p>Fejlett nagy felf\u00fajhat\u00f3 kemping felszerel\u00e9s k\u00fclt\u00e9ri v\u00edz\u00e1ll\u00f3 kemping k\u00fclt\u00e9ri glamping s\u00e1tor kemping felszerel\u00e9s Felf\u00fajhat\u00f3 s\u00e1tor<\/p>\n<p>R\u00e9szletes fot\u00f3<\/p>\n<p><img loading=\"lazy\" decoding=\"async\" class=\"alignnone size-full wp-image-5136\" src=\"https:\/\/uoogear.com\/wp-content\/uploads\/2023\/11\/H63608db4db8a455a842461b944da215bA-4.jpg\" width=\"800\" height=\"538\" alt=\"Fejlett nagy felf\u00fajhat\u00f3 kemping felszerel\u00e9s k\u00fclt\u00e9ri v\u00edz\u00e1ll\u00f3 kemping k\u00fclt\u00e9ri glamping s\u00e1tor kemping felszerel\u00e9s Felf\u00fajhat\u00f3 s\u00e1tor\" srcset=\"https:\/\/uoogear.com\/wp-content\/uploads\/2023\/11\/H63608db4db8a455a842461b944da215bA-4.jpg 800w, https:\/\/uoogear.com\/wp-content\/uploads\/2023\/11\/H63608db4db8a455a842461b944da215bA-4-300x202.jpg 300w, https:\/\/uoogear.com\/wp-content\/uploads\/2023\/11\/H63608db4db8a455a842461b944da215bA-4-768x516.jpg 768w, https:\/\/uoogear.com\/wp-content\/uploads\/2023\/11\/H63608db4db8a455a842461b944da215bA-4-600x404.jpg 600w, https:\/\/uoogear.com\/wp-content\/uploads\/2023\/11\/H63608db4db8a455a842461b944da215bA-4-80x54.jpg 80w\" sizes=\"auto, (max-width: 800px) 100vw, 800px\" \/><img loading=\"lazy\" decoding=\"async\" src=\"\/\/sc04.alicdn.com\/kf\/H428d7b67a52d406aa6d221b2af2a6d3bq\/274217001\/H428d7b67a52d406aa6d221b2af2a6d3bq.jpg\" alt=\"Fejlett nagy felf\u00fajhat\u00f3 kemping felszerel\u00e9s k\u00fclt\u00e9ri v\u00edz\u00e1ll\u00f3 kemping k\u00fclt\u00e9ri glamping s\u00e1tor kemping felszerel\u00e9s Felf\u00fajhat\u00f3 s\u00e1tor\" width=\"750\" height=\"750\" data-src=\"\/\/sc04.alicdn.com\/kf\/H428d7b67a52d406aa6d221b2af2a6d3bq\/274217001\/H428d7b67a52d406aa6d221b2af2a6d3bq.jpg\" data-alt=\"Advanced big inflatable camping equipment outdoor waterproof camping outdoor glamping tent camping equipment Inflatable tent\" \/><img loading=\"lazy\" decoding=\"async\" src=\"\/\/sc04.alicdn.com\/kf\/Hf3afab94f52847a7bcdc3f9afad8bbd1r\/274217001\/Hf3afab94f52847a7bcdc3f9afad8bbd1r.jpg\" alt=\"Fejlett nagy felf\u00fajhat\u00f3 kemping felszerel\u00e9s k\u00fclt\u00e9ri v\u00edz\u00e1ll\u00f3 kemping k\u00fclt\u00e9ri glamping s\u00e1tor kemping felszerel\u00e9s Felf\u00fajhat\u00f3 s\u00e1tor\" width=\"750\" height=\"750\" data-src=\"\/\/sc04.alicdn.com\/kf\/Hf3afab94f52847a7bcdc3f9afad8bbd1r\/274217001\/Hf3afab94f52847a7bcdc3f9afad8bbd1r.jpg\" data-alt=\"Advanced big inflatable camping equipment outdoor waterproof camping outdoor glamping tent camping equipment Inflatable tent\" \/><img loading=\"lazy\" decoding=\"async\" src=\"\/\/sc04.alicdn.com\/kf\/H41a3938fadc041ca998505f664c5f5b0v\/274217001\/H41a3938fadc041ca998505f664c5f5b0v.jpg\" alt=\"Fejlett nagy felf\u00fajhat\u00f3 kemping felszerel\u00e9s k\u00fclt\u00e9ri v\u00edz\u00e1ll\u00f3 kemping k\u00fclt\u00e9ri glamping s\u00e1tor kemping felszerel\u00e9s Felf\u00fajhat\u00f3 s\u00e1tor\" width=\"750\" height=\"750\" data-src=\"\/\/sc04.alicdn.com\/kf\/H41a3938fadc041ca998505f664c5f5b0v\/274217001\/H41a3938fadc041ca998505f664c5f5b0v.jpg\" data-alt=\"Advanced big inflatable camping equipment outdoor waterproof camping outdoor glamping tent camping equipment Inflatable tent\" \/><img loading=\"lazy\" decoding=\"async\" src=\"\/\/sc04.alicdn.com\/kf\/H60a31a8d3cf0469dbdfcfb463907ed07V\/274217001\/H60a31a8d3cf0469dbdfcfb463907ed07V.jpg\" alt=\"Fejlett nagy felf\u00fajhat\u00f3 kemping felszerel\u00e9s k\u00fclt\u00e9ri v\u00edz\u00e1ll\u00f3 kemping k\u00fclt\u00e9ri glamping s\u00e1tor kemping felszerel\u00e9s Felf\u00fajhat\u00f3 s\u00e1tor\" width=\"750\" height=\"750\" data-src=\"\/\/sc04.alicdn.com\/kf\/H60a31a8d3cf0469dbdfcfb463907ed07V\/274217001\/H60a31a8d3cf0469dbdfcfb463907ed07V.jpg\" data-alt=\"Advanced big inflatable camping equipment outdoor waterproof camping outdoor glamping tent camping equipment Inflatable tent\" \/><img loading=\"lazy\" decoding=\"async\" src=\"\/\/sc04.alicdn.com\/kf\/H9f779d7e56d343b0a04ed1845c5648eaB\/274217001\/H9f779d7e56d343b0a04ed1845c5648eaB.jpg\" alt=\"Fejlett nagy felf\u00fajhat\u00f3 kemping felszerel\u00e9s k\u00fclt\u00e9ri v\u00edz\u00e1ll\u00f3 kemping k\u00fclt\u00e9ri glamping s\u00e1tor kemping felszerel\u00e9s Felf\u00fajhat\u00f3 s\u00e1tor\" width=\"750\" height=\"750\" data-src=\"\/\/sc04.alicdn.com\/kf\/H9f779d7e56d343b0a04ed1845c5648eaB\/274217001\/H9f779d7e56d343b0a04ed1845c5648eaB.jpg\" data-alt=\"Advanced big inflatable camping equipment outdoor waterproof camping outdoor glamping tent camping equipment Inflatable tent\" \/><img loading=\"lazy\" decoding=\"async\" src=\"\/\/sc04.alicdn.com\/kf\/Ha936d1b140354d78bcab0df48e660350i\/274217001\/Ha936d1b140354d78bcab0df48e660350i.jpg\" alt=\"Fejlett nagy felf\u00fajhat\u00f3 kemping felszerel\u00e9s k\u00fclt\u00e9ri v\u00edz\u00e1ll\u00f3 kemping k\u00fclt\u00e9ri glamping s\u00e1tor kemping felszerel\u00e9s Felf\u00fajhat\u00f3 s\u00e1tor\" width=\"750\" height=\"750\" data-src=\"\/\/sc04.alicdn.com\/kf\/Ha936d1b140354d78bcab0df48e660350i\/274217001\/Ha936d1b140354d78bcab0df48e660350i.jpg\" data-alt=\"Advanced big inflatable camping equipment outdoor waterproof camping outdoor glamping tent camping equipment Inflatable tent\" \/><\/p>\n<\/div>\n<\/div>\n<div data-section=\"AliPostDhMb-h1rt6\" data-section-title=\"FAQ\">\n<div><\/div>\n<\/div>\n<\/div>","protected":false},"excerpt":{"rendered":"<p>Sz\u00f6vet: Pamut k\u00fcls\u0151 s\u00e1tor v\u00edz\u00e1ll\u00f3s\u00e1gi indexe: 2000-3000 mm als\u00f3 v\u00edz\u00e1ll\u00f3s\u00e1gi index: 2000-3000 mm s\u00e1tor st\u00edlusa: meghosszabb\u00edtott t\u00edpus, cs\u0151 t\u00edpus\u00fa s\u00e1tor t\u00f6v\u00e9s szezon: n\u00e9gy \u00e9vszakos s\u00e1tor szerkezete: egy h\u00e1l\u00f3szob\u00e1s s\u00e1tor kemping sz\u00edne: feh\u00e9r s\u00e1tor Haszn\u00e1lat: Kemping T\u00far\u00e1z\u00e1s Utaz\u00e1si m\u00e9ret: 385*335*215cm S\u00faly: 14kg Padl\u00f3<\/p>\n<div class=\"read-more\"><a class=\"btn btn-fill-out\" href=\"https:\/\/uoogear.com\/hu\/termek\/advanced-big-inflatable-camping-equipment-outdoor-waterproof-camping-outdoor-glamping-tent-camping-equipment-inflatable-tent\/\">Olvass tov\u00e1bb<\/a><\/div>","protected":false},"featured_media":4446,"template":"","meta":[],"product_brand":[],"product_cat":[15],"product_tag":[],"class_list":{"0":"post-4447","1":"product","2":"type-product","3":"status-publish","4":"has-post-thumbnail","6":"product_cat-uncategorized","7":"tm-no-options","9":"first","10":"instock","11":"shipping-taxable","12":"purchasable","13":"product-type-variable"},"_links":{"self":[{"href":"https:\/\/uoogear.com\/hu\/wp-json\/wp\/v2\/product\/4447","targetHints":{"allow":["GET"]}}],"collection":[{"href":"https:\/\/uoogear.com\/hu\/wp-json\/wp\/v2\/product"}],"about":[{"href":"https:\/\/uoogear.com\/hu\/wp-json\/wp\/v2\/types\/product"}],"wp:featuredmedia":[{"embeddable":true,"href":"https:\/\/uoogear.com\/hu\/wp-json\/wp\/v2\/media\/4446"}],"wp:attachment":[{"href":"https:\/\/uoogear.com\/hu\/wp-json\/wp\/v2\/media?parent=4447"}],"wp:term":[{"taxonomy":"product_brand","embeddable":true,"href":"https:\/\/uoogear.com\/hu\/wp-json\/wp\/v2\/product_brand?post=4447"},{"taxonomy":"product_cat","embeddable":true,"href":"https:\/\/uoogear.com\/hu\/wp-json\/wp\/v2\/product_cat?post=4447"},{"taxonomy":"product_tag","embeddable":true,"href":"https:\/\/uoogear.com\/hu\/wp-json\/wp\/v2\/product_tag?post=4447"}],"curies":[{"name":"wp","href":"https:\/\/api.w.org\/{rel}","templated":true}]}}