{"id":4455,"date":"2023-11-13T12:57:35","date_gmt":"2023-11-13T12:57:35","guid":{"rendered":"https:\/\/uoogear.com\/product\/advanced-big-inflatable-camping-equipment-outdoor-waterproof-camping-glamping-tent-outdoor-glamping-inflatable-tent\/"},"modified":"2023-11-30T02:21:48","modified_gmt":"2023-11-30T02:21:48","slug":"advanced-big-inflatable-camping-equipment-outdoor-waterproof-camping-glamping-tent-outdoor-glamping-inflatable-tent","status":"publish","type":"product","link":"https:\/\/uoogear.com\/hu\/termek\/advanced-big-inflatable-camping-equipment-outdoor-waterproof-camping-glamping-tent-outdoor-glamping-inflatable-tent\/","title":{"rendered":"Fejlett nagy felf\u00fajhat\u00f3 kemping felszerel\u00e9s k\u00fclt\u00e9ri v\u00edz\u00e1ll\u00f3 kemping glamping s\u00e1tor k\u00fclt\u00e9ri glamping Felf\u00fajhat\u00f3 s\u00e1tor"},"content":{"rendered":"<ul>\n<li><strong>Sz\u00f6vet: <\/strong> Pamut<\/li>\n<li><strong>K\u00fcls\u0151 s\u00e1tor v\u00edz\u00e1ll\u00f3s\u00e1gi indexe: <\/strong> 2000-3000 mm, &gt;3000 mm<\/li>\n<li><strong>Als\u00f3 v\u00edz\u00e1ll\u00f3s\u00e1gi index: <\/strong> &gt;3000 mm<\/li>\n<li><strong>S\u00e1tor st\u00edlusa: <\/strong> Kiterjesztett t\u00edpus\u00fa, cs\u0151 t\u00edpus\u00fa s\u00e1tor kar\u00f3<\/li>\n<li><strong>\u00c9vad : <\/strong> N\u00e9gy \u00e9vszakos s\u00e1tor<\/li>\n<li><strong>Szerkezet : <\/strong> Egy h\u00e1l\u00f3szoba<\/li>\n<li><strong>Term\u00e9k n\u00e9v : <\/strong> K\u00fclt\u00e9ri kemping felf\u00fajhat\u00f3 s\u00e1tor<\/li>\n<li><strong>Sz\u00edn: <\/strong> feh\u00e9r<\/li>\n<li><strong>Haszn\u00e1lat: <\/strong> Kemping T\u00far\u00e1z\u00e1s Utaz\u00e1s<\/li>\n<li><strong>M\u00e9ret: <\/strong> 320*250*220cm<\/li>\n<li><strong>Csomagol\u00e1s m\u00e9rete: <\/strong> 80*45*40cm<\/li>\n<li><strong>S\u00faly : <\/strong> 30 kg<\/li>\n<li><strong>Padl\u00f3 : <\/strong> 210 g pamut<\/li>\n<li><strong>Kapacit\u00e1s: <\/strong> 3-4 f\u0151<\/li>\n<li><strong>Sz\u00e1ll\u00edt\u00e1si id\u0151 : <\/strong> 20 nap<\/li>\n<\/ul>\n<div>\n<div data-section=\"AliPostDhMb-k8t1e\" data-section-title=\"Product Description\">\n<div>\n<p>&nbsp;<\/p>\n<p>R\u00e9szletes fot\u00f3<\/p>\n<p>&nbsp;<\/p>\n<p><img loading=\"lazy\" decoding=\"async\" class=\"alignnone size-full wp-image-5137\" src=\"https:\/\/uoogear.com\/wp-content\/uploads\/2023\/11\/H63608db4db8a455a842461b944da215bA-5.jpg\" width=\"800\" height=\"538\" alt=\"Fejlett nagy felf\u00fajhat\u00f3 kemping felszerel\u00e9s k\u00fclt\u00e9ri v\u00edz\u00e1ll\u00f3 kemping glamping s\u00e1tor k\u00fclt\u00e9ri glamping Felf\u00fajhat\u00f3 s\u00e1tor\" srcset=\"https:\/\/uoogear.com\/wp-content\/uploads\/2023\/11\/H63608db4db8a455a842461b944da215bA-5.jpg 800w, https:\/\/uoogear.com\/wp-content\/uploads\/2023\/11\/H63608db4db8a455a842461b944da215bA-5-300x202.jpg 300w, https:\/\/uoogear.com\/wp-content\/uploads\/2023\/11\/H63608db4db8a455a842461b944da215bA-5-768x516.jpg 768w, https:\/\/uoogear.com\/wp-content\/uploads\/2023\/11\/H63608db4db8a455a842461b944da215bA-5-600x404.jpg 600w, https:\/\/uoogear.com\/wp-content\/uploads\/2023\/11\/H63608db4db8a455a842461b944da215bA-5-80x54.jpg 80w\" sizes=\"auto, (max-width: 800px) 100vw, 800px\" \/><img loading=\"lazy\" decoding=\"async\" src=\"\/\/sc04.alicdn.com\/kf\/H29833dcd1a46454db318414d9546f2c6O\/274217001\/H29833dcd1a46454db318414d9546f2c6O.jpg\" alt=\"Fejlett nagy felf\u00fajhat\u00f3 kemping felszerel\u00e9s k\u00fclt\u00e9ri v\u00edz\u00e1ll\u00f3 kemping glamping s\u00e1tor k\u00fclt\u00e9ri glamping Felf\u00fajhat\u00f3 s\u00e1tor\" width=\"750\" height=\"750\" data-src=\"\/\/sc04.alicdn.com\/kf\/H29833dcd1a46454db318414d9546f2c6O\/274217001\/H29833dcd1a46454db318414d9546f2c6O.jpg\" data-alt=\"Advanced big inflatable camping equipment outdoor waterproof camping glamping tent outdoor glamping Inflatable tent\" \/><img loading=\"lazy\" decoding=\"async\" src=\"\/\/sc04.alicdn.com\/kf\/Hf3e95b5bdcc04ade92ce10549a1553dbl\/274217001\/Hf3e95b5bdcc04ade92ce10549a1553dbl.jpg\" alt=\"Fejlett nagy felf\u00fajhat\u00f3 kemping felszerel\u00e9s k\u00fclt\u00e9ri v\u00edz\u00e1ll\u00f3 kemping glamping s\u00e1tor k\u00fclt\u00e9ri glamping Felf\u00fajhat\u00f3 s\u00e1tor\" width=\"750\" height=\"750\" data-src=\"\/\/sc04.alicdn.com\/kf\/Hf3e95b5bdcc04ade92ce10549a1553dbl\/274217001\/Hf3e95b5bdcc04ade92ce10549a1553dbl.jpg\" data-alt=\"Advanced big inflatable camping equipment outdoor waterproof camping glamping tent outdoor glamping Inflatable tent\" \/><img loading=\"lazy\" decoding=\"async\" src=\"\/\/sc04.alicdn.com\/kf\/H93e3cb144f784318925b6bd2d96f01675\/274217001\/H93e3cb144f784318925b6bd2d96f01675.jpg\" alt=\"Fejlett nagy felf\u00fajhat\u00f3 kemping felszerel\u00e9s k\u00fclt\u00e9ri v\u00edz\u00e1ll\u00f3 kemping glamping s\u00e1tor k\u00fclt\u00e9ri glamping Felf\u00fajhat\u00f3 s\u00e1tor\" width=\"750\" height=\"750\" data-src=\"\/\/sc04.alicdn.com\/kf\/H93e3cb144f784318925b6bd2d96f01675\/274217001\/H93e3cb144f784318925b6bd2d96f01675.jpg\" data-alt=\"Advanced big inflatable camping equipment outdoor waterproof camping glamping tent outdoor glamping Inflatable tent\" \/><img loading=\"lazy\" decoding=\"async\" src=\"\/\/sc04.alicdn.com\/kf\/Hfd243fcd276047cfbd79db6400d93d813\/274217001\/Hfd243fcd276047cfbd79db6400d93d813.jpg\" alt=\"Fejlett nagy felf\u00fajhat\u00f3 kemping felszerel\u00e9s k\u00fclt\u00e9ri v\u00edz\u00e1ll\u00f3 kemping glamping s\u00e1tor k\u00fclt\u00e9ri glamping Felf\u00fajhat\u00f3 s\u00e1tor\" width=\"750\" height=\"750\" data-src=\"\/\/sc04.alicdn.com\/kf\/Hfd243fcd276047cfbd79db6400d93d813\/274217001\/Hfd243fcd276047cfbd79db6400d93d813.jpg\" data-alt=\"Advanced big inflatable camping equipment outdoor waterproof camping glamping tent outdoor glamping Inflatable tent\" \/><img loading=\"lazy\" decoding=\"async\" src=\"\/\/sc04.alicdn.com\/kf\/H0990557c3f364ff584a750f915fbfbc3B\/274217001\/H0990557c3f364ff584a750f915fbfbc3B.jpg\" alt=\"Fejlett nagy felf\u00fajhat\u00f3 kemping felszerel\u00e9s k\u00fclt\u00e9ri v\u00edz\u00e1ll\u00f3 kemping glamping s\u00e1tor k\u00fclt\u00e9ri glamping Felf\u00fajhat\u00f3 s\u00e1tor\" width=\"750\" height=\"750\" data-src=\"\/\/sc04.alicdn.com\/kf\/H0990557c3f364ff584a750f915fbfbc3B\/274217001\/H0990557c3f364ff584a750f915fbfbc3B.jpg\" data-alt=\"Advanced big inflatable camping equipment outdoor waterproof camping glamping tent outdoor glamping Inflatable tent\" \/><img loading=\"lazy\" decoding=\"async\" src=\"\/\/sc04.alicdn.com\/kf\/H144601bd93d0427ebcfc685adb798e5e4\/274217001\/H144601bd93d0427ebcfc685adb798e5e4.jpg\" alt=\"Fejlett nagy felf\u00fajhat\u00f3 kemping felszerel\u00e9s k\u00fclt\u00e9ri v\u00edz\u00e1ll\u00f3 kemping glamping s\u00e1tor k\u00fclt\u00e9ri glamping Felf\u00fajhat\u00f3 s\u00e1tor\" width=\"750\" height=\"750\" data-src=\"\/\/sc04.alicdn.com\/kf\/H144601bd93d0427ebcfc685adb798e5e4\/274217001\/H144601bd93d0427ebcfc685adb798e5e4.jpg\" data-alt=\"Advanced big inflatable camping equipment outdoor waterproof camping glamping tent outdoor glamping Inflatable tent\" \/><img loading=\"lazy\" decoding=\"async\" src=\"\/\/sc04.alicdn.com\/kf\/Hdc25b634ec104f5e9bc9913505d4f1a03\/274217001\/Hdc25b634ec104f5e9bc9913505d4f1a03.jpg\" alt=\"Fejlett nagy felf\u00fajhat\u00f3 kemping felszerel\u00e9s k\u00fclt\u00e9ri v\u00edz\u00e1ll\u00f3 kemping glamping s\u00e1tor k\u00fclt\u00e9ri glamping Felf\u00fajhat\u00f3 s\u00e1tor\" width=\"750\" height=\"750\" data-src=\"\/\/sc04.alicdn.com\/kf\/Hdc25b634ec104f5e9bc9913505d4f1a03\/274217001\/Hdc25b634ec104f5e9bc9913505d4f1a03.jpg\" data-alt=\"Advanced big inflatable camping equipment outdoor waterproof camping glamping tent outdoor glamping Inflatable tent\" \/><img loading=\"lazy\" decoding=\"async\" src=\"\/\/sc04.alicdn.com\/kf\/H3f4ab9387757474fb8282c5100100293X\/274217001\/H3f4ab9387757474fb8282c5100100293X.jpg\" alt=\"Fejlett nagy felf\u00fajhat\u00f3 kemping felszerel\u00e9s k\u00fclt\u00e9ri v\u00edz\u00e1ll\u00f3 kemping glamping s\u00e1tor k\u00fclt\u00e9ri glamping Felf\u00fajhat\u00f3 s\u00e1tor\" width=\"750\" height=\"750\" data-src=\"\/\/sc04.alicdn.com\/kf\/H3f4ab9387757474fb8282c5100100293X\/274217001\/H3f4ab9387757474fb8282c5100100293X.jpg\" data-alt=\"Advanced big inflatable camping equipment outdoor waterproof camping glamping tent outdoor glamping Inflatable tent\" \/><img loading=\"lazy\" decoding=\"async\" src=\"\/\/sc04.alicdn.com\/kf\/H84ae1f0d3cda4168bcf01e5cf74e49e7X\/274217001\/H84ae1f0d3cda4168bcf01e5cf74e49e7X.jpg\" alt=\"Fejlett nagy felf\u00fajhat\u00f3 kemping felszerel\u00e9s k\u00fclt\u00e9ri v\u00edz\u00e1ll\u00f3 kemping glamping s\u00e1tor k\u00fclt\u00e9ri glamping Felf\u00fajhat\u00f3 s\u00e1tor\" width=\"750\" height=\"750\" data-src=\"\/\/sc04.alicdn.com\/kf\/H84ae1f0d3cda4168bcf01e5cf74e49e7X\/274217001\/H84ae1f0d3cda4168bcf01e5cf74e49e7X.jpg\" data-alt=\"Advanced big inflatable camping equipment outdoor waterproof camping glamping tent outdoor glamping Inflatable tent\" \/><img loading=\"lazy\" decoding=\"async\" src=\"\/\/sc04.alicdn.com\/kf\/Ha620e22c89ad4377bca68d260c063b76b\/274217001\/Ha620e22c89ad4377bca68d260c063b76b.jpg\" alt=\"Fejlett nagy felf\u00fajhat\u00f3 kemping felszerel\u00e9s k\u00fclt\u00e9ri v\u00edz\u00e1ll\u00f3 kemping glamping s\u00e1tor k\u00fclt\u00e9ri glamping Felf\u00fajhat\u00f3 s\u00e1tor\" width=\"750\" height=\"750\" data-src=\"\/\/sc04.alicdn.com\/kf\/Ha620e22c89ad4377bca68d260c063b76b\/274217001\/Ha620e22c89ad4377bca68d260c063b76b.jpg\" data-alt=\"Advanced big inflatable camping equipment outdoor waterproof camping glamping tent outdoor glamping Inflatable tent\" \/><\/p>\n<\/div>\n<\/div>\n<div data-section=\"AliPostDhMb-h1rt6\" data-section-title=\"FAQ\">\n<div><\/div>\n<\/div>\n<\/div>","protected":false},"excerpt":{"rendered":"<p>Sz\u00f6vet: Pamut k\u00fcls\u0151 s\u00e1tor v\u00edz\u00e1ll\u00f3s\u00e1gi indexe: 2000-3000 mm, &gt;3000 mm als\u00f3 v\u00edz\u00e1ll\u00f3s\u00e1gi index: &gt;3000 mm s\u00e1tor st\u00edlusa: kiterjesztett t\u00edpus, cs\u0151 t\u00edpus\u00fa s\u00e1tor t\u00f6v\u00e9s szezon: n\u00e9gy \u00e9vszakos s\u00e1tor szerkezete: egy h\u00e1l\u00f3szob\u00e1s s\u00e1tor kempingben term\u00e9k neve: k\u00fclt\u00e9ri s\u00e1tor Sz\u00edn : Feh\u00e9r Haszn\u00e1lat : Kemping T\u00far\u00e1z\u00e1s Utaz\u00e1si m\u00e9ret : 320*250*220cm Csomagol\u00e1si m\u00e9ret<\/p>\n<div class=\"read-more\"><a class=\"btn btn-fill-out\" href=\"https:\/\/uoogear.com\/hu\/termek\/advanced-big-inflatable-camping-equipment-outdoor-waterproof-camping-glamping-tent-outdoor-glamping-inflatable-tent\/\">Olvass tov\u00e1bb<\/a><\/div>","protected":false},"featured_media":4454,"template":"","meta":[],"product_brand":[],"product_cat":[15],"product_tag":[],"class_list":{"0":"post-4455","1":"product","2":"type-product","3":"status-publish","4":"has-post-thumbnail","6":"product_cat-uncategorized","7":"tm-no-options","9":"first","10":"instock","11":"shipping-taxable","12":"purchasable","13":"product-type-variable"},"_links":{"self":[{"href":"https:\/\/uoogear.com\/hu\/wp-json\/wp\/v2\/product\/4455","targetHints":{"allow":["GET"]}}],"collection":[{"href":"https:\/\/uoogear.com\/hu\/wp-json\/wp\/v2\/product"}],"about":[{"href":"https:\/\/uoogear.com\/hu\/wp-json\/wp\/v2\/types\/product"}],"wp:featuredmedia":[{"embeddable":true,"href":"https:\/\/uoogear.com\/hu\/wp-json\/wp\/v2\/media\/4454"}],"wp:attachment":[{"href":"https:\/\/uoogear.com\/hu\/wp-json\/wp\/v2\/media?parent=4455"}],"wp:term":[{"taxonomy":"product_brand","embeddable":true,"href":"https:\/\/uoogear.com\/hu\/wp-json\/wp\/v2\/product_brand?post=4455"},{"taxonomy":"product_cat","embeddable":true,"href":"https:\/\/uoogear.com\/hu\/wp-json\/wp\/v2\/product_cat?post=4455"},{"taxonomy":"product_tag","embeddable":true,"href":"https:\/\/uoogear.com\/hu\/wp-json\/wp\/v2\/product_tag?post=4455"}],"curies":[{"name":"wp","href":"https:\/\/api.w.org\/{rel}","templated":true}]}}