{"id":4463,"date":"2023-11-13T12:58:19","date_gmt":"2023-11-13T12:58:19","guid":{"rendered":"https:\/\/uoogear.com\/product\/2023-custom-multi-persons-camping-tent-waterproof-inflatable-house-air-big-tent-outdoor-inflatable-camping-house-tent\/"},"modified":"2023-11-30T02:24:45","modified_gmt":"2023-11-30T02:24:45","slug":"2023-custom-multi-persons-camping-tent-waterproof-inflatable-house-air-big-tent-outdoor-inflatable-camping-house-tent","status":"publish","type":"product","link":"https:\/\/uoogear.com\/hu\/termek\/2023-custom-multi-persons-camping-tent-waterproof-inflatable-house-air-big-tent-outdoor-inflatable-camping-house-tent\/","title":{"rendered":"2023 egyedi t\u00f6bbszem\u00e9lyes kemping s\u00e1tor V\u00edz\u00e1ll\u00f3 felf\u00fajhat\u00f3 h\u00e1z leveg\u0151 nagy s\u00e1tor k\u00fclt\u00e9ri felf\u00fajhat\u00f3 kemping s\u00e1tor"},"content":{"rendered":"<ul>\n<li><strong>Sz\u00f6vet: <\/strong> Pamut<\/li>\n<li><strong>K\u00fcls\u0151 s\u00e1tor v\u00edz\u00e1ll\u00f3s\u00e1gi indexe: <\/strong> 1500-2000 mm<\/li>\n<li><strong>Als\u00f3 v\u00edz\u00e1ll\u00f3s\u00e1gi index: <\/strong> 1000-1500 mm<\/li>\n<li><strong>\u00c9p\u00fclet t\u00edpusa: <\/strong> Ig\u00e9ny szerinti \u00e9p\u00edt\u00e9s<\/li>\n<li><strong>S\u00e1tor st\u00edlusa: <\/strong> Trigone\/V-t\u00edpus\u00fa k\u00f6sz\u00f6r\u00fclt szeg<\/li>\n<li><strong>\u00c9vad : <\/strong> N\u00e9gy \u00e9vszakos s\u00e1tor, h\u00e1rom \u00e9vszakos s\u00e1tor<\/li>\n<li><strong>Szerkezet : <\/strong> K\u00e9t h\u00e1l\u00f3szoba \u00e9s egy nappali<\/li>\n<li><strong>Term\u00e9k n\u00e9v : <\/strong> Szabadt\u00e9ri kemping s\u00e1tor<\/li>\n<li><strong>Sz\u00edn: <\/strong> Khaki<\/li>\n<li><strong>Haszn\u00e1lat: <\/strong> Kemping T\u00far\u00e1z\u00e1s Utaz\u00e1s<\/li>\n<li><strong>M\u00e9ret: <\/strong> 300*400*200cm<\/li>\n<li><strong>Csomagol\u00e1s m\u00e9rete: <\/strong> 82*49*49cm<\/li>\n<li><strong>S\u00faly : <\/strong> 22-28 kg<\/li>\n<li><strong>Padl\u00f3 : <\/strong> Oxford<\/li>\n<li><strong>Kapacit\u00e1s: <\/strong> 5-8 f\u0151<\/li>\n<li><strong>Sz\u00e1ll\u00edt\u00e1si id\u0151 : <\/strong> 20 nap<\/li>\n<\/ul>\n<div>\n<div data-section=\"AliPostDhMb-uunfl\" data-section-title=\"Product Description\">\n<div>term\u00e9kle\u00edr\u00e1s<\/div>\n<div>\n<p>Yumuq Glamping Canvas felf\u00fajhat\u00f3 szabadt\u00e9ri kemping, szem\u00e9lyre szabott luxus poli\u00e9szter leveg\u0151s csal\u00e1di s\u00e1tor<\/p>\n<\/div>\n<\/div>\n<p><strong><em>A sz\u00edn \u00e9s a m\u00e9ret ig\u00e9ny szerint testreszabhat\u00f3!<\/em><\/strong><\/p>\n<div><\/div>\n<div>R\u00e9szletes fot\u00f3<\/div>\n<div><\/div>\n<p><img decoding=\"async\" src=\"\/\/sc04.alicdn.com\/kf\/H63608db4db8a455a842461b944da215bA\/274217001\/H63608db4db8a455a842461b944da215bA.jpg\" alt=\"2023 egyedi t\u00f6bbszem\u00e9lyes kemping s\u00e1tor V\u00edz\u00e1ll\u00f3 felf\u00fajhat\u00f3 h\u00e1z leveg\u0151 nagy s\u00e1tor k\u00fclt\u00e9ri felf\u00fajhat\u00f3 kemping s\u00e1tor\" width=\"750\" height=\"504.37500000000006\" data-src=\"\/\/sc04.alicdn.com\/kf\/H63608db4db8a455a842461b944da215bA\/274217001\/H63608db4db8a455a842461b944da215bA.jpg\" data-alt=\"2023 custom Multi Persons camping Tent Waterproof Inflatable House Air Big Tent Outdoor Inflatable Camping house Tent\" \/><\/p>\n<p><img loading=\"lazy\" decoding=\"async\" src=\"\/\/sc04.alicdn.com\/kf\/H5dcbbff427a5469d925586926dd4912bW\/274217001\/H5dcbbff427a5469d925586926dd4912bW.jpeg\" alt=\"2023 egyedi t\u00f6bbszem\u00e9lyes kemping s\u00e1tor V\u00edz\u00e1ll\u00f3 felf\u00fajhat\u00f3 h\u00e1z leveg\u0151 nagy s\u00e1tor k\u00fclt\u00e9ri felf\u00fajhat\u00f3 kemping s\u00e1tor\" width=\"750\" height=\"750\" data-src=\"\/\/sc04.alicdn.com\/kf\/H5dcbbff427a5469d925586926dd4912bW\/274217001\/H5dcbbff427a5469d925586926dd4912bW.jpeg\" data-alt=\"2023 custom Multi Persons camping Tent Waterproof Inflatable House Air Big Tent Outdoor Inflatable Camping house Tent\" \/><img loading=\"lazy\" decoding=\"async\" src=\"\/\/sc04.alicdn.com\/kf\/Hed8105f88d484031ae976d70c8b812f71\/274217001\/Hed8105f88d484031ae976d70c8b812f71.jpg\" alt=\"2023 egyedi t\u00f6bbszem\u00e9lyes kemping s\u00e1tor V\u00edz\u00e1ll\u00f3 felf\u00fajhat\u00f3 h\u00e1z leveg\u0151 nagy s\u00e1tor k\u00fclt\u00e9ri felf\u00fajhat\u00f3 kemping s\u00e1tor\" width=\"750\" height=\"750\" data-src=\"\/\/sc04.alicdn.com\/kf\/Hed8105f88d484031ae976d70c8b812f71\/274217001\/Hed8105f88d484031ae976d70c8b812f71.jpg\" data-alt=\"2023 custom Multi Persons camping Tent Waterproof Inflatable House Air Big Tent Outdoor Inflatable Camping house Tent\" \/><img loading=\"lazy\" decoding=\"async\" src=\"\/\/sc04.alicdn.com\/kf\/Had4cea96d17d42958641889201d33021D\/274217001\/Had4cea96d17d42958641889201d33021D.jpg\" alt=\"2023 egyedi t\u00f6bbszem\u00e9lyes kemping s\u00e1tor V\u00edz\u00e1ll\u00f3 felf\u00fajhat\u00f3 h\u00e1z leveg\u0151 nagy s\u00e1tor k\u00fclt\u00e9ri felf\u00fajhat\u00f3 kemping s\u00e1tor\" width=\"750\" height=\"750\" data-src=\"\/\/sc04.alicdn.com\/kf\/Had4cea96d17d42958641889201d33021D\/274217001\/Had4cea96d17d42958641889201d33021D.jpg\" data-alt=\"2023 custom Multi Persons camping Tent Waterproof Inflatable House Air Big Tent Outdoor Inflatable Camping house Tent\" \/><img loading=\"lazy\" decoding=\"async\" src=\"\/\/sc04.alicdn.com\/kf\/H8afdede805034cfbb06b5324a772071aW\/274217001\/H8afdede805034cfbb06b5324a772071aW.jpeg\" alt=\"2023 egyedi t\u00f6bbszem\u00e9lyes kemping s\u00e1tor V\u00edz\u00e1ll\u00f3 felf\u00fajhat\u00f3 h\u00e1z leveg\u0151 nagy s\u00e1tor k\u00fclt\u00e9ri felf\u00fajhat\u00f3 kemping s\u00e1tor\" width=\"750\" height=\"750\" data-src=\"\/\/sc04.alicdn.com\/kf\/H8afdede805034cfbb06b5324a772071aW\/274217001\/H8afdede805034cfbb06b5324a772071aW.jpeg\" data-alt=\"2023 custom Multi Persons camping Tent Waterproof Inflatable House Air Big Tent Outdoor Inflatable Camping house Tent\" \/><img loading=\"lazy\" decoding=\"async\" src=\"\/\/sc04.alicdn.com\/kf\/Hdadcd0df211d4a8e9358691e729c94649\/274217001\/Hdadcd0df211d4a8e9358691e729c94649.jpeg\" alt=\"2023 egyedi t\u00f6bbszem\u00e9lyes kemping s\u00e1tor V\u00edz\u00e1ll\u00f3 felf\u00fajhat\u00f3 h\u00e1z leveg\u0151 nagy s\u00e1tor k\u00fclt\u00e9ri felf\u00fajhat\u00f3 kemping s\u00e1tor\" width=\"750\" height=\"750\" data-src=\"\/\/sc04.alicdn.com\/kf\/Hdadcd0df211d4a8e9358691e729c94649\/274217001\/Hdadcd0df211d4a8e9358691e729c94649.jpeg\" data-alt=\"2023 custom Multi Persons camping Tent Waterproof Inflatable House Air Big Tent Outdoor Inflatable Camping house Tent\" \/><img loading=\"lazy\" decoding=\"async\" src=\"\/\/sc04.alicdn.com\/kf\/H8800695004764415bf5c88da8af9fcb8O\/274217001\/H8800695004764415bf5c88da8af9fcb8O.jpg\" alt=\"2023 egyedi t\u00f6bbszem\u00e9lyes kemping s\u00e1tor V\u00edz\u00e1ll\u00f3 felf\u00fajhat\u00f3 h\u00e1z leveg\u0151 nagy s\u00e1tor k\u00fclt\u00e9ri felf\u00fajhat\u00f3 kemping s\u00e1tor\" width=\"750\" height=\"750\" data-src=\"\/\/sc04.alicdn.com\/kf\/H8800695004764415bf5c88da8af9fcb8O\/274217001\/H8800695004764415bf5c88da8af9fcb8O.jpg\" data-alt=\"2023 custom Multi Persons camping Tent Waterproof Inflatable House Air Big Tent Outdoor Inflatable Camping house Tent\" \/><\/p>\n<p>&nbsp;<\/p>\n<div data-section=\"AliPostDhMb-gmyk2\" data-section-title=\"FAQ\">\n<div><\/div>\n<\/div>\n<\/div>","protected":false},"excerpt":{"rendered":"<p>Sz\u00f6vet: pamut k\u00fcls\u0151 s\u00e1tor v\u00edz\u00e1ll\u00f3s\u00e1gi indexe: 1500-2000 mm als\u00f3 v\u00edz\u00e1ll\u00f3s\u00e1gi index: 1000-1500 mm \u00e9p\u00fclet t\u00edpusa: \u00e9p\u00edt\u00e9si sz\u00fcks\u00e9glet alapj\u00e1n S\u00e1tor St\u00edlus: Trigone\/V-t\u00edpus\u00fa k\u00f6sz\u00f6r\u00fclt sz\u00f6g Szezon: N\u00e9gy \u00e9vszakos s\u00e1tor, h\u00e1rom \u00e9vszakos s\u00e1tor: K\u00e9t h\u00e1l\u00f3szoba \u00e9s egy nappali Term\u00e9kn\u00e9v : K\u00fclt\u00e9ri kempings\u00e1tor Sz\u00edn : Khaki Haszn\u00e1lat : Kemping<\/p>\n<div class=\"read-more\"><a class=\"btn btn-fill-out\" href=\"https:\/\/uoogear.com\/hu\/termek\/2023-custom-multi-persons-camping-tent-waterproof-inflatable-house-air-big-tent-outdoor-inflatable-camping-house-tent\/\">Olvass tov\u00e1bb<\/a><\/div>","protected":false},"featured_media":4462,"template":"","meta":[],"product_brand":[],"product_cat":[15],"product_tag":[],"class_list":{"0":"post-4463","1":"product","2":"type-product","3":"status-publish","4":"has-post-thumbnail","6":"product_cat-uncategorized","7":"tm-no-options","9":"first","10":"instock","11":"shipping-taxable","12":"purchasable","13":"product-type-variable"},"_links":{"self":[{"href":"https:\/\/uoogear.com\/hu\/wp-json\/wp\/v2\/product\/4463","targetHints":{"allow":["GET"]}}],"collection":[{"href":"https:\/\/uoogear.com\/hu\/wp-json\/wp\/v2\/product"}],"about":[{"href":"https:\/\/uoogear.com\/hu\/wp-json\/wp\/v2\/types\/product"}],"wp:featuredmedia":[{"embeddable":true,"href":"https:\/\/uoogear.com\/hu\/wp-json\/wp\/v2\/media\/4462"}],"wp:attachment":[{"href":"https:\/\/uoogear.com\/hu\/wp-json\/wp\/v2\/media?parent=4463"}],"wp:term":[{"taxonomy":"product_brand","embeddable":true,"href":"https:\/\/uoogear.com\/hu\/wp-json\/wp\/v2\/product_brand?post=4463"},{"taxonomy":"product_cat","embeddable":true,"href":"https:\/\/uoogear.com\/hu\/wp-json\/wp\/v2\/product_cat?post=4463"},{"taxonomy":"product_tag","embeddable":true,"href":"https:\/\/uoogear.com\/hu\/wp-json\/wp\/v2\/product_tag?post=4463"}],"curies":[{"name":"wp","href":"https:\/\/api.w.org\/{rel}","templated":true}]}}