{"id":4472,"date":"2023-11-13T12:59:37","date_gmt":"2023-11-13T12:59:37","guid":{"rendered":"https:\/\/uoogear.com\/product\/advanced-camping-accessories-big-inflatable-tent-waterproof-camping-glamping-outdoor-equipment-camping-inflatable-tent\/"},"modified":"2023-11-30T02:22:01","modified_gmt":"2023-11-30T02:22:01","slug":"advanced-camping-accessories-big-inflatable-tent-waterproof-camping-glamping-outdoor-equipment-camping-inflatable-tent","status":"publish","type":"product","link":"https:\/\/uoogear.com\/hu\/termek\/advanced-camping-accessories-big-inflatable-tent-waterproof-camping-glamping-outdoor-equipment-camping-inflatable-tent\/","title":{"rendered":"Fejlett kemping kieg\u00e9sz\u00edt\u0151k nagy felf\u00fajhat\u00f3 s\u00e1tor v\u00edz\u00e1ll\u00f3 kemping glamping k\u00fclt\u00e9ri felszerel\u00e9s kemping Felf\u00fajhat\u00f3 s\u00e1tor"},"content":{"rendered":"<ul>\n<li><strong>Sz\u00f6vet: <\/strong> Pamut<\/li>\n<li><strong>K\u00fcls\u0151 s\u00e1tor v\u00edz\u00e1ll\u00f3s\u00e1gi indexe: <\/strong> &gt;3000 mm<\/li>\n<li><strong>Als\u00f3 v\u00edz\u00e1ll\u00f3s\u00e1gi index: <\/strong> &gt;3000 mm<\/li>\n<li><strong>S\u00e1tor st\u00edlusa: <\/strong> Kiterjesztett t\u00edpus\u00fa, cs\u0151 t\u00edpus\u00fa s\u00e1tor kar\u00f3<\/li>\n<li><strong>\u00c9vad : <\/strong> N\u00e9gy \u00e9vszakos s\u00e1tor<\/li>\n<li><strong>Szerkezet : <\/strong> Egy h\u00e1l\u00f3szoba<\/li>\n<li><strong>Term\u00e9k n\u00e9v : <\/strong> K\u00fclt\u00e9ri kemping felf\u00fajhat\u00f3 s\u00e1tor<\/li>\n<li><strong>Sz\u00edn: <\/strong> feh\u00e9r<\/li>\n<li><strong>Haszn\u00e1lat: <\/strong> Kemping T\u00far\u00e1z\u00e1s Utaz\u00e1s<\/li>\n<li><strong>M\u00e9ret: <\/strong> 500*500*245cm<\/li>\n<li><strong>S\u00faly : <\/strong> 44 kg<\/li>\n<li><strong>Padl\u00f3 : <\/strong> 300D Oxford<\/li>\n<li><strong>Kapacit\u00e1s: <\/strong> 5-8 f\u0151<\/li>\n<li><strong>Sz\u00e1ll\u00edt\u00e1si id\u0151 : <\/strong> 20 nap<\/li>\n<\/ul>\n<div>\n<div data-section=\"AliPostDhMb-k8t1e\" data-section-title=\"Product Description\">\n<div>\n<p>R\u00e9szletes fot\u00f3<\/p>\n<p>&nbsp;<\/p>\n<p><img loading=\"lazy\" decoding=\"async\" class=\"alignnone size-full wp-image-5138\" src=\"https:\/\/uoogear.com\/wp-content\/uploads\/2023\/11\/H63608db4db8a455a842461b944da215bA-6.jpg\" width=\"800\" height=\"538\" alt=\"Fejlett kemping kieg\u00e9sz\u00edt\u0151k nagy felf\u00fajhat\u00f3 s\u00e1tor v\u00edz\u00e1ll\u00f3 kemping glamping k\u00fclt\u00e9ri felszerel\u00e9s kemping Felf\u00fajhat\u00f3 s\u00e1tor\" srcset=\"https:\/\/uoogear.com\/wp-content\/uploads\/2023\/11\/H63608db4db8a455a842461b944da215bA-6.jpg 800w, https:\/\/uoogear.com\/wp-content\/uploads\/2023\/11\/H63608db4db8a455a842461b944da215bA-6-300x202.jpg 300w, https:\/\/uoogear.com\/wp-content\/uploads\/2023\/11\/H63608db4db8a455a842461b944da215bA-6-768x516.jpg 768w, https:\/\/uoogear.com\/wp-content\/uploads\/2023\/11\/H63608db4db8a455a842461b944da215bA-6-600x404.jpg 600w, https:\/\/uoogear.com\/wp-content\/uploads\/2023\/11\/H63608db4db8a455a842461b944da215bA-6-80x54.jpg 80w\" sizes=\"auto, (max-width: 800px) 100vw, 800px\" \/><img loading=\"lazy\" decoding=\"async\" src=\"\/\/sc04.alicdn.com\/kf\/H78c32d0ab3fb4bf19b471994338a6c6fI\/274217001\/H78c32d0ab3fb4bf19b471994338a6c6fI.jpg\" alt=\"Fejlett kemping kieg\u00e9sz\u00edt\u0151k nagy felf\u00fajhat\u00f3 s\u00e1tor v\u00edz\u00e1ll\u00f3 kemping glamping k\u00fclt\u00e9ri felszerel\u00e9s kemping Felf\u00fajhat\u00f3 s\u00e1tor\" width=\"750\" height=\"750\" data-src=\"\/\/sc04.alicdn.com\/kf\/H78c32d0ab3fb4bf19b471994338a6c6fI\/274217001\/H78c32d0ab3fb4bf19b471994338a6c6fI.jpg\" data-alt=\"Advanced camping accessories big inflatable tent waterproof camping glamping outdoor equipment camping Inflatable tent\" \/><img loading=\"lazy\" decoding=\"async\" src=\"\/\/sc04.alicdn.com\/kf\/H0941fcfc2ef041b0a07c5ed893273dcaX\/274217001\/H0941fcfc2ef041b0a07c5ed893273dcaX.jpg\" alt=\"Fejlett kemping kieg\u00e9sz\u00edt\u0151k nagy felf\u00fajhat\u00f3 s\u00e1tor v\u00edz\u00e1ll\u00f3 kemping glamping k\u00fclt\u00e9ri felszerel\u00e9s kemping Felf\u00fajhat\u00f3 s\u00e1tor\" width=\"750\" height=\"750\" data-src=\"\/\/sc04.alicdn.com\/kf\/H0941fcfc2ef041b0a07c5ed893273dcaX\/274217001\/H0941fcfc2ef041b0a07c5ed893273dcaX.jpg\" data-alt=\"Advanced camping accessories big inflatable tent waterproof camping glamping outdoor equipment camping Inflatable tent\" \/><img loading=\"lazy\" decoding=\"async\" src=\"\/\/sc04.alicdn.com\/kf\/H00e7be78e1e348e49574bdd7a14fadf62\/274217001\/H00e7be78e1e348e49574bdd7a14fadf62.jpg\" alt=\"Fejlett kemping kieg\u00e9sz\u00edt\u0151k nagy felf\u00fajhat\u00f3 s\u00e1tor v\u00edz\u00e1ll\u00f3 kemping glamping k\u00fclt\u00e9ri felszerel\u00e9s kemping Felf\u00fajhat\u00f3 s\u00e1tor\" width=\"750\" height=\"750\" data-src=\"\/\/sc04.alicdn.com\/kf\/H00e7be78e1e348e49574bdd7a14fadf62\/274217001\/H00e7be78e1e348e49574bdd7a14fadf62.jpg\" data-alt=\"Advanced camping accessories big inflatable tent waterproof camping glamping outdoor equipment camping Inflatable tent\" \/><img loading=\"lazy\" decoding=\"async\" src=\"\/\/sc04.alicdn.com\/kf\/H4d014a72a1a84c72af9c61ef598d9edeY\/274217001\/H4d014a72a1a84c72af9c61ef598d9edeY.jpg\" alt=\"Fejlett kemping kieg\u00e9sz\u00edt\u0151k nagy felf\u00fajhat\u00f3 s\u00e1tor v\u00edz\u00e1ll\u00f3 kemping glamping k\u00fclt\u00e9ri felszerel\u00e9s kemping Felf\u00fajhat\u00f3 s\u00e1tor\" width=\"750\" height=\"750\" data-src=\"\/\/sc04.alicdn.com\/kf\/H4d014a72a1a84c72af9c61ef598d9edeY\/274217001\/H4d014a72a1a84c72af9c61ef598d9edeY.jpg\" data-alt=\"Advanced camping accessories big inflatable tent waterproof camping glamping outdoor equipment camping Inflatable tent\" \/><img loading=\"lazy\" decoding=\"async\" src=\"\/\/sc04.alicdn.com\/kf\/H7b8bd740267e4621b6c0334e3977b3d5O\/274217001\/H7b8bd740267e4621b6c0334e3977b3d5O.jpg\" alt=\"Fejlett kemping kieg\u00e9sz\u00edt\u0151k nagy felf\u00fajhat\u00f3 s\u00e1tor v\u00edz\u00e1ll\u00f3 kemping glamping k\u00fclt\u00e9ri felszerel\u00e9s kemping Felf\u00fajhat\u00f3 s\u00e1tor\" width=\"750\" height=\"750\" data-src=\"\/\/sc04.alicdn.com\/kf\/H7b8bd740267e4621b6c0334e3977b3d5O\/274217001\/H7b8bd740267e4621b6c0334e3977b3d5O.jpg\" data-alt=\"Advanced camping accessories big inflatable tent waterproof camping glamping outdoor equipment camping Inflatable tent\" \/><img loading=\"lazy\" decoding=\"async\" src=\"\/\/sc04.alicdn.com\/kf\/H8c1ac1780f3d47b180533c50343a16b6o\/274217001\/H8c1ac1780f3d47b180533c50343a16b6o.jpg\" alt=\"Fejlett kemping kieg\u00e9sz\u00edt\u0151k nagy felf\u00fajhat\u00f3 s\u00e1tor v\u00edz\u00e1ll\u00f3 kemping glamping k\u00fclt\u00e9ri felszerel\u00e9s kemping Felf\u00fajhat\u00f3 s\u00e1tor\" width=\"750\" height=\"750\" data-src=\"\/\/sc04.alicdn.com\/kf\/H8c1ac1780f3d47b180533c50343a16b6o\/274217001\/H8c1ac1780f3d47b180533c50343a16b6o.jpg\" data-alt=\"Advanced camping accessories big inflatable tent waterproof camping glamping outdoor equipment camping Inflatable tent\" \/><\/p>\n<\/div>\n<\/div>\n<div data-section=\"AliPostDhMb-h1rt6\" data-section-title=\"FAQ\">\n<div><\/div>\n<\/div>\n<\/div>","protected":false},"excerpt":{"rendered":"<p>Sz\u00f6vet: Pamut k\u00fcls\u0151 s\u00e1tor v\u00edz\u00e1ll\u00f3s\u00e1gi indexe: &gt;3000 mm als\u00f3 v\u00edz\u00e1ll\u00f3s\u00e1gi index: &gt;3000 mm s\u00e1torst\u00edlus: kiterjesztett t\u00edpus, cs\u0151 t\u00edpus\u00fa s\u00e1tor t\u00f6v\u00e9s szezon: n\u00e9gy \u00e9vszakos s\u00e1tor szerkezete: egy h\u00e1l\u00f3szob\u00e1s Term\u00e9k neve: K\u00fclt\u00e9ri kemping felf\u00fajhat\u00f3 Us s\u00e1tor Sz\u00edne: Feh\u00e9r Kemping T\u00far\u00e1z\u00e1s Utaz\u00e1si m\u00e9ret: 500*500*245cm S\u00faly: 44kg Padl\u00f3<\/p>\n<div class=\"read-more\"><a class=\"btn btn-fill-out\" href=\"https:\/\/uoogear.com\/hu\/termek\/advanced-camping-accessories-big-inflatable-tent-waterproof-camping-glamping-outdoor-equipment-camping-inflatable-tent\/\">Olvass tov\u00e1bb<\/a><\/div>","protected":false},"featured_media":4471,"template":"","meta":[],"product_brand":[],"product_cat":[15],"product_tag":[],"class_list":{"0":"post-4472","1":"product","2":"type-product","3":"status-publish","4":"has-post-thumbnail","6":"product_cat-uncategorized","7":"tm-no-options","9":"first","10":"instock","11":"shipping-taxable","12":"purchasable","13":"product-type-variable"},"_links":{"self":[{"href":"https:\/\/uoogear.com\/hu\/wp-json\/wp\/v2\/product\/4472","targetHints":{"allow":["GET"]}}],"collection":[{"href":"https:\/\/uoogear.com\/hu\/wp-json\/wp\/v2\/product"}],"about":[{"href":"https:\/\/uoogear.com\/hu\/wp-json\/wp\/v2\/types\/product"}],"wp:featuredmedia":[{"embeddable":true,"href":"https:\/\/uoogear.com\/hu\/wp-json\/wp\/v2\/media\/4471"}],"wp:attachment":[{"href":"https:\/\/uoogear.com\/hu\/wp-json\/wp\/v2\/media?parent=4472"}],"wp:term":[{"taxonomy":"product_brand","embeddable":true,"href":"https:\/\/uoogear.com\/hu\/wp-json\/wp\/v2\/product_brand?post=4472"},{"taxonomy":"product_cat","embeddable":true,"href":"https:\/\/uoogear.com\/hu\/wp-json\/wp\/v2\/product_cat?post=4472"},{"taxonomy":"product_tag","embeddable":true,"href":"https:\/\/uoogear.com\/hu\/wp-json\/wp\/v2\/product_tag?post=4472"}],"curies":[{"name":"wp","href":"https:\/\/api.w.org\/{rel}","templated":true}]}}