{"id":4480,"date":"2023-11-13T13:00:23","date_gmt":"2023-11-13T13:00:23","guid":{"rendered":"https:\/\/uoogear.com\/product\/waterproof-outdoor-camping-indian-tent\/"},"modified":"2023-11-30T02:22:11","modified_gmt":"2023-11-30T02:22:11","slug":"waterproof-outdoor-camping-indian-tent","status":"publish","type":"product","link":"https:\/\/uoogear.com\/hu\/termek\/waterproof-outdoor-camping-indian-tent\/","title":{"rendered":"V\u00edz\u00e1ll\u00f3 szabadt\u00e9ri kemping indi\u00e1ns\u00e1tor"},"content":{"rendered":"<ul>\n<li><strong>Sz\u00f6vet: <\/strong> Oxford<\/li>\n<li><strong>K\u00fcls\u0151 s\u00e1tor v\u00edz\u00e1ll\u00f3s\u00e1gi indexe: <\/strong> 2000-3000 mm<\/li>\n<li><strong>Als\u00f3 v\u00edz\u00e1ll\u00f3s\u00e1gi index: <\/strong> 2000-3000 mm<\/li>\n<li><strong>\u00c9p\u00fclet t\u00edpusa: <\/strong> Gyors automatikus nyit\u00e1s<\/li>\n<li><strong>S\u00e1tor st\u00edlusa: <\/strong> Kiterjesztett t\u00edpus\u00fa, cs\u0151 t\u00edpus\u00fa s\u00e1tor kar\u00f3<\/li>\n<li><strong>\u00c9vad : <\/strong> N\u00e9gy \u00e9vszakos s\u00e1tor<\/li>\n<li><strong>Szerkezet : <\/strong> Egy h\u00e1l\u00f3szoba<\/li>\n<li><strong>Term\u00e9k n\u00e9v : <\/strong> K\u00fclt\u00e9ri kemping felf\u00fajhat\u00f3 s\u00e1tor<\/li>\n<li><strong>Sz\u00edn: <\/strong> Rizs feh\u00e9r<\/li>\n<li><strong>Haszn\u00e1lat: <\/strong> Kemping T\u00far\u00e1z\u00e1s Utaz\u00e1s<\/li>\n<li><strong>M\u00e9ret: <\/strong> 220*220*200cm<\/li>\n<li><strong>S\u00faly : <\/strong> 7 kg<\/li>\n<li><strong>St\u00edlus: <\/strong> indi\u00e1n<\/li>\n<li><strong>Padl\u00f3 : <\/strong> 210D vagy 300D Oxford<\/li>\n<li><strong>Kapacit\u00e1s: <\/strong> 2-3 f\u0151<\/li>\n<li><strong>Sz\u00e1ll\u00edt\u00e1si id\u0151 : <\/strong> 20 nap<\/li>\n<\/ul>\n<div>\n<div data-section=\"AliPostDhMb-k8t1e\" data-section-title=\"Product Description\">\n<div>term\u00e9kle\u00edr\u00e1s<\/div>\n<div data-spm-anchor-id=\"a2700.details.0.i81.4bd15228ohSD8t\">\n<p><img loading=\"lazy\" decoding=\"async\" src=\"\/\/sc04.alicdn.com\/kf\/Hc527bc8d712a4840854044400c213ff4Z\/274217001\/Hc527bc8d712a4840854044400c213ff4Z.jpg\" alt=\"V\u00edz\u00e1ll\u00f3 szabadt\u00e9ri kemping indi\u00e1ns\u00e1tor\" width=\"750\" height=\"750\" data-src=\"\/\/sc04.alicdn.com\/kf\/Hc527bc8d712a4840854044400c213ff4Z\/274217001\/Hc527bc8d712a4840854044400c213ff4Z.jpg\" data-alt=\"Waterproof Outdoor Camping Indian Tent\" \/><img loading=\"lazy\" decoding=\"async\" src=\"\/\/sc04.alicdn.com\/kf\/Hb9694f348f524ebb9ab07fe374f94b6fl\/274217001\/Hb9694f348f524ebb9ab07fe374f94b6fl.jpg\" alt=\"V\u00edz\u00e1ll\u00f3 szabadt\u00e9ri kemping indi\u00e1ns\u00e1tor\" width=\"750\" height=\"750\" data-src=\"\/\/sc04.alicdn.com\/kf\/Hb9694f348f524ebb9ab07fe374f94b6fl\/274217001\/Hb9694f348f524ebb9ab07fe374f94b6fl.jpg\" data-alt=\"Waterproof Outdoor Camping Indian Tent\" \/><img loading=\"lazy\" decoding=\"async\" src=\"\/\/sc04.alicdn.com\/kf\/H9e92dc4f16be405ebd3a2132fb68a4517\/274217001\/H9e92dc4f16be405ebd3a2132fb68a4517.jpg\" alt=\"V\u00edz\u00e1ll\u00f3 szabadt\u00e9ri kemping indi\u00e1ns\u00e1tor\" width=\"750\" height=\"750\" data-src=\"\/\/sc04.alicdn.com\/kf\/H9e92dc4f16be405ebd3a2132fb68a4517\/274217001\/H9e92dc4f16be405ebd3a2132fb68a4517.jpg\" data-alt=\"Waterproof Outdoor Camping Indian Tent\" \/><img loading=\"lazy\" decoding=\"async\" src=\"\/\/sc04.alicdn.com\/kf\/Hd28bafc6bd0a423c89345658813cfce85\/274217001\/Hd28bafc6bd0a423c89345658813cfce85.jpg\" alt=\"V\u00edz\u00e1ll\u00f3 szabadt\u00e9ri kemping indi\u00e1ns\u00e1tor\" width=\"750\" height=\"750\" data-src=\"\/\/sc04.alicdn.com\/kf\/Hd28bafc6bd0a423c89345658813cfce85\/274217001\/Hd28bafc6bd0a423c89345658813cfce85.jpg\" data-alt=\"Waterproof Outdoor Camping Indian Tent\" \/><\/p>\n<p>&nbsp;<\/p>\n<p>&nbsp;<\/p>\n<p>&nbsp;<\/p>\n<\/div>\n<\/div>\n<div data-section=\"AliPostDhMb-h1rt6\" data-section-title=\"FAQ\">\n<div><\/div>\n<\/div>\n<\/div>","protected":false},"excerpt":{"rendered":"<p>Sz\u00f6vet: Oxford k\u00fcls\u0151 s\u00e1tor v\u00edz\u00e1ll\u00f3s\u00e1gi indexe: 2000-3000 mm als\u00f3 v\u00edz\u00e1ll\u00f3s\u00e1gi index: 2000-3000 mm \u00e9p\u00fclet t\u00edpusa: gyorsan ny\u00edl\u00f3 s\u00e1tor St\u00edlus: meghosszabb\u00edtott t\u00edpus, cs\u0151 t\u00edpusa s\u00e1tor t\u00f6v\u00e9s szezonja: n\u00e9gy \u00e9vszakos s\u00e1tor k\u00fclt\u00e9ri term\u00e9k neve: egy: k\u00fclt\u00e9ri s\u00e1tor kemping felf\u00fajhat\u00f3 s\u00e1tor Sz\u00edn: Rizsfeh\u00e9r Haszn\u00e1lat: Kemping T\u00far\u00e1z\u00e1s Utaz\u00e1s<\/p>\n<div class=\"read-more\"><a class=\"btn btn-fill-out\" href=\"https:\/\/uoogear.com\/hu\/termek\/waterproof-outdoor-camping-indian-tent\/\">Olvass tov\u00e1bb<\/a><\/div>","protected":false},"featured_media":4479,"template":"","meta":[],"product_brand":[],"product_cat":[15],"product_tag":[],"class_list":{"0":"post-4480","1":"product","2":"type-product","3":"status-publish","4":"has-post-thumbnail","6":"product_cat-uncategorized","7":"tm-no-options","9":"first","10":"instock","11":"shipping-taxable","12":"purchasable","13":"product-type-variable"},"_links":{"self":[{"href":"https:\/\/uoogear.com\/hu\/wp-json\/wp\/v2\/product\/4480","targetHints":{"allow":["GET"]}}],"collection":[{"href":"https:\/\/uoogear.com\/hu\/wp-json\/wp\/v2\/product"}],"about":[{"href":"https:\/\/uoogear.com\/hu\/wp-json\/wp\/v2\/types\/product"}],"wp:featuredmedia":[{"embeddable":true,"href":"https:\/\/uoogear.com\/hu\/wp-json\/wp\/v2\/media\/4479"}],"wp:attachment":[{"href":"https:\/\/uoogear.com\/hu\/wp-json\/wp\/v2\/media?parent=4480"}],"wp:term":[{"taxonomy":"product_brand","embeddable":true,"href":"https:\/\/uoogear.com\/hu\/wp-json\/wp\/v2\/product_brand?post=4480"},{"taxonomy":"product_cat","embeddable":true,"href":"https:\/\/uoogear.com\/hu\/wp-json\/wp\/v2\/product_cat?post=4480"},{"taxonomy":"product_tag","embeddable":true,"href":"https:\/\/uoogear.com\/hu\/wp-json\/wp\/v2\/product_tag?post=4480"}],"curies":[{"name":"wp","href":"https:\/\/api.w.org\/{rel}","templated":true}]}}