{"id":4507,"date":"2023-11-14T01:58:23","date_gmt":"2023-11-14T01:58:23","guid":{"rendered":"https:\/\/uoogear.com\/product\/best-price-waterproof-inflatable-air-pole-house-tent-outdoor-inflatable-camping-tent\/"},"modified":"2023-11-30T02:23:43","modified_gmt":"2023-11-30T02:23:43","slug":"best-price-waterproof-inflatable-air-pole-house-tent-outdoor-inflatable-camping-tent","status":"publish","type":"product","link":"https:\/\/uoogear.com\/hu\/termek\/best-price-waterproof-inflatable-air-pole-house-tent-outdoor-inflatable-camping-tent\/","title":{"rendered":"Legjobb \u00e1r\u00fa v\u00edz\u00e1ll\u00f3 felf\u00fajhat\u00f3 Air Pole House s\u00e1tor K\u00fclt\u00e9ri felf\u00fajhat\u00f3 kempings\u00e1tor"},"content":{"rendered":"<ul>\n<li><strong>Ter\u00fclet : <\/strong> 300*210<\/li>\n<li><strong>Sz\u00f6vet: <\/strong> Poli\u00e9szter<\/li>\n<li><strong>K\u00fcls\u0151 s\u00e1tor v\u00edz\u00e1ll\u00f3s\u00e1gi indexe: <\/strong> &gt;3000 mm<\/li>\n<li><strong>Als\u00f3 v\u00edz\u00e1ll\u00f3s\u00e1gi index: <\/strong> &gt;3000 mm<\/li>\n<li><strong>\u00c9p\u00fclet t\u00edpusa: <\/strong> Gyors automatikus nyit\u00e1s<\/li>\n<li><strong>S\u00e1tor st\u00edlusa: <\/strong> Cs\u0151 t\u00edpusa S\u00e1tor Stake<\/li>\n<li><strong>\u00c9vad : <\/strong> N\u00e9gy \u00e9vszakos s\u00e1tor<\/li>\n<li><strong>Szerkezet : <\/strong> K\u00e9t h\u00e1l\u00f3szoba<\/li>\n<li><strong>Term\u00e9k n\u00e9v : <\/strong> Felf\u00fajhat\u00f3 kempings\u00e1tor<\/li>\n<li><strong>St\u00edlus: <\/strong> Modern<\/li>\n<li><strong>Sz\u00edn: <\/strong> Testreszabott sz\u00edn<\/li>\n<li><strong>Alkalmaz\u00e1s : <\/strong> Outdoor Travel Camping<\/li>\n<li><strong>M\u00e9ret: <\/strong> Testreszabott m\u00e9ret<\/li>\n<li><strong>MOQ: <\/strong> 1 darab<\/li>\n<li><strong>Anyaga: <\/strong> Poli\u00e9szter + pamut<\/li>\n<li><strong>Kieg\u00e9sz\u00edt\u0151k : <\/strong> Szivatty\u00fa+hordt\u00e1ska+kar\u00f3k+k\u00f6telek<\/li>\n<li><strong>Funkci\u00f3 : <\/strong> V\u00edz\u00e1ll\u00f3<\/li>\n<li><strong>Kulcssz\u00f3: <\/strong> Luxus kemping s\u00e1tor<\/li>\n<\/ul>\n<div>\n<div data-magic-global=\"%7B%22bizId%22%3A2212793521237%2C%22pageId%22%3A21200639877%2C%22siteId%22%3A10003212050%7D\">\n<div>\n<div data-section=\"AliMagic-ilf82t\" data-section-title=\"Products Description\">Term\u00e9kle\u00edr\u00e1s<\/div>\n<\/div>\n<div>\n<div>\n<div><img decoding=\"async\" src=\"\/\/sc04.alicdn.com\/kf\/H43725afd3bec4530b9a0eefa40fd24c1h\/255148517\/H43725afd3bec4530b9a0eefa40fd24c1h.jpg\" data-src=\"\/\/sc04.alicdn.com\/kf\/H43725afd3bec4530b9a0eefa40fd24c1h\/255148517\/H43725afd3bec4530b9a0eefa40fd24c1h.jpg\" \/><\/div>\n<div><img decoding=\"async\" src=\"\/\/sc04.alicdn.com\/kf\/Haad59990b4f34f76a9c982218abf33bee\/255148517\/Haad59990b4f34f76a9c982218abf33bee.jpg\" data-src=\"\/\/sc04.alicdn.com\/kf\/Haad59990b4f34f76a9c982218abf33bee\/255148517\/Haad59990b4f34f76a9c982218abf33bee.jpg\" \/><\/div>\n<div><img decoding=\"async\" src=\"\/\/sc04.alicdn.com\/kf\/Hce4ac1a48012484b9242af5cdb11ab57o\/255148517\/Hce4ac1a48012484b9242af5cdb11ab57o.png\" data-src=\"\/\/sc04.alicdn.com\/kf\/Hce4ac1a48012484b9242af5cdb11ab57o\/255148517\/Hce4ac1a48012484b9242af5cdb11ab57o.png\" \/><\/div>\n<div><img decoding=\"async\" src=\"\/\/sc04.alicdn.com\/kf\/Hcdf30cfff2914e74bc3b9fb4f21f920dJ\/255148517\/Hcdf30cfff2914e74bc3b9fb4f21f920dJ.jpg\" data-src=\"\/\/sc04.alicdn.com\/kf\/Hcdf30cfff2914e74bc3b9fb4f21f920dJ\/255148517\/Hcdf30cfff2914e74bc3b9fb4f21f920dJ.jpg\" \/><\/div>\n<div><img decoding=\"async\" src=\"\/\/sc04.alicdn.com\/kf\/H25c5e1db115e48229ff9c02d1da2c496E\/255148517\/H25c5e1db115e48229ff9c02d1da2c496E.jpg\" data-src=\"\/\/sc04.alicdn.com\/kf\/H25c5e1db115e48229ff9c02d1da2c496E\/255148517\/H25c5e1db115e48229ff9c02d1da2c496E.jpg\" \/><\/div>\n<div><img decoding=\"async\" src=\"\/\/sc04.alicdn.com\/kf\/H6483226daf0141e9a1df7a4c0b1eb5262\/255148517\/H6483226daf0141e9a1df7a4c0b1eb5262.jpg\" data-src=\"\/\/sc04.alicdn.com\/kf\/H6483226daf0141e9a1df7a4c0b1eb5262\/255148517\/H6483226daf0141e9a1df7a4c0b1eb5262.jpg\" \/><\/div>\n<\/div>\n<\/div>\n<div><\/div>\n<div>\n<div>\n<div>\n<div>\n<div><\/div>\n<\/div>\n<\/div>\n<\/div>\n<\/div>\n<\/div>\n<\/div>","protected":false},"excerpt":{"rendered":"<p>Ter\u00fclet: 300*210 Sz\u00f6vet: Poli\u00e9szter k\u00fcls\u0151 s\u00e1tor v\u00edz\u00e1ll\u00f3s\u00e1gi indexe: &gt;3000 mm als\u00f3 v\u00edz\u00e1ll\u00f3s\u00e1gi index: &gt;3000 mm \u00e9p\u00fclet t\u00edpusa: gyorsan ny\u00edl\u00f3, automatikusan s\u00e1tor st\u00edlusa: cs\u0151 t\u00edpusa s\u00e1tor t\u00f6v\u00e9ben: n\u00e9gy \u00e9vszakos s\u00e1tor szerkezete: k\u00e9t h\u00e1l\u00f3szob\u00e1s term\u00e9k neve Kempings\u00e1tor st\u00edlusa: Modern sz\u00edn: Testreszabott sz\u00ednalkalmaz\u00e1s:<\/p>\n<div class=\"read-more\"><a class=\"btn btn-fill-out\" href=\"https:\/\/uoogear.com\/hu\/termek\/best-price-waterproof-inflatable-air-pole-house-tent-outdoor-inflatable-camping-tent\/\">Olvass tov\u00e1bb<\/a><\/div>","protected":false},"featured_media":4506,"template":"","meta":[],"product_brand":[],"product_cat":[15],"product_tag":[],"class_list":{"0":"post-4507","1":"product","2":"type-product","3":"status-publish","4":"has-post-thumbnail","6":"product_cat-uncategorized","7":"tm-no-options","9":"first","10":"instock","11":"shipping-taxable","12":"purchasable","13":"product-type-variable"},"_links":{"self":[{"href":"https:\/\/uoogear.com\/hu\/wp-json\/wp\/v2\/product\/4507","targetHints":{"allow":["GET"]}}],"collection":[{"href":"https:\/\/uoogear.com\/hu\/wp-json\/wp\/v2\/product"}],"about":[{"href":"https:\/\/uoogear.com\/hu\/wp-json\/wp\/v2\/types\/product"}],"wp:featuredmedia":[{"embeddable":true,"href":"https:\/\/uoogear.com\/hu\/wp-json\/wp\/v2\/media\/4506"}],"wp:attachment":[{"href":"https:\/\/uoogear.com\/hu\/wp-json\/wp\/v2\/media?parent=4507"}],"wp:term":[{"taxonomy":"product_brand","embeddable":true,"href":"https:\/\/uoogear.com\/hu\/wp-json\/wp\/v2\/product_brand?post=4507"},{"taxonomy":"product_cat","embeddable":true,"href":"https:\/\/uoogear.com\/hu\/wp-json\/wp\/v2\/product_cat?post=4507"},{"taxonomy":"product_tag","embeddable":true,"href":"https:\/\/uoogear.com\/hu\/wp-json\/wp\/v2\/product_tag?post=4507"}],"curies":[{"name":"wp","href":"https:\/\/api.w.org\/{rel}","templated":true}]}}