{"id":4535,"date":"2023-11-14T02:03:07","date_gmt":"2023-11-14T02:03:07","guid":{"rendered":"https:\/\/uoogear.com\/product\/wholesale-double-door-portable-waterproof-air-tent-camping-outdoor-large-family-camping-tents\/"},"modified":"2023-11-30T02:39:44","modified_gmt":"2023-11-30T02:39:44","slug":"wholesale-double-door-portable-waterproof-air-tent-camping-outdoor-large-family-camping-tents","status":"publish","type":"product","link":"https:\/\/uoogear.com\/hu\/termek\/wholesale-double-door-portable-waterproof-air-tent-camping-outdoor-large-family-camping-tents\/","title":{"rendered":"Nagykereskedelmi k\u00e9tajt\u00f3s hordozhat\u00f3 v\u00edz\u00e1ll\u00f3 leveg\u0151s\u00e1tor kemping szabadt\u00e9ri nagycsal\u00e1dos kempings\u00e1trak"},"content":{"rendered":"<ul>\n<li><strong>Sz\u00f6vet: <\/strong> PVC, 100% poli\u00e9szter<\/li>\n<li><strong>K\u00fcls\u0151 s\u00e1tor v\u00edz\u00e1ll\u00f3s\u00e1gi indexe: <\/strong> 1000-1500 mm, 1500-2000 mm<\/li>\n<li><strong>Als\u00f3 v\u00edz\u00e1ll\u00f3s\u00e1gi index: <\/strong> 1000-1500 mm<\/li>\n<li><strong>\u00c9p\u00fclet t\u00edpusa: <\/strong> Gyors automatikus nyit\u00e1s<\/li>\n<li><strong>S\u00e1tor st\u00edlusa: <\/strong> \u00c1lc\u00e1z\u00e1s\/Mez\u0151j\u00e1t\u00e9k<\/li>\n<li><strong>\u00c9vad : <\/strong> N\u00e9gy \u00e9vszakos s\u00e1tor, ny\u00e1ri s\u00e1tor, n\u00e9gy \u00e9vszakos s\u00e1tor<\/li>\n<li><strong>Szerkezet : <\/strong> Egy h\u00e1l\u00f3szoba<\/li>\n<li><strong>Term\u00e9k n\u00e9v : <\/strong> felbukkan\u00f3 s\u00e1trak szabadt\u00e9ri kemping<\/li>\n<li><strong>P\u00e1ly\u00e1z\u00f3 : <\/strong> Szabadt\u00e9ri tev\u00e9kenys\u00e9gek<\/li>\n<li><strong>Log\u00f3: <\/strong> Fogadja el a testreszabott log\u00f3t<\/li>\n<li><strong>MOQ: <\/strong> 1 darab<\/li>\n<li><strong>Anyaga: <\/strong> 100% poli\u00e9szter sz\u00f6vet<\/li>\n<li><strong>Csomagol\u00e1s: <\/strong> Er\u0151s kartondoboz<\/li>\n<li><strong>M\u00e9ret: <\/strong> Testreszabott m\u00e9ret<\/li>\n<li><strong>Kulcssz\u00f3: <\/strong> kemping felf\u00fajhat\u00f3 s\u00e1tor<\/li>\n<\/ul>\n<div>\n<div data-magic-global=\"%7B%22bizId%22%3A2212793521237%2C%22pageId%22%3A21201983243%2C%22siteId%22%3A10003212050%7D\">\n<div>\n<div data-section=\"AliMagic-mbbain\" data-section-title=\"Products Description\"><\/div>\n<\/div>\n<div>\n<div>\n<table>\n<tbody>\n<tr>\n<td>\n<div><span style=\"color: #000000; font-family: Arial;\"><span data-spm-anchor-id=\"a2700.custom-template.0.i133.65b03333DKbf22\"><strong>term\u00e9k n\u00e9v<\/strong><\/span><\/span><\/div>\n<\/td>\n<td>\n<div>S\u00e1tor<\/div>\n<\/td>\n<\/tr>\n<tr>\n<td>\n<div><span style=\"color: #000000; font-family: Arial;\"><strong>OEM MOQ<\/strong><\/span><\/div>\n<\/td>\n<td>\n<div><span style=\"font-family: Arial;\"><span data-spm-anchor-id=\"a2700.custom-template.0.i131.65b03333DKbf22\">Fogadja el a testreszabott \/1 k\u00e9szletmint\u00e1t<\/span><\/span><\/div>\n<\/td>\n<\/tr>\n<tr>\n<td>\n<div><span style=\"color: #000000; font-family: Arial;\"><strong>Sz\u00edn<\/strong><\/span><\/div>\n<\/td>\n<td>\n<div><span style=\"font-family: Arial;\"><span data-spm-anchor-id=\"a2700.custom-template.0.i132.65b03333DKbf22\">K\u00e9pk\u00e9nt fogadja el testreszabottan<\/span><\/span><\/div>\n<\/td>\n<\/tr>\n<tr>\n<td>\n<div><span style=\"color: #000000; font-family: Arial;\"><span data-spm-anchor-id=\"a2700.custom-template.0.i158.65b03333DKbf22\"><strong>Kapacit\u00e1s<\/strong><\/span><\/span><\/div>\n<\/td>\n<td>\n<div><span style=\"font-family: Arial;\">2\/3\/4\/5\/6\/7\/8 f\u0151 (testreszabott kapacit\u00e1s)<\/span><\/div>\n<\/td>\n<\/tr>\n<tr>\n<td>\n<div><strong>M\u00e9ret<\/strong><\/div>\n<\/td>\n<td>\n<div>Kiv\u00e1laszthatja a k\u00e9szterm\u00e9kek m\u00e9ret\u00e9t, testreszabott m\u00e9retet fogadhat el<\/div>\n<\/td>\n<\/tr>\n<tr>\n<td>\n<div>\n<div><strong>Funkci\u00f3<\/strong><\/div>\n<\/div>\n<\/td>\n<td>\n<div><span style=\"font-family: Arial;\">UV- \u00e9s es\u0151\u00e1ll\u00f3, l\u00e9g\u00e1tereszt\u0151, megakad\u00e1lyozza a nagyszer\u0171 megjelen\u00e9st, nagy hely, stabil szerkezet, j\u00f3 szell\u0151z\u00e9si teljes\u00edtm\u00e9ny, sz\u00e9les alkalmaz\u00e1s, kis m\u00e9ret, k\u00f6nnyen sz\u00e1ll\u00edthat\u00f3, be\u00e1ll\u00edthat\u00f3, k\u00f6nnyen felugr\u00f3, automatikus, k\u00e9nyelmes<\/span><\/div>\n<\/td>\n<\/tr>\n<\/tbody>\n<\/table>\n<\/div>\n<\/div>\n<div>\n<div data-section=\"AliMagic-paf127\" data-section-title=\"Details Images\">R\u00e9szletek K\u00e9pek<\/div>\n<\/div>\n<div>\n<div>\n<div><img decoding=\"async\" src=\"\/\/sc04.alicdn.com\/kf\/Hd5c6334e6f81415d9fa15daae38b6c59D\/255148517\/Hd5c6334e6f81415d9fa15daae38b6c59D.jpg\" data-src=\"\/\/sc04.alicdn.com\/kf\/Hd5c6334e6f81415d9fa15daae38b6c59D\/255148517\/Hd5c6334e6f81415d9fa15daae38b6c59D.jpg\" \/><\/div>\n<div><img decoding=\"async\" src=\"\/\/sc04.alicdn.com\/kf\/H0d93849815d64a58844b919b5ba91fa0D\/255148517\/H0d93849815d64a58844b919b5ba91fa0D.jpg\" data-src=\"\/\/sc04.alicdn.com\/kf\/H0d93849815d64a58844b919b5ba91fa0D\/255148517\/H0d93849815d64a58844b919b5ba91fa0D.jpg\" \/><\/div>\n<div><img decoding=\"async\" src=\"\/\/sc04.alicdn.com\/kf\/Haad59990b4f34f76a9c982218abf33bee\/255148517\/Haad59990b4f34f76a9c982218abf33bee.jpg\" data-src=\"\/\/sc04.alicdn.com\/kf\/Haad59990b4f34f76a9c982218abf33bee\/255148517\/Haad59990b4f34f76a9c982218abf33bee.jpg\" \/><\/div>\n<div><img decoding=\"async\" src=\"\/\/sc04.alicdn.com\/kf\/H5fe04342932b4e4ea06d63267894a696I\/255148517\/H5fe04342932b4e4ea06d63267894a696I.jpg\" data-src=\"\/\/sc04.alicdn.com\/kf\/H5fe04342932b4e4ea06d63267894a696I\/255148517\/H5fe04342932b4e4ea06d63267894a696I.jpg\" \/><\/div>\n<div><img decoding=\"async\" src=\"\/\/sc04.alicdn.com\/kf\/H63fad25e7c4147e195846d49d2d24864e\/255148517\/H63fad25e7c4147e195846d49d2d24864e.jpg\" data-src=\"\/\/sc04.alicdn.com\/kf\/H63fad25e7c4147e195846d49d2d24864e\/255148517\/H63fad25e7c4147e195846d49d2d24864e.jpg\" \/><\/div>\n<\/div>\n<\/div>\n<div>\n<div>\n<div>\n<div>\n<div>\n<div><img decoding=\"async\" src=\"\/\/sc04.alicdn.com\/kf\/He9c856cc41994feb9bbd9f3d9db22c3fs\/255148517\/He9c856cc41994feb9bbd9f3d9db22c3fs.jpg\" data-src=\"\/\/sc04.alicdn.com\/kf\/He9c856cc41994feb9bbd9f3d9db22c3fs\/255148517\/He9c856cc41994feb9bbd9f3d9db22c3fs.jpg\" \/><\/div>\n<\/div>\n<\/div>\n<\/div>\n<\/div>\n<\/div>\n<div>\n<div>\n<div>\n<div>\n<div>\n<div><\/div>\n<\/div>\n<\/div>\n<\/div>\n<\/div>\n<\/div>\n<\/div>\n<\/div>","protected":false},"excerpt":{"rendered":"<p>Sz\u00f6vet: PVC, 100% poli\u00e9szter k\u00fcls\u0151 s\u00e1tor v\u00edz\u00e1ll\u00f3s\u00e1gi indexe: 1000-1500 mm, 1500-2000 mm als\u00f3 v\u00edz\u00e1ll\u00f3s\u00e1gi index: 1000-1500 mm \u00c9p\u00fclet t\u00edpusa: Gyorsan ny\u00edl\u00f3 s\u00e1tor St\u00edlusa: Camouflage Tend-TentFilm ,N\u00e9gy \u00e9vszakos s\u00e1tor Fel\u00e9p\u00edt\u00e9se: Egy h\u00e1l\u00f3szob\u00e1s Term\u00e9k neve: pop up s\u00e1trak kemping szabadt\u00e9ri Jelentkez\u0151: Szabadt\u00e9ri tev\u00e9kenys\u00e9gek Log\u00f3<\/p>\n<div class=\"read-more\"><a class=\"btn btn-fill-out\" href=\"https:\/\/uoogear.com\/hu\/termek\/wholesale-double-door-portable-waterproof-air-tent-camping-outdoor-large-family-camping-tents\/\">Olvass tov\u00e1bb<\/a><\/div>","protected":false},"featured_media":4534,"template":"","meta":[],"product_brand":[],"product_cat":[15],"product_tag":[],"class_list":{"0":"post-4535","1":"product","2":"type-product","3":"status-publish","4":"has-post-thumbnail","6":"product_cat-uncategorized","7":"tm-no-options","9":"first","10":"instock","11":"shipping-taxable","12":"purchasable","13":"product-type-variable"},"_links":{"self":[{"href":"https:\/\/uoogear.com\/hu\/wp-json\/wp\/v2\/product\/4535","targetHints":{"allow":["GET"]}}],"collection":[{"href":"https:\/\/uoogear.com\/hu\/wp-json\/wp\/v2\/product"}],"about":[{"href":"https:\/\/uoogear.com\/hu\/wp-json\/wp\/v2\/types\/product"}],"wp:featuredmedia":[{"embeddable":true,"href":"https:\/\/uoogear.com\/hu\/wp-json\/wp\/v2\/media\/4534"}],"wp:attachment":[{"href":"https:\/\/uoogear.com\/hu\/wp-json\/wp\/v2\/media?parent=4535"}],"wp:term":[{"taxonomy":"product_brand","embeddable":true,"href":"https:\/\/uoogear.com\/hu\/wp-json\/wp\/v2\/product_brand?post=4535"},{"taxonomy":"product_cat","embeddable":true,"href":"https:\/\/uoogear.com\/hu\/wp-json\/wp\/v2\/product_cat?post=4535"},{"taxonomy":"product_tag","embeddable":true,"href":"https:\/\/uoogear.com\/hu\/wp-json\/wp\/v2\/product_tag?post=4535"}],"curies":[{"name":"wp","href":"https:\/\/api.w.org\/{rel}","templated":true}]}}