{"id":4604,"date":"2023-11-14T02:08:20","date_gmt":"2023-11-14T02:08:20","guid":{"rendered":"https:\/\/uoogear.com\/product\/arab-qatar-inflatable-camping-air-tent-waterproof-inflatable-outdoor-camping-tent\/"},"modified":"2023-11-30T02:40:37","modified_gmt":"2023-11-30T02:40:37","slug":"arab-qatar-inflatable-camping-air-tent-waterproof-inflatable-outdoor-camping-tent","status":"publish","type":"product","link":"https:\/\/uoogear.com\/hu\/termek\/arab-qatar-inflatable-camping-air-tent-waterproof-inflatable-outdoor-camping-tent\/","title":{"rendered":"Arab\/katar felf\u00fajhat\u00f3 kemping l\u00e9gs\u00e1tor v\u00edz\u00e1ll\u00f3 felf\u00fajhat\u00f3 k\u00fclt\u00e9ri kempings\u00e1tor"},"content":{"rendered":"<ul>\n<li><strong>Ter\u00fclet : <\/strong> 6 m\u00b2<\/li>\n<li><strong>Sz\u00f6vet: <\/strong> Poli\u00e9szter<\/li>\n<li><strong>K\u00fcls\u0151 s\u00e1tor v\u00edz\u00e1ll\u00f3s\u00e1gi indexe: <\/strong> &gt;3000 mm<\/li>\n<li><strong>Als\u00f3 v\u00edz\u00e1ll\u00f3s\u00e1gi index: <\/strong> &gt;3000 mm<\/li>\n<li><strong>S\u00e1tor st\u00edlusa: <\/strong> Kiterjesztett t\u00edpus<\/li>\n<li><strong>\u00c9vad : <\/strong> N\u00e9gy \u00e9vszakos s\u00e1tor<\/li>\n<li><strong>Szerkezet : <\/strong> Egy h\u00e1l\u00f3szoba \u00e9s egy nappali<\/li>\n<li><strong>Kulcssz\u00f3: <\/strong> Felf\u00fajhat\u00f3 kempings\u00e1tor<\/li>\n<li><strong>MOQ: <\/strong> 1 szett<\/li>\n<li><strong>Kieg\u00e9sz\u00edt\u0151k : <\/strong> k\u00e9zi pumpa, csapok, sz\u00e9lk\u00f6telek<\/li>\n<li><strong>Log\u00f3: <\/strong> szem\u00e9lyre szabott<\/li>\n<li><strong>M\u00e9ret: <\/strong> 6 m\u00b2<\/li>\n<li><strong>Anyaga: <\/strong> poli\u00e9szter pamut+pvc<\/li>\n<li><strong>OEM\/ODM: <\/strong> Elfogadhat\u00f3 egy\u00e9ni<\/li>\n<li><strong>Kapacit\u00e1s: <\/strong> 5+ ember<\/li>\n<li><strong>Term\u00e9k n\u00e9v : <\/strong> Felf\u00fajhat\u00f3 kempings\u00e1tor<\/li>\n<li><strong>Funkci\u00f3: <\/strong> Nap elleni v\u00e9delem<\/li>\n<\/ul>\n<div>\n<div data-magic-global=\"%7B%22bizId%22%3A2212793521237%2C%22pageId%22%3A21262171805%2C%22siteId%22%3A10003212050%7D\">\n<div>\n<div data-section=\"AliMagic-mkpsgh\" data-section-title=\"Products Description\">Term\u00e9kle\u00edr\u00e1s<\/div>\n<\/div>\n<div>\n<div>\n<div><img decoding=\"async\" src=\"\/\/sc04.alicdn.com\/kf\/He4c3298ed6eb4e39bb6b5339319bad064\/255148517\/He4c3298ed6eb4e39bb6b5339319bad064.jpg\" data-src=\"\/\/sc04.alicdn.com\/kf\/He4c3298ed6eb4e39bb6b5339319bad064\/255148517\/He4c3298ed6eb4e39bb6b5339319bad064.jpg\" \/><\/div>\n<div><img decoding=\"async\" src=\"\/\/sc04.alicdn.com\/kf\/Hb9f73be253b34358b75bcfd954e38b10I\/255148517\/Hb9f73be253b34358b75bcfd954e38b10I.jpg\" data-src=\"\/\/sc04.alicdn.com\/kf\/Hb9f73be253b34358b75bcfd954e38b10I\/255148517\/Hb9f73be253b34358b75bcfd954e38b10I.jpg\" \/><\/div>\n<div><img decoding=\"async\" src=\"\/\/sc04.alicdn.com\/kf\/H32545585c7004bd6808990c88d472837F\/255148517\/H32545585c7004bd6808990c88d472837F.jpg\" data-src=\"\/\/sc04.alicdn.com\/kf\/H32545585c7004bd6808990c88d472837F\/255148517\/H32545585c7004bd6808990c88d472837F.jpg\" \/><\/div>\n<div><img decoding=\"async\" src=\"\/\/sc04.alicdn.com\/kf\/Hf29ff734bb5449f194b74f58cc63cc14x\/255148517\/Hf29ff734bb5449f194b74f58cc63cc14x.jpg\" data-src=\"\/\/sc04.alicdn.com\/kf\/Hf29ff734bb5449f194b74f58cc63cc14x\/255148517\/Hf29ff734bb5449f194b74f58cc63cc14x.jpg\" \/><\/div>\n<\/div>\n<\/div>\n<div><\/div>\n<div>\n<div>\n<div>\n<div>\n<div><\/div>\n<\/div>\n<\/div>\n<\/div>\n<\/div>\n<\/div>\n<\/div>","protected":false},"excerpt":{"rendered":"<p>Ter\u00fclet: 6 m\u00b2 Sz\u00f6vet: Poli\u00e9szter k\u00fcls\u0151 s\u00e1tor v\u00edz\u00e1ll\u00f3s\u00e1gi indexe: &gt;3000 mm als\u00f3 v\u00edz\u00e1ll\u00f3s\u00e1gi index: &gt;3000 mm s\u00e1torst\u00edlus: meghosszabb\u00edtott t\u00edpus Szezon: n\u00e9gy \u00e9vszakos s\u00e1torszerkezet: egy h\u00e1l\u00f3szoba \u00e9s egy nappali Kulcssz\u00f3: felf\u00fajhat\u00f3 s\u00e1tor 1 f\u00e9r\u0151hely MOQo : k\u00e9zi pumpa, csapok, sz\u00e9lk\u00f6telek Log\u00f3: testreszabott m\u00e9ret:<\/p>\n<div class=\"read-more\"><a class=\"btn btn-fill-out\" href=\"https:\/\/uoogear.com\/hu\/termek\/arab-qatar-inflatable-camping-air-tent-waterproof-inflatable-outdoor-camping-tent\/\">Olvass tov\u00e1bb<\/a><\/div>","protected":false},"featured_media":4603,"template":"","meta":[],"product_brand":[],"product_cat":[15],"product_tag":[],"class_list":{"0":"post-4604","1":"product","2":"type-product","3":"status-publish","4":"has-post-thumbnail","6":"product_cat-uncategorized","7":"tm-no-options","9":"first","10":"instock","11":"shipping-taxable","12":"purchasable","13":"product-type-variable"},"_links":{"self":[{"href":"https:\/\/uoogear.com\/hu\/wp-json\/wp\/v2\/product\/4604","targetHints":{"allow":["GET"]}}],"collection":[{"href":"https:\/\/uoogear.com\/hu\/wp-json\/wp\/v2\/product"}],"about":[{"href":"https:\/\/uoogear.com\/hu\/wp-json\/wp\/v2\/types\/product"}],"wp:featuredmedia":[{"embeddable":true,"href":"https:\/\/uoogear.com\/hu\/wp-json\/wp\/v2\/media\/4603"}],"wp:attachment":[{"href":"https:\/\/uoogear.com\/hu\/wp-json\/wp\/v2\/media?parent=4604"}],"wp:term":[{"taxonomy":"product_brand","embeddable":true,"href":"https:\/\/uoogear.com\/hu\/wp-json\/wp\/v2\/product_brand?post=4604"},{"taxonomy":"product_cat","embeddable":true,"href":"https:\/\/uoogear.com\/hu\/wp-json\/wp\/v2\/product_cat?post=4604"},{"taxonomy":"product_tag","embeddable":true,"href":"https:\/\/uoogear.com\/hu\/wp-json\/wp\/v2\/product_tag?post=4604"}],"curies":[{"name":"wp","href":"https:\/\/api.w.org\/{rel}","templated":true}]}}