{"id":4640,"date":"2023-11-14T02:11:42","date_gmt":"2023-11-14T02:11:42","guid":{"rendered":"https:\/\/uoogear.com\/product\/air-tube-outdoor-tent-house-thickened-large-luxury-inflatable-camping-tent-with-sun-and-rain-protection-house-tent-5-8-people\/"},"modified":"2023-11-30T02:54:24","modified_gmt":"2023-11-30T02:54:24","slug":"air-tube-outdoor-tent-house-thickened-large-luxury-inflatable-camping-tent-with-sun-and-rain-protection-house-tent-5-8-people","status":"publish","type":"product","link":"https:\/\/uoogear.com\/hu\/termek\/air-tube-outdoor-tent-house-thickened-large-luxury-inflatable-camping-tent-with-sun-and-rain-protection-house-tent-5-8-people\/","title":{"rendered":"Air Tube k\u00fclt\u00e9ri s\u00e1torh\u00e1z S\u0171r\u00edtett nagy luxus felf\u00fajhat\u00f3 kemping s\u00e1tor nap- \u00e9s es\u0151v\u00e9d\u0151 h\u00e1z s\u00e1torral 5-8 f\u0151"},"content":{"rendered":"<ul>\n<li><strong>Ter\u00fclet : <\/strong> 300*210<\/li>\n<li><strong>Sz\u00f6vet: <\/strong> PVC+pamutsz\u00f6vet+poli\u00e9szter h\u00e1l\u00f3<\/li>\n<li><strong>K\u00fcls\u0151 s\u00e1tor v\u00edz\u00e1ll\u00f3s\u00e1gi indexe: <\/strong> &gt;3000 mm<\/li>\n<li><strong>Als\u00f3 v\u00edz\u00e1ll\u00f3s\u00e1gi index: <\/strong> &gt;3000 mm<\/li>\n<li><strong>\u00c9p\u00fclet t\u00edpusa: <\/strong> Gyors automatikus nyit\u00e1s<\/li>\n<li><strong>S\u00e1tor st\u00edlusa: <\/strong> Cs\u0151 t\u00edpusa S\u00e1tor Stake<\/li>\n<li><strong>\u00c9vad : <\/strong> N\u00e9gy \u00e9vszakos s\u00e1tor<\/li>\n<li><strong>Szerkezet : <\/strong> K\u00e9t h\u00e1l\u00f3szoba \u00e9s egy nappali<\/li>\n<li><strong>Term\u00e9k n\u00e9v : <\/strong> Felf\u00fajhat\u00f3 kempings\u00e1tor<\/li>\n<li><strong>Haszn\u00e1lat: <\/strong> Szabadt\u00e9ri sz\u00f3rakoz\u00e1s<\/li>\n<li><strong>St\u00edlus: <\/strong> Modern<\/li>\n<li><strong>Sz\u00edn: <\/strong> Arany homok sz\u00edn<\/li>\n<li><strong>Alkalmaz\u00e1s : <\/strong> Outdoor Travel Camping<\/li>\n<li><strong>MOQ: <\/strong> 1 darab<\/li>\n<li><strong>Anyaga: <\/strong> PVC<\/li>\n<li><strong>Kieg\u00e9sz\u00edt\u0151k : <\/strong> Szivatty\u00fa+hordt\u00e1ska+kar\u00f3k+k\u00f6telek<\/li>\n<li><strong>Funkci\u00f3 : <\/strong> V\u00edz\u00e1ll\u00f3<\/li>\n<li><strong>Kulcssz\u00f3: <\/strong> Air Tent Camping<\/li>\n<\/ul>\n<div>\n<div data-magic-global=\"%7B%22bizId%22%3A2212793521237%2C%22pageId%22%3A21238606057%2C%22siteId%22%3A10003212050%7D\">\n<div>\n<div data-section=\"AliMagic-sw9w4v\" data-section-title=\"Products Description\">Term\u00e9kle\u00edr\u00e1s<\/div>\n<\/div>\n<div>\n<div>\n<div><img decoding=\"async\" src=\"\/\/sc04.alicdn.com\/kf\/H06244c93f23646709f49ef10c932ef33k\/255148517\/H06244c93f23646709f49ef10c932ef33k.jpg\" data-src=\"\/\/sc04.alicdn.com\/kf\/H06244c93f23646709f49ef10c932ef33k\/255148517\/H06244c93f23646709f49ef10c932ef33k.jpg\" \/><\/div>\n<div><img decoding=\"async\" src=\"\/\/sc04.alicdn.com\/kf\/H23b90ba542404970ae8a9afd66e8be2c2\/255148517\/H23b90ba542404970ae8a9afd66e8be2c2.jpg\" data-src=\"\/\/sc04.alicdn.com\/kf\/H23b90ba542404970ae8a9afd66e8be2c2\/255148517\/H23b90ba542404970ae8a9afd66e8be2c2.jpg\" \/><\/div>\n<div><img decoding=\"async\" src=\"\/\/sc04.alicdn.com\/kf\/H0790707e7b82488c962b149dc65894653\/255148517\/H0790707e7b82488c962b149dc65894653.jpg\" data-src=\"\/\/sc04.alicdn.com\/kf\/H0790707e7b82488c962b149dc65894653\/255148517\/H0790707e7b82488c962b149dc65894653.jpg\" \/><\/div>\n<div><img decoding=\"async\" src=\"\/\/sc04.alicdn.com\/kf\/He9b35c7be9684d3a887c81b7fcd49469L\/255148517\/He9b35c7be9684d3a887c81b7fcd49469L.jpg\" data-src=\"\/\/sc04.alicdn.com\/kf\/He9b35c7be9684d3a887c81b7fcd49469L\/255148517\/He9b35c7be9684d3a887c81b7fcd49469L.jpg\" \/><\/div>\n<div><img decoding=\"async\" src=\"\/\/sc04.alicdn.com\/kf\/Hf611cc01ff934bd88851633989c47d4dQ\/255148517\/Hf611cc01ff934bd88851633989c47d4dQ.jpg\" data-src=\"\/\/sc04.alicdn.com\/kf\/Hf611cc01ff934bd88851633989c47d4dQ\/255148517\/Hf611cc01ff934bd88851633989c47d4dQ.jpg\" \/><\/div>\n<div><img decoding=\"async\" src=\"\/\/sc04.alicdn.com\/kf\/H09c831a4acdc4ca0ba41d1c15a99f583v\/255148517\/H09c831a4acdc4ca0ba41d1c15a99f583v.jpg\" data-src=\"\/\/sc04.alicdn.com\/kf\/H09c831a4acdc4ca0ba41d1c15a99f583v\/255148517\/H09c831a4acdc4ca0ba41d1c15a99f583v.jpg\" \/><\/div>\n<div><img decoding=\"async\" src=\"\/\/sc04.alicdn.com\/kf\/Hcf417f3199b64eada64d0b6c264b511eZ\/255148517\/Hcf417f3199b64eada64d0b6c264b511eZ.jpg\" data-src=\"\/\/sc04.alicdn.com\/kf\/Hcf417f3199b64eada64d0b6c264b511eZ\/255148517\/Hcf417f3199b64eada64d0b6c264b511eZ.jpg\" \/><\/div>\n<div><img decoding=\"async\" src=\"\/\/sc04.alicdn.com\/kf\/H361f5a78ed5348abb04698aa25bbe5dcW\/255148517\/H361f5a78ed5348abb04698aa25bbe5dcW.jpg\" data-src=\"\/\/sc04.alicdn.com\/kf\/H361f5a78ed5348abb04698aa25bbe5dcW\/255148517\/H361f5a78ed5348abb04698aa25bbe5dcW.jpg\" \/><\/div>\n<\/div>\n<\/div>\n<div><\/div>\n<div>\n<div>\n<div>\n<div>\n<div><\/div>\n<\/div>\n<\/div>\n<\/div>\n<\/div>\n<\/div>\n<\/div>","protected":false},"excerpt":{"rendered":"<p>Ter\u00fclet: 300 * 210 Sz\u00f6vet: PVC + pamutsz\u00f6vet + poli\u00e9szter h\u00e1l\u00f3 K\u00fcls\u0151 s\u00e1tor v\u00edz\u00e1ll\u00f3s\u00e1gi indexe: &gt;3000 mm Als\u00f3 v\u00edz\u00e1ll\u00f3s\u00e1gi index: &gt;3000 mm \u00c9p\u00fclet t\u00edpusa: Gyorsan, automatikusan ny\u00edl\u00f3 s\u00e1tor St\u00edlus: Cs\u0151 t\u00edpus\u00fa s\u00e1tort\u0171z szezon: N\u00e9gy \u00e9vszakos: K\u00e9t s\u00e1tor H\u00e1l\u00f3szob\u00e1k \u00e9s egy nappali Term\u00e9kn\u00e9v: Felf\u00fajhat\u00f3 kempings\u00e1tor Haszn\u00e1lat:<\/p>\n<div class=\"read-more\"><a class=\"btn btn-fill-out\" href=\"https:\/\/uoogear.com\/hu\/termek\/air-tube-outdoor-tent-house-thickened-large-luxury-inflatable-camping-tent-with-sun-and-rain-protection-house-tent-5-8-people\/\">Olvass tov\u00e1bb<\/a><\/div>","protected":false},"featured_media":4639,"template":"","meta":[],"product_brand":[],"product_cat":[15],"product_tag":[],"class_list":{"0":"post-4640","1":"product","2":"type-product","3":"status-publish","4":"has-post-thumbnail","6":"product_cat-uncategorized","7":"tm-no-options","9":"first","10":"instock","11":"shipping-taxable","12":"purchasable","13":"product-type-variable"},"_links":{"self":[{"href":"https:\/\/uoogear.com\/hu\/wp-json\/wp\/v2\/product\/4640","targetHints":{"allow":["GET"]}}],"collection":[{"href":"https:\/\/uoogear.com\/hu\/wp-json\/wp\/v2\/product"}],"about":[{"href":"https:\/\/uoogear.com\/hu\/wp-json\/wp\/v2\/types\/product"}],"wp:featuredmedia":[{"embeddable":true,"href":"https:\/\/uoogear.com\/hu\/wp-json\/wp\/v2\/media\/4639"}],"wp:attachment":[{"href":"https:\/\/uoogear.com\/hu\/wp-json\/wp\/v2\/media?parent=4640"}],"wp:term":[{"taxonomy":"product_brand","embeddable":true,"href":"https:\/\/uoogear.com\/hu\/wp-json\/wp\/v2\/product_brand?post=4640"},{"taxonomy":"product_cat","embeddable":true,"href":"https:\/\/uoogear.com\/hu\/wp-json\/wp\/v2\/product_cat?post=4640"},{"taxonomy":"product_tag","embeddable":true,"href":"https:\/\/uoogear.com\/hu\/wp-json\/wp\/v2\/product_tag?post=4640"}],"curies":[{"name":"wp","href":"https:\/\/api.w.org\/{rel}","templated":true}]}}