{"id":4658,"date":"2023-11-14T02:13:06","date_gmt":"2023-11-14T02:13:06","guid":{"rendered":"https:\/\/uoogear.com\/product\/good-quality-outdoor-oxford-waterproof-family-travel-camping-tent-inflatable-house-tent\/"},"modified":"2023-11-30T02:53:50","modified_gmt":"2023-11-30T02:53:50","slug":"good-quality-outdoor-oxford-waterproof-family-travel-camping-tent-inflatable-house-tent","status":"publish","type":"product","link":"https:\/\/uoogear.com\/hu\/termek\/good-quality-outdoor-oxford-waterproof-family-travel-camping-tent-inflatable-house-tent\/","title":{"rendered":"J\u00f3 min\u0151s\u00e9g\u0171 k\u00fclt\u00e9ri oxfordi v\u00edz\u00e1ll\u00f3 csal\u00e1di kemping s\u00e1tor felf\u00fajhat\u00f3 h\u00e1zs\u00e1tor"},"content":{"rendered":"<ul>\n<li><strong>T\u00edpussz\u00e1m : <\/strong> B08<\/li>\n<li><strong>Sz\u00f6vet: <\/strong> Oxford<\/li>\n<li><strong>K\u00fcls\u0151 s\u00e1tor v\u00edz\u00e1ll\u00f3s\u00e1gi indexe: <\/strong> &gt;3000 mm<\/li>\n<li><strong>Als\u00f3 v\u00edz\u00e1ll\u00f3s\u00e1gi index: <\/strong> &gt;3000 mm<\/li>\n<li><strong>\u00c9p\u00fclet t\u00edpusa: <\/strong> Gyors automatikus nyit\u00e1s<\/li>\n<li><strong>S\u00e1tor st\u00edlusa: <\/strong> Cs\u0151 t\u00edpusa S\u00e1tor Stake<\/li>\n<li><strong>\u00c9vad : <\/strong> N\u00e9gy \u00e9vszakos s\u00e1tor<\/li>\n<li><strong>Szerkezet : <\/strong> Egy h\u00e1l\u00f3szoba \u00e9s egy nappali<\/li>\n<li><strong>Term\u00e9k n\u00e9v : <\/strong> Felf\u00fajhat\u00f3 kempings\u00e1tor<\/li>\n<li><strong>Haszn\u00e1lat: <\/strong> Szabadt\u00e9ri sz\u00f3rakoz\u00e1s<\/li>\n<li><strong>St\u00edlus: <\/strong> Modern<\/li>\n<li><strong>Sz\u00edn: <\/strong> Testreszabott sz\u00edn<\/li>\n<li><strong>Alkalmaz\u00e1s : <\/strong> Outdoor Travel Camping<\/li>\n<li><strong>M\u00e9ret: <\/strong> Testreszabott m\u00e9ret<\/li>\n<li><strong>MOQ: <\/strong> 1 darab<\/li>\n<li><strong>Anyaga: <\/strong> Oxford<\/li>\n<li><strong>Kieg\u00e9sz\u00edt\u0151k : <\/strong> Szivatty\u00fa+hordt\u00e1ska+kar\u00f3k+k\u00f6telek<\/li>\n<li><strong>Funkci\u00f3 : <\/strong> V\u00edz\u00e1ll\u00f3<\/li>\n<\/ul>\n<div>\n<div data-magic-global=\"%7B%22bizId%22%3A2212793521237%2C%22pageId%22%3A21234350211%2C%22siteId%22%3A10003212050%7D\">\n<div>\n<div data-section=\"AliMagic-51uxhm\" data-section-title=\"Products Description\">Term\u00e9kle\u00edr\u00e1s<\/div>\n<\/div>\n<div>\n<div>\n<div><img decoding=\"async\" src=\"\/\/sc04.alicdn.com\/kf\/H0255d4cecc2c48acae9d1fca255f949dI\/255148517\/H0255d4cecc2c48acae9d1fca255f949dI.jpg\" data-src=\"\/\/sc04.alicdn.com\/kf\/H0255d4cecc2c48acae9d1fca255f949dI\/255148517\/H0255d4cecc2c48acae9d1fca255f949dI.jpg\" \/><\/div>\n<div><img decoding=\"async\" src=\"\/\/sc04.alicdn.com\/kf\/H71b50e6a116a4654bff0faab52b7b8cbh\/255148517\/H71b50e6a116a4654bff0faab52b7b8cbh.jpg\" data-src=\"\/\/sc04.alicdn.com\/kf\/H71b50e6a116a4654bff0faab52b7b8cbh\/255148517\/H71b50e6a116a4654bff0faab52b7b8cbh.jpg\" \/><\/div>\n<\/div>\n<\/div>\n<div><\/div>\n<div>\n<div>\n<div>\n<div>\n<div><\/div>\n<\/div>\n<\/div>\n<\/div>\n<\/div>\n<\/div>\n<\/div>","protected":false},"excerpt":{"rendered":"<p>Modellsz\u00e1m: B08 Sz\u00f6vet: Oxford k\u00fcls\u0151 s\u00e1tor v\u00edz\u00e1ll\u00f3s\u00e1gi indexe: &gt;3000 mm als\u00f3 v\u00edz\u00e1ll\u00f3s\u00e1gi index: &gt;3000 mm \u00c9p\u00fclet t\u00edpusa: Gyorsan ny\u00edl\u00f3, automatikusan ny\u00edl\u00f3 s\u00e1tor St\u00edlus: Cs\u0151t\u00edpus S\u00e1tort\u0171z szezon: N\u00e9gy \u00e9vszakos s\u00e1torszerkezet: Egy h\u00e1l\u00f3szoba \u00e9s egy nappali term\u00e9k n\u00e9v: Felf\u00fajhat\u00f3 kempings\u00e1tor Felhaszn\u00e1l\u00e1s: Szabadt\u00e9ri sz\u00f3rakoz\u00e1s<\/p>\n<div class=\"read-more\"><a class=\"btn btn-fill-out\" href=\"https:\/\/uoogear.com\/hu\/termek\/good-quality-outdoor-oxford-waterproof-family-travel-camping-tent-inflatable-house-tent\/\">Olvass tov\u00e1bb<\/a><\/div>","protected":false},"featured_media":4657,"template":"","meta":[],"product_brand":[],"product_cat":[15],"product_tag":[],"class_list":{"0":"post-4658","1":"product","2":"type-product","3":"status-publish","4":"has-post-thumbnail","6":"product_cat-uncategorized","7":"tm-no-options","9":"first","10":"instock","11":"shipping-taxable","12":"purchasable","13":"product-type-variable"},"_links":{"self":[{"href":"https:\/\/uoogear.com\/hu\/wp-json\/wp\/v2\/product\/4658","targetHints":{"allow":["GET"]}}],"collection":[{"href":"https:\/\/uoogear.com\/hu\/wp-json\/wp\/v2\/product"}],"about":[{"href":"https:\/\/uoogear.com\/hu\/wp-json\/wp\/v2\/types\/product"}],"wp:featuredmedia":[{"embeddable":true,"href":"https:\/\/uoogear.com\/hu\/wp-json\/wp\/v2\/media\/4657"}],"wp:attachment":[{"href":"https:\/\/uoogear.com\/hu\/wp-json\/wp\/v2\/media?parent=4658"}],"wp:term":[{"taxonomy":"product_brand","embeddable":true,"href":"https:\/\/uoogear.com\/hu\/wp-json\/wp\/v2\/product_brand?post=4658"},{"taxonomy":"product_cat","embeddable":true,"href":"https:\/\/uoogear.com\/hu\/wp-json\/wp\/v2\/product_cat?post=4658"},{"taxonomy":"product_tag","embeddable":true,"href":"https:\/\/uoogear.com\/hu\/wp-json\/wp\/v2\/product_tag?post=4658"}],"curies":[{"name":"wp","href":"https:\/\/api.w.org\/{rel}","templated":true}]}}