{"id":4667,"date":"2023-11-14T02:13:45","date_gmt":"2023-11-14T02:13:45","guid":{"rendered":"https:\/\/uoogear.com\/product\/inflatable-camping-tent-outdoor-oxford-canvas-luxury-camping-inflatable-tent\/"},"modified":"2023-11-30T02:53:36","modified_gmt":"2023-11-30T02:53:36","slug":"inflatable-camping-tent-outdoor-oxford-canvas-luxury-camping-inflatable-tent","status":"publish","type":"product","link":"https:\/\/uoogear.com\/hu\/termek\/inflatable-camping-tent-outdoor-oxford-canvas-luxury-camping-inflatable-tent\/","title":{"rendered":"Felf\u00fajhat\u00f3 kemping s\u00e1tor k\u00fclt\u00e9ri Oxford Canvas luxus kemping Felf\u00fajhat\u00f3 s\u00e1tor"},"content":{"rendered":"<ul>\n<li><strong>Sz\u00f6vet: <\/strong> Oxford<\/li>\n<li><strong>K\u00fcls\u0151 s\u00e1tor v\u00edz\u00e1ll\u00f3s\u00e1gi indexe: <\/strong> &gt;3000 mm<\/li>\n<li><strong>Als\u00f3 v\u00edz\u00e1ll\u00f3s\u00e1gi index: <\/strong> &gt;3000 mm<\/li>\n<li><strong>\u00c9p\u00fclet t\u00edpusa: <\/strong> Gyors automatikus nyit\u00e1s<\/li>\n<li><strong>S\u00e1tor st\u00edlusa: <\/strong> Cs\u0151 t\u00edpusa S\u00e1tor Stake<\/li>\n<li><strong>\u00c9vad : <\/strong> N\u00e9gy \u00e9vszakos s\u00e1tor<\/li>\n<li><strong>Szerkezet : <\/strong> Egy h\u00e1l\u00f3szoba<\/li>\n<li><strong>Term\u00e9k n\u00e9v : <\/strong> Felf\u00fajhat\u00f3 s\u00e1tor<\/li>\n<li><strong>Haszn\u00e1lat: <\/strong> Szabadt\u00e9ri sz\u00f3rakoz\u00e1s<\/li>\n<li><strong>St\u00edlus: <\/strong> Modern<\/li>\n<li><strong>Sz\u00edn: <\/strong> Testreszabott sz\u00edn<\/li>\n<li><strong>Alkalmaz\u00e1s : <\/strong> Outdoor Travel Camping<\/li>\n<li><strong>M\u00e9ret: <\/strong> Testreszabott m\u00e9ret<\/li>\n<li><strong>MOQ: <\/strong> 1 darab<\/li>\n<li><strong>Anyaga: <\/strong> Oxford<\/li>\n<li><strong>Kieg\u00e9sz\u00edt\u0151k : <\/strong> Szivatty\u00fa+hordt\u00e1ska+kar\u00f3k+k\u00f6telek<\/li>\n<li><strong>Funkci\u00f3 : <\/strong> V\u00edz\u00e1ll\u00f3<\/li>\n<\/ul>\n<div>\n<div data-magic-global=\"%7B%22bizId%22%3A2212793521237%2C%22pageId%22%3A21240895187%2C%22siteId%22%3A10003212050%7D\">\n<div>\n<div data-section=\"AliMagic-qd0zn6\" data-section-title=\"Products Description\">Term\u00e9kle\u00edr\u00e1s<\/div>\n<\/div>\n<div>\n<div>\n<div><img decoding=\"async\" src=\"\/\/sc04.alicdn.com\/kf\/Hd0182a21f2544fce95341c2b3cedc8765\/255148517\/Hd0182a21f2544fce95341c2b3cedc8765.jpg\" data-src=\"\/\/sc04.alicdn.com\/kf\/Hd0182a21f2544fce95341c2b3cedc8765\/255148517\/Hd0182a21f2544fce95341c2b3cedc8765.jpg\" \/><\/div>\n<div><img decoding=\"async\" src=\"\/\/sc04.alicdn.com\/kf\/H1ba21d29de364d938b8dc5dae37c0c8bw\/255148517\/H1ba21d29de364d938b8dc5dae37c0c8bw.jpg\" data-src=\"\/\/sc04.alicdn.com\/kf\/H1ba21d29de364d938b8dc5dae37c0c8bw\/255148517\/H1ba21d29de364d938b8dc5dae37c0c8bw.jpg\" \/><\/div>\n<div><img decoding=\"async\" src=\"\/\/sc04.alicdn.com\/kf\/H08a92a9ee2fa4f479723c93542adc538p\/255148517\/H08a92a9ee2fa4f479723c93542adc538p.jpg\" data-src=\"\/\/sc04.alicdn.com\/kf\/H08a92a9ee2fa4f479723c93542adc538p\/255148517\/H08a92a9ee2fa4f479723c93542adc538p.jpg\" \/><\/div>\n<div><img decoding=\"async\" src=\"\/\/sc04.alicdn.com\/kf\/Hc3ea084092b645cd8155758355b0c997I\/255148517\/Hc3ea084092b645cd8155758355b0c997I.jpg\" data-src=\"\/\/sc04.alicdn.com\/kf\/Hc3ea084092b645cd8155758355b0c997I\/255148517\/Hc3ea084092b645cd8155758355b0c997I.jpg\" \/><\/div>\n<div><img decoding=\"async\" src=\"\/\/sc04.alicdn.com\/kf\/H4373f64b70ab4dc19b9fcea19c0f13fba\/255148517\/H4373f64b70ab4dc19b9fcea19c0f13fba.jpg\" data-src=\"\/\/sc04.alicdn.com\/kf\/H4373f64b70ab4dc19b9fcea19c0f13fba\/255148517\/H4373f64b70ab4dc19b9fcea19c0f13fba.jpg\" \/><\/div>\n<div><img decoding=\"async\" src=\"\/\/sc04.alicdn.com\/kf\/Hfb8f51e41c6b44fd9a04d40c30757e14E\/255148517\/Hfb8f51e41c6b44fd9a04d40c30757e14E.jpg\" data-src=\"\/\/sc04.alicdn.com\/kf\/Hfb8f51e41c6b44fd9a04d40c30757e14E\/255148517\/Hfb8f51e41c6b44fd9a04d40c30757e14E.jpg\" \/><\/div>\n<\/div>\n<\/div>\n<div><\/div>\n<div>\n<div>\n<div>\n<div>\n<div><\/div>\n<\/div>\n<\/div>\n<\/div>\n<\/div>\n<\/div>\n<\/div>","protected":false},"excerpt":{"rendered":"<p>Sz\u00f6vet: Oxford k\u00fcls\u0151 s\u00e1tor v\u00edz\u00e1ll\u00f3s\u00e1gi indexe: &gt;3000 mm als\u00f3 v\u00edz\u00e1ll\u00f3s\u00e1gi index: &gt;3000 mm \u00c9p\u00fclet t\u00edpusa: Gyorsan ny\u00edl\u00f3, automatikusan ny\u00edl\u00f3 s\u00e1tor St\u00edlusa: Cs\u0151 t\u00edpusa S\u00e1tor t\u00f6v\u00e9s szezon: N\u00e9gy \u00e9vszakos s\u00e1tor szerkezete: Egy h\u00e1l\u00f3szob\u00e1s Term\u00e9kn\u00e9v: Felf\u00fajhat\u00f3 k\u00fclt\u00e9ri s\u00e1tor Sz\u00f3rakoz\u00e1s: St\u00edlus: Modern sz\u00edn: Testreszabott sz\u00ednalkalmaz\u00e1s:<\/p>\n<div class=\"read-more\"><a class=\"btn btn-fill-out\" href=\"https:\/\/uoogear.com\/hu\/termek\/inflatable-camping-tent-outdoor-oxford-canvas-luxury-camping-inflatable-tent\/\">Olvass tov\u00e1bb<\/a><\/div>","protected":false},"featured_media":4666,"template":"","meta":[],"product_brand":[],"product_cat":[15],"product_tag":[],"class_list":{"0":"post-4667","1":"product","2":"type-product","3":"status-publish","4":"has-post-thumbnail","6":"product_cat-uncategorized","7":"tm-no-options","9":"first","10":"instock","11":"shipping-taxable","12":"purchasable","13":"product-type-variable"},"_links":{"self":[{"href":"https:\/\/uoogear.com\/hu\/wp-json\/wp\/v2\/product\/4667","targetHints":{"allow":["GET"]}}],"collection":[{"href":"https:\/\/uoogear.com\/hu\/wp-json\/wp\/v2\/product"}],"about":[{"href":"https:\/\/uoogear.com\/hu\/wp-json\/wp\/v2\/types\/product"}],"wp:featuredmedia":[{"embeddable":true,"href":"https:\/\/uoogear.com\/hu\/wp-json\/wp\/v2\/media\/4666"}],"wp:attachment":[{"href":"https:\/\/uoogear.com\/hu\/wp-json\/wp\/v2\/media?parent=4667"}],"wp:term":[{"taxonomy":"product_brand","embeddable":true,"href":"https:\/\/uoogear.com\/hu\/wp-json\/wp\/v2\/product_brand?post=4667"},{"taxonomy":"product_cat","embeddable":true,"href":"https:\/\/uoogear.com\/hu\/wp-json\/wp\/v2\/product_cat?post=4667"},{"taxonomy":"product_tag","embeddable":true,"href":"https:\/\/uoogear.com\/hu\/wp-json\/wp\/v2\/product_tag?post=4667"}],"curies":[{"name":"wp","href":"https:\/\/api.w.org\/{rel}","templated":true}]}}