{"id":4687,"date":"2023-11-14T02:15:18","date_gmt":"2023-11-14T02:15:18","guid":{"rendered":"https:\/\/uoogear.com\/product\/outdoor-large-family-camping-tent-waterproof-outdoor-canvas-air-cotton-glamping-inflatable-camping-tent\/"},"modified":"2023-11-30T02:51:51","modified_gmt":"2023-11-30T02:51:51","slug":"outdoor-large-family-camping-tent-waterproof-outdoor-canvas-air-cotton-glamping-inflatable-camping-tent","status":"publish","type":"product","link":"https:\/\/uoogear.com\/hu\/termek\/outdoor-large-family-camping-tent-waterproof-outdoor-canvas-air-cotton-glamping-inflatable-camping-tent\/","title":{"rendered":"K\u00fclt\u00e9ri nagy csal\u00e1di kemping s\u00e1tor v\u00edz\u00e1ll\u00f3 k\u00fclt\u00e9ri v\u00e1szon l\u00e9gpamut glamping felf\u00fajhat\u00f3 kemping s\u00e1tor"},"content":{"rendered":"<ul>\n<li><strong>Ter\u00fclet : <\/strong> 6,3 n\u00e9gyzetm\u00e9ter<\/li>\n<li><strong>Sz\u00f6vet: <\/strong> Oxford<\/li>\n<li><strong>K\u00fcls\u0151 s\u00e1tor v\u00edz\u00e1ll\u00f3s\u00e1gi indexe: <\/strong> 1000-1500 mm<\/li>\n<li><strong>Als\u00f3 v\u00edz\u00e1ll\u00f3s\u00e1gi index: <\/strong> 1000-1500 mm<\/li>\n<li><strong>\u00c9p\u00fclet t\u00edpusa: <\/strong> Gyors automatikus nyit\u00e1s<\/li>\n<li><strong>S\u00e1tor st\u00edlusa: <\/strong> Cs\u0151 t\u00edpusa S\u00e1tor Stake<\/li>\n<li><strong>\u00c9vad : <\/strong> N\u00e9gy \u00e9vszakos s\u00e1tor<\/li>\n<li><strong>Szerkezet : <\/strong> Egy h\u00e1l\u00f3szoba \u00e9s egy nappali<\/li>\n<li><strong>Term\u00e9k n\u00e9v : <\/strong> Felf\u00fajhat\u00f3 kempings\u00e1tor<\/li>\n<li><strong>M\u00e9ret: <\/strong> 300x210x200 cm<\/li>\n<li><strong>Sz\u00edn: <\/strong> Quicksand Gold (testreszabhat\u00f3 sz\u00edn)<\/li>\n<li><strong>Log\u00f3: <\/strong> Egyedi log\u00f3 elfogad\u00e1sa<\/li>\n<li><strong>MOQ: <\/strong> 1 szett<\/li>\n<li><strong>Kulcssz\u00f3: <\/strong> Air Tube S\u00e1tor<\/li>\n<li><strong>Anyaga: <\/strong> 210G poli\u00e9szter pamut+pvc<\/li>\n<li><strong>OEM\/ODM: <\/strong> Elfogadhat\u00f3<\/li>\n<li><strong>Funkci\u00f3: <\/strong> Szabadt\u00e9ri kemping<\/li>\n<li><strong>Haszn\u00e1lat: <\/strong> Outdoor Camping T\u00far\u00e1z\u00e1s Utaz\u00e1s<\/li>\n<\/ul>\n<div>\n<div data-magic-global=\"%7B%22bizId%22%3A2212793521237%2C%22pageId%22%3A21200285495%2C%22siteId%22%3A10003212050%7D\">\n<div>\n<div data-section=\"AliMagic-34rhn3\" data-section-title=\"Products Description\"><\/div>\n<\/div>\n<div>\n<div data-section=\"AliMagic-6smcmb\" data-section-title=\"Details Images\">R\u00e9szletek K\u00e9pek<\/div>\n<\/div>\n<div>\n<div>\n<div><img decoding=\"async\" src=\"\/\/sc04.alicdn.com\/kf\/H8acc636776d54a4db8d801ddd99a3fd5R\/255148517\/H8acc636776d54a4db8d801ddd99a3fd5R.jpg\" data-src=\"\/\/sc04.alicdn.com\/kf\/H8acc636776d54a4db8d801ddd99a3fd5R\/255148517\/H8acc636776d54a4db8d801ddd99a3fd5R.jpg\" \/><\/div>\n<div><img decoding=\"async\" src=\"\/\/sc04.alicdn.com\/kf\/H8ec188c83b96483f9fbaf685d7bc7fe1I\/255148517\/H8ec188c83b96483f9fbaf685d7bc7fe1I.jpg\" data-src=\"\/\/sc04.alicdn.com\/kf\/H8ec188c83b96483f9fbaf685d7bc7fe1I\/255148517\/H8ec188c83b96483f9fbaf685d7bc7fe1I.jpg\" \/><\/div>\n<div><img decoding=\"async\" src=\"\/\/sc04.alicdn.com\/kf\/H982dbf063cc145979b94090d0edd35860\/255148517\/H982dbf063cc145979b94090d0edd35860.jpg\" data-src=\"\/\/sc04.alicdn.com\/kf\/H982dbf063cc145979b94090d0edd35860\/255148517\/H982dbf063cc145979b94090d0edd35860.jpg\" \/><\/div>\n<div><img decoding=\"async\" src=\"\/\/sc04.alicdn.com\/kf\/H87ed69d73ee0441893570a4b36096b0fD\/255148517\/H87ed69d73ee0441893570a4b36096b0fD.jpg\" data-src=\"\/\/sc04.alicdn.com\/kf\/H87ed69d73ee0441893570a4b36096b0fD\/255148517\/H87ed69d73ee0441893570a4b36096b0fD.jpg\" \/><\/div>\n<div><img decoding=\"async\" src=\"\/\/sc04.alicdn.com\/kf\/H9a27e33591dc4f3a915df9e02ccf989bk\/255148517\/H9a27e33591dc4f3a915df9e02ccf989bk.jpg\" data-src=\"\/\/sc04.alicdn.com\/kf\/H9a27e33591dc4f3a915df9e02ccf989bk\/255148517\/H9a27e33591dc4f3a915df9e02ccf989bk.jpg\" \/><\/div>\n<div><img decoding=\"async\" src=\"\/\/sc04.alicdn.com\/kf\/Hd192c14ec4e94d2ab78785ab09d480aaP\/255148517\/Hd192c14ec4e94d2ab78785ab09d480aaP.jpg\" data-src=\"\/\/sc04.alicdn.com\/kf\/Hd192c14ec4e94d2ab78785ab09d480aaP\/255148517\/Hd192c14ec4e94d2ab78785ab09d480aaP.jpg\" \/><\/div>\n<div><img decoding=\"async\" src=\"\/\/sc04.alicdn.com\/kf\/Hf55c29374e44478db53923ddb0d1d95bn\/255148517\/Hf55c29374e44478db53923ddb0d1d95bn.jpg\" data-src=\"\/\/sc04.alicdn.com\/kf\/Hf55c29374e44478db53923ddb0d1d95bn\/255148517\/Hf55c29374e44478db53923ddb0d1d95bn.jpg\" \/><\/div>\n<div><img decoding=\"async\" src=\"\/\/sc04.alicdn.com\/kf\/H78152f2f5f2744aeafe44263694d4430R\/255148517\/H78152f2f5f2744aeafe44263694d4430R.jpg\" data-src=\"\/\/sc04.alicdn.com\/kf\/H78152f2f5f2744aeafe44263694d4430R\/255148517\/H78152f2f5f2744aeafe44263694d4430R.jpg\" \/><\/div>\n<div><\/div>\n<\/div>\n<\/div>\n<div>\n<div>\n<div>\n<div>\n<div>\n<div><img decoding=\"async\" src=\"\/\/sc04.alicdn.com\/kf\/He9c856cc41994feb9bbd9f3d9db22c3fs\/255148517\/He9c856cc41994feb9bbd9f3d9db22c3fs.jpg\" data-src=\"\/\/sc04.alicdn.com\/kf\/He9c856cc41994feb9bbd9f3d9db22c3fs\/255148517\/He9c856cc41994feb9bbd9f3d9db22c3fs.jpg\" \/><\/div>\n<\/div>\n<\/div>\n<\/div>\n<\/div>\n<\/div>\n<div><\/div>\n<div>\n<div>\n<div>\n<div>\n<div><\/div>\n<\/div>\n<\/div>\n<\/div>\n<\/div>\n<\/div>\n<\/div>","protected":false},"excerpt":{"rendered":"<p>Ter\u00fclet: 6,3 n\u00e9gyzetm\u00e9ter Sz\u00f6vet: Oxford k\u00fcls\u0151 s\u00e1tor V\u00edz\u00e1ll\u00f3s\u00e1gi index: 1000-1500 mm Als\u00f3 v\u00edz\u00e1ll\u00f3s\u00e1gi index: 1000-1500 mm \u00c9p\u00fclet t\u00edpusa: Gyorsan, automatikusan ny\u00edl\u00f3 s\u00e1tor St\u00edlus: Cs\u0151 t\u00edpus\u00fa s\u00e1tor t\u00e9t szezon: N\u00e9gy \u00e9vszakos \u00e9s egyszob\u00e1s s\u00e1tor Nappali Term\u00e9k neve : Felf\u00fajhat\u00f3 kempings\u00e1tor M\u00e9rete : 300x210x200cm<\/p>\n<div class=\"read-more\"><a class=\"btn btn-fill-out\" href=\"https:\/\/uoogear.com\/hu\/termek\/outdoor-large-family-camping-tent-waterproof-outdoor-canvas-air-cotton-glamping-inflatable-camping-tent\/\">Olvass tov\u00e1bb<\/a><\/div>","protected":false},"featured_media":4686,"template":"","meta":[],"product_brand":[],"product_cat":[15],"product_tag":[],"class_list":{"0":"post-4687","1":"product","2":"type-product","3":"status-publish","4":"has-post-thumbnail","6":"product_cat-uncategorized","7":"tm-no-options","9":"first","10":"instock","11":"shipping-taxable","12":"purchasable","13":"product-type-variable"},"_links":{"self":[{"href":"https:\/\/uoogear.com\/hu\/wp-json\/wp\/v2\/product\/4687","targetHints":{"allow":["GET"]}}],"collection":[{"href":"https:\/\/uoogear.com\/hu\/wp-json\/wp\/v2\/product"}],"about":[{"href":"https:\/\/uoogear.com\/hu\/wp-json\/wp\/v2\/types\/product"}],"wp:featuredmedia":[{"embeddable":true,"href":"https:\/\/uoogear.com\/hu\/wp-json\/wp\/v2\/media\/4686"}],"wp:attachment":[{"href":"https:\/\/uoogear.com\/hu\/wp-json\/wp\/v2\/media?parent=4687"}],"wp:term":[{"taxonomy":"product_brand","embeddable":true,"href":"https:\/\/uoogear.com\/hu\/wp-json\/wp\/v2\/product_brand?post=4687"},{"taxonomy":"product_cat","embeddable":true,"href":"https:\/\/uoogear.com\/hu\/wp-json\/wp\/v2\/product_cat?post=4687"},{"taxonomy":"product_tag","embeddable":true,"href":"https:\/\/uoogear.com\/hu\/wp-json\/wp\/v2\/product_tag?post=4687"}],"curies":[{"name":"wp","href":"https:\/\/api.w.org\/{rel}","templated":true}]}}