{"id":4694,"date":"2023-11-14T02:16:01","date_gmt":"2023-11-14T02:16:01","guid":{"rendered":"https:\/\/uoogear.com\/product\/outdoor-camping-tent-oxford-waterproof-family-travel-camping-air-tent-inflatable-house-tent-camping\/"},"modified":"2023-11-30T02:54:56","modified_gmt":"2023-11-30T02:54:56","slug":"outdoor-camping-tent-oxford-waterproof-family-travel-camping-air-tent-inflatable-house-tent-camping","status":"publish","type":"product","link":"https:\/\/uoogear.com\/hu\/termek\/outdoor-camping-tent-oxford-waterproof-family-travel-camping-air-tent-inflatable-house-tent-camping\/","title":{"rendered":"Outdoor Camping S\u00e1tor Oxford Waterproof Family Travel Camping Air S\u00e1tor Felf\u00fajhat\u00f3 H\u00e1z S\u00e1tor Kemping"},"content":{"rendered":"<ul>\n<li><strong>Sz\u00f6vet: <\/strong> Oxford<\/li>\n<li><strong>K\u00fcls\u0151 s\u00e1tor v\u00edz\u00e1ll\u00f3s\u00e1gi indexe: <\/strong> &gt;3000 mm<\/li>\n<li><strong>Als\u00f3 v\u00edz\u00e1ll\u00f3s\u00e1gi index: <\/strong> &gt;3000 mm<\/li>\n<li><strong>\u00c9p\u00fclet t\u00edpusa: <\/strong> Ig\u00e9ny szerinti \u00e9p\u00edt\u00e9s<\/li>\n<li><strong>S\u00e1tor st\u00edlusa: <\/strong> Cs\u0151 t\u00edpusa S\u00e1tor Stake<\/li>\n<li><strong>\u00c9vad : <\/strong> N\u00e9gy \u00e9vszakos s\u00e1tor<\/li>\n<li><strong>Szerkezet : <\/strong> Egy h\u00e1l\u00f3szoba \u00e9s egy nappali<\/li>\n<li><strong>Term\u00e9k n\u00e9v : <\/strong> Felf\u00fajhat\u00f3 kempings\u00e1tor<\/li>\n<li><strong>Haszn\u00e1lat: <\/strong> Szabadt\u00e9ri sz\u00f3rakoz\u00e1s<\/li>\n<li><strong>St\u00edlus: <\/strong> Modern<\/li>\n<li><strong>Sz\u00edn: <\/strong> Arany homoksz\u00edn<\/li>\n<li><strong>Alkalmaz\u00e1s : <\/strong> Outdoor Travel Camping<\/li>\n<li><strong>M\u00e9ret: <\/strong> 300*200*200<\/li>\n<li><strong>MOQ: <\/strong> 1 darab<\/li>\n<li><strong>Anyaga: <\/strong> PVC<\/li>\n<li><strong>Kieg\u00e9sz\u00edt\u0151k : <\/strong> Szivatty\u00fa+hordt\u00e1ska+kar\u00f3k+k\u00f6telek<\/li>\n<li><strong>Funkci\u00f3 : <\/strong> V\u00edz\u00e1ll\u00f3<\/li>\n<\/ul>\n<div>\n<div data-magic-global=\"%7B%22bizId%22%3A2212793521237%2C%22pageId%22%3A21231715705%2C%22siteId%22%3A10003212050%7D\">\n<div>\n<div data-section=\"AliMagic-s5n59t\" data-section-title=\"Products Description\">Term\u00e9kle\u00edr\u00e1s<\/div>\n<\/div>\n<div>\n<div>\n<table>\n<tbody>\n<tr>\n<td>\n<div><span style=\"color: #000000; font-family: Arial;\"><span data-spm-anchor-id=\"a2700.custom-template.0.i133.65b03333DKbf22\"><strong>term\u00e9k n\u00e9v<\/strong><\/span><\/span><\/div>\n<\/td>\n<td>\n<div>Kemping s\u00e1tor<\/div>\n<\/td>\n<\/tr>\n<tr>\n<td>\n<div><span style=\"color: #000000; font-family: Arial;\"><strong>OEM MOQ<\/strong><\/span><\/div>\n<\/td>\n<td>\n<div><span style=\"font-family: Arial;\"><span data-spm-anchor-id=\"a2700.custom-template.0.i131.65b03333DKbf22\">Fogadja el a testreszabott \/1 k\u00e9szletmint\u00e1t<\/span><\/span><\/div>\n<\/td>\n<\/tr>\n<tr>\n<td>\n<div><span style=\"color: #000000; font-family: Arial;\"><strong>Sz\u00edn<\/strong><\/span><\/div>\n<\/td>\n<td>\n<div><span style=\"font-family: Arial;\"><span data-spm-anchor-id=\"a2700.custom-template.0.i132.65b03333DKbf22\">K\u00e9pk\u00e9nt fogadja el testreszabottan<\/span><\/span><\/div>\n<\/td>\n<\/tr>\n<tr>\n<td>\n<div><span style=\"color: #000000; font-family: Arial;\"><span data-spm-anchor-id=\"a2700.custom-template.0.i158.65b03333DKbf22\"><strong>Kapacit\u00e1s<\/strong><\/span><\/span><\/div>\n<\/td>\n<td>\n<div><span style=\"font-family: Arial;\">2\/3\/4\/5\/6\/7\/8 f\u0151 (testreszabott kapacit\u00e1s)<\/span><\/div>\n<\/td>\n<\/tr>\n<tr>\n<td>\n<div><strong>M\u00e9ret<\/strong><\/div>\n<\/td>\n<td>\n<div>Kiv\u00e1laszthatja a k\u00e9szterm\u00e9kek m\u00e9ret\u00e9t, testreszabott m\u00e9retet fogadhat el<\/div>\n<\/td>\n<\/tr>\n<tr>\n<td>\n<div>\n<div><strong>Funkci\u00f3<\/strong><\/div>\n<\/div>\n<\/td>\n<td>\n<div><span style=\"font-family: Arial;\">UV- \u00e9s es\u0151\u00e1ll\u00f3, l\u00e9g\u00e1tereszt\u0151, megakad\u00e1lyozza a nagyszer\u0171 megjelen\u00e9st, nagy hely, stabil szerkezet, j\u00f3 szell\u0151z\u00e9si teljes\u00edtm\u00e9ny, sz\u00e9les alkalmaz\u00e1s, kis m\u00e9ret, k\u00f6nnyen sz\u00e1ll\u00edthat\u00f3, be\u00e1ll\u00edthat\u00f3, k\u00f6nnyen felugr\u00f3, automatikus, k\u00e9nyelmes<\/span><\/div>\n<\/td>\n<\/tr>\n<\/tbody>\n<\/table>\n<\/div>\n<\/div>\n<div>\n<div data-section=\"AliMagic-wto6wv\" data-section-title=\"Details Images\">R\u00e9szletek K\u00e9pek<\/div>\n<\/div>\n<div>\n<div>\n<div><img decoding=\"async\" src=\"\/\/sc04.alicdn.com\/kf\/H175e59dd22b24d43aa32ed0ae8d2c8747\/255148517\/H175e59dd22b24d43aa32ed0ae8d2c8747.jpg\" data-src=\"\/\/sc04.alicdn.com\/kf\/H175e59dd22b24d43aa32ed0ae8d2c8747\/255148517\/H175e59dd22b24d43aa32ed0ae8d2c8747.jpg\" \/><\/div>\n<div><img decoding=\"async\" src=\"\/\/sc04.alicdn.com\/kf\/Ha69c9c50ac4a4dfeb4542d27a1d2d8d8w\/255148517\/Ha69c9c50ac4a4dfeb4542d27a1d2d8d8w.jpg\" data-src=\"\/\/sc04.alicdn.com\/kf\/Ha69c9c50ac4a4dfeb4542d27a1d2d8d8w\/255148517\/Ha69c9c50ac4a4dfeb4542d27a1d2d8d8w.jpg\" \/><\/div>\n<div><img decoding=\"async\" src=\"\/\/sc04.alicdn.com\/kf\/H71375765a79d4e5fb38adf7881fae52fp\/255148517\/H71375765a79d4e5fb38adf7881fae52fp.jpg\" data-src=\"\/\/sc04.alicdn.com\/kf\/H71375765a79d4e5fb38adf7881fae52fp\/255148517\/H71375765a79d4e5fb38adf7881fae52fp.jpg\" \/><\/div>\n<div><img decoding=\"async\" src=\"\/\/sc04.alicdn.com\/kf\/H1e340aefde5040c380db9f816ea94926g\/255148517\/H1e340aefde5040c380db9f816ea94926g.jpg\" data-src=\"\/\/sc04.alicdn.com\/kf\/H1e340aefde5040c380db9f816ea94926g\/255148517\/H1e340aefde5040c380db9f816ea94926g.jpg\" \/><\/div>\n<div><img decoding=\"async\" src=\"\/\/sc04.alicdn.com\/kf\/H73c3d5646be443f7b7aad5cfee06d20fz\/255148517\/H73c3d5646be443f7b7aad5cfee06d20fz.jpg\" data-src=\"\/\/sc04.alicdn.com\/kf\/H73c3d5646be443f7b7aad5cfee06d20fz\/255148517\/H73c3d5646be443f7b7aad5cfee06d20fz.jpg\" \/><\/div>\n<div><img decoding=\"async\" src=\"\/\/sc04.alicdn.com\/kf\/Hf285a8c6ab5c4366ba38a13f7600a0ddK\/255148517\/Hf285a8c6ab5c4366ba38a13f7600a0ddK.jpg\" data-src=\"\/\/sc04.alicdn.com\/kf\/Hf285a8c6ab5c4366ba38a13f7600a0ddK\/255148517\/Hf285a8c6ab5c4366ba38a13f7600a0ddK.jpg\" \/><\/div>\n<div><img decoding=\"async\" src=\"\/\/sc04.alicdn.com\/kf\/H0e401b499b824011bd02b0b7531d80dce\/255148517\/H0e401b499b824011bd02b0b7531d80dce.jpg\" data-src=\"\/\/sc04.alicdn.com\/kf\/H0e401b499b824011bd02b0b7531d80dce\/255148517\/H0e401b499b824011bd02b0b7531d80dce.jpg\" \/><\/div>\n<div><img decoding=\"async\" src=\"\/\/sc04.alicdn.com\/kf\/H875b19078b6b4607b7cff487d79ce56aZ\/255148517\/H875b19078b6b4607b7cff487d79ce56aZ.jpg\" data-src=\"\/\/sc04.alicdn.com\/kf\/H875b19078b6b4607b7cff487d79ce56aZ\/255148517\/H875b19078b6b4607b7cff487d79ce56aZ.jpg\" \/><\/div>\n<\/div>\n<\/div>\n<div>\n<div data-section=\"AliMagic-7rnny9\" data-section-title=\"Related Products\"><\/div>\n<\/div>\n<div>\n<div>\n<div>\n<div>\n<div><\/div>\n<\/div>\n<\/div>\n<\/div>\n<\/div>\n<\/div>\n<\/div>","protected":false},"excerpt":{"rendered":"<p>Sz\u00f6vet: Oxford k\u00fcls\u0151 s\u00e1tor v\u00edz\u00e1ll\u00f3s\u00e1gi indexe: &gt;3000 mm als\u00f3 v\u00edz\u00e1ll\u00f3s\u00e1gi index: &gt;3000 mm \u00c9p\u00fclet t\u00edpusa: Fel\u00e9p\u00edt\u00e9s a sz\u00fcks\u00e9gletek alapj\u00e1n S\u00e1torst\u00edlus: Cs\u0151t\u00edpus S\u00e1tort\u00edlus szezon: N\u00e9gy \u00e9vszakos s\u00e1torszerkezet: Egy h\u00e1l\u00f3szoba \u00e9s egy nappali Term\u00e9kn\u00e9v: Felf\u00fajhat\u00f3 Kempings\u00e1tor Felhaszn\u00e1l\u00e1s: Szabadt\u00e9ri Sz\u00f3rakoz\u00e1s St\u00edlus: Modern<\/p>\n<div class=\"read-more\"><a class=\"btn btn-fill-out\" href=\"https:\/\/uoogear.com\/hu\/termek\/outdoor-camping-tent-oxford-waterproof-family-travel-camping-air-tent-inflatable-house-tent-camping\/\">Olvass tov\u00e1bb<\/a><\/div>","protected":false},"featured_media":4693,"template":"","meta":[],"product_brand":[],"product_cat":[15],"product_tag":[],"class_list":{"0":"post-4694","1":"product","2":"type-product","3":"status-publish","4":"has-post-thumbnail","6":"product_cat-uncategorized","7":"tm-no-options","9":"first","10":"instock","11":"shipping-taxable","12":"purchasable","13":"product-type-variable"},"_links":{"self":[{"href":"https:\/\/uoogear.com\/hu\/wp-json\/wp\/v2\/product\/4694","targetHints":{"allow":["GET"]}}],"collection":[{"href":"https:\/\/uoogear.com\/hu\/wp-json\/wp\/v2\/product"}],"about":[{"href":"https:\/\/uoogear.com\/hu\/wp-json\/wp\/v2\/types\/product"}],"wp:featuredmedia":[{"embeddable":true,"href":"https:\/\/uoogear.com\/hu\/wp-json\/wp\/v2\/media\/4693"}],"wp:attachment":[{"href":"https:\/\/uoogear.com\/hu\/wp-json\/wp\/v2\/media?parent=4694"}],"wp:term":[{"taxonomy":"product_brand","embeddable":true,"href":"https:\/\/uoogear.com\/hu\/wp-json\/wp\/v2\/product_brand?post=4694"},{"taxonomy":"product_cat","embeddable":true,"href":"https:\/\/uoogear.com\/hu\/wp-json\/wp\/v2\/product_cat?post=4694"},{"taxonomy":"product_tag","embeddable":true,"href":"https:\/\/uoogear.com\/hu\/wp-json\/wp\/v2\/product_tag?post=4694"}],"curies":[{"name":"wp","href":"https:\/\/api.w.org\/{rel}","templated":true}]}}