{"id":4723,"date":"2023-11-14T02:20:18","date_gmt":"2023-11-14T02:20:18","guid":{"rendered":"https:\/\/uoogear.com\/product\/waterproof-and-windproof-ship-shape-luxury-camping-tent-for-resort-portable-camping-trailer-tent\/"},"modified":"2023-11-30T02:44:25","modified_gmt":"2023-11-30T02:44:25","slug":"waterproof-and-windproof-ship-shape-luxury-camping-tent-for-resort-portable-camping-trailer-tent","status":"publish","type":"product","link":"https:\/\/uoogear.com\/hu\/termek\/waterproof-and-windproof-ship-shape-luxury-camping-tent-for-resort-portable-camping-trailer-tent\/","title":{"rendered":"v\u00edz\u00e1ll\u00f3 \u00e9s sz\u00e9l\u00e1ll\u00f3 haj\u00f3 alak\u00fa luxus kempings\u00e1tor \u00fcd\u00fcl\u0151hely hordozhat\u00f3 kemping ut\u00e1nfut\u00f3 s\u00e1torhoz"},"content":{"rendered":"<ul>\n<li><strong>Sz\u00f6vet: <\/strong> 190T poli\u00e9szter<\/li>\n<li><strong>K\u00fcls\u0151 s\u00e1tor v\u00edz\u00e1ll\u00f3s\u00e1gi indexe: <\/strong> 2000-3000 mm, 2000-3000 mm<\/li>\n<li><strong>Als\u00f3 v\u00edz\u00e1ll\u00f3s\u00e1gi index: <\/strong> 2000-3000 mm, 2000-3000 mm<\/li>\n<li><strong>\u00c9p\u00fclet t\u00edpusa: <\/strong> Ig\u00e9ny szerinti \u00e9p\u00edt\u00e9s<\/li>\n<li><strong>S\u00e1tor st\u00edlusa: <\/strong> Egyenes merev\u00edt\u0151 t\u00edpus<\/li>\n<li><strong>\u00c9vad : <\/strong> N\u00e9gy \u00e9vszakos s\u00e1tor<\/li>\n<li><strong>Szerkezet : <\/strong> Egy h\u00e1l\u00f3szoba \u00e9s egy nappali, nagy h\u00e1l\u00f3szob\u00e1k<\/li>\n<li><strong>Sz\u00edn: <\/strong> Katonai z\u00f6ld<\/li>\n<li><strong>P\u00f3lus anyaga: <\/strong> \u00dcvegsz\u00e1las r\u00fad<\/li>\n<li><strong>Kapacit\u00e1s: <\/strong> 2 Man<\/li>\n<li><strong>kulcsszavak: <\/strong> Strand s\u00e1tor<\/li>\n<li><strong>st\u00edlus: <\/strong> Strand s\u00e1tor<\/li>\n<li><strong>Csomag s\u00falya: <\/strong> 2,6 kg<\/li>\n<li><strong>Csomag m\u00e9rete : <\/strong> 75*5*75cm<\/li>\n<\/ul>\n<div>\n<div data-magic-global=\"%7B%22bizId%22%3A2348173885%2C%22pageId%22%3A20177959845%2C%22siteId%22%3A5005127539%7D\">\n<div><\/div>\n<div><\/div>\n<div>\n<div data-section=\"AliMagic-cgqbrr\" data-section-title=\"Product Display\">Term\u00e9kmegjelen\u00edt\u00e9s<\/div>\n<\/div>\n<div>\n<div>\n<div><\/div>\n<div><img decoding=\"async\" src=\"\/\/sc04.alicdn.com\/kf\/H53d22aad7c3745618fef0101b229106dd\/222400006\/H53d22aad7c3745618fef0101b229106dd.jpg\" data-src=\"\/\/sc04.alicdn.com\/kf\/H53d22aad7c3745618fef0101b229106dd\/222400006\/H53d22aad7c3745618fef0101b229106dd.jpg\" \/><\/div>\n<div><img decoding=\"async\" src=\"\/\/sc04.alicdn.com\/kf\/H3d3e49d6ebf647b8888e012fc4d016ccG\/222400006\/H3d3e49d6ebf647b8888e012fc4d016ccG.jpg\" data-src=\"\/\/sc04.alicdn.com\/kf\/H3d3e49d6ebf647b8888e012fc4d016ccG\/222400006\/H3d3e49d6ebf647b8888e012fc4d016ccG.jpg\" \/><\/div>\n<div><img decoding=\"async\" src=\"\/\/sc04.alicdn.com\/kf\/H6c535855a7c64aa1b8afd8cc454f2d1cW\/222400006\/H6c535855a7c64aa1b8afd8cc454f2d1cW.jpg\" data-src=\"\/\/sc04.alicdn.com\/kf\/H6c535855a7c64aa1b8afd8cc454f2d1cW\/222400006\/H6c535855a7c64aa1b8afd8cc454f2d1cW.jpg\" \/><\/div>\n<div><img decoding=\"async\" src=\"\/\/sc04.alicdn.com\/kf\/Hf0b7253e8bd3442aba393ed4140342feP\/222400006\/Hf0b7253e8bd3442aba393ed4140342feP.jpg\" data-src=\"\/\/sc04.alicdn.com\/kf\/Hf0b7253e8bd3442aba393ed4140342feP\/222400006\/Hf0b7253e8bd3442aba393ed4140342feP.jpg\" \/><\/div>\n<div><img decoding=\"async\" src=\"\/\/sc04.alicdn.com\/kf\/Hac52e9e4250c4563bc97691c2ec0cf0fO\/222400006\/Hac52e9e4250c4563bc97691c2ec0cf0fO.jpg\" data-src=\"\/\/sc04.alicdn.com\/kf\/Hac52e9e4250c4563bc97691c2ec0cf0fO\/222400006\/Hac52e9e4250c4563bc97691c2ec0cf0fO.jpg\" \/><\/div>\n<div><img decoding=\"async\" src=\"\/\/sc04.alicdn.com\/kf\/Hfaefad9c0ed244c4aaa943f75766c7a89\/222400006\/Hfaefad9c0ed244c4aaa943f75766c7a89.jpg\" data-src=\"\/\/sc04.alicdn.com\/kf\/Hfaefad9c0ed244c4aaa943f75766c7a89\/222400006\/Hfaefad9c0ed244c4aaa943f75766c7a89.jpg\" \/><\/div>\n<\/div>\n<\/div>\n<div>\n<div>\n<div>\n<div>\n<div>\n<div><\/div>\n<\/div>\n<\/div>\n<\/div>\n<\/div>\n<\/div>\n<\/div>\n<\/div>","protected":false},"excerpt":{"rendered":"<p>Sz\u00f6vet: 190T poli\u00e9szter k\u00fcls\u0151 s\u00e1tor v\u00edz\u00e1ll\u00f3s\u00e1gi indexe: 2000-3000 mm, 2000-3000 mm als\u00f3 v\u00edz\u00e1ll\u00f3s\u00e1gi index: 2000-3000 mm, 2000-3000 mm \u00c9p\u00fclet t\u00edpusa: Fel\u00e9p\u00edt\u00e9s a sz\u00fcks\u00e9ges s\u00e1tor st\u00edlusa alapj\u00e1n: Tenseasont\u00edlus Fel\u00e9p\u00edt\u00e9s: Egy h\u00e1l\u00f3szoba \u00e9s egy nappali, nagy h\u00e1l\u00f3szob\u00e1k Sz\u00edn: Katonai z\u00f6ld oszlop Anyaga:<\/p>\n<div class=\"read-more\"><a class=\"btn btn-fill-out\" href=\"https:\/\/uoogear.com\/hu\/termek\/waterproof-and-windproof-ship-shape-luxury-camping-tent-for-resort-portable-camping-trailer-tent\/\">Olvass tov\u00e1bb<\/a><\/div>","protected":false},"featured_media":4722,"template":"","meta":[],"product_brand":[],"product_cat":[15],"product_tag":[],"class_list":{"0":"post-4723","1":"product","2":"type-product","3":"status-publish","4":"has-post-thumbnail","6":"product_cat-uncategorized","7":"tm-no-options","9":"first","10":"instock","11":"shipping-taxable","12":"purchasable","13":"product-type-variable"},"_links":{"self":[{"href":"https:\/\/uoogear.com\/hu\/wp-json\/wp\/v2\/product\/4723","targetHints":{"allow":["GET"]}}],"collection":[{"href":"https:\/\/uoogear.com\/hu\/wp-json\/wp\/v2\/product"}],"about":[{"href":"https:\/\/uoogear.com\/hu\/wp-json\/wp\/v2\/types\/product"}],"wp:featuredmedia":[{"embeddable":true,"href":"https:\/\/uoogear.com\/hu\/wp-json\/wp\/v2\/media\/4722"}],"wp:attachment":[{"href":"https:\/\/uoogear.com\/hu\/wp-json\/wp\/v2\/media?parent=4723"}],"wp:term":[{"taxonomy":"product_brand","embeddable":true,"href":"https:\/\/uoogear.com\/hu\/wp-json\/wp\/v2\/product_brand?post=4723"},{"taxonomy":"product_cat","embeddable":true,"href":"https:\/\/uoogear.com\/hu\/wp-json\/wp\/v2\/product_cat?post=4723"},{"taxonomy":"product_tag","embeddable":true,"href":"https:\/\/uoogear.com\/hu\/wp-json\/wp\/v2\/product_tag?post=4723"}],"curies":[{"name":"wp","href":"https:\/\/api.w.org\/{rel}","templated":true}]}}