{"id":4749,"date":"2023-11-14T02:23:34","date_gmt":"2023-11-14T02:23:34","guid":{"rendered":"https:\/\/uoogear.com\/product\/a-mountains-3-4-person-outdoor-tent-ultralight-double-layer-water-resistance-camping-tent-for-family\/"},"modified":"2023-11-30T02:52:59","modified_gmt":"2023-11-30T02:52:59","slug":"a-mountains-3-4-person-outdoor-tent-ultralight-double-layer-water-resistance-camping-tent-for-family","status":"publish","type":"product","link":"https:\/\/uoogear.com\/hu\/termek\/a-mountains-3-4-person-outdoor-tent-ultralight-double-layer-water-resistance-camping-tent-for-family\/","title":{"rendered":"Mountains 3-4 szem\u00e9lyes k\u00fclt\u00e9ri s\u00e1tor Ultrak\u00f6nny\u0171, k\u00e9tr\u00e9teg\u0171 v\u00edz\u00e1ll\u00f3 kempings\u00e1tor csal\u00e1doknak"},"content":{"rendered":"<ul>\n<li><strong>Ter\u00fclet : <\/strong> 4<\/li>\n<li><strong>Sz\u00f6vet: <\/strong> Nejlon<\/li>\n<li><strong>K\u00fcls\u0151 s\u00e1tor v\u00edz\u00e1ll\u00f3s\u00e1gi indexe: <\/strong> 2000-3000 mm<\/li>\n<li><strong>Als\u00f3 v\u00edz\u00e1ll\u00f3s\u00e1gi index: <\/strong> 2000-3000 mm<\/li>\n<li><strong>\u00c9p\u00fclet t\u00edpusa: <\/strong> Ig\u00e9ny szerinti \u00e9p\u00edt\u00e9s<\/li>\n<li><strong>S\u00e1tor st\u00edlusa: <\/strong> \u00c1tl\u00f3s merev\u00edt\u00e9s t\u00edpusa<\/li>\n<li><strong>\u00c9vad : <\/strong> H\u00e1rom \u00e9vszakos s\u00e1tor<\/li>\n<li><strong>Szerkezet : <\/strong> Egy h\u00e1l\u00f3szoba<\/li>\n<li><strong>Term\u00e9k n\u00e9v : <\/strong> Kemping s\u00e1tor<\/li>\n<li><strong>Haszn\u00e1lat: <\/strong> Outdoor Camping Wild S\u00e1tor<\/li>\n<li><strong>Alkalmaz\u00e1s : <\/strong> Szabadt\u00e9ri kemping csal\u00e1di s\u00e1tor<\/li>\n<\/ul>\n<div>\n<p>3-4 f\u0151s m\u00e1sz\u00f3s\u00e1tor k\u00fclt\u00e9ri utaz\u00f3 h\u00e1tizs\u00e1k s\u00e1tor Ultra k\u00f6nny\u0171 automata s\u00e1tor dupla v\u00edz\u00e1ll\u00f3 napv\u00e9d\u0151 s\u00e1tor<\/p>\n<p>A kupolas\u00e1tor t\u00e1gas bels\u0151vel lehet\u0151v\u00e9 teszi a k\u00e9nyelmes mozg\u00e1st<br \/>\nEgyszer\u0171 be\u00e1ll\u00edt\u00e1s mind\u00f6ssze 10 perc alatt<br \/>\nrendszer szabadalmaztatott hegesztett padl\u00f3val \u00e9s ford\u00edtott varratokkal a sz\u00e1razon tart\u00e1s \u00e9rdek\u00e9ben<br \/>\nNagy ablakok \u00e9s f\u00f6ldelt szell\u0151z\u0151 a kiv\u00e1l\u00f3 szell\u0151z\u00e9s\u00e9rt<\/p>\n<p><img loading=\"lazy\" decoding=\"async\" class=\"alignnone size-full wp-image-5177\" src=\"https:\/\/uoogear.com\/wp-content\/uploads\/2023\/11\/HTB1hBCOcBiE3KVjSZFMq6zQhVXaF.jpg\" width=\"790\" height=\"790\" alt=\"Mountains 3-4 szem\u00e9lyes k\u00fclt\u00e9ri s\u00e1tor Ultrak\u00f6nny\u0171, k\u00e9tr\u00e9teg\u0171 v\u00edz\u00e1ll\u00f3 kempings\u00e1tor csal\u00e1doknak\" srcset=\"https:\/\/uoogear.com\/wp-content\/uploads\/2023\/11\/HTB1hBCOcBiE3KVjSZFMq6zQhVXaF.jpg 790w, https:\/\/uoogear.com\/wp-content\/uploads\/2023\/11\/HTB1hBCOcBiE3KVjSZFMq6zQhVXaF-300x300.jpg 300w, https:\/\/uoogear.com\/wp-content\/uploads\/2023\/11\/HTB1hBCOcBiE3KVjSZFMq6zQhVXaF-150x150.jpg 150w, https:\/\/uoogear.com\/wp-content\/uploads\/2023\/11\/HTB1hBCOcBiE3KVjSZFMq6zQhVXaF-768x768.jpg 768w, https:\/\/uoogear.com\/wp-content\/uploads\/2023\/11\/HTB1hBCOcBiE3KVjSZFMq6zQhVXaF-450x450.jpg 450w, https:\/\/uoogear.com\/wp-content\/uploads\/2023\/11\/HTB1hBCOcBiE3KVjSZFMq6zQhVXaF-90x90.jpg 90w, https:\/\/uoogear.com\/wp-content\/uploads\/2023\/11\/HTB1hBCOcBiE3KVjSZFMq6zQhVXaF-600x600.jpg 600w, https:\/\/uoogear.com\/wp-content\/uploads\/2023\/11\/HTB1hBCOcBiE3KVjSZFMq6zQhVXaF-54x54.jpg 54w, https:\/\/uoogear.com\/wp-content\/uploads\/2023\/11\/HTB1hBCOcBiE3KVjSZFMq6zQhVXaF-50x50.jpg 50w, https:\/\/uoogear.com\/wp-content\/uploads\/2023\/11\/HTB1hBCOcBiE3KVjSZFMq6zQhVXaF-100x100.jpg 100w\" sizes=\"auto, (max-width: 790px) 100vw, 790px\" \/><img loading=\"lazy\" decoding=\"async\" class=\"alignnone size-full wp-image-5178\" src=\"https:\/\/uoogear.com\/wp-content\/uploads\/2023\/11\/HTB1qTuNcwKG3KVjSZFLq6yMvXXa2.jpg\" width=\"790\" height=\"988\" alt=\"Mountains 3-4 szem\u00e9lyes k\u00fclt\u00e9ri s\u00e1tor Ultrak\u00f6nny\u0171, k\u00e9tr\u00e9teg\u0171 v\u00edz\u00e1ll\u00f3 kempings\u00e1tor csal\u00e1doknak\" srcset=\"https:\/\/uoogear.com\/wp-content\/uploads\/2023\/11\/HTB1qTuNcwKG3KVjSZFLq6yMvXXa2.jpg 790w, https:\/\/uoogear.com\/wp-content\/uploads\/2023\/11\/HTB1qTuNcwKG3KVjSZFLq6yMvXXa2-240x300.jpg 240w, https:\/\/uoogear.com\/wp-content\/uploads\/2023\/11\/HTB1qTuNcwKG3KVjSZFLq6yMvXXa2-768x960.jpg 768w, https:\/\/uoogear.com\/wp-content\/uploads\/2023\/11\/HTB1qTuNcwKG3KVjSZFLq6yMvXXa2-600x750.jpg 600w, https:\/\/uoogear.com\/wp-content\/uploads\/2023\/11\/HTB1qTuNcwKG3KVjSZFLq6yMvXXa2-43x54.jpg 43w\" sizes=\"auto, (max-width: 790px) 100vw, 790px\" \/><img loading=\"lazy\" decoding=\"async\" class=\"alignnone size-full wp-image-5179\" src=\"https:\/\/uoogear.com\/wp-content\/uploads\/2023\/11\/HTB1dQmYcrus3KVjSZKbq6xqkFXaX.jpg\" width=\"790\" height=\"1278\" alt=\"Mountains 3-4 szem\u00e9lyes k\u00fclt\u00e9ri s\u00e1tor Ultrak\u00f6nny\u0171, k\u00e9tr\u00e9teg\u0171 v\u00edz\u00e1ll\u00f3 kempings\u00e1tor csal\u00e1doknak\" srcset=\"https:\/\/uoogear.com\/wp-content\/uploads\/2023\/11\/HTB1dQmYcrus3KVjSZKbq6xqkFXaX.jpg 790w, https:\/\/uoogear.com\/wp-content\/uploads\/2023\/11\/HTB1dQmYcrus3KVjSZKbq6xqkFXaX-185x300.jpg 185w, https:\/\/uoogear.com\/wp-content\/uploads\/2023\/11\/HTB1dQmYcrus3KVjSZKbq6xqkFXaX-633x1024.jpg 633w, https:\/\/uoogear.com\/wp-content\/uploads\/2023\/11\/HTB1dQmYcrus3KVjSZKbq6xqkFXaX-768x1242.jpg 768w, https:\/\/uoogear.com\/wp-content\/uploads\/2023\/11\/HTB1dQmYcrus3KVjSZKbq6xqkFXaX-600x971.jpg 600w, https:\/\/uoogear.com\/wp-content\/uploads\/2023\/11\/HTB1dQmYcrus3KVjSZKbq6xqkFXaX-33x54.jpg 33w\" sizes=\"auto, (max-width: 790px) 100vw, 790px\" \/><img loading=\"lazy\" decoding=\"async\" class=\"alignnone size-full wp-image-5180\" src=\"https:\/\/uoogear.com\/wp-content\/uploads\/2023\/11\/HTB19tqOcEGF3KVjSZFoq6zmpFXaJ.jpg\" width=\"655\" height=\"1280\" alt=\"Mountains 3-4 szem\u00e9lyes k\u00fclt\u00e9ri s\u00e1tor Ultrak\u00f6nny\u0171, k\u00e9tr\u00e9teg\u0171 v\u00edz\u00e1ll\u00f3 kempings\u00e1tor csal\u00e1doknak\" srcset=\"https:\/\/uoogear.com\/wp-content\/uploads\/2023\/11\/HTB19tqOcEGF3KVjSZFoq6zmpFXaJ.jpg 655w, https:\/\/uoogear.com\/wp-content\/uploads\/2023\/11\/HTB19tqOcEGF3KVjSZFoq6zmpFXaJ-154x300.jpg 154w, https:\/\/uoogear.com\/wp-content\/uploads\/2023\/11\/HTB19tqOcEGF3KVjSZFoq6zmpFXaJ-524x1024.jpg 524w, https:\/\/uoogear.com\/wp-content\/uploads\/2023\/11\/HTB19tqOcEGF3KVjSZFoq6zmpFXaJ-600x1173.jpg 600w, https:\/\/uoogear.com\/wp-content\/uploads\/2023\/11\/HTB19tqOcEGF3KVjSZFoq6zmpFXaJ-28x54.jpg 28w\" sizes=\"auto, (max-width: 655px) 100vw, 655px\" \/><img loading=\"lazy\" decoding=\"async\" class=\"alignnone size-full wp-image-5181\" src=\"https:\/\/uoogear.com\/wp-content\/uploads\/2023\/11\/HTB1v.GTcBGw3KVjSZFwq6zQ2FXaR.jpg\" width=\"790\" height=\"753\" alt=\"Mountains 3-4 szem\u00e9lyes k\u00fclt\u00e9ri s\u00e1tor Ultrak\u00f6nny\u0171, k\u00e9tr\u00e9teg\u0171 v\u00edz\u00e1ll\u00f3 kempings\u00e1tor csal\u00e1doknak\" srcset=\"https:\/\/uoogear.com\/wp-content\/uploads\/2023\/11\/HTB1v.GTcBGw3KVjSZFwq6zQ2FXaR.jpg 790w, https:\/\/uoogear.com\/wp-content\/uploads\/2023\/11\/HTB1v.GTcBGw3KVjSZFwq6zQ2FXaR-300x286.jpg 300w, https:\/\/uoogear.com\/wp-content\/uploads\/2023\/11\/HTB1v.GTcBGw3KVjSZFwq6zQ2FXaR-768x732.jpg 768w, https:\/\/uoogear.com\/wp-content\/uploads\/2023\/11\/HTB1v.GTcBGw3KVjSZFwq6zQ2FXaR-600x572.jpg 600w, https:\/\/uoogear.com\/wp-content\/uploads\/2023\/11\/HTB1v.GTcBGw3KVjSZFwq6zQ2FXaR-57x54.jpg 57w\" sizes=\"auto, (max-width: 790px) 100vw, 790px\" \/><img loading=\"lazy\" decoding=\"async\" class=\"alignnone size-full wp-image-5182\" src=\"https:\/\/uoogear.com\/wp-content\/uploads\/2023\/11\/HTB1FkmYcrus3KVjSZKbq6xqkFXax.jpg\" width=\"790\" height=\"1166\" alt=\"Mountains 3-4 szem\u00e9lyes k\u00fclt\u00e9ri s\u00e1tor Ultrak\u00f6nny\u0171, k\u00e9tr\u00e9teg\u0171 v\u00edz\u00e1ll\u00f3 kempings\u00e1tor csal\u00e1doknak\" srcset=\"https:\/\/uoogear.com\/wp-content\/uploads\/2023\/11\/HTB1FkmYcrus3KVjSZKbq6xqkFXax.jpg 790w, https:\/\/uoogear.com\/wp-content\/uploads\/2023\/11\/HTB1FkmYcrus3KVjSZKbq6xqkFXax-203x300.jpg 203w, https:\/\/uoogear.com\/wp-content\/uploads\/2023\/11\/HTB1FkmYcrus3KVjSZKbq6xqkFXax-694x1024.jpg 694w, https:\/\/uoogear.com\/wp-content\/uploads\/2023\/11\/HTB1FkmYcrus3KVjSZKbq6xqkFXax-768x1134.jpg 768w, https:\/\/uoogear.com\/wp-content\/uploads\/2023\/11\/HTB1FkmYcrus3KVjSZKbq6xqkFXax-600x886.jpg 600w, https:\/\/uoogear.com\/wp-content\/uploads\/2023\/11\/HTB1FkmYcrus3KVjSZKbq6xqkFXax-37x54.jpg 37w\" sizes=\"auto, (max-width: 790px) 100vw, 790px\" \/><img loading=\"lazy\" decoding=\"async\" class=\"alignnone size-full wp-image-5183\" src=\"https:\/\/uoogear.com\/wp-content\/uploads\/2023\/11\/HTB1A0yYcq1s3KVjSZFAq6x_ZXXar.jpg\" width=\"790\" height=\"1027\" alt=\"Mountains 3-4 szem\u00e9lyes k\u00fclt\u00e9ri s\u00e1tor Ultrak\u00f6nny\u0171, k\u00e9tr\u00e9teg\u0171 v\u00edz\u00e1ll\u00f3 kempings\u00e1tor csal\u00e1doknak\" srcset=\"https:\/\/uoogear.com\/wp-content\/uploads\/2023\/11\/HTB1A0yYcq1s3KVjSZFAq6x_ZXXar.jpg 790w, https:\/\/uoogear.com\/wp-content\/uploads\/2023\/11\/HTB1A0yYcq1s3KVjSZFAq6x_ZXXar-231x300.jpg 231w, https:\/\/uoogear.com\/wp-content\/uploads\/2023\/11\/HTB1A0yYcq1s3KVjSZFAq6x_ZXXar-788x1024.jpg 788w, https:\/\/uoogear.com\/wp-content\/uploads\/2023\/11\/HTB1A0yYcq1s3KVjSZFAq6x_ZXXar-768x998.jpg 768w, https:\/\/uoogear.com\/wp-content\/uploads\/2023\/11\/HTB1A0yYcq1s3KVjSZFAq6x_ZXXar-600x780.jpg 600w, https:\/\/uoogear.com\/wp-content\/uploads\/2023\/11\/HTB1A0yYcq1s3KVjSZFAq6x_ZXXar-42x54.jpg 42w\" sizes=\"auto, (max-width: 790px) 100vw, 790px\" \/><img loading=\"lazy\" decoding=\"async\" class=\"alignnone size-full wp-image-5184\" src=\"https:\/\/uoogear.com\/wp-content\/uploads\/2023\/11\/HTB1Av5PcA5E3KVjSZFCq6zuzXXaT.jpg\" width=\"790\" height=\"840\" alt=\"Mountains 3-4 szem\u00e9lyes k\u00fclt\u00e9ri s\u00e1tor Ultrak\u00f6nny\u0171, k\u00e9tr\u00e9teg\u0171 v\u00edz\u00e1ll\u00f3 kempings\u00e1tor csal\u00e1doknak\" srcset=\"https:\/\/uoogear.com\/wp-content\/uploads\/2023\/11\/HTB1Av5PcA5E3KVjSZFCq6zuzXXaT.jpg 790w, https:\/\/uoogear.com\/wp-content\/uploads\/2023\/11\/HTB1Av5PcA5E3KVjSZFCq6zuzXXaT-282x300.jpg 282w, https:\/\/uoogear.com\/wp-content\/uploads\/2023\/11\/HTB1Av5PcA5E3KVjSZFCq6zuzXXaT-768x817.jpg 768w, https:\/\/uoogear.com\/wp-content\/uploads\/2023\/11\/HTB1Av5PcA5E3KVjSZFCq6zuzXXaT-600x638.jpg 600w, https:\/\/uoogear.com\/wp-content\/uploads\/2023\/11\/HTB1Av5PcA5E3KVjSZFCq6zuzXXaT-51x54.jpg 51w\" sizes=\"auto, (max-width: 790px) 100vw, 790px\" \/><\/p>\n<\/div>","protected":false},"excerpt":{"rendered":"<p>Ter\u00fclet: 4 Sz\u00f6vet: Nylon k\u00fcls\u0151 s\u00e1tor v\u00edz\u00e1ll\u00f3s\u00e1gi indexe: 2000-3000 mm als\u00f3 v\u00edz\u00e1ll\u00f3s\u00e1gi index: 2000-3000 mm \u00e9p\u00fclett\u00edpus: \u00e9p\u00edt\u00e9si ig\u00e9ny alapj\u00e1n S\u00e1torst\u00edlus: \u00c1tl\u00f3s merev\u00edt\u00e9s t\u00edpusa Szezon: H\u00e1rom \u00e9vszakos s\u00e1torhelyis\u00e9g Term\u00e9k neve: Egy: Legyen s\u00e1torhelyis\u00e9g S\u00e1torhaszn\u00e1lat: szabadt\u00e9ri kemping vad s\u00e1tor Alkalmaz\u00e1s: k\u00fclt\u00e9ri kemping<\/p>\n<div class=\"read-more\"><a class=\"btn btn-fill-out\" href=\"https:\/\/uoogear.com\/hu\/termek\/a-mountains-3-4-person-outdoor-tent-ultralight-double-layer-water-resistance-camping-tent-for-family\/\">Olvass tov\u00e1bb<\/a><\/div>","protected":false},"featured_media":4748,"template":"","meta":[],"product_brand":[],"product_cat":[15],"product_tag":[],"class_list":{"0":"post-4749","1":"product","2":"type-product","3":"status-publish","4":"has-post-thumbnail","6":"product_cat-uncategorized","7":"tm-no-options","9":"first","10":"instock","11":"shipping-taxable","12":"purchasable","13":"product-type-variable"},"_links":{"self":[{"href":"https:\/\/uoogear.com\/hu\/wp-json\/wp\/v2\/product\/4749","targetHints":{"allow":["GET"]}}],"collection":[{"href":"https:\/\/uoogear.com\/hu\/wp-json\/wp\/v2\/product"}],"about":[{"href":"https:\/\/uoogear.com\/hu\/wp-json\/wp\/v2\/types\/product"}],"wp:featuredmedia":[{"embeddable":true,"href":"https:\/\/uoogear.com\/hu\/wp-json\/wp\/v2\/media\/4748"}],"wp:attachment":[{"href":"https:\/\/uoogear.com\/hu\/wp-json\/wp\/v2\/media?parent=4749"}],"wp:term":[{"taxonomy":"product_brand","embeddable":true,"href":"https:\/\/uoogear.com\/hu\/wp-json\/wp\/v2\/product_brand?post=4749"},{"taxonomy":"product_cat","embeddable":true,"href":"https:\/\/uoogear.com\/hu\/wp-json\/wp\/v2\/product_cat?post=4749"},{"taxonomy":"product_tag","embeddable":true,"href":"https:\/\/uoogear.com\/hu\/wp-json\/wp\/v2\/product_tag?post=4749"}],"curies":[{"name":"wp","href":"https:\/\/api.w.org\/{rel}","templated":true}]}}