{"id":4776,"date":"2023-11-14T02:26:57","date_gmt":"2023-11-14T02:26:57","guid":{"rendered":"https:\/\/uoogear.com\/product\/waterproof-glamping-travelling-tent-for-outdoor-camping-2-person-automatic-beach-tent\/"},"modified":"2023-11-30T02:34:15","modified_gmt":"2023-11-30T02:34:15","slug":"waterproof-glamping-travelling-tent-for-outdoor-camping-2-person-automatic-beach-tent","status":"publish","type":"product","link":"https:\/\/uoogear.com\/hu\/termek\/waterproof-glamping-travelling-tent-for-outdoor-camping-2-person-automatic-beach-tent\/","title":{"rendered":"V\u00edz\u00e1ll\u00f3 glamping utaz\u00f3s\u00e1tor k\u00fclt\u00e9ri kempingez\u00e9shez, 2 szem\u00e9lyes automata strands\u00e1tor"},"content":{"rendered":"<ul>\n<li><strong>Sz\u00f6vet: <\/strong> Oxford, 150D oxford<\/li>\n<li><strong>K\u00fcls\u0151 s\u00e1tor v\u00edz\u00e1ll\u00f3s\u00e1gi indexe: <\/strong> 1500-2000 mm<\/li>\n<li><strong>Als\u00f3 v\u00edz\u00e1ll\u00f3s\u00e1gi index: <\/strong> 1500-2000 mm<\/li>\n<li><strong>\u00c9p\u00fclet t\u00edpusa: <\/strong> Gyors automatikus nyit\u00e1s<\/li>\n<li><strong>S\u00e1tor st\u00edlusa: <\/strong> Cs\u0151 t\u00edpusa S\u00e1tor Stake<\/li>\n<li><strong>\u00c9vad : <\/strong> N\u00e9gy \u00e9vszakos s\u00e1tor<\/li>\n<li><strong>Szerkezet : <\/strong> Egy h\u00e1l\u00f3szoba<\/li>\n<li><strong>t\u00e9t: <\/strong> 8 db<\/li>\n<li><strong>k\u00f6t\u00e9l: <\/strong> 4 db<\/li>\n<li><strong>p\u00f3lus anyaga: <\/strong> \u00dcvegsz\u00e1las<\/li>\n<li><strong>v\u00edz\u00e1ll\u00f3 : <\/strong> PU2000mm<\/li>\n<li><strong>nett\u00f3 t\u00f6meg : <\/strong> 3 kg<\/li>\n<li><strong>m\u00e9ret: <\/strong> 225*145*120cm<\/li>\n<li><strong>csomagol\u00e1s m\u00e9rete: <\/strong> 81*16*16<\/li>\n<\/ul>\n<div>\n<div data-magic-global=\"%7B%22bizId%22%3A2348173885%2C%22pageId%22%3A21026621679%2C%22siteId%22%3A5005127539%7D\">\n<div>\n<div>\n<div>\n<div>\n<div>\n<div><\/div>\n<\/div>\n<\/div>\n<\/div>\n<\/div>\n<\/div>\n<div>\n<div>\n<table>\n<tbody>\n<tr>\n<td>\n<div>\n<div data-spm-anchor-id=\"0.0.0.i16.3eaf4f05ECnIkX\">L\u00e9gylap<\/div>\n<\/div>\n<\/td>\n<td>\n<div>\n<div data-spm-anchor-id=\"0.0.0.i33.3eaf4f05ECnIkX\">190T Ployester<\/div>\n<\/div>\n<\/td>\n<td>\n<div>\n<div>Bels\u0151<\/div>\n<\/div>\n<\/td>\n<td>\n<div>\n<div data-spm-anchor-id=\"0.0.0.i34.3eaf4f05ECnIkX\">B3 Mesh<\/div>\n<\/div>\n<\/td>\n<\/tr>\n<tr>\n<td>\n<div>\n<div>R\u00e9tegek<\/div>\n<\/div>\n<\/td>\n<td>\n<div>\n<div data-spm-anchor-id=\"0.0.0.i39.3eaf4f05ECnIkX\">1<\/div>\n<\/div>\n<\/td>\n<td>\n<div>\n<div>V\u00edz\u00e1ll\u00f3<\/div>\n<\/div>\n<\/td>\n<td>\n<div>\n<div data-spm-anchor-id=\"0.0.0.i4.3eaf4f05uSBrU9\">2000 mm<\/div>\n<\/div>\n<\/td>\n<\/tr>\n<tr>\n<td>\n<div>\n<div data-spm-anchor-id=\"a2700.siteadmin.0.i1.70a633332xVGCP\">gal\u00e9ri\u00e1s<\/div>\n<\/div>\n<\/td>\n<td>\n<div>\n<div data-spm-anchor-id=\"0.0.0.i13.3eaf4f05ECnIkX\">2<\/div>\n<\/div>\n<\/td>\n<td>\n<div>\n<div data-spm-anchor-id=\"a2700.pc-decorate.0.i37.6bb33333rkQfT1\">MOQ<\/div>\n<\/div>\n<\/td>\n<td>\n<div>\n<div data-spm-anchor-id=\"0.0.0.i42.3eaf4f05ECnIkX\">300<\/div>\n<\/div>\n<\/td>\n<\/tr>\n<tr>\n<td>\n<div>\n<div>P\u00f3lus<\/div>\n<\/div>\n<\/td>\n<td>\n<div>\n<div>\u00fcvegsz\u00e1las<\/div>\n<\/div>\n<\/td>\n<td>\n<div>\n<div data-spm-anchor-id=\"a2700.pc-decorate.0.i0.6bb33333mf4yOX\">padl\u00f3<\/div>\n<\/div>\n<\/td>\n<td>\n<div>\n<div data-spm-anchor-id=\"0.0.0.i5.3eaf4f05uSBrU9\">Oxford<\/div>\n<\/div>\n<\/td>\n<\/tr>\n<tr>\n<td>\n<div>\n<div>M\u00e9ret<\/div>\n<\/div>\n<\/td>\n<td>\n<div>\n<div data-spm-anchor-id=\"0.0.0.i41.3eaf4f05ECnIkX\">225*145*120cm (Sz x M\u00e9 x Ma)<\/div>\n<\/div>\n<\/td>\n<td>\n<div>\n<div data-spm-anchor-id=\"a2700.pc-decorate.0.i35.6bb33333rkQfT1\">t\u00e9t<\/div>\n<\/div>\n<\/td>\n<td>\n<div>\n<div data-spm-anchor-id=\"0.0.0.i45.3eaf4f05ECnIkX\">8 db<\/div>\n<\/div>\n<\/td>\n<\/tr>\n<tr>\n<td>\n<div>\n<div>Csomagol\u00e1s<\/div>\n<\/div>\n<\/td>\n<td>\n<div>\n<div data-spm-anchor-id=\"0.0.0.i46.3eaf4f05ECnIkX\">81*16*16cm<\/div>\n<\/div>\n<\/td>\n<td>\n<div>\n<div data-spm-anchor-id=\"a2700.siteadmin.0.i2.65e43333ALmggU\">k\u00f6t\u00e9l<\/div>\n<\/div>\n<\/td>\n<td>\n<div>\n<div data-spm-anchor-id=\"0.0.0.i48.3eaf4f05ECnIkX\">4 db<\/div>\n<\/div>\n<\/td>\n<\/tr>\n<\/tbody>\n<\/table>\n<\/div>\n<\/div>\n<div>\n<div data-section=\"AliMagic-nrcn3x\" data-section-title=\"Product Display\">Term\u00e9kmegjelen\u00edt\u00e9s<\/div>\n<\/div>\n<div>\n<div>\n<div><img decoding=\"async\" src=\"\/\/sc04.alicdn.com\/kf\/H66d44bfa529c4deca5bb320db0d955cdF\/222400006\/H66d44bfa529c4deca5bb320db0d955cdF.jpg\" data-src=\"\/\/sc04.alicdn.com\/kf\/H66d44bfa529c4deca5bb320db0d955cdF\/222400006\/H66d44bfa529c4deca5bb320db0d955cdF.jpg\" \/><\/div>\n<div><img decoding=\"async\" src=\"\/\/sc04.alicdn.com\/kf\/Hf31f6b479e6e4cdb980bf13a70437e30j\/222400006\/Hf31f6b479e6e4cdb980bf13a70437e30j.jpg\" data-src=\"\/\/sc04.alicdn.com\/kf\/Hf31f6b479e6e4cdb980bf13a70437e30j\/222400006\/Hf31f6b479e6e4cdb980bf13a70437e30j.jpg\" \/><\/div>\n<div><\/div>\n<div><img decoding=\"async\" src=\"\/\/sc04.alicdn.com\/kf\/Hc174bf694a784cd4866058cf56d44d28T\/222400006\/Hc174bf694a784cd4866058cf56d44d28T.jpg\" data-src=\"\/\/sc04.alicdn.com\/kf\/Hc174bf694a784cd4866058cf56d44d28T\/222400006\/Hc174bf694a784cd4866058cf56d44d28T.jpg\" \/><\/div>\n<div><img decoding=\"async\" src=\"\/\/sc04.alicdn.com\/kf\/H273345d97c344d6bbe2aff82a13330d6b\/222400006\/H273345d97c344d6bbe2aff82a13330d6b.jpg\" data-src=\"\/\/sc04.alicdn.com\/kf\/H273345d97c344d6bbe2aff82a13330d6b\/222400006\/H273345d97c344d6bbe2aff82a13330d6b.jpg\" \/><\/div>\n<div><img decoding=\"async\" src=\"\/\/sc04.alicdn.com\/kf\/Heff7fafd7461428c85fc1f8bfbb8e095s\/222400006\/Heff7fafd7461428c85fc1f8bfbb8e095s.jpg\" data-src=\"\/\/sc04.alicdn.com\/kf\/Heff7fafd7461428c85fc1f8bfbb8e095s\/222400006\/Heff7fafd7461428c85fc1f8bfbb8e095s.jpg\" \/><\/div>\n<\/div>\n<\/div>\n<div>\n<div data-magic=\" \" data-magic-status=\"done\">\n<div data-reactroot=\"\"><\/div>\n<\/div>\n<\/div>\n<\/div>\n<\/div>","protected":false},"excerpt":{"rendered":"<p>Sz\u00f6vet: Oxford, 150D oxford k\u00fcls\u0151 s\u00e1tor v\u00edz\u00e1ll\u00f3s\u00e1gi index: 1500-2000 mm als\u00f3 v\u00edz\u00e1ll\u00f3s\u00e1gi index: 1500-2000 mm \u00c9p\u00fclet t\u00edpusa: Gyorsan, automatikusan ny\u00edl\u00f3 s\u00e1tor St\u00edlus: Cs\u0151 t\u00edpus S\u00e1tor Stake Szezon: N\u00e9gy \u00e9vszakos: Egyszob\u00e1s s\u00e1tor:8pc : 4db r\u00fad anyaga : \u00dcvegsz\u00e1l v\u00edz\u00e1ll\u00f3 : PU2000mm nett\u00f3 t\u00f6meg<\/p>\n<div class=\"read-more\"><a class=\"btn btn-fill-out\" href=\"https:\/\/uoogear.com\/hu\/termek\/waterproof-glamping-travelling-tent-for-outdoor-camping-2-person-automatic-beach-tent\/\">Olvass tov\u00e1bb<\/a><\/div>","protected":false},"featured_media":4775,"template":"","meta":[],"product_brand":[],"product_cat":[15],"product_tag":[],"class_list":{"0":"post-4776","1":"product","2":"type-product","3":"status-publish","4":"has-post-thumbnail","6":"product_cat-uncategorized","7":"tm-no-options","9":"first","10":"instock","11":"shipping-taxable","12":"purchasable","13":"product-type-variable"},"_links":{"self":[{"href":"https:\/\/uoogear.com\/hu\/wp-json\/wp\/v2\/product\/4776","targetHints":{"allow":["GET"]}}],"collection":[{"href":"https:\/\/uoogear.com\/hu\/wp-json\/wp\/v2\/product"}],"about":[{"href":"https:\/\/uoogear.com\/hu\/wp-json\/wp\/v2\/types\/product"}],"wp:featuredmedia":[{"embeddable":true,"href":"https:\/\/uoogear.com\/hu\/wp-json\/wp\/v2\/media\/4775"}],"wp:attachment":[{"href":"https:\/\/uoogear.com\/hu\/wp-json\/wp\/v2\/media?parent=4776"}],"wp:term":[{"taxonomy":"product_brand","embeddable":true,"href":"https:\/\/uoogear.com\/hu\/wp-json\/wp\/v2\/product_brand?post=4776"},{"taxonomy":"product_cat","embeddable":true,"href":"https:\/\/uoogear.com\/hu\/wp-json\/wp\/v2\/product_cat?post=4776"},{"taxonomy":"product_tag","embeddable":true,"href":"https:\/\/uoogear.com\/hu\/wp-json\/wp\/v2\/product_tag?post=4776"}],"curies":[{"name":"wp","href":"https:\/\/api.w.org\/{rel}","templated":true}]}}