{"id":4786,"date":"2023-11-14T02:27:42","date_gmt":"2023-11-14T02:27:42","guid":{"rendered":"https:\/\/uoogear.com\/product\/automatic-outdoor-camping-tent-oxford-pop-up-high-quality-tents\/"},"modified":"2023-11-30T02:34:51","modified_gmt":"2023-11-30T02:34:51","slug":"automatic-outdoor-camping-tent-oxford-pop-up-high-quality-tents","status":"publish","type":"product","link":"https:\/\/uoogear.com\/hu\/termek\/automatic-outdoor-camping-tent-oxford-pop-up-high-quality-tents\/","title":{"rendered":"Automatikus k\u00fclt\u00e9ri kempings\u00e1tor Oxford Pop Up Kiv\u00e1l\u00f3 min\u0151s\u00e9g\u0171 s\u00e1trak"},"content":{"rendered":"<ul>\n<li><strong>Sz\u00f6vet: <\/strong> Oxford<\/li>\n<li><strong>K\u00fcls\u0151 s\u00e1tor v\u00edz\u00e1ll\u00f3s\u00e1gi indexe: <\/strong> 2000-3000 mm<\/li>\n<li><strong>Als\u00f3 v\u00edz\u00e1ll\u00f3s\u00e1gi index: <\/strong> 2000-3000 mm<\/li>\n<li><strong>\u00c9p\u00fclet t\u00edpusa: <\/strong> Gyors automatikus nyit\u00e1s<\/li>\n<li><strong>S\u00e1tor st\u00edlusa: <\/strong> Cs\u0151 t\u00edpusa S\u00e1tor Stake<\/li>\n<li><strong>\u00c9vad : <\/strong> N\u00e9gy \u00e9vszakos s\u00e1tor<\/li>\n<li><strong>Szerkezet : <\/strong> Egy h\u00e1l\u00f3szoba<\/li>\n<li><strong>Kik\u00f6t\u0151hely: <\/strong> 3-4<\/li>\n<li><strong>H\u00e1l\u00f3szob\u00e1k: <\/strong> 1<\/li>\n<li><strong>S\u00faly (kg): <\/strong> 6<\/li>\n<li><strong>M\u00e9ret: <\/strong> 210*210*120cm<\/li>\n<li><strong>V\u00edz\u00e1ll\u00f3 : <\/strong> 2000-3000<\/li>\n<li><strong>Sz\u00f6vet anyaga: <\/strong> 150D Oxford<\/li>\n<li><strong>St\u00edlus: <\/strong> Automata s\u00e1tor<\/li>\n<\/ul>\n<div>\n<div data-magic-global=\"%7B%22bizId%22%3A2348173885%2C%22pageId%22%3A21030964139%2C%22siteId%22%3A5005127539%7D\">\n<div>\n<div>\n<div>\n<div>\n<div>\n<div><\/div>\n<\/div>\n<\/div>\n<\/div>\n<\/div>\n<\/div>\n<div>\n<div>\n<table>\n<tbody>\n<tr>\n<td>\n<div>\n<div data-spm-anchor-id=\"0.0.0.i16.3eaf4f05ECnIkX\">Fly Sheet<\/div>\n<\/div>\n<\/td>\n<td>\n<div>\n<div data-spm-anchor-id=\"0.0.0.i33.3eaf4f05ECnIkX\">150D Oxford<\/div>\n<\/div>\n<\/td>\n<td>\n<div>\n<div>Bels\u0151<\/div>\n<\/div>\n<\/td>\n<td>\n<div>\n<div data-spm-anchor-id=\"0.0.0.i34.3eaf4f05ECnIkX\">B3 Mesh<\/div>\n<\/div>\n<\/td>\n<\/tr>\n<tr>\n<td>\n<div>\n<div>R\u00e9tegek<\/div>\n<\/div>\n<\/td>\n<td>\n<div>\n<div data-spm-anchor-id=\"0.0.0.i39.3eaf4f05ECnIkX\">1<\/div>\n<\/div>\n<\/td>\n<td>\n<div>\n<div>V\u00edz\u00e1ll\u00f3<\/div>\n<\/div>\n<\/td>\n<td>\n<div>\n<div data-spm-anchor-id=\"0.0.0.i4.3eaf4f05uSBrU9\">2000-3000 mm<\/div>\n<\/div>\n<\/td>\n<\/tr>\n<tr>\n<td>\n<div>\n<div data-spm-anchor-id=\"a2700.siteadmin.0.i1.70a633332xVGCP\">Kapacit\u00e1s<\/div>\n<\/div>\n<\/td>\n<td>\n<div>\n<div data-spm-anchor-id=\"0.0.0.i13.3eaf4f05ECnIkX\">3-4<\/div>\n<\/div>\n<\/td>\n<td>\n<div>\n<div>Padl\u00f3<\/div>\n<\/div>\n<\/td>\n<td>\n<div>\n<div data-spm-anchor-id=\"0.0.0.i42.3eaf4f05ECnIkX\">150D Oxford<\/div>\n<\/div>\n<\/td>\n<\/tr>\n<tr>\n<td>\n<div>\n<div>P\u00f3lus<\/div>\n<\/div>\n<\/td>\n<td>\n<div>\n<div data-spm-anchor-id=\"0.0.0.i44.3eaf4f05ECnIkX\">Vas<\/div>\n<\/div>\n<\/td>\n<td>\n<div>\n<div>S\u00faly<\/div>\n<\/div>\n<\/td>\n<td>\n<div>\n<div data-spm-anchor-id=\"0.0.0.i5.3eaf4f05uSBrU9\">6 kg<\/div>\n<\/div>\n<\/td>\n<\/tr>\n<tr>\n<td>\n<div>\n<div>M\u00e9ret<\/div>\n<\/div>\n<\/td>\n<td>\n<div>\n<div data-spm-anchor-id=\"0.0.0.i41.3eaf4f05ECnIkX\">210*210*120cm (Sz x M\u00e9 x Ma)<\/div>\n<\/div>\n<\/td>\n<td>\n<div>\n<div data-spm-anchor-id=\"a2700.pc-decorate.0.i7.620a3333cDXuJj\">t\u00edpus<\/div>\n<\/div>\n<\/td>\n<td>\n<div>\n<div data-spm-anchor-id=\"0.0.0.i45.3eaf4f05ECnIkX\">Automata s\u00e1tor<\/div>\n<\/div>\n<\/td>\n<\/tr>\n<tr>\n<td>\n<div>\n<div>Csomagol\u00e1s<\/div>\n<\/div>\n<\/td>\n<td>\n<div>\n<div data-spm-anchor-id=\"0.0.0.i46.3eaf4f05ECnIkX\">68*33*22cm<\/div>\n<\/div>\n<\/td>\n<td>\n<div>\n<div data-spm-anchor-id=\"a2700.siteadmin.0.i2.65e43333ALmggU\">St\u00edlus<\/div>\n<\/div>\n<\/td>\n<td>\n<div>\n<div data-spm-anchor-id=\"0.0.0.i48.3eaf4f05ECnIkX\">v\u00edz\u00e1ll\u00f3 t\u00e1bors\u00e1tor<\/div>\n<\/div>\n<\/td>\n<\/tr>\n<\/tbody>\n<\/table>\n<\/div>\n<\/div>\n<div>\n<div data-section=\"AliMagic-rzzj53\" data-section-title=\"Product Display\">Term\u00e9kmegjelen\u00edt\u00e9s<\/div>\n<\/div>\n<div>\n<div>\n<div><img decoding=\"async\" src=\"\/\/sc04.alicdn.com\/kf\/H653be6caae5445ae80173ba4074a998aG\/222400006\/H653be6caae5445ae80173ba4074a998aG.jpg\" data-src=\"\/\/sc04.alicdn.com\/kf\/H653be6caae5445ae80173ba4074a998aG\/222400006\/H653be6caae5445ae80173ba4074a998aG.jpg\" \/><\/div>\n<div><img decoding=\"async\" src=\"\/\/sc04.alicdn.com\/kf\/H74feb26da27b420a94203e1dabdfb5c3g\/222400006\/H74feb26da27b420a94203e1dabdfb5c3g.jpg\" data-src=\"\/\/sc04.alicdn.com\/kf\/H74feb26da27b420a94203e1dabdfb5c3g\/222400006\/H74feb26da27b420a94203e1dabdfb5c3g.jpg\" \/><\/div>\n<div><img decoding=\"async\" src=\"\/\/sc04.alicdn.com\/kf\/H7ddec77284264c039d283ce94aedac86h\/222400006\/H7ddec77284264c039d283ce94aedac86h.jpg\" data-src=\"\/\/sc04.alicdn.com\/kf\/H7ddec77284264c039d283ce94aedac86h\/222400006\/H7ddec77284264c039d283ce94aedac86h.jpg\" \/><\/div>\n<div><img decoding=\"async\" src=\"\/\/sc04.alicdn.com\/kf\/Hb476b02098114050af5fe97a36c166ebX\/222400006\/Hb476b02098114050af5fe97a36c166ebX.jpg\" data-src=\"\/\/sc04.alicdn.com\/kf\/Hb476b02098114050af5fe97a36c166ebX\/222400006\/Hb476b02098114050af5fe97a36c166ebX.jpg\" \/><\/div>\n<div><img decoding=\"async\" src=\"\/\/sc04.alicdn.com\/kf\/H52b89160de85462b81b7f9d9a1b4a913L\/222400006\/H52b89160de85462b81b7f9d9a1b4a913L.jpg\" data-src=\"\/\/sc04.alicdn.com\/kf\/H52b89160de85462b81b7f9d9a1b4a913L\/222400006\/H52b89160de85462b81b7f9d9a1b4a913L.jpg\" \/><\/div>\n<div><img decoding=\"async\" src=\"\/\/sc04.alicdn.com\/kf\/Hdad6ef9c12844447a875369e425483deS\/222400006\/Hdad6ef9c12844447a875369e425483deS.jpg\" data-src=\"\/\/sc04.alicdn.com\/kf\/Hdad6ef9c12844447a875369e425483deS\/222400006\/Hdad6ef9c12844447a875369e425483deS.jpg\" \/><\/div>\n<\/div>\n<\/div>\n<div>\n<div data-magic=\" \" data-magic-status=\"done\">\n<div data-reactroot=\"\"><\/div>\n<\/div>\n<\/div>\n<\/div>\n<\/div>","protected":false},"excerpt":{"rendered":"<p>Sz\u00f6vet: Oxford k\u00fcls\u0151 s\u00e1tor v\u00edz\u00e1ll\u00f3s\u00e1gi indexe: 2000-3000 mm als\u00f3 v\u00edz\u00e1ll\u00f3s\u00e1gi index: 2000-3000 mm \u00e9p\u00fclet t\u00edpusa: gyorsan ny\u00edl\u00f3 s\u00e1tor St\u00edlus: cs\u0151 t\u00edpus\u00fa s\u00e1tor t\u00f6v\u00e9s szezon: n\u00e9gy \u00e9vszakos s\u00e1tor szerkezete : egy h\u00e1l\u00f3szob\u00e1s 3-4 h\u00e1l\u00f3szoba 1 S\u00faly (kg): 6 M\u00e9ret: 210*210*120cm V\u00edz\u00e1ll\u00f3: 2000-3000 Sz\u00f6vet Anyaga<\/p>\n<div class=\"read-more\"><a class=\"btn btn-fill-out\" href=\"https:\/\/uoogear.com\/hu\/termek\/automatic-outdoor-camping-tent-oxford-pop-up-high-quality-tents\/\">Olvass tov\u00e1bb<\/a><\/div>","protected":false},"featured_media":4785,"template":"","meta":[],"product_brand":[],"product_cat":[15],"product_tag":[],"class_list":{"0":"post-4786","1":"product","2":"type-product","3":"status-publish","4":"has-post-thumbnail","6":"product_cat-uncategorized","7":"tm-no-options","9":"first","10":"instock","11":"shipping-taxable","12":"purchasable","13":"product-type-variable"},"_links":{"self":[{"href":"https:\/\/uoogear.com\/hu\/wp-json\/wp\/v2\/product\/4786","targetHints":{"allow":["GET"]}}],"collection":[{"href":"https:\/\/uoogear.com\/hu\/wp-json\/wp\/v2\/product"}],"about":[{"href":"https:\/\/uoogear.com\/hu\/wp-json\/wp\/v2\/types\/product"}],"wp:featuredmedia":[{"embeddable":true,"href":"https:\/\/uoogear.com\/hu\/wp-json\/wp\/v2\/media\/4785"}],"wp:attachment":[{"href":"https:\/\/uoogear.com\/hu\/wp-json\/wp\/v2\/media?parent=4786"}],"wp:term":[{"taxonomy":"product_brand","embeddable":true,"href":"https:\/\/uoogear.com\/hu\/wp-json\/wp\/v2\/product_brand?post=4786"},{"taxonomy":"product_cat","embeddable":true,"href":"https:\/\/uoogear.com\/hu\/wp-json\/wp\/v2\/product_cat?post=4786"},{"taxonomy":"product_tag","embeddable":true,"href":"https:\/\/uoogear.com\/hu\/wp-json\/wp\/v2\/product_tag?post=4786"}],"curies":[{"name":"wp","href":"https:\/\/api.w.org\/{rel}","templated":true}]}}