{"id":4794,"date":"2023-11-14T02:28:46","date_gmt":"2023-11-14T02:28:46","guid":{"rendered":"https:\/\/uoogear.com\/product\/4-person-family-camping-tents-portable-outdoor-automatic-tents-waterproof-windproof-for-hiking\/"},"modified":"2023-11-30T02:35:02","modified_gmt":"2023-11-30T02:35:02","slug":"4-person-family-camping-tents-portable-outdoor-automatic-tents-waterproof-windproof-for-hiking","status":"publish","type":"product","link":"https:\/\/uoogear.com\/hu\/termek\/4-person-family-camping-tents-portable-outdoor-automatic-tents-waterproof-windproof-for-hiking\/","title":{"rendered":"4 szem\u00e9lyes csal\u00e1di kempings\u00e1trak Hordozhat\u00f3 k\u00fclt\u00e9ri automata s\u00e1trak V\u00edz\u00e1ll\u00f3, sz\u00e9l\u00e1ll\u00f3 t\u00far\u00e1z\u00e1shoz"},"content":{"rendered":"<ul>\n<li><strong>Ter\u00fclet : <\/strong> 21 n\u00e9gyzetm\u00e9ter<\/li>\n<li><strong>Sz\u00f6vet: <\/strong> 150D Oxford<\/li>\n<li><strong>K\u00fcls\u0151 s\u00e1tor v\u00edz\u00e1ll\u00f3s\u00e1gi indexe: <\/strong> &gt;3000 mm, 2000 mm<\/li>\n<li><strong>Als\u00f3 v\u00edz\u00e1ll\u00f3s\u00e1gi index: <\/strong> 2000-3000 mm, 3000 mm<\/li>\n<li><strong>\u00c9p\u00fclet t\u00edpusa: <\/strong> Ig\u00e9ny szerinti \u00e9p\u00edt\u00e9s<\/li>\n<li><strong>S\u00e1tor st\u00edlusa: <\/strong> Egyenes merev\u00edt\u0151 t\u00edpus, Snowfield Nail<\/li>\n<li><strong>\u00c9vad : <\/strong> N\u00e9gy \u00e9vszakos s\u00e1tor<\/li>\n<li><strong>Szerkezet : <\/strong> Egy h\u00e1l\u00f3szoba \u00e9s egy nappali, nagy h\u00e1l\u00f3szoba\/nappali<\/li>\n<li><strong>Sz\u00edn: <\/strong> Szem\u00e9lyre szabott<\/li>\n<li><strong>P\u00f3lus anyaga: <\/strong> Vas<\/li>\n<li><strong>Kapacit\u00e1s: <\/strong> 4-5 f\u0151<\/li>\n<li><strong>kulcsszavak: <\/strong> H\u00e1tizs\u00e1k s\u00e1trak<\/li>\n<li><strong>st\u00edlus: <\/strong> azonnali s\u00e1tor<\/li>\n<li><strong>Csomag s\u00falya: <\/strong> 11 kg<\/li>\n<\/ul>\n<div>\n<div data-magic-global=\"%7B%22bizId%22%3A2348173885%2C%22pageId%22%3A21017910575%2C%22siteId%22%3A5005127539%7D\">\n<div><\/div>\n<div>\n<div data-section=\"AliMagic-clh7zb\" data-section-title=\"Product Display\">Term\u00e9kmegjelen\u00edt\u00e9s<\/div>\n<\/div>\n<div>\n<div>\n<div><img decoding=\"async\" src=\"\/\/sc04.alicdn.com\/kf\/Hd90aba5405b24718ba9b23b9cd1aa8c3a\/222400006\/Hd90aba5405b24718ba9b23b9cd1aa8c3a.jpg\" data-src=\"\/\/sc04.alicdn.com\/kf\/Hd90aba5405b24718ba9b23b9cd1aa8c3a\/222400006\/Hd90aba5405b24718ba9b23b9cd1aa8c3a.jpg\" \/><\/div>\n<div><img decoding=\"async\" src=\"\/\/sc04.alicdn.com\/kf\/H87fec1b7d3424395bfe6efadd8191ea7K\/222400006\/H87fec1b7d3424395bfe6efadd8191ea7K.jpg\" data-src=\"\/\/sc04.alicdn.com\/kf\/H87fec1b7d3424395bfe6efadd8191ea7K\/222400006\/H87fec1b7d3424395bfe6efadd8191ea7K.jpg\" \/><\/div>\n<div><img decoding=\"async\" src=\"\/\/sc04.alicdn.com\/kf\/He90a42f4ffc242c687661f0090e601e2n\/222400006\/He90a42f4ffc242c687661f0090e601e2n.jpg\" data-src=\"\/\/sc04.alicdn.com\/kf\/He90a42f4ffc242c687661f0090e601e2n\/222400006\/He90a42f4ffc242c687661f0090e601e2n.jpg\" \/><\/div>\n<div><img decoding=\"async\" src=\"\/\/sc04.alicdn.com\/kf\/H448a68d22dd94dee96751e6f3b6ae588r\/222400006\/H448a68d22dd94dee96751e6f3b6ae588r.jpg\" data-src=\"\/\/sc04.alicdn.com\/kf\/H448a68d22dd94dee96751e6f3b6ae588r\/222400006\/H448a68d22dd94dee96751e6f3b6ae588r.jpg\" \/><\/div>\n<div><img decoding=\"async\" src=\"\/\/sc04.alicdn.com\/kf\/H0637ce2a75714d968c5cf18cf0699702G\/222400006\/H0637ce2a75714d968c5cf18cf0699702G.jpg\" data-src=\"\/\/sc04.alicdn.com\/kf\/H0637ce2a75714d968c5cf18cf0699702G\/222400006\/H0637ce2a75714d968c5cf18cf0699702G.jpg\" \/><\/div>\n<div><img decoding=\"async\" src=\"\/\/sc04.alicdn.com\/kf\/H31a25c93d55b4782baee17bfd3a986c73\/222400006\/H31a25c93d55b4782baee17bfd3a986c73.jpg\" data-src=\"\/\/sc04.alicdn.com\/kf\/H31a25c93d55b4782baee17bfd3a986c73\/222400006\/H31a25c93d55b4782baee17bfd3a986c73.jpg\" \/><\/div>\n<div><img decoding=\"async\" src=\"\/\/sc04.alicdn.com\/kf\/H9bf447abb59942de928bc8eab5140428d\/222400006\/H9bf447abb59942de928bc8eab5140428d.jpg\" data-src=\"\/\/sc04.alicdn.com\/kf\/H9bf447abb59942de928bc8eab5140428d\/222400006\/H9bf447abb59942de928bc8eab5140428d.jpg\" \/><\/div>\n<\/div>\n<\/div>\n<div>\n<div>\n<div>\n<div>\n<div>\n<div><\/div>\n<\/div>\n<\/div>\n<\/div>\n<\/div>\n<\/div>\n<\/div>\n<\/div>","protected":false},"excerpt":{"rendered":"<p>Ter\u00fclet: 21 n\u00e9gyzetm\u00e9ter Sz\u00f6vet: 150D Oxford k\u00fcls\u0151 s\u00e1tor v\u00edz\u00e1ll\u00f3s\u00e1gi index: &gt;3000 mm, 2000 mm als\u00f3 v\u00edz\u00e1ll\u00f3s\u00e1gi index: 2000-3000 mm, 3000 mm \u00c9p\u00fclett\u00edpus: Ig\u00e9ny szerinti fel\u00e9p\u00edt\u00e9s S\u00e1torst\u00edlus: Egyenes merev\u00edt\u00e9s\u0171 tengeri t\u00edpus, F - szezon s\u00e1torszerkezete: egy h\u00e1l\u00f3szoba \u00e9s egy nappali, nagy h\u00e1l\u00f3szoba\/nappali<\/p>\n<div class=\"read-more\"><a class=\"btn btn-fill-out\" href=\"https:\/\/uoogear.com\/hu\/termek\/4-person-family-camping-tents-portable-outdoor-automatic-tents-waterproof-windproof-for-hiking\/\">Olvass tov\u00e1bb<\/a><\/div>","protected":false},"featured_media":4793,"template":"","meta":[],"product_brand":[],"product_cat":[15],"product_tag":[],"class_list":{"0":"post-4794","1":"product","2":"type-product","3":"status-publish","4":"has-post-thumbnail","6":"product_cat-uncategorized","7":"tm-no-options","9":"first","10":"instock","11":"shipping-taxable","12":"purchasable","13":"product-type-variable"},"_links":{"self":[{"href":"https:\/\/uoogear.com\/hu\/wp-json\/wp\/v2\/product\/4794","targetHints":{"allow":["GET"]}}],"collection":[{"href":"https:\/\/uoogear.com\/hu\/wp-json\/wp\/v2\/product"}],"about":[{"href":"https:\/\/uoogear.com\/hu\/wp-json\/wp\/v2\/types\/product"}],"wp:featuredmedia":[{"embeddable":true,"href":"https:\/\/uoogear.com\/hu\/wp-json\/wp\/v2\/media\/4793"}],"wp:attachment":[{"href":"https:\/\/uoogear.com\/hu\/wp-json\/wp\/v2\/media?parent=4794"}],"wp:term":[{"taxonomy":"product_brand","embeddable":true,"href":"https:\/\/uoogear.com\/hu\/wp-json\/wp\/v2\/product_brand?post=4794"},{"taxonomy":"product_cat","embeddable":true,"href":"https:\/\/uoogear.com\/hu\/wp-json\/wp\/v2\/product_cat?post=4794"},{"taxonomy":"product_tag","embeddable":true,"href":"https:\/\/uoogear.com\/hu\/wp-json\/wp\/v2\/product_tag?post=4794"}],"curies":[{"name":"wp","href":"https:\/\/api.w.org\/{rel}","templated":true}]}}