{"id":4802,"date":"2023-11-14T02:29:37","date_gmt":"2023-11-14T02:29:37","guid":{"rendered":"https:\/\/uoogear.com\/product\/star-home-throw-tent-outdoor-automatic-throwing-pop-up-waterproof-camping-hiking-tent-waterproof-large-family-tents\/"},"modified":"2023-11-30T02:35:27","modified_gmt":"2023-11-30T02:35:27","slug":"star-home-throw-tent-outdoor-automatic-throwing-pop-up-waterproof-camping-hiking-tent-waterproof-large-family-tents","status":"publish","type":"product","link":"https:\/\/uoogear.com\/hu\/termek\/star-home-throw-tent-outdoor-automatic-throwing-pop-up-waterproof-camping-hiking-tent-waterproof-large-family-tents\/","title":{"rendered":"STAR HOME dob\u00f3s\u00e1tor k\u00fclt\u00e9ri automata felugr\u00f3 v\u00edz\u00e1ll\u00f3 kemping t\u00fara s\u00e1tor v\u00edz\u00e1ll\u00f3 nagy csal\u00e1di s\u00e1trak"},"content":{"rendered":"<ul>\n<li><strong>Sz\u00f6vet: <\/strong> Oxford kend\u0151<\/li>\n<li><strong>K\u00fcls\u0151 s\u00e1tor v\u00edz\u00e1ll\u00f3s\u00e1gi indexe: <\/strong> 2000-3000 mm<\/li>\n<li><strong>Als\u00f3 v\u00edz\u00e1ll\u00f3s\u00e1gi index: <\/strong> 2000-3000 mm<\/li>\n<li><strong>\u00c9p\u00fclet t\u00edpusa: <\/strong> Gyors automatikus nyit\u00e1s<\/li>\n<li><strong>S\u00e1tor st\u00edlusa: <\/strong> Egyenes merev\u00edt\u0151 t\u00edpus<\/li>\n<li><strong>\u00c9vad : <\/strong> N\u00e9gy \u00e9vszakos s\u00e1tor<\/li>\n<li><strong>Szerkezet : <\/strong> Egy h\u00e1l\u00f3szoba<\/li>\n<li><strong>St\u00edlus: <\/strong> Pop-nyitva<\/li>\n<\/ul>\n<div>\n<p>STAR HOME dob\u00f3 s\u00e1tor k\u00fclt\u00e9ri automata s\u00e1trak felugr\u00f3 v\u00edz\u00e1ll\u00f3 kemping t\u00fara s\u00e1tor v\u00edz\u00e1ll\u00f3 nagy csal\u00e1di s\u00e1trak<\/p>\n<p>&nbsp;<\/p>\n<p>A Star Home Family Camping Tents felugr\u00f3 kialak\u00edt\u00e1s\u00fa, 5 m\u00e1sodperc alatt ny\u00edlik; \u00f6sszecsukhat\u00f3, k\u00f6nnyen hordozhat\u00f3, mind\u00f6ssze 3,7 kg.<\/p>\n<p>H\u00e1l\u00f3s ajt\u00f3k \u00e9s ablakok, n\u00e9gy oldali szell\u0151z\u00e9s, sz\u00fanyog- \u00e9s rovarv\u00e9delem; 3 \u00e9vszakban haszn\u00e1lhat\u00f3.<\/p>\n<p>Duplaajt\u00f3s kialak\u00edt\u00e1s, k\u00f6nnyen be- \u00e9s kisz\u00e1ll\u00e1s; Csal\u00e1di kempings\u00e1trak Az ajt\u00f3k \u00e9s ablakok teljesen bez\u00e1rhat\u00f3k, hogy meg\u00f3vj\u00e1k a mag\u00e1n\u00e9letet.<\/p>\n<p>Csal\u00e1di kempings\u00e1trak nagy t\u00e9r, 3-4 f\u0151s csal\u00e1di bar\u00e1tok sz\u00e1m\u00e1ra alkalmas szabadt\u00e9ri haszn\u00e1latra.<\/p>\n<p>A kiv\u00e1l\u00f3 min\u0151s\u00e9g\u0171 \u00e9s tart\u00f3s Star Home csal\u00e1di kempings\u00e1trak j\u00f3l haszn\u00e1lhat\u00f3k kis csal\u00e1ddal, p\u00e1rral vagy egy\u00e9nileg r\u00f6vid kempingutakhoz. A Star Home csal\u00e1di kempings\u00e1trak seg\u00edts\u00e9g\u00e9vel \u00e9lvezheti a j\u00f3 id\u0151t.<\/p>\n<p>&nbsp;<\/p>\n<p>A Star Home Family Camping Tents felugr\u00f3 kialak\u00edt\u00e1s\u00fa, 5 m\u00e1sodperc alatt ny\u00edlik; \u00f6sszecsukhat\u00f3, k\u00f6nnyen hordozhat\u00f3, mind\u00f6ssze 3,7 kg.<\/p>\n<p>H\u00e1l\u00f3s ajt\u00f3k \u00e9s ablakok, n\u00e9gy oldali szell\u0151z\u00e9s, sz\u00fanyog- \u00e9s rovarv\u00e9delem; 3 \u00e9vszakban haszn\u00e1lhat\u00f3.<\/p>\n<p>Duplaajt\u00f3s kialak\u00edt\u00e1s, k\u00f6nnyen be- \u00e9s kisz\u00e1ll\u00e1s; Csal\u00e1di kempings\u00e1trak Az ajt\u00f3k \u00e9s ablakok teljesen bez\u00e1rhat\u00f3k, hogy meg\u00f3vj\u00e1k a mag\u00e1n\u00e9letet.<\/p>\n<p>Csal\u00e1di kempings\u00e1trak nagy t\u00e9r, 3-4 f\u0151s csal\u00e1di bar\u00e1tok sz\u00e1m\u00e1ra alkalmas szabadt\u00e9ri haszn\u00e1latra.<\/p>\n<p>A kiv\u00e1l\u00f3 min\u0151s\u00e9g\u0171 \u00e9s tart\u00f3s Star Home csal\u00e1di kempings\u00e1trak j\u00f3l haszn\u00e1lhat\u00f3k kis csal\u00e1ddal, p\u00e1rral vagy egy\u00e9nileg r\u00f6vid kempingutakhoz. A Star Home csal\u00e1di kempings\u00e1trak seg\u00edts\u00e9g\u00e9vel \u00e9lvezheti a j\u00f3 id\u0151t.<\/p>\n<p>&nbsp;<\/p>\n<p><img decoding=\"async\" src=\"\/\/sc01.alicdn.com\/kf\/HTB18X7za4D1gK0jSZFyq6AiOVXaU\/222400006\/HTB18X7za4D1gK0jSZFyq6AiOVXaU.jpg\" alt=\"STAR HOME dob\u00f3s\u00e1tor k\u00fclt\u00e9ri automata felugr\u00f3 v\u00edz\u00e1ll\u00f3 kemping t\u00fara s\u00e1tor v\u00edz\u00e1ll\u00f3 nagy csal\u00e1di s\u00e1trak\" width=\"750\" height=\"671.25\" data-src=\"\/\/sc01.alicdn.com\/kf\/HTB18X7za4D1gK0jSZFyq6AiOVXaU\/222400006\/HTB18X7za4D1gK0jSZFyq6AiOVXaU.jpg\" data-alt=\"STAR HOME Throw Tent Outdoor Automatic Throwing Pop Up Waterproof Camping Hiking Tent Waterproof Large Family Tents\" \/><img decoding=\"async\" src=\"\/\/sc02.alicdn.com\/kf\/HTB10bIya1H2gK0jSZJnq6yT1FXa5\/222400006\/HTB10bIya1H2gK0jSZJnq6yT1FXa5.jpg\" alt=\"STAR HOME dob\u00f3s\u00e1tor k\u00fclt\u00e9ri automata felugr\u00f3 v\u00edz\u00e1ll\u00f3 kemping t\u00fara s\u00e1tor v\u00edz\u00e1ll\u00f3 nagy csal\u00e1di s\u00e1trak\" width=\"750\" height=\"648.75\" data-src=\"\/\/sc02.alicdn.com\/kf\/HTB10bIya1H2gK0jSZJnq6yT1FXa5\/222400006\/HTB10bIya1H2gK0jSZJnq6yT1FXa5.jpg\" data-alt=\"STAR HOME Throw Tent Outdoor Automatic Throwing Pop Up Waterproof Camping Hiking Tent Waterproof Large Family Tents\" \/><img decoding=\"async\" src=\"\/\/sc02.alicdn.com\/kf\/HTB17T.wa.z1gK0jSZLeq6z9kVXa1\/222400006\/HTB17T.wa.z1gK0jSZLeq6z9kVXa1.jpg\" alt=\"STAR HOME dob\u00f3s\u00e1tor k\u00fclt\u00e9ri automata felugr\u00f3 v\u00edz\u00e1ll\u00f3 kemping t\u00fara s\u00e1tor v\u00edz\u00e1ll\u00f3 nagy csal\u00e1di s\u00e1trak\" width=\"750\" height=\"534.375\" data-src=\"\/\/sc02.alicdn.com\/kf\/HTB17T.wa.z1gK0jSZLeq6z9kVXa1\/222400006\/HTB17T.wa.z1gK0jSZLeq6z9kVXa1.jpg\" data-alt=\"STAR HOME Throw Tent Outdoor Automatic Throwing Pop Up Waterproof Camping Hiking Tent Waterproof Large Family Tents\" \/><img loading=\"lazy\" decoding=\"async\" src=\"\/\/sc01.alicdn.com\/kf\/HTB11RIwa4D1gK0jSZFsq6zldVXaH\/222400006\/HTB11RIwa4D1gK0jSZFsq6zldVXaH.jpg\" alt=\"STAR HOME dob\u00f3s\u00e1tor k\u00fclt\u00e9ri automata felugr\u00f3 v\u00edz\u00e1ll\u00f3 kemping t\u00fara s\u00e1tor v\u00edz\u00e1ll\u00f3 nagy csal\u00e1di s\u00e1trak\" width=\"750\" height=\"600\" data-src=\"\/\/sc01.alicdn.com\/kf\/HTB11RIwa4D1gK0jSZFsq6zldVXaH\/222400006\/HTB11RIwa4D1gK0jSZFsq6zldVXaH.jpg\" data-alt=\"STAR HOME Throw Tent Outdoor Automatic Throwing Pop Up Waterproof Camping Hiking Tent Waterproof Large Family Tents\" \/><img decoding=\"async\" src=\"\/\/sc01.alicdn.com\/kf\/HTB1ypUza4D1gK0jSZFyq6AiOVXaP\/222400006\/HTB1ypUza4D1gK0jSZFyq6AiOVXaP.jpg\" alt=\"STAR HOME dob\u00f3s\u00e1tor k\u00fclt\u00e9ri automata felugr\u00f3 v\u00edz\u00e1ll\u00f3 kemping t\u00fara s\u00e1tor v\u00edz\u00e1ll\u00f3 nagy csal\u00e1di s\u00e1trak\" width=\"750\" height=\"678.75\" data-src=\"\/\/sc01.alicdn.com\/kf\/HTB1ypUza4D1gK0jSZFyq6AiOVXaP\/222400006\/HTB1ypUza4D1gK0jSZFyq6AiOVXaP.jpg\" data-alt=\"STAR HOME Throw Tent Outdoor Automatic Throwing Pop Up Waterproof Camping Hiking Tent Waterproof Large Family Tents\" \/><img decoding=\"async\" src=\"\/\/sc01.alicdn.com\/kf\/HTB1Nj3wa1T2gK0jSZFvq6xnFXXao\/222400006\/HTB1Nj3wa1T2gK0jSZFvq6xnFXXao.jpg\" alt=\"STAR HOME dob\u00f3s\u00e1tor k\u00fclt\u00e9ri automata felugr\u00f3 v\u00edz\u00e1ll\u00f3 kemping t\u00fara s\u00e1tor v\u00edz\u00e1ll\u00f3 nagy csal\u00e1di s\u00e1trak\" width=\"750\" height=\"736.875\" data-src=\"\/\/sc01.alicdn.com\/kf\/HTB1Nj3wa1T2gK0jSZFvq6xnFXXao\/222400006\/HTB1Nj3wa1T2gK0jSZFvq6xnFXXao.jpg\" data-alt=\"STAR HOME Throw Tent Outdoor Automatic Throwing Pop Up Waterproof Camping Hiking Tent Waterproof Large Family Tents\" \/><img decoding=\"async\" src=\"\/\/sc01.alicdn.com\/kf\/HTB1dAQwa1T2gK0jSZFvq6xnFXXaL\/222400006\/HTB1dAQwa1T2gK0jSZFvq6xnFXXaL.jpg\" alt=\"STAR HOME dob\u00f3s\u00e1tor k\u00fclt\u00e9ri automata felugr\u00f3 v\u00edz\u00e1ll\u00f3 kemping t\u00fara s\u00e1tor v\u00edz\u00e1ll\u00f3 nagy csal\u00e1di s\u00e1trak\" width=\"750\" height=\"786.5625\" data-src=\"\/\/sc01.alicdn.com\/kf\/HTB1dAQwa1T2gK0jSZFvq6xnFXXaL\/222400006\/HTB1dAQwa1T2gK0jSZFvq6xnFXXaL.jpg\" data-alt=\"STAR HOME Throw Tent Outdoor Automatic Throwing Pop Up Waterproof Camping Hiking Tent Waterproof Large Family Tents\" \/><img decoding=\"async\" src=\"\/\/sc01.alicdn.com\/kf\/HTB1p8swa9f2gK0jSZFPq6xsopXaJ\/222400006\/HTB1p8swa9f2gK0jSZFPq6xsopXaJ.jpg\" alt=\"STAR HOME dob\u00f3s\u00e1tor k\u00fclt\u00e9ri automata felugr\u00f3 v\u00edz\u00e1ll\u00f3 kemping t\u00fara s\u00e1tor v\u00edz\u00e1ll\u00f3 nagy csal\u00e1di s\u00e1trak\" width=\"750\" height=\"676.875\" data-src=\"\/\/sc01.alicdn.com\/kf\/HTB1p8swa9f2gK0jSZFPq6xsopXaJ\/222400006\/HTB1p8swa9f2gK0jSZFPq6xsopXaJ.jpg\" data-alt=\"STAR HOME Throw Tent Outdoor Automatic Throwing Pop Up Waterproof Camping Hiking Tent Waterproof Large Family Tents\" \/><img decoding=\"async\" src=\"\/\/sc01.alicdn.com\/kf\/HTB1f1wtaWL7gK0jSZFBq6xZZpXai\/222400006\/HTB1f1wtaWL7gK0jSZFBq6xZZpXai.jpg\" alt=\"STAR HOME dob\u00f3s\u00e1tor k\u00fclt\u00e9ri automata felugr\u00f3 v\u00edz\u00e1ll\u00f3 kemping t\u00fara s\u00e1tor v\u00edz\u00e1ll\u00f3 nagy csal\u00e1di s\u00e1trak\" width=\"750\" height=\"725.6250000000001\" data-src=\"\/\/sc01.alicdn.com\/kf\/HTB1f1wtaWL7gK0jSZFBq6xZZpXai\/222400006\/HTB1f1wtaWL7gK0jSZFBq6xZZpXai.jpg\" data-alt=\"STAR HOME Throw Tent Outdoor Automatic Throwing Pop Up Waterproof Camping Hiking Tent Waterproof Large Family Tents\" \/><img decoding=\"async\" src=\"\/\/sc01.alicdn.com\/kf\/HTB1oGoya7T2gK0jSZFkq6AIQFXa0\/222400006\/HTB1oGoya7T2gK0jSZFkq6AIQFXa0.jpg\" alt=\"STAR HOME dob\u00f3s\u00e1tor k\u00fclt\u00e9ri automata felugr\u00f3 v\u00edz\u00e1ll\u00f3 kemping t\u00fara s\u00e1tor v\u00edz\u00e1ll\u00f3 nagy csal\u00e1di s\u00e1trak\" width=\"750\" height=\"684.375\" data-src=\"\/\/sc01.alicdn.com\/kf\/HTB1oGoya7T2gK0jSZFkq6AIQFXa0\/222400006\/HTB1oGoya7T2gK0jSZFkq6AIQFXa0.jpg\" data-alt=\"STAR HOME Throw Tent Outdoor Automatic Throwing Pop Up Waterproof Camping Hiking Tent Waterproof Large Family Tents\" \/><img decoding=\"async\" src=\"\/\/sc02.alicdn.com\/kf\/HTB1W9cwa7P2gK0jSZPxq6ycQpXad\/222400006\/HTB1W9cwa7P2gK0jSZPxq6ycQpXad.jpg\" alt=\"STAR HOME dob\u00f3s\u00e1tor k\u00fclt\u00e9ri automata felugr\u00f3 v\u00edz\u00e1ll\u00f3 kemping t\u00fara s\u00e1tor v\u00edz\u00e1ll\u00f3 nagy csal\u00e1di s\u00e1trak\" width=\"750\" height=\"530.625\" data-src=\"\/\/sc02.alicdn.com\/kf\/HTB1W9cwa7P2gK0jSZPxq6ycQpXad\/222400006\/HTB1W9cwa7P2gK0jSZPxq6ycQpXad.jpg\" data-alt=\"STAR HOME Throw Tent Outdoor Automatic Throwing Pop Up Waterproof Camping Hiking Tent Waterproof Large Family Tents\" \/><img decoding=\"async\" src=\"\/\/sc02.alicdn.com\/kf\/HTB1nDsxa7T2gK0jSZPcq6AKkpXaU\/222400006\/HTB1nDsxa7T2gK0jSZPcq6AKkpXaU.jpg\" alt=\"STAR HOME dob\u00f3s\u00e1tor k\u00fclt\u00e9ri automata felugr\u00f3 v\u00edz\u00e1ll\u00f3 kemping t\u00fara s\u00e1tor v\u00edz\u00e1ll\u00f3 nagy csal\u00e1di s\u00e1trak\" width=\"750\" height=\"511.87500000000006\" data-src=\"\/\/sc02.alicdn.com\/kf\/HTB1nDsxa7T2gK0jSZPcq6AKkpXaU\/222400006\/HTB1nDsxa7T2gK0jSZPcq6AKkpXaU.jpg\" data-alt=\"STAR HOME Throw Tent Outdoor Automatic Throwing Pop Up Waterproof Camping Hiking Tent Waterproof Large Family Tents\" \/><img decoding=\"async\" src=\"\/\/sc01.alicdn.com\/kf\/HTB1xcsya1H2gK0jSZJnq6yT1FXaO\/222400006\/HTB1xcsya1H2gK0jSZJnq6yT1FXaO.jpg\" alt=\"STAR HOME dob\u00f3s\u00e1tor k\u00fclt\u00e9ri automata felugr\u00f3 v\u00edz\u00e1ll\u00f3 kemping t\u00fara s\u00e1tor v\u00edz\u00e1ll\u00f3 nagy csal\u00e1di s\u00e1trak\" width=\"750\" height=\"416.25\" data-src=\"\/\/sc01.alicdn.com\/kf\/HTB1xcsya1H2gK0jSZJnq6yT1FXaO\/222400006\/HTB1xcsya1H2gK0jSZJnq6yT1FXaO.jpg\" data-alt=\"STAR HOME Throw Tent Outdoor Automatic Throwing Pop Up Waterproof Camping Hiking Tent Waterproof Large Family Tents\" \/><img decoding=\"async\" src=\"\/\/sc01.alicdn.com\/kf\/HTB1KsAxa.T1gK0jSZFrq6ANCXXad\/222400006\/HTB1KsAxa.T1gK0jSZFrq6ANCXXad.jpg\" alt=\"STAR HOME dob\u00f3s\u00e1tor k\u00fclt\u00e9ri automata felugr\u00f3 v\u00edz\u00e1ll\u00f3 kemping t\u00fara s\u00e1tor v\u00edz\u00e1ll\u00f3 nagy csal\u00e1di s\u00e1trak\" width=\"750\" height=\"738.75\" data-src=\"\/\/sc01.alicdn.com\/kf\/HTB1KsAxa.T1gK0jSZFrq6ANCXXad\/222400006\/HTB1KsAxa.T1gK0jSZFrq6ANCXXad.jpg\" data-alt=\"STAR HOME Throw Tent Outdoor Automatic Throwing Pop Up Waterproof Camping Hiking Tent Waterproof Large Family Tents\" \/><\/p>\n<\/div>","protected":false},"excerpt":{"rendered":"<p>Sz\u00f6vet: Oxford sz\u00f6vet S\u00e1tor k\u00fcls\u0151 v\u00edz\u00e1ll\u00f3s\u00e1gi indexe: 2000-3000 mm Als\u00f3 v\u00edz\u00e1ll\u00f3s\u00e1gi index: 2000-3000 mm \u00c9p\u00fclet t\u00edpusa: Gyorsan ny\u00edl\u00f3, automatikusan ny\u00edl\u00f3 s\u00e1tor St\u00edlus: Egyenes merev\u00edt\u00e9si t\u00edpus Szezon: N\u00e9gy \u00e9vszakos s\u00e1torszerkezet : Egy h\u00e1l\u00f3szob\u00e1s s\u00e1tor Dob\u00f3 s\u00e1tor k\u00fclt\u00e9ri automata s\u00e1trak Felugr\u00f3 v\u00edz\u00e1ll\u00f3 kempingt\u00fara s\u00e1tor V\u00edz\u00e1ll\u00f3<\/p>\n<div class=\"read-more\"><a class=\"btn btn-fill-out\" href=\"https:\/\/uoogear.com\/hu\/termek\/star-home-throw-tent-outdoor-automatic-throwing-pop-up-waterproof-camping-hiking-tent-waterproof-large-family-tents\/\">Olvass tov\u00e1bb<\/a><\/div>","protected":false},"featured_media":4801,"template":"","meta":[],"product_brand":[],"product_cat":[15],"product_tag":[],"class_list":{"0":"post-4802","1":"product","2":"type-product","3":"status-publish","4":"has-post-thumbnail","6":"product_cat-uncategorized","7":"tm-no-options","9":"first","10":"instock","11":"shipping-taxable","12":"purchasable","13":"product-type-variable"},"_links":{"self":[{"href":"https:\/\/uoogear.com\/hu\/wp-json\/wp\/v2\/product\/4802","targetHints":{"allow":["GET"]}}],"collection":[{"href":"https:\/\/uoogear.com\/hu\/wp-json\/wp\/v2\/product"}],"about":[{"href":"https:\/\/uoogear.com\/hu\/wp-json\/wp\/v2\/types\/product"}],"wp:featuredmedia":[{"embeddable":true,"href":"https:\/\/uoogear.com\/hu\/wp-json\/wp\/v2\/media\/4801"}],"wp:attachment":[{"href":"https:\/\/uoogear.com\/hu\/wp-json\/wp\/v2\/media?parent=4802"}],"wp:term":[{"taxonomy":"product_brand","embeddable":true,"href":"https:\/\/uoogear.com\/hu\/wp-json\/wp\/v2\/product_brand?post=4802"},{"taxonomy":"product_cat","embeddable":true,"href":"https:\/\/uoogear.com\/hu\/wp-json\/wp\/v2\/product_cat?post=4802"},{"taxonomy":"product_tag","embeddable":true,"href":"https:\/\/uoogear.com\/hu\/wp-json\/wp\/v2\/product_tag?post=4802"}],"curies":[{"name":"wp","href":"https:\/\/api.w.org\/{rel}","templated":true}]}}