{"id":4825,"date":"2023-11-14T02:32:23","date_gmt":"2023-11-14T02:32:23","guid":{"rendered":"https:\/\/uoogear.com\/product\/4-person-double-layers-heated-automatic-camping-outdoor-tent\/"},"modified":"2023-11-30T02:36:43","modified_gmt":"2023-11-30T02:36:43","slug":"4-person-double-layers-heated-automatic-camping-outdoor-tent","status":"publish","type":"product","link":"https:\/\/uoogear.com\/hu\/termek\/4-person-double-layers-heated-automatic-camping-outdoor-tent\/","title":{"rendered":"4 szem\u00e9lyes K\u00e9tr\u00e9teg\u0171 f\u0171thet\u0151 automata kemping szabadt\u00e9ri s\u00e1tor"},"content":{"rendered":"<ul>\n<li><strong>Ter\u00fclet : <\/strong> 4.41<\/li>\n<li><strong>Sz\u00f6vet: <\/strong> 190T poli\u00e9szter<\/li>\n<li><strong>S\u00e1tor st\u00edlusa: <\/strong> \u00c1lc\u00e1z\u00e1s\/Mez\u0151j\u00e1t\u00e9k<\/li>\n<li><strong>\u00c9vad : <\/strong> H\u00e1rom \u00e9vszakos s\u00e1tor<\/li>\n<li><strong>Szerkezet : <\/strong> Egy h\u00e1l\u00f3szoba<\/li>\n<li><strong>Bels\u0151: <\/strong> 190T poli\u00e9szter<\/li>\n<li><strong>v\u00edz\u00e1ll\u00f3 : <\/strong> PU2000<\/li>\n<li><strong>Padl\u00f3 : <\/strong> 210D oxford<\/li>\n<li><strong>M\u00e9ret: <\/strong> 200cm*180cm*130cm<\/li>\n<li><strong>r\u00e9teg : <\/strong> Kett\u0151s<\/li>\n<li><strong>\u00e9vad : <\/strong> n\u00e9gy<\/li>\n<li><strong>S\u00faly : <\/strong> 4,35 kg<\/li>\n<li><strong>N\u00e9v: <\/strong> 4 szem\u00e9lyes K\u00e9tr\u00e9teg\u0171 f\u0171thet\u0151 automata kemping szabadt\u00e9ri s\u00e1tor<\/li>\n<li><strong>\u00c9rt\u00e9kes\u00edt\u00e9s ut\u00e1ni szolg\u00e1ltat\u00e1s : <\/strong> Id\u0151ben<\/li>\n<li><strong>Sz\u00edn: <\/strong> K\u00e9k<\/li>\n<\/ul>\n<p>&nbsp;<\/p>\n<p>term\u00e9kle\u00edr\u00e1s<\/p>\n<div data-section=\"AliPostDhMb-t5fp0\" data-section-title=\"Product Description\">\n<div>\n<p>\u00a0<img loading=\"lazy\" decoding=\"async\" src=\"\/\/sc01.alicdn.com\/kf\/HTB1oDKpLXXXXXaoXpXXq6xXFXXXc\/222400006\/HTB1oDKpLXXXXXaoXpXXq6xXFXXXc.jpg\" alt=\"4 szem\u00e9lyes K\u00e9tr\u00e9teg\u0171 f\u0171thet\u0151 automata kemping szabadt\u00e9ri s\u00e1tor\" width=\"750\" height=\"750\" data-src=\"\/\/sc01.alicdn.com\/kf\/HTB1oDKpLXXXXXaoXpXXq6xXFXXXc\/222400006\/HTB1oDKpLXXXXXaoXpXXq6xXFXXXc.jpg\" data-alt=\"4 person Double layers heated automatic camping outdoor tent\" \/><img loading=\"lazy\" decoding=\"async\" src=\"\/\/sc01.alicdn.com\/kf\/HTB1ko1gLXXXXXbaXFXXq6xXFXXXz\/222400006\/HTB1ko1gLXXXXXbaXFXXq6xXFXXXz.jpg\" alt=\"4 szem\u00e9lyes K\u00e9tr\u00e9teg\u0171 f\u0171thet\u0151 automata kemping szabadt\u00e9ri s\u00e1tor\" width=\"750\" height=\"750\" data-src=\"\/\/sc01.alicdn.com\/kf\/HTB1ko1gLXXXXXbaXFXXq6xXFXXXz\/222400006\/HTB1ko1gLXXXXXbaXFXXq6xXFXXXz.jpg\" data-alt=\"4 person Double layers heated automatic camping outdoor tent\" \/><img loading=\"lazy\" decoding=\"async\" src=\"\/\/sc02.alicdn.com\/kf\/HTB1m0uxLXXXXXbnXXXXq6xXFXXX9\/222400006\/HTB1m0uxLXXXXXbnXXXXq6xXFXXX9.jpg\" alt=\"4 szem\u00e9lyes K\u00e9tr\u00e9teg\u0171 f\u0171thet\u0151 automata kemping szabadt\u00e9ri s\u00e1tor\" width=\"750\" height=\"750\" data-src=\"\/\/sc02.alicdn.com\/kf\/HTB1m0uxLXXXXXbnXXXXq6xXFXXX9\/222400006\/HTB1m0uxLXXXXXbnXXXXq6xXFXXX9.jpg\" data-alt=\"4 person Double layers heated automatic camping outdoor tent\" \/><img loading=\"lazy\" decoding=\"async\" src=\"\/\/sc02.alicdn.com\/kf\/HTB1ISWkLXXXXXXkXXXXq6xXFXXXx\/222400006\/HTB1ISWkLXXXXXXkXXXXq6xXFXXXx.jpg\" alt=\"4 szem\u00e9lyes K\u00e9tr\u00e9teg\u0171 f\u0171thet\u0151 automata kemping szabadt\u00e9ri s\u00e1tor\" width=\"750\" height=\"750\" data-src=\"\/\/sc02.alicdn.com\/kf\/HTB1ISWkLXXXXXXkXXXXq6xXFXXXx\/222400006\/HTB1ISWkLXXXXXXkXXXXq6xXFXXXx.jpg\" data-alt=\"4 person Double layers heated automatic camping outdoor tent\" \/><img loading=\"lazy\" decoding=\"async\" src=\"\/\/sc01.alicdn.com\/kf\/HTB1dfijLXXXXXc2XpXXq6xXFXXXG\/222400006\/HTB1dfijLXXXXXc2XpXXq6xXFXXXG.jpg\" alt=\"4 szem\u00e9lyes K\u00e9tr\u00e9teg\u0171 f\u0171thet\u0151 automata kemping szabadt\u00e9ri s\u00e1tor\" width=\"750\" height=\"750\" data-src=\"\/\/sc01.alicdn.com\/kf\/HTB1dfijLXXXXXc2XpXXq6xXFXXXG\/222400006\/HTB1dfijLXXXXXc2XpXXq6xXFXXXG.jpg\" data-alt=\"4 person Double layers heated automatic camping outdoor tent\" \/><\/p>\n<p>&nbsp;<\/p>\n<p>&nbsp;<\/p>\n<\/div>\n<\/div>","protected":false},"excerpt":{"rendered":"<p>Ter\u00fclet: 4,41 Sz\u00f6vet: 190T poli\u00e9szter s\u00e1tor st\u00edlusa: terepsz\u00edn\u0171\/terepj\u00e1t\u00e9k szezon: h\u00e1rom \u00e9vszakos s\u00e1torszerkezet: egy h\u00e1l\u00f3szob\u00e1s bels\u0151: 190 tonn\u00e1s poli\u00e9szter v\u00edz\u00e1ll\u00f3: PU2000 padl\u00f3: 210D oxford r\u00e9teg M\u00e9ret 4 cm * 18 cm : 4,35 kg N\u00e9v: 4 f\u0151 K\u00e9tr\u00e9teg\u0171 f\u0171t\u00f6tt automata kemping szabadt\u00e9ri s\u00e1tor<\/p>\n<div class=\"read-more\"><a class=\"btn btn-fill-out\" href=\"https:\/\/uoogear.com\/hu\/termek\/4-person-double-layers-heated-automatic-camping-outdoor-tent\/\">Olvass tov\u00e1bb<\/a><\/div>","protected":false},"featured_media":4824,"template":"","meta":[],"product_brand":[],"product_cat":[15],"product_tag":[],"class_list":{"0":"post-4825","1":"product","2":"type-product","3":"status-publish","4":"has-post-thumbnail","6":"product_cat-uncategorized","7":"tm-no-options","9":"first","10":"instock","11":"shipping-taxable","12":"purchasable","13":"product-type-variable"},"_links":{"self":[{"href":"https:\/\/uoogear.com\/hu\/wp-json\/wp\/v2\/product\/4825","targetHints":{"allow":["GET"]}}],"collection":[{"href":"https:\/\/uoogear.com\/hu\/wp-json\/wp\/v2\/product"}],"about":[{"href":"https:\/\/uoogear.com\/hu\/wp-json\/wp\/v2\/types\/product"}],"wp:featuredmedia":[{"embeddable":true,"href":"https:\/\/uoogear.com\/hu\/wp-json\/wp\/v2\/media\/4824"}],"wp:attachment":[{"href":"https:\/\/uoogear.com\/hu\/wp-json\/wp\/v2\/media?parent=4825"}],"wp:term":[{"taxonomy":"product_brand","embeddable":true,"href":"https:\/\/uoogear.com\/hu\/wp-json\/wp\/v2\/product_brand?post=4825"},{"taxonomy":"product_cat","embeddable":true,"href":"https:\/\/uoogear.com\/hu\/wp-json\/wp\/v2\/product_cat?post=4825"},{"taxonomy":"product_tag","embeddable":true,"href":"https:\/\/uoogear.com\/hu\/wp-json\/wp\/v2\/product_tag?post=4825"}],"curies":[{"name":"wp","href":"https:\/\/api.w.org\/{rel}","templated":true}]}}