{"id":4867,"date":"2023-11-14T02:55:03","date_gmt":"2023-11-14T02:55:03","guid":{"rendered":"https:\/\/uoogear.com\/product\/npot-customized-rooftop-car-tent-roof-rooftop-roof-tent-4-person-rooftop-tent-hard-shell\/"},"modified":"2023-11-30T08:54:13","modified_gmt":"2023-11-30T08:54:13","slug":"npot-customized-rooftop-car-tent-roof-rooftop-roof-tent-4-person-rooftop-tent-hard-shell","status":"publish","type":"product","link":"https:\/\/uoogear.com\/hu\/termek\/npot-customized-rooftop-car-tent-roof-rooftop-roof-tent-4-person-rooftop-tent-hard-shell\/","title":{"rendered":"NPOT Testreszabott tet\u0151t\u00e9ri aut\u00f3s\u00e1tor tet\u0151t\u00e9ri tet\u0151s\u00e1tor 4 szem\u00e9lyes tet\u0151s\u00e1tor kem\u00e9ny h\u00e9j\u00fa"},"content":{"rendered":"<ul>\n<li><strong>Ter\u00fclet : <\/strong> 0,54 nm<\/li>\n<li><strong>Sz\u00f6vet: <\/strong> V\u00e1szon\/Oxford kend\u0151<\/li>\n<li><strong>K\u00fcls\u0151 s\u00e1tor v\u00edz\u00e1ll\u00f3s\u00e1gi indexe: <\/strong> 2000-3000 mm<\/li>\n<li><strong>Als\u00f3 v\u00edz\u00e1ll\u00f3s\u00e1gi index: <\/strong> &gt;3000 mm<\/li>\n<li><strong>S\u00e1tor st\u00edlusa: <\/strong> \u00c1lc\u00e1z\u00e1s\/Mez\u0151j\u00e1t\u00e9k<\/li>\n<li><strong>\u00c9vad : <\/strong> H\u00e1rom \u00e9vszakos s\u00e1tor, n\u00e9gy \u00e9vszakos s\u00e1tor<\/li>\n<li><strong>Szerkezet : <\/strong> K\u00e9t h\u00e1l\u00f3szoba<\/li>\n<li><strong>T\u00edpus : <\/strong> tet\u0151t\u00e9ri aut\u00f3s\u00e1tor<\/li>\n<li><strong>Sz\u00edn: <\/strong> f\u00e9m<\/li>\n<li><strong>Funkci\u00f3: <\/strong> Gyorsan nyithat\u00f3 kempings\u00e1tor<\/li>\n<li><strong>Funkci\u00f3 : <\/strong> UV-\u00e1ll\u00f3 50+<\/li>\n<li><strong>L\u00e9gy : <\/strong> 420D poli\u00e9szter<\/li>\n<li><strong>P\u00f3lus anyaga: <\/strong> Alum\u00ednium<\/li>\n<li><strong>M\u00e9ret: <\/strong> 168cm*210cm*130cm<\/li>\n<li><strong>S\u00faly : <\/strong> 76,1 kg<\/li>\n<\/ul>\n<div>\n<div data-section=\"AliPostDhMb-cm8h5\" data-section-title=\"Product Description\">\n<div>term\u00e9kle\u00edr\u00e1s<\/div>\n<div>\n<p>&nbsp;<\/p>\n<h1>Testreszabott tet\u0151t\u00e9ri aut\u00f3s\u00e1tor tet\u0151t\u00e9ri tet\u0151n<\/h1>\n<p><img loading=\"lazy\" decoding=\"async\" src=\"https:\/\/uoogear.com\/wp-content\/uploads\/2023\/11\/H8f28781d077e4eb081fdcb641db74dfd2-wpp1701334016258.webp\" alt=\"NPOT Testreszabott tet\u0151t\u00e9ri aut\u00f3s\u00e1tor tet\u0151t\u00e9ri tet\u0151s\u00e1tor 4 szem\u00e9lyes tet\u0151s\u00e1tor kem\u00e9ny h\u00e9j\u00fa\" width=\"750\" height=\"750\" data-src=\"https:\/\/uoogear.com\/wp-content\/uploads\/2023\/11\/H8f28781d077e4eb081fdcb641db74dfd2-wpp1701334016258.webp\" data-alt=\"NPOT Customized rooftop car tent roof rooftop roof tent 4 person rooftop tent hard shell\" \/> <img loading=\"lazy\" decoding=\"async\" src=\"https:\/\/uoogear.com\/wp-content\/uploads\/2023\/11\/H76a304b388f849a2a0893419bd3dd0a8V.webp\" alt=\"NPOT Testreszabott tet\u0151t\u00e9ri aut\u00f3s\u00e1tor tet\u0151t\u00e9ri tet\u0151s\u00e1tor 4 szem\u00e9lyes tet\u0151s\u00e1tor kem\u00e9ny h\u00e9j\u00fa\" width=\"750\" height=\"750\" data-src=\"https:\/\/uoogear.com\/wp-content\/uploads\/2023\/11\/H76a304b388f849a2a0893419bd3dd0a8V.webp\" data-alt=\"NPOT Customized rooftop car tent roof rooftop roof tent 4 person rooftop tent hard shell\" \/> <img loading=\"lazy\" decoding=\"async\" src=\"https:\/\/uoogear.com\/wp-content\/uploads\/2023\/11\/H0a00af5c72954173a33759bfeeba33aaB.webp\" alt=\"NPOT Testreszabott tet\u0151t\u00e9ri aut\u00f3s\u00e1tor tet\u0151t\u00e9ri tet\u0151s\u00e1tor 4 szem\u00e9lyes tet\u0151s\u00e1tor kem\u00e9ny h\u00e9j\u00fa\" width=\"750\" height=\"750\" data-src=\"https:\/\/uoogear.com\/wp-content\/uploads\/2023\/11\/H0a00af5c72954173a33759bfeeba33aaB.webp\" data-alt=\"NPOT Customized rooftop car tent roof rooftop roof tent 4 person rooftop tent hard shell\" \/> <img loading=\"lazy\" decoding=\"async\" src=\"https:\/\/uoogear.com\/wp-content\/uploads\/2023\/11\/Haa8adad7833b4beea4f9188bbef99989V.webp\" alt=\"NPOT Testreszabott tet\u0151t\u00e9ri aut\u00f3s\u00e1tor tet\u0151t\u00e9ri tet\u0151s\u00e1tor 4 szem\u00e9lyes tet\u0151s\u00e1tor kem\u00e9ny h\u00e9j\u00fa\" width=\"750\" height=\"750\" data-src=\"https:\/\/uoogear.com\/wp-content\/uploads\/2023\/11\/Haa8adad7833b4beea4f9188bbef99989V.webp\" data-alt=\"NPOT Customized rooftop car tent roof rooftop roof tent 4 person rooftop tent hard shell\" \/><\/p>\n<\/div>\n<\/div>\n<\/div>","protected":false},"excerpt":{"rendered":"<p>Ter\u00fclet: 0,54 nm Sz\u00f6vet: V\u00e1szon\/Oxford sz\u00f6vet K\u00fcls\u0151 s\u00e1tor v\u00edz\u00e1ll\u00f3s\u00e1gi indexe: 2000-3000 mm als\u00f3 v\u00edz\u00e1ll\u00f3s\u00e1gi index: &gt;3000 mm S\u00e1torst\u00edlus: terepsz\u00edn\u0171\/mezei j\u00e1t\u00e9k Szezon: H\u00e1rom \u00e9vszakos s\u00e1tor, n\u00e9gy \u00e9vszakos s\u00e1tor: Tent Bedroomsture tet\u0151t\u00e9ri aut\u00f3s\u00e1tor Sz\u00edn : f\u00e9m Funkci\u00f3 : Gyorsan nyithat\u00f3 kempings\u00e1tor Funkci\u00f3 : UV-\u00e1ll\u00f3 50+ Fly : 420D<\/p>\n<div class=\"read-more\"><a class=\"btn btn-fill-out\" href=\"https:\/\/uoogear.com\/hu\/termek\/npot-customized-rooftop-car-tent-roof-rooftop-roof-tent-4-person-rooftop-tent-hard-shell\/\">Olvass tov\u00e1bb<\/a><\/div>","protected":false},"featured_media":4866,"template":"","meta":[],"product_brand":[],"product_cat":[15],"product_tag":[],"class_list":{"0":"post-4867","1":"product","2":"type-product","3":"status-publish","4":"has-post-thumbnail","6":"product_cat-uncategorized","7":"tm-no-options","9":"first","10":"instock","11":"shipping-taxable","12":"purchasable","13":"product-type-variable"},"_links":{"self":[{"href":"https:\/\/uoogear.com\/hu\/wp-json\/wp\/v2\/product\/4867","targetHints":{"allow":["GET"]}}],"collection":[{"href":"https:\/\/uoogear.com\/hu\/wp-json\/wp\/v2\/product"}],"about":[{"href":"https:\/\/uoogear.com\/hu\/wp-json\/wp\/v2\/types\/product"}],"wp:featuredmedia":[{"embeddable":true,"href":"https:\/\/uoogear.com\/hu\/wp-json\/wp\/v2\/media\/4866"}],"wp:attachment":[{"href":"https:\/\/uoogear.com\/hu\/wp-json\/wp\/v2\/media?parent=4867"}],"wp:term":[{"taxonomy":"product_brand","embeddable":true,"href":"https:\/\/uoogear.com\/hu\/wp-json\/wp\/v2\/product_brand?post=4867"},{"taxonomy":"product_cat","embeddable":true,"href":"https:\/\/uoogear.com\/hu\/wp-json\/wp\/v2\/product_cat?post=4867"},{"taxonomy":"product_tag","embeddable":true,"href":"https:\/\/uoogear.com\/hu\/wp-json\/wp\/v2\/product_tag?post=4867"}],"curies":[{"name":"wp","href":"https:\/\/api.w.org\/{rel}","templated":true}]}}