{"id":4901,"date":"2023-11-14T03:01:01","date_gmt":"2023-11-14T03:01:01","guid":{"rendered":"https:\/\/uoogear.com\/product\/abs-shell-outdoor-fishing-hiking-waterproof-self-driving-3-4-people-hard-shell-car-rooftop-tent\/"},"modified":"2023-11-30T09:44:09","modified_gmt":"2023-11-30T09:44:09","slug":"abs-shell-outdoor-fishing-hiking-waterproof-self-driving-3-4-people-hard-shell-car-rooftop-tent","status":"publish","type":"product","link":"https:\/\/uoogear.com\/hu\/termek\/abs-shell-outdoor-fishing-hiking-waterproof-self-driving-3-4-people-hard-shell-car-rooftop-tent\/","title":{"rendered":"ABS Shell k\u00fclt\u00e9ri horg\u00e1szat t\u00far\u00e1z\u00e1s v\u00edz\u00e1ll\u00f3 \u00f6nvezet\u0151 3-4 f\u0151s hard Shell aut\u00f3s tet\u0151t\u00e9ri s\u00e1tor"},"content":{"rendered":"<ul>\n<li><strong>Sz\u00f6vet: <\/strong> Oxford<\/li>\n<li><strong>K\u00fcls\u0151 s\u00e1tor v\u00edz\u00e1ll\u00f3s\u00e1gi indexe: <\/strong> &gt;3000 mm<\/li>\n<li><strong>Als\u00f3 v\u00edz\u00e1ll\u00f3s\u00e1gi index: <\/strong> &gt;3000 mm<\/li>\n<li><strong>\u00c9p\u00fclet t\u00edpusa: <\/strong> Gyors automatikus nyit\u00e1s<\/li>\n<li><strong>S\u00e1tor st\u00edlusa: <\/strong> Kiterjesztett t\u00edpus<\/li>\n<li><strong>\u00c9vad : <\/strong> N\u00e9gy \u00e9vszakos s\u00e1tor<\/li>\n<li><strong>Szerkezet : <\/strong> Egy h\u00e1l\u00f3szoba<\/li>\n<\/ul>\n<div>\n<div><\/div>\n<div data-section=\"AliMagic-hrd3pr\" data-section-title=\"Product Description\">\n<div>term\u00e9kle\u00edr\u00e1s<\/div>\n<\/div>\n<div>\n<div>\n<div><\/div>\n<div><img decoding=\"async\" src=\"https:\/\/uoogear.com\/wp-content\/uploads\/2023\/11\/H029fb630ca0341d8846da96c169d17236.webp\" data-src=\"https:\/\/uoogear.com\/wp-content\/uploads\/2023\/11\/H029fb630ca0341d8846da96c169d17236.webp\" \/><\/div>\n<div><\/div>\n<div><img decoding=\"async\" src=\"https:\/\/uoogear.com\/wp-content\/uploads\/2023\/11\/H72de8f0cdf5542eb8d20950522075a96V.webp\" data-src=\"https:\/\/uoogear.com\/wp-content\/uploads\/2023\/11\/H72de8f0cdf5542eb8d20950522075a96V.webp\" \/><\/div>\n<div><img decoding=\"async\" src=\"https:\/\/uoogear.com\/wp-content\/uploads\/2023\/11\/Hd756f10a2e2f434f906ce361b29347316.webp\" data-src=\"https:\/\/uoogear.com\/wp-content\/uploads\/2023\/11\/Hd756f10a2e2f434f906ce361b29347316.webp\" \/><\/div>\n<div><\/div>\n<div><img decoding=\"async\" src=\"https:\/\/uoogear.com\/wp-content\/uploads\/2023\/11\/Hdd89b6562c6d4a8aa04a2d38578d2c798.webp\" data-src=\"https:\/\/uoogear.com\/wp-content\/uploads\/2023\/11\/Hdd89b6562c6d4a8aa04a2d38578d2c798.webp\" \/><\/div>\n<div><\/div>\n<div><\/div>\n<div><\/div>\n<\/div>\n<\/div>\n<div>\n<div>\n<div>\n<div>\n<div>\n<div><img decoding=\"async\" src=\"https:\/\/uoogear.com\/wp-content\/uploads\/2023\/11\/H26b68f626c434dd8b6346b00ce432d78V.webp\" data-src=\"https:\/\/uoogear.com\/wp-content\/uploads\/2023\/11\/H26b68f626c434dd8b6346b00ce432d78V.webp\" \/><\/div>\n<div><img decoding=\"async\" src=\"https:\/\/uoogear.com\/wp-content\/uploads\/2023\/11\/He80caa00c7fc4cbaa44939ba3e710f87b.webp\" data-src=\"https:\/\/uoogear.com\/wp-content\/uploads\/2023\/11\/He80caa00c7fc4cbaa44939ba3e710f87b.webp\" \/><\/div>\n<div><img decoding=\"async\" src=\"https:\/\/uoogear.com\/wp-content\/uploads\/2023\/11\/Heaf9d79c28cb48079459a43826f6d4d61.webp\" data-src=\"https:\/\/uoogear.com\/wp-content\/uploads\/2023\/11\/Heaf9d79c28cb48079459a43826f6d4d61.webp\" \/><\/div>\n<\/div>\n<\/div>\n<\/div>\n<\/div>\n<\/div>\n<div>\n<div>\n<div>\n<div>\n<div>\n<div><img decoding=\"async\" src=\"https:\/\/uoogear.com\/wp-content\/uploads\/2023\/11\/H332a10f8a41f43d3b50d3be4aed2fe9di.webp\" data-src=\"https:\/\/uoogear.com\/wp-content\/uploads\/2023\/11\/H332a10f8a41f43d3b50d3be4aed2fe9di.webp\" \/><\/div>\n<div><img decoding=\"async\" src=\"https:\/\/uoogear.com\/wp-content\/uploads\/2023\/11\/H47a6974a2806436cb2af7964a6f7842cF.webp\" data-src=\"https:\/\/uoogear.com\/wp-content\/uploads\/2023\/11\/H47a6974a2806436cb2af7964a6f7842cF.webp\" \/><\/div>\n<\/div>\n<\/div>\n<\/div>\n<\/div>\n<\/div>\n<div>\n<div>\n<div>\n<div>\n<div>\n<div><img decoding=\"async\" src=\"https:\/\/uoogear.com\/wp-content\/uploads\/2023\/11\/H328f276e1be54b80a126fc9fb1ae1ba3A.webp\" data-src=\"https:\/\/uoogear.com\/wp-content\/uploads\/2023\/11\/H328f276e1be54b80a126fc9fb1ae1ba3A.webp\" \/><\/div>\n<\/div>\n<\/div>\n<\/div>\n<\/div>\n<\/div>\n<div>\n<div>\n<div>\n<div>\n<div>\n<div><img decoding=\"async\" src=\"https:\/\/uoogear.com\/wp-content\/uploads\/2023\/11\/H16389549341546f59bff3275ff30a259B.webp\" data-src=\"https:\/\/uoogear.com\/wp-content\/uploads\/2023\/11\/H16389549341546f59bff3275ff30a259B.webp\" \/><\/div>\n<\/div>\n<\/div>\n<\/div>\n<\/div>\n<\/div>\n<div>\n<div>\n<div>\n<div>\n<div>\n<div><\/div>\n<div><\/div>\n<\/div>\n<\/div>\n<\/div>\n<\/div>\n<\/div>\n<div>\n<div>\n<div>\n<div>\n<div>\n<div><img decoding=\"async\" src=\"https:\/\/uoogear.com\/wp-content\/uploads\/2023\/11\/H135d81af71d0429185aa815af762bdf2J.webp\" data-src=\"https:\/\/uoogear.com\/wp-content\/uploads\/2023\/11\/H135d81af71d0429185aa815af762bdf2J.webp\" \/><\/div>\n<\/div>\n<\/div>\n<\/div>\n<\/div>\n<\/div>\n<div data-section=\"AliPostDhMb-2cuo4\" data-section-title=\"Company Information\">\n<div><\/div>\n<\/div>\n<div>\n<div>\n<div>\n<div>\n<div><\/div>\n<\/div>\n<\/div>\n<\/div>\n<\/div>\n<\/div>","protected":false},"excerpt":{"rendered":"<p>Sz\u00f6vet: Oxford k\u00fcls\u0151 s\u00e1tor v\u00edz\u00e1ll\u00f3s\u00e1gi indexe: &gt;3000 mm als\u00f3 v\u00edz\u00e1ll\u00f3s\u00e1gi index: &gt;3000 mm \u00c9p\u00fclet t\u00edpusa: Gyorsan, automatikusan ny\u00edl\u00f3 s\u00e1tor St\u00edlus: Meghosszabb\u00edtott t\u00edpus Szezon: N\u00e9gy \u00e9vszakos s\u00e1tor szerkezete: Egy h\u00e1l\u00f3szob\u00e1s term\u00e9kle\u00edr\u00e1s<\/p>","protected":false},"featured_media":4900,"template":"","meta":[],"product_brand":[],"product_cat":[15],"product_tag":[],"class_list":{"0":"post-4901","1":"product","2":"type-product","3":"status-publish","4":"has-post-thumbnail","6":"product_cat-uncategorized","7":"tm-no-options","9":"first","10":"instock","11":"shipping-taxable","12":"purchasable","13":"product-type-variable"},"_links":{"self":[{"href":"https:\/\/uoogear.com\/hu\/wp-json\/wp\/v2\/product\/4901","targetHints":{"allow":["GET"]}}],"collection":[{"href":"https:\/\/uoogear.com\/hu\/wp-json\/wp\/v2\/product"}],"about":[{"href":"https:\/\/uoogear.com\/hu\/wp-json\/wp\/v2\/types\/product"}],"wp:featuredmedia":[{"embeddable":true,"href":"https:\/\/uoogear.com\/hu\/wp-json\/wp\/v2\/media\/4900"}],"wp:attachment":[{"href":"https:\/\/uoogear.com\/hu\/wp-json\/wp\/v2\/media?parent=4901"}],"wp:term":[{"taxonomy":"product_brand","embeddable":true,"href":"https:\/\/uoogear.com\/hu\/wp-json\/wp\/v2\/product_brand?post=4901"},{"taxonomy":"product_cat","embeddable":true,"href":"https:\/\/uoogear.com\/hu\/wp-json\/wp\/v2\/product_cat?post=4901"},{"taxonomy":"product_tag","embeddable":true,"href":"https:\/\/uoogear.com\/hu\/wp-json\/wp\/v2\/product_tag?post=4901"}],"curies":[{"name":"wp","href":"https:\/\/api.w.org\/{rel}","templated":true}]}}