{"id":4912,"date":"2023-11-14T03:01:40","date_gmt":"2023-11-14T03:01:40","guid":{"rendered":"https:\/\/uoogear.com\/product\/wholesale-high-quality-600d-heavy-duty-270-degree-annex-awnings-2-0m-radius-car-side-tent\/"},"modified":"2023-11-30T13:00:53","modified_gmt":"2023-11-30T13:00:53","slug":"wholesale-high-quality-600d-heavy-duty-270-degree-annex-awnings-2-0m-radius-car-side-tent","status":"publish","type":"product","link":"https:\/\/uoogear.com\/hu\/termek\/wholesale-high-quality-600d-heavy-duty-270-degree-annex-awnings-2-0m-radius-car-side-tent\/","title":{"rendered":"Nagykereskedelmi, kiv\u00e1l\u00f3 min\u0151s\u00e9g\u0171 600D nagy teherb\u00edr\u00e1s\u00fa, 270 fokos mell\u00e9kelt napellenz\u0151k 2,0 m sugar\u00fa aut\u00f3 oldals\u00e1tor"},"content":{"rendered":"<ul>\n<li><strong>Sz\u00f6vet: <\/strong> V\u00e1szon<\/li>\n<li><strong>K\u00fcls\u0151 s\u00e1tor v\u00edz\u00e1ll\u00f3s\u00e1gi indexe: <\/strong> &gt;3000 mm<\/li>\n<li><strong>Als\u00f3 v\u00edz\u00e1ll\u00f3s\u00e1gi index: <\/strong> &gt;3000 mm<\/li>\n<li><strong>\u00c9p\u00fclet t\u00edpusa: <\/strong> Gyors automatikus nyit\u00e1s<\/li>\n<li><strong>S\u00e1tor st\u00edlusa: <\/strong> Kiterjesztett t\u00edpus<\/li>\n<li><strong>\u00c9vad : <\/strong> N\u00e9gy \u00e9vszakos s\u00e1tor<\/li>\n<li><strong>Szerkezet : <\/strong> Egy h\u00e1l\u00f3szoba<\/li>\n<li><strong>Log\u00f3: <\/strong> Testreszabott log\u00f3<\/li>\n<li><strong>Anyaga: <\/strong> 420D Oxford sz\u00f6vet<\/li>\n<li><strong>M\u00e9ret: <\/strong> 2,0 m sugar\u00fa<\/li>\n<li><strong>A h\u00e9j anyaga: <\/strong> PU+bevonat<\/li>\n<li><strong>S\u00daLY : <\/strong> 18 kg<\/li>\n<li><strong>Sz\u00edn: <\/strong> Testreszabott sz\u00edn<\/li>\n<li><strong>Kieg\u00e9sz\u00edt\u0151k : <\/strong> Telep\u00edtse az Eszk\u00f6z\u00f6ket<\/li>\n<\/ul>\n<div>\n<div><\/div>\n<div data-section=\"AliMagic-yr3krd\" data-section-title=\"Product Description\">\n<div>term\u00e9kle\u00edr\u00e1s<\/div>\n<\/div>\n<div>\n<div><\/div>\n<\/div>\n<div>\n<div>\n<div><img decoding=\"async\" src=\"https:\/\/uoogear.com\/wp-content\/uploads\/2023\/11\/H386e17b125d547299ef28d583c6ba4a60.webp\" data-src=\"https:\/\/uoogear.com\/wp-content\/uploads\/2023\/11\/H386e17b125d547299ef28d583c6ba4a60.webp\" \/><\/div>\n<div><img decoding=\"async\" src=\"https:\/\/uoogear.com\/wp-content\/uploads\/2023\/11\/Heec4a9a8011a4adf9c48e3551eebb3d3e.webp\" data-src=\"https:\/\/uoogear.com\/wp-content\/uploads\/2023\/11\/Heec4a9a8011a4adf9c48e3551eebb3d3e.webp\" \/><\/div>\n<div><img decoding=\"async\" src=\"https:\/\/uoogear.com\/wp-content\/uploads\/2023\/11\/Hb655f27e50804cc8a9cd6602dbd44efcM.webp\" data-src=\"https:\/\/uoogear.com\/wp-content\/uploads\/2023\/11\/Hb655f27e50804cc8a9cd6602dbd44efcM.webp\" \/><\/div>\n<div><img decoding=\"async\" src=\"https:\/\/uoogear.com\/wp-content\/uploads\/2023\/11\/Hf3ab00c00e444b0f860487d59666dc31y.webp\" data-src=\"https:\/\/uoogear.com\/wp-content\/uploads\/2023\/11\/Hf3ab00c00e444b0f860487d59666dc31y.webp\" \/><\/div>\n<div><img decoding=\"async\" src=\"https:\/\/uoogear.com\/wp-content\/uploads\/2023\/11\/H341c3698dad14bbd87678bc6294fb397W.webp\" data-src=\"https:\/\/uoogear.com\/wp-content\/uploads\/2023\/11\/H341c3698dad14bbd87678bc6294fb397W.webp\" \/><\/div>\n<div><img decoding=\"async\" src=\"https:\/\/uoogear.com\/wp-content\/uploads\/2023\/11\/H1ff7bdcd2eb4434a95df486d233d1fc8o.webp\" data-src=\"https:\/\/uoogear.com\/wp-content\/uploads\/2023\/11\/H1ff7bdcd2eb4434a95df486d233d1fc8o.webp\" \/><\/div>\n<div><img decoding=\"async\" src=\"https:\/\/uoogear.com\/wp-content\/uploads\/2023\/11\/H37764f16193549108462366602eda40aM.webp\" data-src=\"https:\/\/uoogear.com\/wp-content\/uploads\/2023\/11\/H37764f16193549108462366602eda40aM.webp\" \/><\/div>\n<div><\/div>\n<div><\/div>\n<\/div>\n<\/div>\n<div>\n<div>\n<div>\n<div>\n<div>\n<div><img decoding=\"async\" src=\"https:\/\/uoogear.com\/wp-content\/uploads\/2023\/11\/H008af11f9b364f9295cba811f4584d60B.webp\" data-src=\"https:\/\/uoogear.com\/wp-content\/uploads\/2023\/11\/H008af11f9b364f9295cba811f4584d60B.webp\" \/><\/div>\n<div><img decoding=\"async\" src=\"https:\/\/uoogear.com\/wp-content\/uploads\/2023\/11\/Hd322d8506ecc447bac6d135caef28c04X.webp\" data-src=\"https:\/\/uoogear.com\/wp-content\/uploads\/2023\/11\/Hd322d8506ecc447bac6d135caef28c04X.webp\" \/><\/div>\n<\/div>\n<\/div>\n<\/div>\n<\/div>\n<\/div>\n<div><\/div>\n<div data-section=\"AliPostDhMb-fmdut\" data-section-title=\"Company Information\">\n<div><\/div>\n<div><\/div>\n<\/div>\n<\/div>","protected":false},"excerpt":{"rendered":"<p>Sz\u00f6vet: V\u00e1szon k\u00fcls\u0151 s\u00e1tor v\u00edz\u00e1ll\u00f3 index: &gt;3000 mm als\u00f3 v\u00edz\u00e1ll\u00f3 index: &gt;3000 mm \u00c9p\u00fclet t\u00edpusa: Gyorsan ny\u00edl\u00f3 s\u00e1tor St\u00edlus: Hosszabb\u00edtott t\u00edpus Szezon: N\u00e9gy \u00e9vszakos s\u00e1torszerkezet: Egy h\u00e1l\u00f3szob\u00e1s log\u00f3: Testreszabott log\u00f3 Anyaga: 420D Size Oxford 2,0 m sugar\u00fa h\u00e9j anyaga: PU + bevonat S\u00daLY: 18 kg<\/p>\n<div class=\"read-more\"><a class=\"btn btn-fill-out\" href=\"https:\/\/uoogear.com\/hu\/termek\/wholesale-high-quality-600d-heavy-duty-270-degree-annex-awnings-2-0m-radius-car-side-tent\/\">Olvass tov\u00e1bb<\/a><\/div>","protected":false},"featured_media":4910,"template":"","meta":[],"product_brand":[],"product_cat":[15],"product_tag":[],"class_list":{"0":"post-4912","1":"product","2":"type-product","3":"status-publish","4":"has-post-thumbnail","6":"product_cat-uncategorized","7":"tm-no-options","9":"first","10":"instock","11":"shipping-taxable","12":"purchasable","13":"product-type-variable"},"_links":{"self":[{"href":"https:\/\/uoogear.com\/hu\/wp-json\/wp\/v2\/product\/4912","targetHints":{"allow":["GET"]}}],"collection":[{"href":"https:\/\/uoogear.com\/hu\/wp-json\/wp\/v2\/product"}],"about":[{"href":"https:\/\/uoogear.com\/hu\/wp-json\/wp\/v2\/types\/product"}],"wp:featuredmedia":[{"embeddable":true,"href":"https:\/\/uoogear.com\/hu\/wp-json\/wp\/v2\/media\/4910"}],"wp:attachment":[{"href":"https:\/\/uoogear.com\/hu\/wp-json\/wp\/v2\/media?parent=4912"}],"wp:term":[{"taxonomy":"product_brand","embeddable":true,"href":"https:\/\/uoogear.com\/hu\/wp-json\/wp\/v2\/product_brand?post=4912"},{"taxonomy":"product_cat","embeddable":true,"href":"https:\/\/uoogear.com\/hu\/wp-json\/wp\/v2\/product_cat?post=4912"},{"taxonomy":"product_tag","embeddable":true,"href":"https:\/\/uoogear.com\/hu\/wp-json\/wp\/v2\/product_tag?post=4912"}],"curies":[{"name":"wp","href":"https:\/\/api.w.org\/{rel}","templated":true}]}}