{"id":5005,"date":"2023-11-14T03:13:24","date_gmt":"2023-11-14T03:13:24","guid":{"rendered":"https:\/\/uoogear.com\/product\/2022-new-hard-shell-aluminum-suv-car-roof-top-tent-aluminum-shell-waterproof-camping-rooftop-tent\/"},"modified":"2024-04-02T22:25:23","modified_gmt":"2024-04-02T14:25:23","slug":"2022-new-hard-shell-aluminum-suv-car-roof-top-tent-aluminum-shell-waterproof-camping-rooftop-tent","status":"publish","type":"product","link":"https:\/\/uoogear.com\/hu\/termek\/2022-new-hard-shell-aluminum-suv-car-roof-top-tent-aluminum-shell-waterproof-camping-rooftop-tent\/","title":{"rendered":"2022 \u00daj kem\u00e9ny h\u00e9j\u00fa alum\u00ednium suv aut\u00f3 tet\u0151s\u00e1tor Alum\u00ednium Shell V\u00edz\u00e1ll\u00f3 Camping Rooftop S\u00e1tor"},"content":{"rendered":"<ul>\n<li><strong>Ter\u00fclet : <\/strong> 217*130*155cm<\/li>\n<li><strong>Sz\u00f6vet: <\/strong> V\u00e1szon<\/li>\n<li><strong>K\u00fcls\u0151 s\u00e1tor v\u00edz\u00e1ll\u00f3s\u00e1gi indexe: <\/strong> &gt;3000 mm<\/li>\n<li><strong>Als\u00f3 v\u00edz\u00e1ll\u00f3s\u00e1gi index: <\/strong> 2000-3000 mm<\/li>\n<li><strong>\u00c9p\u00fclet t\u00edpusa: <\/strong> Gyors automatikus nyit\u00e1s<\/li>\n<li><strong>S\u00e1tor st\u00edlusa: <\/strong> Kiterjesztett t\u00edpus<\/li>\n<li><strong>\u00c9vad : <\/strong> H\u00e1rom \u00e9vszakos s\u00e1tor<\/li>\n<li><strong>Szerkezet : <\/strong> Egy h\u00e1l\u00f3szoba<\/li>\n<li><strong>M\u00e9ret: <\/strong> 217*130*155cm<\/li>\n<li><strong>Bor\u00edt\u00f3 : <\/strong> Alum\u00ednium burkolat<\/li>\n<li><strong>Alul: <\/strong> Alum\u00ednium<\/li>\n<li><strong>L\u00e9tra: <\/strong> Alum\u00ednium teleszk\u00f3pos l\u00e9tra<\/li>\n<li><strong>Matrac : <\/strong> Nem deform\u00e1l\u00f3 szivacsmatrac<\/li>\n<li><strong>1 db\/ctn GW: <\/strong> 82kg, 225*137*33cmcm<\/li>\n<\/ul>\n<div>\n<div>\n<div data-magic-global=\"%7B%22bizId%22%3A3034306692%2C%22pageId%22%3A21077026857%2C%22siteId%22%3A5005259191%7D\">\n<div>\n<div>\n<div>\n<div>\n<div>\n<div><img decoding=\"async\" src=\"https:\/\/uoogear.com\/wp-content\/uploads\/2023\/11\/H08b8e51067574043bbe7ea9e5255ab78K.webp\" data-src=\"https:\/\/uoogear.com\/wp-content\/uploads\/2023\/11\/H08b8e51067574043bbe7ea9e5255ab78K.webp\" \/><\/div>\n<\/div>\n<\/div>\n<\/div>\n<\/div>\n<\/div>\n<div><\/div>\n<div>\n<div>\n<div>\n<div>\n<div>\n<div><\/div>\n<\/div>\n<\/div>\n<\/div>\n<\/div>\n<\/div>\n<div><\/div>\n<\/div>\n<\/div>\n<div data-section=\"AliMagic-ruejez\" data-section-title=\"Specification\">\n<div>Le\u00edr\u00e1s<\/div>\n<p>Le\u00edr\u00e1s<\/p>\n<\/div>\n<div>\n<div>\n<div>\n<h3>Legfontosabb jellemz\u0151je:<\/h3>\n<div>\n<div>\n<div>1. K\u00f6nnyen nyithat\u00f3 \u00e9s z\u00e1rhat\u00f3, soha ne agg\u00f3djon a min\u0151s\u00e9g miatt. 2. Tartsa t\u00e1vol az es\u0151t\u0151l, sz\u00e9lt\u0151l, nedvess\u00e9gt\u0151l, hidegt\u0151l \u00e9s rovarokt\u00f3l. 3. Tegye k\u00e9nyelmesebb\u00e9 az \u00f6nvezet\u0151 t\u00far\u00e1t. 4. A nagy teherb\u00edr\u00e1s\u00fa ABS burkolat hat\u00e9kony v\u00e9delmet ny\u00fajt a s\u00e1tor sz\u00e1m\u00e1ra. 5.A nagy ablakok j\u00f3 szell\u0151z\u00e9st biztos\u00edtanak, \u00e9s nagyobb l\u00e9g\u00e1raml\u00e1st tesznek lehet\u0151v\u00e9 az eg\u00e9sz s\u00e1torban. 6. A telep\u00edt\u00e9s egyszer\u0171, egy szem\u00e9ly v\u00e9gezheti el. 7. Nincs zaj, amikor a j\u00e1rm\u0171 j\u00e1r. 8.A term\u00e9k alacsony \u00e1ra, \u00e9s helyettes\u00edtheti a lak\u00f3aut\u00f3-utaz\u00e1st.<\/div>\n<\/div>\n<\/div>\n<\/div>\n<\/div>\n<\/div>\n<div>\n<div>\n<div>\n<div>\n<div>\n<div><img decoding=\"async\" src=\"https:\/\/uoogear.com\/wp-content\/uploads\/2023\/11\/H70e73017a8f44a34864eb3e765c9c39e0.webp\" data-src=\"https:\/\/uoogear.com\/wp-content\/uploads\/2023\/11\/H70e73017a8f44a34864eb3e765c9c39e0.webp\" \/><\/div>\n<\/div>\n<\/div>\n<div>\n<div>\n<div>\n<table>\n<tbody>\n<tr>\n<td>\n<div>\u00c9vad<\/div>\n<\/td>\n<td>\n<div>H\u00e1rom \u00e9vszakos s\u00e1tor<\/div>\n<\/td>\n<\/tr>\n<tr>\n<td>\n<div>Szerkezet<\/div>\n<\/td>\n<td>\n<div>Egy h\u00e1l\u00f3szoba<\/div>\n<\/td>\n<\/tr>\n<tr>\n<td>\n<div>M\u00e9ret<\/div>\n<\/td>\n<td>\n<div>217*130*155cm<\/div>\n<\/td>\n<\/tr>\n<tr>\n<td>\n<div>Bor\u00edt\u00f3<\/div>\n<\/td>\n<td>\n<div>Alum\u00ednium burkolat<\/div>\n<\/td>\n<\/tr>\n<tr>\n<td>\n<div>Als\u00f3<\/div>\n<\/td>\n<td>\n<div>Alum\u00ednium<\/div>\n<\/td>\n<\/tr>\n<tr>\n<td>\n<div>L\u00e9tra<\/div>\n<\/td>\n<td>\n<div>Alum\u00ednium teleszk\u00f3pos l\u00e9tra<\/div>\n<\/td>\n<\/tr>\n<tr>\n<td>\n<div>Matrac<\/div>\n<\/td>\n<td>\n<div>Nem deform\u00e1l\u00f3 szivacsmatrac<\/div>\n<\/td>\n<\/tr>\n<tr>\n<td>\n<div>1db\/ctn GW<\/div>\n<\/td>\n<td>\n<div>82kg, 225*137*33cmcm<\/div>\n<\/td>\n<\/tr>\n<\/tbody>\n<\/table>\n<\/div>\n<\/div>\n<\/div>\n<\/div>\n<\/div>\n<\/div>\n<div>\n<div>\n<div><img decoding=\"async\" src=\"https:\/\/uoogear.com\/wp-content\/uploads\/2023\/11\/H43f42d0819a349b3a7659abec1bcb41dN.webp\" data-src=\"https:\/\/uoogear.com\/wp-content\/uploads\/2023\/11\/H43f42d0819a349b3a7659abec1bcb41dN.webp\" \/><\/div>\n<div><img decoding=\"async\" src=\"https:\/\/uoogear.com\/wp-content\/uploads\/2023\/11\/H828fcd72b34d4752b7e38a1a80d01505A.webp\" data-src=\"https:\/\/uoogear.com\/wp-content\/uploads\/2023\/11\/H828fcd72b34d4752b7e38a1a80d01505A.webp\" \/><\/div>\n<div><img decoding=\"async\" src=\"https:\/\/uoogear.com\/wp-content\/uploads\/2023\/11\/H64ae03066acd4d80a995b990565ee575Y.webp\" data-src=\"https:\/\/uoogear.com\/wp-content\/uploads\/2023\/11\/H64ae03066acd4d80a995b990565ee575Y.webp\" \/><\/div>\n<div><img decoding=\"async\" src=\"https:\/\/uoogear.com\/wp-content\/uploads\/2023\/11\/H5a45ba0a7b204f12bba19123bbc8f9adU.webp\" data-src=\"https:\/\/uoogear.com\/wp-content\/uploads\/2023\/11\/H5a45ba0a7b204f12bba19123bbc8f9adU.webp\" \/><\/div>\n<div><img decoding=\"async\" src=\"https:\/\/uoogear.com\/wp-content\/uploads\/2023\/11\/H9cd6a2826cf84a7d99381369d8d2e22bL.webp\" data-src=\"https:\/\/uoogear.com\/wp-content\/uploads\/2023\/11\/H9cd6a2826cf84a7d99381369d8d2e22bL.webp\" \/><\/div>\n<div><img decoding=\"async\" src=\"https:\/\/uoogear.com\/wp-content\/uploads\/2023\/11\/H70e73017a8f44a34864eb3e765c9c39e0.webp\" data-src=\"https:\/\/uoogear.com\/wp-content\/uploads\/2023\/11\/H70e73017a8f44a34864eb3e765c9c39e0.webp\" \/><\/div>\n<div><\/div>\n<\/div>\n<\/div>\n<\/div>","protected":false},"excerpt":{"rendered":"<p>Ter\u00fclet: 217 * 130 * 155 cm Sz\u00f6vet: V\u00e1szon k\u00fcls\u0151 s\u00e1tor v\u00edz\u00e1ll\u00f3s\u00e1gi indexe: &gt;3000 mm als\u00f3 v\u00edz\u00e1ll\u00f3s\u00e1gi index: 2000-3000 mm \u00c9p\u00fclet t\u00edpusa: Gyorsan ny\u00edl\u00f3, automatikusan ny\u00edl\u00f3 s\u00e1tor St\u00edlus: Hosszabb\u00edtott t\u00edpus Szezon: H\u00e1rom \u00e9vszakos s\u00e1tor szerkezete 27-es *130*155cm Huzat: Alum\u00ednium h\u00e9jhuzat Alul: Alum\u00ednium L\u00e9tra: Alum\u00ednium Teleszk\u00f3pos l\u00e9tra Matrac<\/p>\n<div class=\"read-more\"><a class=\"btn btn-fill-out\" href=\"https:\/\/uoogear.com\/hu\/termek\/2022-new-hard-shell-aluminum-suv-car-roof-top-tent-aluminum-shell-waterproof-camping-rooftop-tent\/\">Olvass tov\u00e1bb<\/a><\/div>","protected":false},"featured_media":5004,"template":"","meta":[],"product_brand":[],"product_cat":[15],"product_tag":[],"class_list":{"0":"post-5005","1":"product","2":"type-product","3":"status-publish","4":"has-post-thumbnail","6":"product_cat-uncategorized","7":"tm-no-options","9":"first","10":"instock","11":"shipping-taxable","12":"purchasable","13":"product-type-variable"},"_links":{"self":[{"href":"https:\/\/uoogear.com\/hu\/wp-json\/wp\/v2\/product\/5005","targetHints":{"allow":["GET"]}}],"collection":[{"href":"https:\/\/uoogear.com\/hu\/wp-json\/wp\/v2\/product"}],"about":[{"href":"https:\/\/uoogear.com\/hu\/wp-json\/wp\/v2\/types\/product"}],"wp:featuredmedia":[{"embeddable":true,"href":"https:\/\/uoogear.com\/hu\/wp-json\/wp\/v2\/media\/5004"}],"wp:attachment":[{"href":"https:\/\/uoogear.com\/hu\/wp-json\/wp\/v2\/media?parent=5005"}],"wp:term":[{"taxonomy":"product_brand","embeddable":true,"href":"https:\/\/uoogear.com\/hu\/wp-json\/wp\/v2\/product_brand?post=5005"},{"taxonomy":"product_cat","embeddable":true,"href":"https:\/\/uoogear.com\/hu\/wp-json\/wp\/v2\/product_cat?post=5005"},{"taxonomy":"product_tag","embeddable":true,"href":"https:\/\/uoogear.com\/hu\/wp-json\/wp\/v2\/product_tag?post=5005"}],"curies":[{"name":"wp","href":"https:\/\/api.w.org\/{rel}","templated":true}]}}