{"id":5017,"date":"2023-11-14T03:14:31","date_gmt":"2023-11-14T03:14:31","guid":{"rendered":"https:\/\/uoogear.com\/product\/oem-new-arrival-car-camping-hard-top-roof-tent-off-road-2-3-person-vehicle-car-soft-shell-rooftop-tent\/"},"modified":"2023-11-30T13:53:44","modified_gmt":"2023-11-30T13:53:44","slug":"oem-new-arrival-car-camping-hard-top-roof-tent-off-road-2-3-person-vehicle-car-soft-shell-rooftop-tent","status":"publish","type":"product","link":"https:\/\/uoogear.com\/hu\/termek\/oem-new-arrival-car-camping-hard-top-roof-tent-off-road-2-3-person-vehicle-car-soft-shell-rooftop-tent\/","title":{"rendered":"OEM \u00faj \u00e9rkez\u00e9s\u0171 aut\u00f3s kemping kem\u00e9nytet\u0151s tet\u0151s\u00e1tor terepj\u00e1r\u00f3 2-3 szem\u00e9lyes j\u00e1rm\u0171h\u00f6z, Soft Shell tet\u0151t\u00e9ri s\u00e1tor"},"content":{"rendered":"<ul>\n<li><strong>Ter\u00fclet : <\/strong> 140x240 cm<\/li>\n<li><strong>Sz\u00f6vet: <\/strong> Poli\u00e9szter<\/li>\n<li><strong>K\u00fcls\u0151 s\u00e1tor v\u00edz\u00e1ll\u00f3s\u00e1gi indexe: <\/strong> 2000-3000 mm<\/li>\n<li><strong>Als\u00f3 v\u00edz\u00e1ll\u00f3s\u00e1gi index: <\/strong> 2000-3000 mm<\/li>\n<li><strong>\u00c9p\u00fclet t\u00edpusa: <\/strong> Gyors automatikus nyit\u00e1s<\/li>\n<li><strong>S\u00e1tor st\u00edlusa: <\/strong> \u00c1tl\u00f3s merev\u00edt\u0151 t\u00edpus, egyenes merev\u00edt\u0151 t\u00edpus, cs\u0151 t\u00edpus\u00fa s\u00e1torkar\u00f3<\/li>\n<li><strong>\u00c9vad : <\/strong> N\u00e9gy \u00e9vszakos s\u00e1tor<\/li>\n<li><strong>Szerkezet : <\/strong> Egy h\u00e1l\u00f3szoba<\/li>\n<li><strong>Es\u0151anyag: <\/strong> 420D Rip-stop poli\u00e9szter Oxford<\/li>\n<li><strong>P\u00f3lus: <\/strong> Alum\u00ednium Poe \u00e1tm\u00e9r\u0151 16mm<\/li>\n<li><strong>Utaz\u00e1si bor\u00edt\u00f3: <\/strong> Nagy teherb\u00edr\u00e1s\u00fa 680g\/1200D PVC<\/li>\n<li><strong>Garancia: <\/strong> 24 h\u00f3nap<\/li>\n<li><strong>Sz\u00e1ll\u00edt\u00e1si id\u0151 : <\/strong> 20-35 nap (mennyis\u00e9gt\u0151l f\u00fcgg\u0151en)<\/li>\n<li><strong>Matrac : <\/strong> 60 mm-es matrac moshat\u00f3 huzattal<\/li>\n<li><strong>Funkci\u00f3 : <\/strong> kemping felszerel\u00e9s<\/li>\n<li><strong>Sz\u00edn: <\/strong> Testreszabott sz\u00edn<\/li>\n<\/ul>\n<div>\n<div><\/div>\n<div data-section=\"AliMagic-vxp9xy\" data-section-title=\"Product Description\">\n<div data-spm-anchor-id=\"a2700.details.0.i80.41396425f2L15f\"><\/div>\n<p>term\u00e9kle\u00edr\u00e1s<\/p>\n<\/div>\n<div>\n<div>\n<div>\n<div>\n<div>\n<div><img decoding=\"async\" src=\"https:\/\/uoogear.com\/wp-content\/uploads\/2023\/11\/Hc00efc1d3f82460892d1751fa97b7c0aE-wpp1701352124122.webp\" data-src=\"https:\/\/uoogear.com\/wp-content\/uploads\/2023\/11\/Hc00efc1d3f82460892d1751fa97b7c0aE-wpp1701352124122.webp\" \/><\/div>\n<\/div>\n<\/div>\n<div>\n<div>\n<div>\n<table>\n<tbody>\n<tr>\n<td>\n<div>\n<div><strong data-spm-anchor-id=\"a2700.pc-decorate.0.i1.1c083333HfoZmI\">A QH8812 tet\u0151s\u00e1tor specifik\u00e1ci\u00f3ja<\/strong><\/div>\n<\/div>\n<\/td>\n<td><\/td>\n<\/tr>\n<tr>\n<td>\n<div>Fly\/Annex<\/div>\n<\/td>\n<td>\n<div>420D Oxford poli\u00e9szter, 2500 mm v\u00edz\u00e1ll\u00f3, UV- \u00e9s pen\u00e9sz\u00e1ll\u00f3<\/div>\n<\/td>\n<\/tr>\n<tr>\n<td>\n<div>Test<\/div>\n<\/td>\n<td>\n<div>420D szakad\u00e1sg\u00e1tl\u00f3 Oxford poli\u00e9szter, 2500 mm v\u00edz\u00e1ll\u00f3, UV- \u00e9s pen\u00e9sz\u00e1ll\u00f3<\/div>\n<\/td>\n<\/tr>\n<tr>\n<td>\n<div>mell\u00e9klet anyaga<\/div>\n<\/td>\n<td>\n<div>420D szakad\u00e1sg\u00e1tl\u00f3 poli\u00e9szter oxford, v\u00edz\u00e1ll\u00f3 2500 mm, UV- \u00e9s pen\u00e9sz\u00e1ll\u00f3 (k\u00fcl\u00f6n megv\u00e1s\u00e1rolhat\u00f3); Magass\u00e1g: 190 cm<\/div>\n<\/td>\n<\/tr>\n<tr>\n<td>\n<div>Matrac<\/div>\n<\/td>\n<td>\n<div>60 mm vastag, nagy s\u0171r\u0171s\u00e9g\u0171 matrac moshat\u00f3 huzattal<\/div>\n<\/td>\n<\/tr>\n<tr>\n<td>\n<div>Utaz\u00e1si bor\u00edt\u00f3<\/div>\n<\/td>\n<td>\n<div>Nagy teherb\u00edr\u00e1s\u00fa 680g\/1200D PVC v\u00edz\u00e1ll\u00f3 \u00e9s UV \u00e1ll\u00f3<\/div>\n<\/td>\n<\/tr>\n<tr>\n<td>\n<div>B\u00e1zis<\/div>\n<\/td>\n<td>\n<div>Hegesztett alum\u00ednium cs\u0151 szigetel\u00e9ssel \u00e9s karcol\u00e1sg\u00e1tl\u00f3 alum\u00ednium lemezzel<\/div>\n<\/td>\n<\/tr>\n<tr>\n<td>\n<div>Bels\u0151 keret<\/div>\n<\/td>\n<td>\n<div>Elox\u00e1lt alum\u00ednium oszlopok<\/div>\n<\/td>\n<\/tr>\n<tr>\n<td>\n<div>L\u00e9tra<\/div>\n<\/td>\n<td>\n<div>Elox\u00e1lt alum\u00ednium l\u00e9tra<\/div>\n<\/td>\n<\/tr>\n<tr>\n<td>\n<div>\n<div data-spm-anchor-id=\"a2700.pc-decorate.0.i48.2eda3333SpY1cc\"><strong data-spm-anchor-id=\"a2700.pc-decorate.0.i30.eecc3333uJYTdk\">1 \u00d7 s\u00e1tor, 1 \u00d7 utaz\u00e1si takar\u00f3, 1 \u00d7 alum\u00ednium l\u00e9tra, 2 \u00d7 r\u00fad \u00e9s 1 \u00d7 r\u00f6gz\u00edt\u0151elemek<\/strong><\/div>\n<\/div>\n<\/td>\n<td><\/td>\n<\/tr>\n<\/tbody>\n<\/table>\n<\/div>\n<\/div>\n<\/div>\n<\/div>\n<\/div>\n<\/div>\n<div>\n<div>\n<div>\n<h3><\/h3>\n<h3>A tet\u0151s\u00e1tor jellemz\u0151i,<\/h3>\n<div>\n<div>\n<div>\n<p>\u2013 Univerz\u00e1lis tart\u00f3konzolokkal sz\u00e1ll\u00edtjuk<br \/>\n\u2013 Alkalmas a legt\u00f6bb tet\u0151csomagtart\u00f3hoz vagy ut\u00e1ngy\u00e1rtott tet\u0151rudakhoz<br \/>\n\u2013 Az egyszem\u00e9lyes m\u0171k\u00f6dtet\u00e9ssel m\u00e1sodpercek alatt kihajthat\u00f3<br \/>\n\u2013 Teljesen v\u00edz\u00e1ll\u00f3, hogy ne akadjon be<\/p>\n<p>&nbsp;<\/p>\n<p><strong>A tet\u0151s\u00e1tor el\u00e9rhet\u0151 m\u00e9retei (aj\u00e1nlott m\u00e9retekkel)<\/strong><\/p>\n<\/div>\n<\/div>\n<\/div>\n<\/div>\n<\/div>\n<\/div>\n<div>\n<div>\n<div>\n<div>\n<div>\n<div><img decoding=\"async\" src=\"https:\/\/uoogear.com\/wp-content\/uploads\/2023\/11\/Hc31f8e35aca1461aa0cbb4105d9a61abP.webp\" data-src=\"https:\/\/uoogear.com\/wp-content\/uploads\/2023\/11\/Hc31f8e35aca1461aa0cbb4105d9a61abP.webp\" \/><\/div>\n<\/div>\n<\/div>\n<\/div>\n<\/div>\n<\/div>\n<div>\n<div>\n<div><img decoding=\"async\" src=\"https:\/\/uoogear.com\/wp-content\/uploads\/2023\/11\/Hb47b7f33d8774c8d9d8f145084477468s-wpp1701352116189.webp\" data-src=\"https:\/\/uoogear.com\/wp-content\/uploads\/2023\/11\/Hb47b7f33d8774c8d9d8f145084477468s-wpp1701352116189.webp\" \/><\/div>\n<div><img decoding=\"async\" src=\"https:\/\/uoogear.com\/wp-content\/uploads\/2023\/11\/H95af614b1f6144878e0c202ba59abbd55.webp\" data-src=\"https:\/\/uoogear.com\/wp-content\/uploads\/2023\/11\/H95af614b1f6144878e0c202ba59abbd55.webp\" \/><\/div>\n<\/div>\n<\/div>\n<div>\n<div>\n<div>\n<div>\n<div>\n<div><img decoding=\"async\" src=\"https:\/\/uoogear.com\/wp-content\/uploads\/2023\/11\/Hdd406b698fb1446d8962327446555bf5a.webp\" data-src=\"https:\/\/uoogear.com\/wp-content\/uploads\/2023\/11\/Hdd406b698fb1446d8962327446555bf5a.webp\" \/><\/div>\n<\/div>\n<\/div>\n<\/div>\n<\/div>\n<\/div>\n<div>\n<div>\n<div>\n<div>\n<div>\n<div><img decoding=\"async\" src=\"https:\/\/uoogear.com\/wp-content\/uploads\/2023\/11\/H4e35f2ee80ce4365a400fd18854734071.webp\" data-src=\"https:\/\/uoogear.com\/wp-content\/uploads\/2023\/11\/H4e35f2ee80ce4365a400fd18854734071.webp\" \/><\/div>\n<\/div>\n<\/div>\n<\/div>\n<\/div>\n<\/div>\n<div><\/div>\n<div>\n<div>\n<div>\n<div>\n<div><\/div>\n<\/div>\n<\/div>\n<\/div>\n<\/div>\n<div><\/div>\n<div data-section=\"AliMagic-8wl18t\" data-section-title=\"Packing &amp; Delivery\" data-spm-anchor-id=\"a2700.details.0.i81.41396425f2L15f\">\n<div>Csomagol\u00e1s \u00e9s sz\u00e1ll\u00edt\u00e1s<\/div>\n<\/div>\n<div>\n<div>\n<div>\n<div>\n<div>\n<div>\n<div><\/div>\n<p><strong>1. A tet\u0151s\u00e1tor csomagol\u00e1si list\u00e1ja<\/strong><\/p>\n<\/div>\n<\/div>\n<\/div>\n<\/div>\n<\/div>\n<\/div>\n<div>\n<div>\n<div>\n<div>\n<div>\n<div><img decoding=\"async\" src=\"https:\/\/uoogear.com\/wp-content\/uploads\/2023\/11\/Hd244ed9420844ad5946be1db51c0f98cj.webp\" data-src=\"https:\/\/uoogear.com\/wp-content\/uploads\/2023\/11\/Hd244ed9420844ad5946be1db51c0f98cj.webp\" \/><\/div>\n<\/div>\n<\/div>\n<\/div>\n<\/div>\n<\/div>\n<div>\n<div>\n<div>\n<div>\n<div>\n<div><img decoding=\"async\" src=\"https:\/\/uoogear.com\/wp-content\/uploads\/2023\/11\/H68f81be1a77e4ae3973da19a1d9eaa4fq.webp\" data-src=\"https:\/\/uoogear.com\/wp-content\/uploads\/2023\/11\/H68f81be1a77e4ae3973da19a1d9eaa4fq.webp\" \/><\/div>\n<\/div>\n<\/div>\n<\/div>\n<\/div>\n<\/div>\n<div><\/div>\n<div>\n<div>\n<div>\n<div>\n<div>\n<div><\/div>\n<\/div>\n<\/div>\n<\/div>\n<\/div>\n<\/div>\n<\/div>","protected":false},"excerpt":{"rendered":"<p>Ter\u00fclet: 140x240 cm Sz\u00f6vet: Poli\u00e9szter k\u00fcls\u0151 s\u00e1tor v\u00edz\u00e1ll\u00f3s\u00e1gi index: 2000-3000 mm als\u00f3 v\u00edz\u00e1ll\u00f3s\u00e1gi index: 2000-3000 mm \u00c9p\u00fclet t\u00edpusa: Gyorsan ny\u00edl\u00f3 s\u00e1tor St\u00edlus: \u00c1tl\u00f3s merev\u00edt\u00e9s t\u00edpusa, Egyenes merev\u00edt\u00e9si t\u00edpus: Tent Stake-Seabeason Szerkezet: Egy h\u00e1l\u00f3szob\u00e1s Rainfly anyag: 420D Rip-stop poli\u00e9szter Oxford Pole:<\/p>\n<div class=\"read-more\"><a class=\"btn btn-fill-out\" href=\"https:\/\/uoogear.com\/hu\/termek\/oem-new-arrival-car-camping-hard-top-roof-tent-off-road-2-3-person-vehicle-car-soft-shell-rooftop-tent\/\">Olvass tov\u00e1bb<\/a><\/div>","protected":false},"featured_media":5016,"template":"","meta":[],"product_brand":[],"product_cat":[15],"product_tag":[],"class_list":{"0":"post-5017","1":"product","2":"type-product","3":"status-publish","4":"has-post-thumbnail","6":"product_cat-uncategorized","7":"tm-no-options","9":"first","10":"instock","11":"shipping-taxable","12":"purchasable","13":"product-type-variable"},"_links":{"self":[{"href":"https:\/\/uoogear.com\/hu\/wp-json\/wp\/v2\/product\/5017","targetHints":{"allow":["GET"]}}],"collection":[{"href":"https:\/\/uoogear.com\/hu\/wp-json\/wp\/v2\/product"}],"about":[{"href":"https:\/\/uoogear.com\/hu\/wp-json\/wp\/v2\/types\/product"}],"wp:featuredmedia":[{"embeddable":true,"href":"https:\/\/uoogear.com\/hu\/wp-json\/wp\/v2\/media\/5016"}],"wp:attachment":[{"href":"https:\/\/uoogear.com\/hu\/wp-json\/wp\/v2\/media?parent=5017"}],"wp:term":[{"taxonomy":"product_brand","embeddable":true,"href":"https:\/\/uoogear.com\/hu\/wp-json\/wp\/v2\/product_brand?post=5017"},{"taxonomy":"product_cat","embeddable":true,"href":"https:\/\/uoogear.com\/hu\/wp-json\/wp\/v2\/product_cat?post=5017"},{"taxonomy":"product_tag","embeddable":true,"href":"https:\/\/uoogear.com\/hu\/wp-json\/wp\/v2\/product_tag?post=5017"}],"curies":[{"name":"wp","href":"https:\/\/api.w.org\/{rel}","templated":true}]}}