{"id":5026,"date":"2023-11-14T03:15:59","date_gmt":"2023-11-14T03:15:59","guid":{"rendered":"https:\/\/uoogear.com\/product\/apzc004-custom-soft-shell-outdoor-dachzelt-camping-suv-car-aluminum-roof-tent-soft-cover-rooftop-tent\/"},"modified":"2023-12-02T06:02:30","modified_gmt":"2023-12-02T06:02:30","slug":"apzc004-custom-soft-shell-outdoor-dachzelt-camping-suv-car-aluminum-roof-tent-soft-cover-rooftop-tent","status":"publish","type":"product","link":"https:\/\/uoogear.com\/hu\/termek\/apzc004-custom-soft-shell-outdoor-dachzelt-camping-suv-car-aluminum-roof-tent-soft-cover-rooftop-tent\/","title":{"rendered":"APZC004 egyedi Soft Shell k\u00fclt\u00e9ri Dachzelt kemping terepj\u00e1r\u00f3 aut\u00f3 alum\u00ednium tet\u0151s\u00e1tor puha fedel\u0171 tet\u0151s\u00e1tor"},"content":{"rendered":"<ul>\n<li><strong>Sz\u00f6vet: <\/strong> 300D polyoxford, 300D polyoxford<\/li>\n<li><strong>K\u00fcls\u0151 s\u00e1tor v\u00edz\u00e1ll\u00f3s\u00e1gi indexe: <\/strong> &lt;1000 mm, 1500-2000 mm<\/li>\n<li><strong>Als\u00f3 v\u00edz\u00e1ll\u00f3s\u00e1gi index: <\/strong> 1500-2000 mm<\/li>\n<li><strong>\u00c9p\u00fclet t\u00edpusa: <\/strong> Gyors automatikus nyit\u00e1s<\/li>\n<li><strong>S\u00e1tor st\u00edlusa: <\/strong> Hosszabb\u00edtott t\u00edpus, hatsz\u00f6glet\u0171\/gy\u00e9m\u00e1nt k\u00f6sz\u00f6r\u00fcl\u00e9s<\/li>\n<li><strong>\u00c9vad : <\/strong> H\u00e1rom \u00e9vszakos s\u00e1tor, n\u00e9gy \u00e9vszakos s\u00e1tor, ny\u00e1ri s\u00e1tor<\/li>\n<li><strong>Szerkezet : <\/strong> Egy h\u00e1l\u00f3szoba<\/li>\n<li><strong>Term\u00e9k n\u00e9v : <\/strong> Soft Shell k\u00fclt\u00e9ri tet\u0151t\u00e9ri s\u00e1tor<\/li>\n<li><strong>Kibont\u00e1si m\u00e9ret: <\/strong> L2050mm*Sz1250mm*H1250mm<\/li>\n<li><strong>Csomagol\u00e1s: <\/strong> L2270mm*Sz1370mm*H210mm<\/li>\n<li><strong>S\u00faly : <\/strong> 32 kg<\/li>\n<li><strong>Anyaga: <\/strong> szabadalmaztatott alum\u00ednium \u00f6tv\u00f6zet v\u00e1z<\/li>\n<li><strong>A l\u00e9tra s\u00falya: <\/strong> 150 kg<\/li>\n<li><strong>Emberek sz\u00e1ma : <\/strong> 2 ember<\/li>\n<\/ul>\n<div>\n<div data-magic-global=\"%7B%22bizId%22%3A2209963836599%2C%22pageId%22%3A20169776242%2C%22siteId%22%3A10002337017%7D\">\n<div>\n<div>\n<div>\n<div>\n<div>\n<div><img decoding=\"async\" src=\"https:\/\/uoogear.com\/wp-content\/uploads\/2023\/11\/H867623bad6264dff959f67abc74efebfP.webp\" data-src=\"https:\/\/uoogear.com\/wp-content\/uploads\/2023\/11\/H867623bad6264dff959f67abc74efebfP.webp\" \/><\/div>\n<\/div>\n<\/div>\n<\/div>\n<\/div>\n<\/div>\n<div>\n<div>\n<div>\n<div>\n<div>\n<div><img decoding=\"async\" src=\"https:\/\/uoogear.com\/wp-content\/uploads\/2023\/11\/Hbb423c294a1e458eaf88cd6042418adcZ.webp\" data-src=\"https:\/\/uoogear.com\/wp-content\/uploads\/2023\/11\/Hbb423c294a1e458eaf88cd6042418adcZ.webp\" \/><\/div>\n<\/div>\n<\/div>\n<\/div>\n<\/div>\n<\/div>\n<div>\n<div>\n<table>\n<tbody>\n<tr>\n<td>\n<div>\n<div><strong>Gy\u00e1rt\u00e1s neve<\/strong><\/div>\n<\/div>\n<\/td>\n<td>\n<div>Egyedi Soft Shell k\u00fclt\u00e9ri Dachzelt Camping SUV aut\u00f3 tet\u0151s\u00e1tor puha fed\u00e9s\u0171 tet\u0151s\u00e1tor<\/div>\n<\/td>\n<\/tr>\n<tr>\n<td>\n<div><strong>Anyaga: 300D <\/strong><\/div>\n<\/td>\n<td>\n<div>300D polyoxford PU3000mm UPF50+<\/div>\n<\/td>\n<\/tr>\n<tr>\n<td>\n<div><strong>Kapacit\u00e1s<\/strong><\/div>\n<\/td>\n<td>\n<div>Aj\u00e1nlott 1-2 f\u0151<\/div>\n<\/td>\n<\/tr>\n<tr>\n<td>\n<div><strong>Kibont\u00e1s M\u00e9ret<\/strong><\/div>\n<\/td>\n<td>\n<div>210*125*150cm<\/div>\n<\/td>\n<\/tr>\n<tr>\n<td>\n<div><strong>Csomag m\u00e9ret<\/strong><\/div>\n<\/td>\n<td>\n<div>\n<div data-spm-anchor-id=\"a2700.pc-decorate.0.i25.11f633338vlEuj\">227*137*21cm<\/div>\n<\/div>\n<\/td>\n<\/tr>\n<tr>\n<td>\n<div><strong data-spm-anchor-id=\"a2700.pc-decorate.0.i33.19993333s57omf\">S\u00faly<\/strong><\/div>\n<\/td>\n<td>\n<div>35 kg<\/div>\n<\/td>\n<\/tr>\n<tr>\n<td>\n<div><strong> Anyag<\/strong><\/div>\n<\/td>\n<td>\n<div>szabadalmaztatott alum\u00ednium \u00f6tv\u00f6zet v\u00e1z<\/div>\n<\/td>\n<\/tr>\n<\/tbody>\n<\/table>\n<\/div>\n<\/div>\n<div>\n<div>\n<div>\n<div>\n<div>\n<div><img decoding=\"async\" src=\"https:\/\/uoogear.com\/wp-content\/uploads\/2023\/11\/H5d16d1c85b0c4a518db8e2f022ada520n.webp\" data-src=\"https:\/\/uoogear.com\/wp-content\/uploads\/2023\/11\/H5d16d1c85b0c4a518db8e2f022ada520n.webp\" \/><\/div>\n<\/div>\n<div>\n<div>\n<div>szabadt\u00e9ri kempingaut\u00f3 tet\u0151s\u00e1tor:<\/div>\n<div>Anyag: 300D polyoxford PU3000mm UPF50+ kerettel: szabadalmaztatott alum\u00ednium\u00f6tv\u00f6zet v\u00e1z A nagy s\u0171r\u0171s\u00e9g\u0171 hab matrac k\u00e9nyelmes<br \/>\nalv\u00e1si \u00e9lm\u00e9ny T\u00e1gas hely 2 f\u0151 r\u00e9sz\u00e9re Gyorsan fel\u00e1ll\u00edthat\u00f3 \u00e9s lehajthat\u00f3 s\u00e1tor B\u00e1rmilyen SUV j\u00e1rm\u0171h\u00f6z alkalmas, A l\u00e9tra b\u00edrja<br \/>\n150 KG M\u00e9ret: L2220mm*Sz1350mm*H190mm Bels\u0151 s\u00e1tor m\u00e9rete: L2050mm*Sz1250mm*H1250mm Csomagol\u00e1si m\u00e9ret: L2270mm*Sz\u00e91370mm*H210mm Nett\u00f3 t\u00f6meg: 32kg<\/div>\n<\/div>\n<\/div>\n<\/div>\n<\/div>\n<\/div>\n<\/div>\n<div>\n<div>\n<div><\/div>\n<div><img decoding=\"async\" src=\"https:\/\/uoogear.com\/wp-content\/uploads\/2023\/11\/Hef235eead7324e4aaaa83afbfb283f28P.webp\" data-src=\"https:\/\/uoogear.com\/wp-content\/uploads\/2023\/11\/Hef235eead7324e4aaaa83afbfb283f28P.webp\" \/><\/div>\n<div><img decoding=\"async\" src=\"https:\/\/uoogear.com\/wp-content\/uploads\/2023\/11\/Hb21e51e39b764ce094725a6760bc2b50z.webp\" data-src=\"https:\/\/uoogear.com\/wp-content\/uploads\/2023\/11\/Hb21e51e39b764ce094725a6760bc2b50z.webp\" \/><\/div>\n<div><img decoding=\"async\" src=\"https:\/\/uoogear.com\/wp-content\/uploads\/2023\/11\/Hf115bc6cdc58407e9467c9cd95ba50b34.webp\" data-src=\"https:\/\/uoogear.com\/wp-content\/uploads\/2023\/11\/Hf115bc6cdc58407e9467c9cd95ba50b34.webp\" \/><\/div>\n<div><img decoding=\"async\" src=\"https:\/\/uoogear.com\/wp-content\/uploads\/2023\/11\/Hc533e1edc8d54be195ea601e3a339a21K.webp\" data-src=\"https:\/\/uoogear.com\/wp-content\/uploads\/2023\/11\/Hc533e1edc8d54be195ea601e3a339a21K.webp\" \/><\/div>\n<div><img decoding=\"async\" src=\"https:\/\/uoogear.com\/wp-content\/uploads\/2023\/11\/Hb21a441376a743feb3f228deb23a7900e.webp\" data-src=\"https:\/\/uoogear.com\/wp-content\/uploads\/2023\/11\/Hb21a441376a743feb3f228deb23a7900e.webp\" \/><\/div>\n<div><img decoding=\"async\" src=\"https:\/\/uoogear.com\/wp-content\/uploads\/2023\/11\/H4a7da32cc3314d3db121bc57a0f76cad4.webp\" data-src=\"https:\/\/uoogear.com\/wp-content\/uploads\/2023\/11\/H4a7da32cc3314d3db121bc57a0f76cad4.webp\" \/><\/div>\n<div><img decoding=\"async\" src=\"https:\/\/uoogear.com\/wp-content\/uploads\/2023\/11\/H51ab84080d1644d18912ded05529105fO.webp\" data-src=\"https:\/\/uoogear.com\/wp-content\/uploads\/2023\/11\/H51ab84080d1644d18912ded05529105fO.webp\" \/><\/div>\n<\/div>\n<\/div>\n<div>\n<div>\n<div>\n<div>\n<div><\/div>\n<\/div>\n<\/div>\n<\/div>\n<\/div>\n<div data-spm-anchor-id=\"a2700.details.0.i80.1dab1509acyQsB\"><\/div>\n<div>\n<div>\n<div>\n<div>\n<div><\/div>\n<\/div>\n<\/div>\n<\/div>\n<\/div>\n<div>\n<div>\n<div>\n<div>\n<div>\n<div data-spm-anchor-id=\"a2700.details.0.i76.1dab1509acyQsB\"><\/div>\n<\/div>\n<\/div>\n<\/div>\n<\/div>\n<\/div>\n<\/div>\n<div>\n<div>\n<div>\n<div>\n<div><\/div>\n<\/div>\n<\/div>\n<\/div>\n<\/div>\n<\/div>","protected":false},"excerpt":{"rendered":"<p>Sz\u00f6vet: 300D polyoxford, 300D polyoxford k\u00fcls\u0151 s\u00e1tor v\u00edz\u00e1ll\u00f3s\u00e1gi index: &lt;1000 mm, 1500-2000 mm als\u00f3 v\u00edz\u00e1ll\u00f3s\u00e1gi index: 1500-2000 mm \u00c9p\u00fclet t\u00edpusa: Gyorsan, automatikusan ny\u00edl\u00f3 s\u00e1tor St\u00edlus: Meghosszabb\u00edtott Nazon\/Dasoniaasse, hatsz\u00f6glet\u0171, h\u00e1romsz\u00f6glet\u0171 S\u00e1tor, n\u00e9gy \u00e9vszakos s\u00e1tor, ny\u00e1ri s\u00e1tor szerkezete: egy h\u00e1l\u00f3szob\u00e1s term\u00e9kn\u00e9v: Soft Shell k\u00fclt\u00e9ri tet\u0151t\u00e9ri s\u00e1tor<\/p>\n<div class=\"read-more\"><a class=\"btn btn-fill-out\" href=\"https:\/\/uoogear.com\/hu\/termek\/apzc004-custom-soft-shell-outdoor-dachzelt-camping-suv-car-aluminum-roof-tent-soft-cover-rooftop-tent\/\">Olvass tov\u00e1bb<\/a><\/div>","protected":false},"featured_media":5025,"template":"","meta":[],"product_brand":[],"product_cat":[15],"product_tag":[],"class_list":{"0":"post-5026","1":"product","2":"type-product","3":"status-publish","4":"has-post-thumbnail","6":"product_cat-uncategorized","7":"tm-no-options","9":"first","10":"instock","11":"shipping-taxable","12":"purchasable","13":"product-type-variable"},"_links":{"self":[{"href":"https:\/\/uoogear.com\/hu\/wp-json\/wp\/v2\/product\/5026","targetHints":{"allow":["GET"]}}],"collection":[{"href":"https:\/\/uoogear.com\/hu\/wp-json\/wp\/v2\/product"}],"about":[{"href":"https:\/\/uoogear.com\/hu\/wp-json\/wp\/v2\/types\/product"}],"wp:featuredmedia":[{"embeddable":true,"href":"https:\/\/uoogear.com\/hu\/wp-json\/wp\/v2\/media\/5025"}],"wp:attachment":[{"href":"https:\/\/uoogear.com\/hu\/wp-json\/wp\/v2\/media?parent=5026"}],"wp:term":[{"taxonomy":"product_brand","embeddable":true,"href":"https:\/\/uoogear.com\/hu\/wp-json\/wp\/v2\/product_brand?post=5026"},{"taxonomy":"product_cat","embeddable":true,"href":"https:\/\/uoogear.com\/hu\/wp-json\/wp\/v2\/product_cat?post=5026"},{"taxonomy":"product_tag","embeddable":true,"href":"https:\/\/uoogear.com\/hu\/wp-json\/wp\/v2\/product_tag?post=5026"}],"curies":[{"name":"wp","href":"https:\/\/api.w.org\/{rel}","templated":true}]}}