{"id":5033,"date":"2023-11-14T03:16:39","date_gmt":"2023-11-14T03:16:39","guid":{"rendered":"https:\/\/uoogear.com\/product\/hard-shell-roof-top-tent-camper-for-car-roof-top-tent-rooftop-tent\/"},"modified":"2023-12-02T06:02:05","modified_gmt":"2023-12-02T06:02:05","slug":"hard-shell-roof-top-tent-camper-for-car-roof-top-tent-rooftop-tent","status":"publish","type":"product","link":"https:\/\/uoogear.com\/hu\/termek\/hard-shell-roof-top-tent-camper-for-car-roof-top-tent-rooftop-tent\/","title":{"rendered":"Kem\u00e9ny h\u00e9j\u00fa tet\u0151s\u00e1tor lak\u00f3kocsi tet\u0151s\u00e1tor aut\u00f3s tet\u0151s\u00e1torhoz"},"content":{"rendered":"<ul>\n<li><strong>Ter\u00fclet : <\/strong> 2.8<\/li>\n<li><strong>Sz\u00f6vet: <\/strong> Oxford<\/li>\n<li><strong>K\u00fcls\u0151 s\u00e1tor v\u00edz\u00e1ll\u00f3s\u00e1gi indexe: <\/strong> &gt;3000 mm<\/li>\n<li><strong>Als\u00f3 v\u00edz\u00e1ll\u00f3s\u00e1gi index: <\/strong> &gt;3000 mm<\/li>\n<li><strong>S\u00e1tor st\u00edlusa: <\/strong> Egyenes merev\u00edt\u0151 t\u00edpus<\/li>\n<li><strong>\u00c9vad : <\/strong> N\u00e9gy \u00e9vszakos s\u00e1tor<\/li>\n<li><strong>Szerkezet : <\/strong> Egy h\u00e1l\u00f3szoba<\/li>\n<li><strong>Term\u00e9k n\u00e9v : <\/strong> Tet\u0151t\u00e9ri s\u00e1tor<\/li>\n<li><strong>Sz\u00edn: <\/strong> sz\u00fcrke, hadsereg, narancs, fekete<\/li>\n<li><strong>M\u00e9ret: <\/strong> 216cm*130cm*105cm<\/li>\n<li><strong>Log\u00f3: <\/strong> Fogadja el a testreszabott log\u00f3t<\/li>\n<li><strong>S\u00faly : <\/strong> 79 kg<\/li>\n<li><strong>L\u00e9tra: <\/strong> 2,2 m-es alum\u00ednium\u00f6tv\u00f6zet teleszk\u00f3pos l\u00e9tra<\/li>\n<li><strong>Keret anyaga: <\/strong> ABS m\u0171anyag<\/li>\n<li><strong>Csomagol\u00e1s m\u00e9rete: <\/strong> 225*145*39cm<\/li>\n<li><strong>Matrac : <\/strong> 5 cm<\/li>\n<li><strong>OEM\/ODM: <\/strong> Elfogadhat\u00f3<\/li>\n<\/ul>\n<div>\n<div>\n<div data-magic-global=\"%7B%22bizId%22%3A2849203320%2C%22pageId%22%3A20118148475%2C%22siteId%22%3A5004976044%7D\">\n<div>\n<div>\n<div>\n<div>\n<div>\n<div><img decoding=\"async\" src=\"https:\/\/uoogear.com\/wp-content\/uploads\/2023\/11\/Hf606e0171374489382ae6e606f174e7aH.webp\" data-src=\"https:\/\/uoogear.com\/wp-content\/uploads\/2023\/11\/Hf606e0171374489382ae6e606f174e7aH.webp\" \/><\/div>\n<\/div>\n<\/div>\n<\/div>\n<\/div>\n<\/div>\n<div>\n<div>\n<div>\n<div>\n<div>\n<div><img decoding=\"async\" src=\"https:\/\/uoogear.com\/wp-content\/uploads\/2023\/11\/Hdf3e68c8884b48edbe0a99d308075c9ac.webp\" data-src=\"https:\/\/uoogear.com\/wp-content\/uploads\/2023\/11\/Hdf3e68c8884b48edbe0a99d308075c9ac.webp\" \/><\/div>\n<\/div>\n<\/div>\n<\/div>\n<\/div>\n<\/div>\n<div>\n<div>\n<div>\n<div>\n<div>\n<div><img decoding=\"async\" src=\"https:\/\/uoogear.com\/wp-content\/uploads\/2023\/11\/H863622b8be0d42b599950ea55cb5382ct.webp\" data-src=\"https:\/\/uoogear.com\/wp-content\/uploads\/2023\/11\/H863622b8be0d42b599950ea55cb5382ct.webp\" \/><\/div>\n<\/div>\n<\/div>\n<\/div>\n<\/div>\n<\/div>\n<div>\n<div>\n<table>\n<tbody>\n<tr>\n<td>\n<div>term\u00e9k n\u00e9v<\/div>\n<\/td>\n<td>\n<div>Tet\u0151s\u00e1tor<\/div>\n<\/td>\n<td>\n<div>T\u00edpusok<\/div>\n<\/td>\n<td>\n<div>2-4 f\u0151<\/div>\n<\/td>\n<\/tr>\n<tr>\n<td>\n<div>Kartondoboz m\u00e9rete<\/div>\n<\/td>\n<td>\n<div>225*138*37cm<\/div>\n<\/td>\n<td>\n<div>Rakom\u00e1ny s\u00falya<\/div>\n<\/td>\n<td>\n<div>300 kg<\/div>\n<\/td>\n<\/tr>\n<tr>\n<td>\n<div>\u00d6sszecsukhat\u00f3 m\u00e9ret<\/div>\n<\/td>\n<td>\n<div>218cm*130cm*33cm<\/div>\n<\/td>\n<td>\n<div>s\u00faly<\/div>\n<\/td>\n<td>\n<div>Nett\u00f3 t\u00f6meg 79 kg, brutt\u00f3 t\u00f6meg 110 kg<\/div>\n<\/td>\n<\/tr>\n<tr>\n<td>\n<div>Kibonthat\u00f3 m\u00e9ret<\/div>\n<\/td>\n<td>\n<div>218cm*130cm*108cm<\/div>\n<\/td>\n<td>\n<div>Strukt\u00fara<\/div>\n<\/td>\n<td>\n<div>M\u0171anyag ABS h\u00e9j + v\u00edz\u00e1ll\u00f3 kock\u00e1s v\u00e1szon + k\u00f6rnyezetbar\u00e1t fa t\u00e1bla<\/div>\n<\/td>\n<\/tr>\n<tr>\n<td>\n<div>Sz\u00edn<\/div>\n<\/td>\n<td>\n<div>Feh\u00e9r vil\u00e1gossz\u00fcrke, feh\u00e9r hadseregz\u00f6ld, feh\u00e9r narancs, feh\u00e9r khaki, fekete vil\u00e1gossz\u00fcrke, fekete hadsereg z\u00f6ld, fekete khaki, fekete narancs<\/div>\n<\/td>\n<td>\n<div>Alkalmazhat\u00f3 modell<\/div>\n<\/td>\n<td>\n<div>Teherhord\u00f3 keresztr\u00fad felszerelhet\u0151 a tet\u0151terepj\u00e1r\u00f3kra, terepj\u00e1r\u00f3kra, \u00e1llom\u00e1si j\u00e1rm\u0171vekre, haszonj\u00e1rm\u0171vekre<\/div>\n<\/td>\n<\/tr>\n<\/tbody>\n<\/table>\n<\/div>\n<\/div>\n<div>\n<div>\n<div>\n<div>\n<div>\n<div><img decoding=\"async\" src=\"https:\/\/uoogear.com\/wp-content\/uploads\/2023\/11\/H38ea71b4cd274ebaadc3404c7ff2c9f1e.webp\" data-src=\"https:\/\/uoogear.com\/wp-content\/uploads\/2023\/11\/H38ea71b4cd274ebaadc3404c7ff2c9f1e.webp\" \/><\/div>\n<\/div>\n<\/div>\n<\/div>\n<\/div>\n<\/div>\n<div>\n<div>\n<div>\n<div>\n<div>\n<div><img decoding=\"async\" src=\"https:\/\/uoogear.com\/wp-content\/uploads\/2023\/11\/Ha12f40b86dc34c568dd06e368a9d0591v.webp\" data-src=\"https:\/\/uoogear.com\/wp-content\/uploads\/2023\/11\/Ha12f40b86dc34c568dd06e368a9d0591v.webp\" \/><\/div>\n<\/div>\n<\/div>\n<\/div>\n<\/div>\n<\/div>\n<div>\n<div>\n<div>\n<div>\n<div>\n<div><img decoding=\"async\" src=\"https:\/\/uoogear.com\/wp-content\/uploads\/2023\/11\/Heb3b328ae01e4b38889e96959597543f8.webp\" data-src=\"https:\/\/uoogear.com\/wp-content\/uploads\/2023\/11\/Heb3b328ae01e4b38889e96959597543f8.webp\" \/><\/div>\n<\/div>\n<\/div>\n<\/div>\n<\/div>\n<\/div>\n<div>\n<div>\n<div>\n<div>\n<div>\n<div><\/div>\n<\/div>\n<\/div>\n<\/div>\n<\/div>\n<\/div>\n<div><\/div>\n<div>\n<div>\n<div>\n<div>\n<div><\/div>\n<\/div>\n<\/div>\n<\/div>\n<\/div>\n<div><\/div>\n<\/div>\n<\/div>\n<div data-section=\"AliPostDhMb-8cqjr\" data-section-title=\"Company Information\">\n<div><\/div>\n<\/div>\n<div>\n<div>\n<div>\n<div>\n<div>\n<div>\n<div><\/div>\n<\/div>\n<\/div>\n<\/div>\n<\/div>\n<\/div>\n<\/div>\n<\/div>","protected":false},"excerpt":{"rendered":"<p>Ter\u00fclet: 2,8 Sz\u00f6vet: Oxford k\u00fcls\u0151 s\u00e1tor v\u00edz\u00e1ll\u00f3s\u00e1gi indexe: &gt;3000 mm als\u00f3 v\u00edz\u00e1ll\u00f3s\u00e1gi index: &gt;3000 mm s\u00e1torst\u00edlus: egyenes merev\u00edt\u00e9s t\u00edpusa Szezon: n\u00e9gy \u00e9vszakos s\u00e1torszerkezet: egy h\u00e1l\u00f3szob\u00e1s term\u00e9kn\u00e9v: tet\u0151s\u00e1tor sz\u00edne: sz\u00fcrke, sz\u00fcrke ,fekete M\u00e9ret: 216cm*130cm*105cm log\u00f3: Elfogadja a testreszabott log\u00f3t S\u00faly: 79kg L\u00e9tra:<\/p>\n<div class=\"read-more\"><a class=\"btn btn-fill-out\" href=\"https:\/\/uoogear.com\/hu\/termek\/hard-shell-roof-top-tent-camper-for-car-roof-top-tent-rooftop-tent\/\">Olvass tov\u00e1bb<\/a><\/div>","protected":false},"featured_media":5032,"template":"","meta":[],"product_brand":[],"product_cat":[15],"product_tag":[],"class_list":{"0":"post-5033","1":"product","2":"type-product","3":"status-publish","4":"has-post-thumbnail","6":"product_cat-uncategorized","7":"tm-no-options","9":"first","10":"instock","11":"shipping-taxable","12":"purchasable","13":"product-type-variable"},"_links":{"self":[{"href":"https:\/\/uoogear.com\/hu\/wp-json\/wp\/v2\/product\/5033","targetHints":{"allow":["GET"]}}],"collection":[{"href":"https:\/\/uoogear.com\/hu\/wp-json\/wp\/v2\/product"}],"about":[{"href":"https:\/\/uoogear.com\/hu\/wp-json\/wp\/v2\/types\/product"}],"wp:featuredmedia":[{"embeddable":true,"href":"https:\/\/uoogear.com\/hu\/wp-json\/wp\/v2\/media\/5032"}],"wp:attachment":[{"href":"https:\/\/uoogear.com\/hu\/wp-json\/wp\/v2\/media?parent=5033"}],"wp:term":[{"taxonomy":"product_brand","embeddable":true,"href":"https:\/\/uoogear.com\/hu\/wp-json\/wp\/v2\/product_brand?post=5033"},{"taxonomy":"product_cat","embeddable":true,"href":"https:\/\/uoogear.com\/hu\/wp-json\/wp\/v2\/product_cat?post=5033"},{"taxonomy":"product_tag","embeddable":true,"href":"https:\/\/uoogear.com\/hu\/wp-json\/wp\/v2\/product_tag?post=5033"}],"curies":[{"name":"wp","href":"https:\/\/api.w.org\/{rel}","templated":true}]}}