{"id":5070,"date":"2023-11-14T03:19:56","date_gmt":"2023-11-14T03:19:56","guid":{"rendered":"https:\/\/uoogear.com\/product\/aluminum-alloy-honeycomb-plate-triangle-shape-outdoor-camping-car-roof-top-tent\/"},"modified":"2023-12-02T06:00:39","modified_gmt":"2023-12-02T06:00:39","slug":"aluminum-alloy-honeycomb-plate-triangle-shape-outdoor-camping-car-roof-top-tent","status":"publish","type":"product","link":"https:\/\/uoogear.com\/hu\/termek\/aluminum-alloy-honeycomb-plate-triangle-shape-outdoor-camping-car-roof-top-tent\/","title":{"rendered":"Alum\u00ednium\u00f6tv\u00f6zet m\u00e9hsejtlemez h\u00e1romsz\u00f6g alak\u00fa k\u00fclt\u00e9ri kempingaut\u00f3 tet\u0151s\u00e1tor"},"content":{"rendered":"<ul>\n<li><strong>Sz\u00f6vet: <\/strong> Oxford<\/li>\n<li><strong>K\u00fcls\u0151 s\u00e1tor v\u00edz\u00e1ll\u00f3s\u00e1gi indexe: <\/strong> &gt;3000 mm<\/li>\n<li><strong>Als\u00f3 v\u00edz\u00e1ll\u00f3s\u00e1gi index: <\/strong> &gt;3000 mm<\/li>\n<li><strong>\u00c9p\u00fclet t\u00edpusa: <\/strong> Gyors automatikus nyit\u00e1s<\/li>\n<li><strong>S\u00e1tor st\u00edlusa: <\/strong> \u00c1tl\u00f3s merev\u00edt\u00e9s t\u00edpusa<\/li>\n<li><strong>\u00c9vad : <\/strong> N\u00e9gy \u00e9vszakos s\u00e1tor<\/li>\n<li><strong>Szerkezet : <\/strong> Egy h\u00e1l\u00f3szoba<\/li>\n<li><strong>Sz\u00f6vet sz\u00edne: <\/strong> Testreszabott sz\u00edn<\/li>\n<li><strong>A h\u00e9j anyaga: <\/strong> Alum\u00ednium\u00f6tv\u00f6zet m\u00e9hsejt lemez<\/li>\n<li><strong>Matrac : <\/strong> 50 mm-es matrac<\/li>\n<li><strong>Kieg\u00e9sz\u00edt\u0151k : <\/strong> Telep\u00edtse az Eszk\u00f6z\u00f6ket<\/li>\n<li><strong>L\u00e9tra: <\/strong> 2,3 m-es alum\u00ednium teleszk\u00f3pos l\u00e9tra<\/li>\n<li><strong>V\u00edz\u00e1ll\u00f3 : <\/strong> Igen<\/li>\n<\/ul>\n<div>\n<div data-section=\"AliMagic-a1m2ez\" data-section-title=\"Product Description\">\n<p>term\u00e9kle\u00edr\u00e1s<\/p>\n<\/div>\n<div>\n<div>\n<div><img decoding=\"async\" src=\"https:\/\/uoogear.com\/wp-content\/uploads\/2023\/11\/Ha2a0faf0a1f84f6ca81cfd7af1b91963G.webp\" data-src=\"https:\/\/uoogear.com\/wp-content\/uploads\/2023\/11\/Ha2a0faf0a1f84f6ca81cfd7af1b91963G.webp\" \/><\/div>\n<div><img decoding=\"async\" src=\"https:\/\/uoogear.com\/wp-content\/uploads\/2023\/11\/H245cec7ab07c447da5034950962aa639n.webp\" data-src=\"https:\/\/uoogear.com\/wp-content\/uploads\/2023\/11\/H245cec7ab07c447da5034950962aa639n.webp\" \/><\/div>\n<div><img decoding=\"async\" src=\"https:\/\/uoogear.com\/wp-content\/uploads\/2023\/11\/H2af6516fda85469688a0b2b5fc74a850m.webp\" data-src=\"https:\/\/uoogear.com\/wp-content\/uploads\/2023\/11\/H2af6516fda85469688a0b2b5fc74a850m.webp\" \/><\/div>\n<div><img decoding=\"async\" src=\"https:\/\/uoogear.com\/wp-content\/uploads\/2023\/11\/H2a7de94578214233a47e79cb75e00bd9L.webp\" data-src=\"https:\/\/uoogear.com\/wp-content\/uploads\/2023\/11\/H2a7de94578214233a47e79cb75e00bd9L.webp\" \/><\/div>\n<div><img decoding=\"async\" src=\"https:\/\/uoogear.com\/wp-content\/uploads\/2023\/11\/Hfe8f9a466d6040beb5ca038ecd6b97b2o.webp\" data-src=\"https:\/\/uoogear.com\/wp-content\/uploads\/2023\/11\/Hfe8f9a466d6040beb5ca038ecd6b97b2o.webp\" \/><\/div>\n<div><img decoding=\"async\" src=\"https:\/\/uoogear.com\/wp-content\/uploads\/2023\/11\/H3c23965dd700432a8fab58b344c3348en.webp\" data-src=\"https:\/\/uoogear.com\/wp-content\/uploads\/2023\/11\/H3c23965dd700432a8fab58b344c3348en.webp\" \/><\/div>\n<div><img decoding=\"async\" src=\"https:\/\/uoogear.com\/wp-content\/uploads\/2023\/11\/H90e43da2e25949be8ca22af3c8837628o.webp\" data-src=\"https:\/\/uoogear.com\/wp-content\/uploads\/2023\/11\/H90e43da2e25949be8ca22af3c8837628o.webp\" \/><\/div>\n<div><img decoding=\"async\" src=\"https:\/\/uoogear.com\/wp-content\/uploads\/2023\/11\/H4a00215881dd4f1ca73e2d84553ab0c8e.webp\" data-src=\"https:\/\/uoogear.com\/wp-content\/uploads\/2023\/11\/H4a00215881dd4f1ca73e2d84553ab0c8e.webp\" \/><\/div>\n<div><img decoding=\"async\" src=\"https:\/\/uoogear.com\/wp-content\/uploads\/2023\/11\/Hce91dd96e1954619864938dc5a1a076dS.webp\" data-src=\"https:\/\/uoogear.com\/wp-content\/uploads\/2023\/11\/Hce91dd96e1954619864938dc5a1a076dS.webp\" \/><\/div>\n<div><img decoding=\"async\" src=\"https:\/\/uoogear.com\/wp-content\/uploads\/2023\/11\/Hae4fb25124ff4986b8ad255826e8c83ba.webp\" data-src=\"https:\/\/uoogear.com\/wp-content\/uploads\/2023\/11\/Hae4fb25124ff4986b8ad255826e8c83ba.webp\" \/><\/div>\n<\/div>\n<\/div>\n<div>\n<div>\n<div>\n<div>\n<div>\n<div><img decoding=\"async\" src=\"https:\/\/uoogear.com\/wp-content\/uploads\/2023\/11\/Hf139e28276f8473bae6a62ba33b082f2a.webp\" data-src=\"https:\/\/uoogear.com\/wp-content\/uploads\/2023\/11\/Hf139e28276f8473bae6a62ba33b082f2a.webp\" \/><\/div>\n<\/div>\n<\/div>\n<\/div>\n<\/div>\n<\/div>\n<div>\n<div>\n<div>\n<div>\n<div>\n<div><img decoding=\"async\" src=\"https:\/\/uoogear.com\/wp-content\/uploads\/2023\/11\/Ha2b2adce3a6d40348d0612192968b2eb2.webp\" data-src=\"https:\/\/uoogear.com\/wp-content\/uploads\/2023\/11\/Ha2b2adce3a6d40348d0612192968b2eb2.webp\" \/><\/div>\n<\/div>\n<\/div>\n<\/div>\n<\/div>\n<\/div>\n<div><\/div>\n<div data-section=\"AliPostDhMb-xv5fc\" data-section-title=\"Company Information\">\n<div><\/div>\n<div><\/div>\n<\/div>\n<\/div>","protected":false},"excerpt":{"rendered":"<p>Sz\u00f6vet: Oxford k\u00fcls\u0151 s\u00e1tor v\u00edz\u00e1ll\u00f3s\u00e1gi indexe: &gt;3000 mm als\u00f3 v\u00edz\u00e1ll\u00f3s\u00e1gi index: &gt;3000 mm \u00e9p\u00fclet t\u00edpusa: gyorsan ny\u00edl\u00f3, automatikusan ny\u00edl\u00f3 s\u00e1tor st\u00edlusa: \u00e1tl\u00f3s merev\u00edt\u00e9s t\u00edpusa Szezon: n\u00e9gy \u00e9vszakos s\u00e1tor szerkezete: egy h\u00e1l\u00f3szob\u00e1s sz\u00f6vet sz\u00edne: egyedi sz\u00edn\u0171 alum\u00ednium h\u00e9j minden anyaga: M\u00e9hsejtlemezes matrac: 50 mm-es matrac Tartoz\u00e9kok: Telep\u00edt\u00e9s<\/p>\n<div class=\"read-more\"><a class=\"btn btn-fill-out\" href=\"https:\/\/uoogear.com\/hu\/termek\/aluminum-alloy-honeycomb-plate-triangle-shape-outdoor-camping-car-roof-top-tent\/\">Olvass tov\u00e1bb<\/a><\/div>","protected":false},"featured_media":5069,"template":"","meta":[],"product_brand":[],"product_cat":[15],"product_tag":[],"class_list":{"0":"post-5070","1":"product","2":"type-product","3":"status-publish","4":"has-post-thumbnail","6":"product_cat-uncategorized","7":"tm-no-options","9":"first","10":"instock","11":"shipping-taxable","12":"purchasable","13":"product-type-variable"},"_links":{"self":[{"href":"https:\/\/uoogear.com\/hu\/wp-json\/wp\/v2\/product\/5070","targetHints":{"allow":["GET"]}}],"collection":[{"href":"https:\/\/uoogear.com\/hu\/wp-json\/wp\/v2\/product"}],"about":[{"href":"https:\/\/uoogear.com\/hu\/wp-json\/wp\/v2\/types\/product"}],"wp:featuredmedia":[{"embeddable":true,"href":"https:\/\/uoogear.com\/hu\/wp-json\/wp\/v2\/media\/5069"}],"wp:attachment":[{"href":"https:\/\/uoogear.com\/hu\/wp-json\/wp\/v2\/media?parent=5070"}],"wp:term":[{"taxonomy":"product_brand","embeddable":true,"href":"https:\/\/uoogear.com\/hu\/wp-json\/wp\/v2\/product_brand?post=5070"},{"taxonomy":"product_cat","embeddable":true,"href":"https:\/\/uoogear.com\/hu\/wp-json\/wp\/v2\/product_cat?post=5070"},{"taxonomy":"product_tag","embeddable":true,"href":"https:\/\/uoogear.com\/hu\/wp-json\/wp\/v2\/product_tag?post=5070"}],"curies":[{"name":"wp","href":"https:\/\/api.w.org\/{rel}","templated":true}]}}