{"id":4145,"date":"2023-11-13T12:12:09","date_gmt":"2023-11-13T12:12:09","guid":{"rendered":"https:\/\/uoogear.com\/product\/latest-car-rooftop-tents-camping-outdoor-luxury-4-6-folding-outdoor-tents\/"},"modified":"2023-11-30T03:45:31","modified_gmt":"2023-11-30T03:45:31","slug":"latest-car-rooftop-tents-camping-outdoor-luxury-4-6-folding-outdoor-tents","status":"publish","type":"product","link":"https:\/\/uoogear.com\/it\/prodotto\/latest-car-rooftop-tents-camping-outdoor-luxury-4-6-folding-outdoor-tents\/","title":{"rendered":"Le ultime tende da tetto per auto da campeggio all&#039;aperto di lusso 4-6 tende da esterno pieghevoli"},"content":{"rendered":"<ul>\n<li><strong>Tessuto : <\/strong> Oxford<\/li>\n<li><strong>Indice di impermeabilit\u00e0 della tenda esterna: <\/strong> 1500-2000 millimetri<\/li>\n<li><strong>Indice di impermeabilit\u00e0 inferiore: <\/strong> &gt;3000 mm<\/li>\n<li><strong>Tipo di edificio : <\/strong> Costruzione in base alle necessit\u00e0<\/li>\n<li><strong>Stile della tenda: <\/strong> Tipo con rinforzo dritto<\/li>\n<li><strong>Stagione : <\/strong> Tenda quattro stagioni<\/li>\n<li><strong>Struttura : <\/strong> Una camera da letto<\/li>\n<li><strong>Nome del prodotto : <\/strong> Tenda da tetto per auto<\/li>\n<li><strong>Materiale : <\/strong> Poliestere Oxford, tela antistrappo<\/li>\n<li><strong>Materiale del palo: <\/strong> Alluminio<\/li>\n<li><strong>Taglia del prodotto : <\/strong> 310x143x115 cm<\/li>\n<li><strong>Caratteristica : <\/strong> Impermeabile<\/li>\n<li><strong>Scala : <\/strong> Scala Telescopica In Alluminio<\/li>\n<li><strong>Utilizzo: <\/strong> Trekking in campeggio all&#039;aperto<\/li>\n<li><strong>GW: <\/strong> 59kg<\/li>\n<li><strong>Parola chiave : <\/strong> Tenda da tetto a guscio rigido<\/li>\n<li><strong>Stile : <\/strong> Facile da piegare<\/li>\n<\/ul>\n<div>\n<div data-magic-global=\"%7B%22bizId%22%3A2206962912116%2C%22pageId%22%3A21196388235%2C%22siteId%22%3A5005786273%7D\">\n<div>\n<div>\n<div>\n<div>\n<div>\n<div><\/div>\n<\/div>\n<\/div>\n<\/div>\n<\/div>\n<\/div>\n<div><\/div>\n<div>\n<div><\/div>\n<\/div>\n<div>\n<div>\n<div><img decoding=\"async\" src=\"\/\/sc04.alicdn.com\/kf\/Head17f2fb29142fab53715928afb7c7bt\/240056294\/Head17f2fb29142fab53715928afb7c7bt.jpg\" data-src=\"\/\/sc04.alicdn.com\/kf\/Head17f2fb29142fab53715928afb7c7bt\/240056294\/Head17f2fb29142fab53715928afb7c7bt.jpg\" \/><\/div>\n<div><\/div>\n<div><img decoding=\"async\" src=\"\/\/sc04.alicdn.com\/kf\/H31bcadeece5a41f79545474233d7c450F\/240056294\/H31bcadeece5a41f79545474233d7c450F.jpg\" data-src=\"\/\/sc04.alicdn.com\/kf\/H31bcadeece5a41f79545474233d7c450F\/240056294\/H31bcadeece5a41f79545474233d7c450F.jpg\" \/><\/div>\n<div><img decoding=\"async\" src=\"\/\/sc04.alicdn.com\/kf\/Hd09d9c862a164800839cbbf832b621417\/240056294\/Hd09d9c862a164800839cbbf832b621417.jpg\" data-src=\"\/\/sc04.alicdn.com\/kf\/Hd09d9c862a164800839cbbf832b621417\/240056294\/Hd09d9c862a164800839cbbf832b621417.jpg\" \/><\/div>\n<div><img decoding=\"async\" src=\"\/\/sc04.alicdn.com\/kf\/H0563ea9c013d4a3ca309db9c332ebab6l\/240056294\/H0563ea9c013d4a3ca309db9c332ebab6l.jpg\" data-src=\"\/\/sc04.alicdn.com\/kf\/H0563ea9c013d4a3ca309db9c332ebab6l\/240056294\/H0563ea9c013d4a3ca309db9c332ebab6l.jpg\" \/><\/div>\n<div><img decoding=\"async\" src=\"\/\/sc04.alicdn.com\/kf\/H00ea59eb398e4db0af8b1d8eca61ce60f\/240056294\/H00ea59eb398e4db0af8b1d8eca61ce60f.jpg\" data-src=\"\/\/sc04.alicdn.com\/kf\/H00ea59eb398e4db0af8b1d8eca61ce60f\/240056294\/H00ea59eb398e4db0af8b1d8eca61ce60f.jpg\" \/><\/div>\n<\/div>\n<\/div>\n<\/div>\n<\/div>","protected":false},"excerpt":{"rendered":"<p>Tessuto: Tenda esterna Oxford Indice di impermeabilit\u00e0: 1500-2000 mm Indice di impermeabilit\u00e0 inferiore: &gt;3000 mm Tipo di edificio: Costruzione in base alle necessit\u00e0 Stile tenda: Tipo di rinforzo dritto Stagione: Struttura della tenda quattro stagioni: Una camera da letto Nome del prodotto: Materiale della tenda sul tetto dell&#039;auto : poliestere Oxford, tela antistrappo Materiale del palo: alluminio Dimensioni del prodotto<\/p>\n<div class=\"read-more\"><a class=\"btn btn-fill-out\" href=\"https:\/\/uoogear.com\/it\/prodotto\/latest-car-rooftop-tents-camping-outdoor-luxury-4-6-folding-outdoor-tents\/\">Per saperne di pi\u00f9<\/a><\/div>","protected":false},"featured_media":4144,"template":"","meta":[],"product_brand":[],"product_cat":[15],"product_tag":[],"class_list":{"0":"post-4145","1":"product","2":"type-product","3":"status-publish","4":"has-post-thumbnail","6":"product_cat-uncategorized","7":"tm-no-options","9":"first","10":"instock","11":"shipping-taxable","12":"purchasable","13":"product-type-variable"},"_links":{"self":[{"href":"https:\/\/uoogear.com\/it\/wp-json\/wp\/v2\/product\/4145","targetHints":{"allow":["GET"]}}],"collection":[{"href":"https:\/\/uoogear.com\/it\/wp-json\/wp\/v2\/product"}],"about":[{"href":"https:\/\/uoogear.com\/it\/wp-json\/wp\/v2\/types\/product"}],"wp:featuredmedia":[{"embeddable":true,"href":"https:\/\/uoogear.com\/it\/wp-json\/wp\/v2\/media\/4144"}],"wp:attachment":[{"href":"https:\/\/uoogear.com\/it\/wp-json\/wp\/v2\/media?parent=4145"}],"wp:term":[{"taxonomy":"product_brand","embeddable":true,"href":"https:\/\/uoogear.com\/it\/wp-json\/wp\/v2\/product_brand?post=4145"},{"taxonomy":"product_cat","embeddable":true,"href":"https:\/\/uoogear.com\/it\/wp-json\/wp\/v2\/product_cat?post=4145"},{"taxonomy":"product_tag","embeddable":true,"href":"https:\/\/uoogear.com\/it\/wp-json\/wp\/v2\/product_tag?post=4145"}],"curies":[{"name":"wp","href":"https:\/\/api.w.org\/{rel}","templated":true}]}}