{"id":4172,"date":"2023-11-13T12:17:26","date_gmt":"2023-11-13T12:17:26","guid":{"rendered":"https:\/\/uoogear.com\/product\/outdoor-folding-off-road-camping-pickup-camper-trailer-truck-bed-tents\/"},"modified":"2023-11-30T07:31:23","modified_gmt":"2023-11-30T07:31:23","slug":"outdoor-folding-off-road-camping-pickup-camper-trailer-truck-bed-tents","status":"publish","type":"product","link":"https:\/\/uoogear.com\/it\/prodotto\/outdoor-folding-off-road-camping-pickup-camper-trailer-truck-bed-tents\/","title":{"rendered":"Tende da campeggio pieghevoli per fuoristrada, camper, rimorchio per camper"},"content":{"rendered":"<ul>\n<li><strong>La zona : <\/strong> 2,25 mq<\/li>\n<li><strong>Tessuto : <\/strong> Poliestere Oxford<\/li>\n<li><strong>Indice di impermeabilit\u00e0 della tenda esterna: <\/strong> 1500-2000 millimetri<\/li>\n<li><strong>Indice di impermeabilit\u00e0 inferiore: <\/strong> &gt;3000 mm<\/li>\n<li><strong>Tipo di edificio : <\/strong> Costruzione in base alle necessit\u00e0<\/li>\n<li><strong>Stile della tenda: <\/strong> Tipo di rinforzo diagonale<\/li>\n<li><strong>Stagione : <\/strong> Tenda quattro stagioni<\/li>\n<li><strong>Struttura : <\/strong> Una camera da letto<\/li>\n<li><strong>Nome del prodotto : <\/strong> Tenda per rimorchio camper Oxford in poliestere<\/li>\n<li><strong>Misurare : <\/strong> 148*152*150 cm<\/li>\n<li><strong>Polo: <\/strong> Fibra di vetro<\/li>\n<li><strong>Pavimento : <\/strong> 2,25 mq<\/li>\n<li><strong>Materiale : <\/strong> Poliestere Oxford<\/li>\n<li><strong>Caratteristica : <\/strong> Resistente ai raggi UV<\/li>\n<li><strong>Funzione : <\/strong> Campeggio all&#039;aperto<\/li>\n<li><strong>Tipo : <\/strong> Tenda per 1-2 persone<\/li>\n<li><strong>Stile : <\/strong> Tenda da esterno portatile<\/li>\n<li><strong>Applicazione : <\/strong> Campeggio per escursioni all&#039;aria aperta<\/li>\n<\/ul>\n<div>\n<div data-magic-global=\"%7B%22bizId%22%3A2206962912116%2C%22pageId%22%3A21257988365%2C%22siteId%22%3A5005786273%7D\">\n<div>\n<div data-section=\"AliMagic-ea536q\" data-section-title=\"Product Description\">Descrizione del prodotto<\/div>\n<\/div>\n<div>\n<div><img decoding=\"async\" src=\"https:\/\/uoogear.com\/wp-content\/uploads\/2023\/11\/Hcca962780c0e43b8ad39b3c0255408eaU.webp\" data-src=\"https:\/\/uoogear.com\/wp-content\/uploads\/2023\/11\/Hcca962780c0e43b8ad39b3c0255408eaU.webp\" \/><\/div>\n<\/div>\n<div>\n<div><img decoding=\"async\" src=\"https:\/\/uoogear.com\/wp-content\/uploads\/2023\/11\/H99eb8b8c32bc42cdb414ea4013d5a549Y.webp\" data-src=\"https:\/\/uoogear.com\/wp-content\/uploads\/2023\/11\/H99eb8b8c32bc42cdb414ea4013d5a549Y.webp\" \/><\/div>\n<div><img decoding=\"async\" src=\"https:\/\/uoogear.com\/wp-content\/uploads\/2023\/11\/H54bd8571cc4a409499bfdf6f2048925fW.webp\" data-src=\"https:\/\/uoogear.com\/wp-content\/uploads\/2023\/11\/H54bd8571cc4a409499bfdf6f2048925fW.webp\" \/><\/div>\n<div><img decoding=\"async\" src=\"https:\/\/uoogear.com\/wp-content\/uploads\/2023\/11\/H4fa51f0d47f543138bd06fb33cd88167v.webp\" data-src=\"https:\/\/uoogear.com\/wp-content\/uploads\/2023\/11\/H4fa51f0d47f543138bd06fb33cd88167v.webp\" \/><\/div>\n<div><img decoding=\"async\" src=\"https:\/\/uoogear.com\/wp-content\/uploads\/2023\/11\/Hadabc1b7b495463ab551c309fe0a9213s.webp\" data-src=\"https:\/\/uoogear.com\/wp-content\/uploads\/2023\/11\/Hadabc1b7b495463ab551c309fe0a9213s.webp\" \/><\/div>\n<div><img decoding=\"async\" src=\"https:\/\/uoogear.com\/wp-content\/uploads\/2023\/11\/H7b539598d666467b877df856bc38249eY.webp\" data-src=\"https:\/\/uoogear.com\/wp-content\/uploads\/2023\/11\/H7b539598d666467b877df856bc38249eY.webp\" \/><\/div>\n<div><img decoding=\"async\" src=\"https:\/\/uoogear.com\/wp-content\/uploads\/2023\/11\/H5040086fa0744661adbbbe4afdd4bd6cj.webp\" data-src=\"https:\/\/uoogear.com\/wp-content\/uploads\/2023\/11\/H5040086fa0744661adbbbe4afdd4bd6cj.webp\" \/><\/div>\n<div><img decoding=\"async\" src=\"https:\/\/uoogear.com\/wp-content\/uploads\/2023\/11\/H62897e219f0f4f32abfc68bf21fa9f78J.webp\" data-src=\"https:\/\/uoogear.com\/wp-content\/uploads\/2023\/11\/H62897e219f0f4f32abfc68bf21fa9f78J.webp\" \/><\/div>\n<\/div>\n<div><\/div>\n<div>\n<div>\n<div>\n<div>\n<div><\/div>\n<\/div>\n<\/div>\n<\/div>\n<\/div>\n<\/div>\n<\/div>","protected":false},"excerpt":{"rendered":"<p>Superficie: 2,25 mq Tessuto: Tenda esterna in poliestere Oxford Indice di impermeabilit\u00e0: 1500-2000 mm Indice di impermeabilit\u00e0 inferiore: &gt;3000 mm Tipo di edificio: Costruzione in base alle necessit\u00e0 Stile tenda: Tipo di rinforzo diagonale Stagione: Tenda quattro stagioni Struttura: Una camera da letto Nome del prodotto: Tenda per rimorchio per camper in poliestere Oxford Dimensioni: 148 * 152 * 150 cm Palo:<\/p>\n<div class=\"read-more\"><a class=\"btn btn-fill-out\" href=\"https:\/\/uoogear.com\/it\/prodotto\/outdoor-folding-off-road-camping-pickup-camper-trailer-truck-bed-tents\/\">Per saperne di pi\u00f9<\/a><\/div>","protected":false},"featured_media":4171,"template":"","meta":[],"product_brand":[],"product_cat":[15],"product_tag":[],"class_list":{"0":"post-4172","1":"product","2":"type-product","3":"status-publish","4":"has-post-thumbnail","6":"product_cat-uncategorized","7":"tm-no-options","9":"first","10":"instock","11":"shipping-taxable","12":"purchasable","13":"product-type-variable"},"_links":{"self":[{"href":"https:\/\/uoogear.com\/it\/wp-json\/wp\/v2\/product\/4172","targetHints":{"allow":["GET"]}}],"collection":[{"href":"https:\/\/uoogear.com\/it\/wp-json\/wp\/v2\/product"}],"about":[{"href":"https:\/\/uoogear.com\/it\/wp-json\/wp\/v2\/types\/product"}],"wp:featuredmedia":[{"embeddable":true,"href":"https:\/\/uoogear.com\/it\/wp-json\/wp\/v2\/media\/4171"}],"wp:attachment":[{"href":"https:\/\/uoogear.com\/it\/wp-json\/wp\/v2\/media?parent=4172"}],"wp:term":[{"taxonomy":"product_brand","embeddable":true,"href":"https:\/\/uoogear.com\/it\/wp-json\/wp\/v2\/product_brand?post=4172"},{"taxonomy":"product_cat","embeddable":true,"href":"https:\/\/uoogear.com\/it\/wp-json\/wp\/v2\/product_cat?post=4172"},{"taxonomy":"product_tag","embeddable":true,"href":"https:\/\/uoogear.com\/it\/wp-json\/wp\/v2\/product_tag?post=4172"}],"curies":[{"name":"wp","href":"https:\/\/api.w.org\/{rel}","templated":true}]}}