{"id":4201,"date":"2023-11-13T12:22:41","date_gmt":"2023-11-13T12:22:41","guid":{"rendered":"https:\/\/uoogear.com\/product\/high-quality-car-camping-3-4-person-foldable-soft-roof-top-tent-for-sale-custom-service-available\/"},"modified":"2023-11-30T07:06:18","modified_gmt":"2023-11-30T07:06:18","slug":"high-quality-car-camping-3-4-person-foldable-soft-roof-top-tent-for-sale-custom-service-available","status":"publish","type":"product","link":"https:\/\/uoogear.com\/it\/prodotto\/high-quality-car-camping-3-4-person-foldable-soft-roof-top-tent-for-sale-custom-service-available\/","title":{"rendered":"Tenda da campeggio per auto di alta qualit\u00e0 per 3-4 persone, pieghevole, con tetto morbido, in vendita. Servizio personalizzato disponibile"},"content":{"rendered":"<ul>\n<li><strong>La zona : <\/strong> 310*160*126 cm<\/li>\n<li><strong>Tessuto : <\/strong> Poliestere<\/li>\n<li><strong>Indice di impermeabilit\u00e0 della tenda esterna: <\/strong> 2000-3000 millimetri<\/li>\n<li><strong>Indice di impermeabilit\u00e0 inferiore: <\/strong> &gt;3000 mm<\/li>\n<li><strong>Tipo di edificio : <\/strong> Costruzione in base alle necessit\u00e0<\/li>\n<li><strong>Stile della tenda: <\/strong> Tipo con rinforzo dritto<\/li>\n<li><strong>Stagione : <\/strong> Tenda quattro stagioni<\/li>\n<li><strong>Struttura : <\/strong> Una camera da letto<\/li>\n<li><strong>Nome del prodotto : <\/strong> Tenda da tetto per auto, tenda da tetto morbida antipioggia<\/li>\n<li><strong>Materiale del tessuto: <\/strong> Tela di cotone poliestere da 300 g\/m\u00b2<\/li>\n<li><strong>Caratteristica : <\/strong> Impermeabile 2000mm<\/li>\n<li><strong>Misurare : <\/strong> Espandi dimensioni: 310 * 160 * 126 cm<\/li>\n<li><strong>Materasso: <\/strong> Spugna Indeformabile spessore 60mm, con rivestimento sfoderabile lavabile<\/li>\n<li><strong>Scala : <\/strong> Scala telescopica in alluminio, 230 cm<\/li>\n<li><strong>Logo : <\/strong> Logo personalizzato<\/li>\n<li><strong>Accessori : <\/strong> Scala + Borsa per scarpe<\/li>\n<li><strong>Parti opzionali: <\/strong> Allegato, fodera calda isolante, vari modelli di copertura antipioggia<\/li>\n<\/ul>\n<div>\n<div data-magic-global=\"%7B%22bizId%22%3A2634101818%2C%22pageId%22%3A21330063023%2C%22siteId%22%3A5005227190%7D\">\n<div>\n<div>\n<div>\n<div>\n<div>\n<div><img decoding=\"async\" src=\"https:\/\/uoogear.com\/wp-content\/uploads\/2023\/11\/H4d2450ccd74648318c7ab759dace20f6i-wpp1701327585422.webp\" data-src=\"https:\/\/uoogear.com\/wp-content\/uploads\/2023\/11\/H4d2450ccd74648318c7ab759dace20f6i-wpp1701327585422.webp\" \/><\/div>\n<\/div>\n<\/div>\n<\/div>\n<\/div>\n<\/div>\n<div><\/div>\n<div>\n<div data-section=\"AliMagic-eb3sag\" data-section-title=\"Product Description\"><span style=\"font-family: Tahoma;\">Caratteristiche<\/span><\/div>\n<\/div>\n<div>\n<div>\n<div>\n<div>\n<div>1. Tessuto con doppia cucitura da 280 g (40% pi\u00f9 pesante dei modelli standard)<\/div>\n<div>2. Tappetino anticondensa (1\/2\u2033) sotto il materasso<\/div>\n<div>3. Telaio interno per carichi pesanti da 3\/4\u2033 completamente avvolto<\/div>\n<div>4. Cerniere a 3 bulloni per carichi pesanti e struttura della base in alluminio saldato<\/div>\n<div>5. Tasche interne extra-large, punti di ancoraggio per l&#039;attrezzatura e cinghie per la biancheria da letto<\/div>\n<div>6. Annesso completamente chiuso realizzato con lo stesso materiale resistente utilizzato per la tela della tenda<\/div>\n<\/div>\n<\/div>\n<\/div>\n<\/div>\n<div>\n<div>\n<div><\/div>\n<div><img decoding=\"async\" src=\"https:\/\/uoogear.com\/wp-content\/uploads\/2023\/11\/H067f82f488cb47f69ce24342bd2ead2cE.webp\" data-src=\"https:\/\/uoogear.com\/wp-content\/uploads\/2023\/11\/H067f82f488cb47f69ce24342bd2ead2cE.webp\" \/><\/div>\n<div><img decoding=\"async\" src=\"https:\/\/uoogear.com\/wp-content\/uploads\/2023\/11\/H06f0378ab5f442809a4099adaa5296452.webp\" data-src=\"https:\/\/uoogear.com\/wp-content\/uploads\/2023\/11\/H06f0378ab5f442809a4099adaa5296452.webp\" \/><\/div>\n<div><img decoding=\"async\" src=\"https:\/\/uoogear.com\/wp-content\/uploads\/2023\/11\/H0e15ce57d53341deb942ba2c7aabfd57c.webp\" data-src=\"https:\/\/uoogear.com\/wp-content\/uploads\/2023\/11\/H0e15ce57d53341deb942ba2c7aabfd57c.webp\" \/><\/div>\n<\/div>\n<\/div>\n<div>\n<div>\n<div>\n<div>\n<div>\n<div><img decoding=\"async\" src=\"https:\/\/uoogear.com\/wp-content\/uploads\/2023\/11\/H4e98bf4703e34c2990862565b0ef3cb1L.webp\" data-src=\"https:\/\/uoogear.com\/wp-content\/uploads\/2023\/11\/H4e98bf4703e34c2990862565b0ef3cb1L.webp\" \/><\/div>\n<\/div>\n<\/div>\n<\/div>\n<\/div>\n<\/div>\n<div>\n<div>\n<div>\n<div>\n<div>\n<div><\/div>\n<\/div>\n<\/div>\n<\/div>\n<\/div>\n<\/div>\n<div>\n<div>\n<div>\n<div>\n<div>\n<div><img decoding=\"async\" src=\"https:\/\/uoogear.com\/wp-content\/uploads\/2023\/11\/H6f17537709ac4c57be8f412e8d427eda9.webp\" data-src=\"https:\/\/uoogear.com\/wp-content\/uploads\/2023\/11\/H6f17537709ac4c57be8f412e8d427eda9.webp\" \/><\/div>\n<\/div>\n<\/div>\n<\/div>\n<\/div>\n<\/div>\n<div>\n<div>\n<div>\n<div>\n<div>\n<div><\/div>\n<\/div>\n<\/div>\n<\/div>\n<\/div>\n<\/div>\n<\/div>\n<\/div>","protected":false},"excerpt":{"rendered":"<p>Area: 310*160*126 cm Tessuto: poliestere Indice di impermeabilit\u00e0 della tenda esterna: 2000-3000 mm Indice di impermeabilit\u00e0 inferiore: &gt;3000 mm Tipo di edificio: Costruzione in base alle necessit\u00e0 Stile tenda: Tipo di rinforzo dritto Stagione: Struttura della tenda quattro stagioni: Prodotto con una camera da letto Nome: Tessuto della tenda dell&#039;automobile della capote morbida antipioggia dell&#039;automobile della casa della tenda del tetto Materiale:<\/p>\n<div class=\"read-more\"><a class=\"btn btn-fill-out\" href=\"https:\/\/uoogear.com\/it\/prodotto\/high-quality-car-camping-3-4-person-foldable-soft-roof-top-tent-for-sale-custom-service-available\/\">Per saperne di pi\u00f9<\/a><\/div>","protected":false},"featured_media":4200,"template":"","meta":[],"product_brand":[],"product_cat":[15],"product_tag":[],"class_list":{"0":"post-4201","1":"product","2":"type-product","3":"status-publish","4":"has-post-thumbnail","6":"product_cat-uncategorized","7":"tm-no-options","9":"first","10":"instock","11":"shipping-taxable","12":"purchasable","13":"product-type-variable"},"_links":{"self":[{"href":"https:\/\/uoogear.com\/it\/wp-json\/wp\/v2\/product\/4201","targetHints":{"allow":["GET"]}}],"collection":[{"href":"https:\/\/uoogear.com\/it\/wp-json\/wp\/v2\/product"}],"about":[{"href":"https:\/\/uoogear.com\/it\/wp-json\/wp\/v2\/types\/product"}],"wp:featuredmedia":[{"embeddable":true,"href":"https:\/\/uoogear.com\/it\/wp-json\/wp\/v2\/media\/4200"}],"wp:attachment":[{"href":"https:\/\/uoogear.com\/it\/wp-json\/wp\/v2\/media?parent=4201"}],"wp:term":[{"taxonomy":"product_brand","embeddable":true,"href":"https:\/\/uoogear.com\/it\/wp-json\/wp\/v2\/product_brand?post=4201"},{"taxonomy":"product_cat","embeddable":true,"href":"https:\/\/uoogear.com\/it\/wp-json\/wp\/v2\/product_cat?post=4201"},{"taxonomy":"product_tag","embeddable":true,"href":"https:\/\/uoogear.com\/it\/wp-json\/wp\/v2\/product_tag?post=4201"}],"curies":[{"name":"wp","href":"https:\/\/api.w.org\/{rel}","templated":true}]}}